{"id":9097,"date":"2023-03-23T15:05:25","date_gmt":"2023-03-23T18:05:25","guid":{"rendered":"https:\/\/www.coneau.gob.ar\/coneau\/?page_id=9097"},"modified":"2026-03-11T15:23:13","modified_gmt":"2026-03-11T18:23:13","slug":"evaluaciones-de-la-coneau","status":"publish","type":"page","link":"https:\/\/www.coneau.gob.ar\/coneau\/evaluaciones-de-la-coneau\/","title":{"rendered":"Evaluaciones de la CONEAU"},"content":{"rendered":"<div id=\"pl-9097\"  class=\"panel-layout\" ><div id=\"pg-9097-0\"  class=\"panel-grid panel-no-style\" ><div id=\"pgc-9097-0-0\"  class=\"panel-grid-cell\" ><div id=\"panel-9097-0-0-0\" class=\"so-panel widget panel-first-child panel-last-child\" data-index=\"0\" ><\/div><\/div><div id=\"pgc-9097-0-1\"  class=\"panel-grid-cell\" ><div id=\"panel-9097-0-1-0\" class=\"so-panel widget panel-first-child panel-last-child\" data-index=\"1\" ><\/div><\/div><div id=\"pgc-9097-0-2\"  class=\"panel-grid-cell panel-grid-cell-empty\" ><\/div><div id=\"pgc-9097-0-3\"  class=\"panel-grid-cell\" ><div id=\"panel-9097-0-3-0\" class=\"so-panel widget panel-first-child panel-last-child\" data-index=\"2\" ><\/div><\/div><div id=\"pgc-9097-0-4\"  class=\"panel-grid-cell\" ><div id=\"panel-9097-0-4-0\" class=\"so-panel widget panel-first-child panel-last-child\" data-index=\"3\" ><\/div><\/div><\/div><div id=\"pg-9097-1\"  class=\"panel-grid panel-no-style\" ><div id=\"pgc-9097-1-0\"  class=\"panel-grid-cell\" ><div id=\"panel-9097-1-0-0\" class=\"so-panel widget widget_text panel-first-child panel-last-child\" data-index=\"4\" ><h3 class=\"widget-title\">Reconocimiento internacional de la World Federation for Medical Education (WFME)<\/h3>\t\t\t<div class=\"textwidget\"><p><b>Tras completar el proceso de evaluaci\u00f3n ante la Federaci\u00f3n Mundial para la Educaci\u00f3n M\u00e9dica (WFME, por sus siglas en ingl\u00e9s), en enero de 2025 la CONEAU obtuvo el reconocimiento internacional como agencia acreditadora de programas de Medicina.\u00a0\u00a0<\/b><\/p>\n<p><span style=\"font-weight: 400;\">De esta forma, el organismo argentino se suma al mapa internacional de agencias con <\/span><b>Estatus de Reconocimiento WFME<\/b><span style=\"font-weight: 400;\">. Dicho reconocimiento es un indicador para la comunidad de educaci\u00f3n m\u00e9dica de que las carreras de Medicina acreditadas por la CONEAU han cumplido con est\u00e1ndares internacionales de evaluaci\u00f3n de la calidad. Adem\u00e1s, brinda la posibilidad a los graduados de estas carreras acreditadas de ejercer la medicina en pa\u00edses que exigen esta condici\u00f3n, especialmente EEUU donde es un requisito de la Comisi\u00f3n Educativa para Graduados M\u00e9dicos Extranjeros, organismo que eval\u00faa a los m\u00e9dicos para el ejercicio profesional en el pa\u00eds.<\/span><\/p>\n<p><span style=\"font-weight: 400;\">Luego de ser elegida por la WFME como instituci\u00f3n para ser evaluada dentro de su Programa de Reconocimiento de Agencias Acreditadoras en Medicina, la CONEAU complet\u00f3 favorablemente las instancias previstas, incluyendo la visita de un equipo de expertos internacionales que verific\u00f3 el cumplimiento de la CONEAU de los criterios y las buenas pr\u00e1cticas internacionales en la evaluaci\u00f3n de la educaci\u00f3n m\u00e9dica. El reconocimiento de una agencia por parte de la WFME demuestra que las carreras acreditadas cumplen con est\u00e1ndares de calidad de la educaci\u00f3n m\u00e9dica apropiados y rigurosos.<\/span><\/p>\n<\/div>\n\t\t<\/div><\/div><div id=\"pgc-9097-1-1\"  class=\"panel-grid-cell\" ><div id=\"panel-9097-1-1-0\" class=\"so-panel widget widget_media_image panel-first-child panel-last-child\" data-index=\"5\" ><img width=\"474\" height=\"668\" src=\"https:\/\/www.coneau.gob.ar\/coneau\/wp-content\/uploads\/2025\/05\/WhatsApp-Image-2025-01-13-at-2.03.09-PM-1-727x1024.jpg\" class=\"image wp-image-12623  attachment-large size-large\" alt=\"\" decoding=\"async\" loading=\"lazy\" style=\"max-width: 100%; height: auto;\" srcset=\"https:\/\/www.coneau.gob.ar\/coneau\/wp-content\/uploads\/2025\/05\/WhatsApp-Image-2025-01-13-at-2.03.09-PM-1-727x1024.jpg 727w, https:\/\/www.coneau.gob.ar\/coneau\/wp-content\/uploads\/2025\/05\/WhatsApp-Image-2025-01-13-at-2.03.09-PM-1-213x300.jpg 213w, https:\/\/www.coneau.gob.ar\/coneau\/wp-content\/uploads\/2025\/05\/WhatsApp-Image-2025-01-13-at-2.03.09-PM-1-768x1082.jpg 768w, https:\/\/www.coneau.gob.ar\/coneau\/wp-content\/uploads\/2025\/05\/WhatsApp-Image-2025-01-13-at-2.03.09-PM-1.jpg 804w\" sizes=\"(max-width: 474px) 100vw, 474px\" \/><\/div><\/div><\/div><div id=\"pg-9097-2\"  class=\"panel-grid panel-no-style\" ><div id=\"pgc-9097-2-0\"  class=\"panel-grid-cell\" ><div id=\"panel-9097-2-0-0\" class=\"so-panel widget widget_text panel-first-child panel-last-child\" data-index=\"6\" >\t\t\t<div class=\"textwidget\"><p>__________________________________________________________________________________________________________________________________________________________________________<\/p>\n<\/div>\n\t\t<\/div><\/div><\/div><div id=\"pg-9097-3\"  class=\"panel-grid panel-no-style\" ><div id=\"pgc-9097-3-0\"  class=\"panel-grid-cell\" ><div id=\"panel-9097-3-0-0\" class=\"so-panel widget widget_text panel-first-child panel-last-child\" data-index=\"7\" ><h3 class=\"widget-title\">Evaluaci\u00f3n externa 2022<\/h3>\t\t\t<div class=\"textwidget\"><p>Entre los a\u00f1os 2021 y 2022 la CONEAU concret\u00f3 su tercera evaluaci\u00f3n externa, esta vez a cargo de la\u00a0<strong><em>International Network for Quality Assurance Agencies in Higher Education<\/em>\u00a0(INQAAHE)<\/strong>, que design\u00f3 a un panel conformado por evaluadores de Ecuador, Espa\u00f1a y M\u00e9xico.<\/p>\n<p>Como resultado de la evaluaci\u00f3n institucional, la CONEAU obtuvo el<strong>\u00a0certificado de Cumplimiento de las Directrices de Buenas Pr\u00e1cticas<\/strong>\u00a0(<em>Guideliness of Good Practice<\/em>\u00a0\u2013 GGP) que otorga la Junta Directiva de INQAAHE, y que destaca el alineamiento de la Comisi\u00f3n con las pr\u00e1cticas internacionales.<\/p>\n<\/div>\n\t\t<\/div><\/div><div id=\"pgc-9097-3-1\"  class=\"panel-grid-cell\" ><div id=\"panel-9097-3-1-0\" class=\"so-panel widget widget_media_image panel-first-child panel-last-child\" data-index=\"8\" ><img width=\"910\" height=\"633\" src=\"https:\/\/www.coneau.gob.ar\/coneau\/wp-content\/uploads\/2023\/03\/Certificado-CONEAU-INQAAHE.png\" class=\"image wp-image-9098  attachment-full size-full\" alt=\"\" decoding=\"async\" loading=\"lazy\" style=\"max-width: 100%; height: auto;\" srcset=\"https:\/\/www.coneau.gob.ar\/coneau\/wp-content\/uploads\/2023\/03\/Certificado-CONEAU-INQAAHE.png 910w, https:\/\/www.coneau.gob.ar\/coneau\/wp-content\/uploads\/2023\/03\/Certificado-CONEAU-INQAAHE-300x209.png 300w, https:\/\/www.coneau.gob.ar\/coneau\/wp-content\/uploads\/2023\/03\/Certificado-CONEAU-INQAAHE-768x534.png 768w\" sizes=\"(max-width: 910px) 100vw, 910px\" \/><\/div><\/div><\/div><div id=\"pg-9097-4\"  class=\"panel-grid panel-has-style\" ><div class=\"panel-row-style panel-row-style-for-9097-4\" ><div id=\"pgc-9097-4-0\"  class=\"panel-grid-cell\" ><div id=\"panel-9097-4-0-0\" class=\"so-panel widget widget_text panel-first-child panel-last-child\" data-index=\"9\" ><div class=\"panel-widget-style panel-widget-style-for-9097-4-0-0\" >\t\t\t<div class=\"textwidget\"><p><b>___________________________________________________<\/b><\/p>\n<\/div>\n\t\t<\/div><\/div><\/div><div id=\"pgc-9097-4-1\"  class=\"panel-grid-cell\" ><div id=\"panel-9097-4-1-0\" class=\"so-panel widget widget_text panel-first-child panel-last-child\" data-index=\"10\" ><div class=\"panel-widget-style panel-widget-style-for-9097-4-1-0\" >\t\t\t<div class=\"textwidget\"><p><b>___________________________________________________<\/b><\/p>\n<\/div>\n\t\t<\/div><\/div><\/div><div id=\"pgc-9097-4-2\"  class=\"panel-grid-cell\" ><div id=\"panel-9097-4-2-0\" class=\"so-panel widget widget_text panel-first-child panel-last-child\" data-index=\"11\" ><div class=\"panel-widget-style panel-widget-style-for-9097-4-2-0\" >\t\t\t<div class=\"textwidget\"><p><b>___________________________________________________<\/b><\/p>\n<\/div>\n\t\t<\/div><\/div><\/div><\/div><\/div><div id=\"pg-9097-5\"  class=\"panel-grid panel-has-style\" ><div class=\"panel-row-style panel-row-style-for-9097-5\" ><div id=\"pgc-9097-5-0\"  class=\"panel-grid-cell\" ><div id=\"panel-9097-5-0-0\" class=\"so-panel widget widget_text panel-first-child panel-last-child\" data-index=\"12\" ><h3 class=\"widget-title\">Buenas Pr\u00e1cticas 2020<\/h3>\t\t\t<div class=\"textwidget\"><p>Validaci\u00f3n de Buenas Pr\u00e1cticas de Agencias del <a href=\"https:\/\/www.siaces.org\/\" target=\"_blank\" rel=\"noopener\">Sistema Iberoamericano de Aseguramiento de la Calidad de la Educaci\u00f3n Superior (SIACES)<\/a>.<\/p>\n<\/div>\n\t\t<\/div><\/div><div id=\"pgc-9097-5-1\"  class=\"panel-grid-cell\" ><div id=\"panel-9097-5-1-0\" class=\"so-panel widget widget_text panel-first-child panel-last-child\" data-index=\"13\" ><h3 class=\"widget-title\">Evaluaci\u00f3n Externa 2015<\/h3>\t\t\t<div class=\"textwidget\"><p>Evaluaci\u00f3n a cargo de comit\u00e9 internacional, conformado por expertos evaluadores de Ecuador, Espa\u00f1a y M\u00e9xico.<\/p>\n<\/div>\n\t\t<\/div><\/div><div id=\"pgc-9097-5-2\"  class=\"panel-grid-cell\" ><div id=\"panel-9097-5-2-0\" class=\"so-panel widget widget_text panel-first-child panel-last-child\" data-index=\"14\" ><div class=\"panel-widget-style panel-widget-style-for-9097-5-2-0\" ><h3 class=\"widget-title\">Evaluaci\u00f3n Externa 2007<\/h3>\t\t\t<div class=\"textwidget\"><p>Evaluaci\u00f3n a cargo de comit\u00e9 internacional convocado por el Instituto Internacional de la UNESCO para la Educaci\u00f3n Superior en Am\u00e9rica Latina y el Caribe (IESALC), conformado por expertos evaluadores de Brasil, M\u00e9xico y Uruguay.<\/p>\n<\/div>\n\t\t<\/div><\/div><\/div><\/div><\/div><div id=\"pg-9097-6\"  class=\"panel-grid panel-has-style\" ><div class=\"panel-row-style panel-row-style-for-9097-6\" ><div id=\"pgc-9097-6-0\"  class=\"panel-grid-cell\" ><div id=\"panel-9097-6-0-0\" class=\"so-panel widget panel-first-child panel-last-child\" data-index=\"15\" ><\/div><\/div><div id=\"pgc-9097-6-1\"  class=\"panel-grid-cell panel-grid-cell-empty\" ><\/div><div id=\"pgc-9097-6-2\"  class=\"panel-grid-cell\" ><div id=\"panel-9097-6-2-0\" class=\"so-panel widget panel-first-child panel-last-child\" data-index=\"16\" ><\/div><\/div><div id=\"pgc-9097-6-3\"  class=\"panel-grid-cell panel-grid-cell-empty\" ><\/div><div id=\"pgc-9097-6-4\"  class=\"panel-grid-cell panel-grid-cell-mobile-last\" ><div id=\"panel-9097-6-4-0\" class=\"so-panel widget panel-first-child panel-last-child\" data-index=\"17\" ><\/div><\/div><div id=\"pgc-9097-6-5\"  class=\"panel-grid-cell panel-grid-cell-empty\" ><\/div><\/div><\/div><\/div>","protected":false},"excerpt":{"rendered":"<p>Tras completar el proceso de evaluaci\u00f3n ante la Federaci\u00f3n Mundial para la Educaci\u00f3n M\u00e9dica (WFME, por sus siglas en ingl\u00e9s), en enero de 2025 la CONEAU obtuvo el reconocimiento internacional como agencia acreditadora de programas de Medicina.\u00a0\u00a0 De esta forma, el organismo argentino se suma al mapa internacional de agencias con Estatus de Reconocimiento WFME. &hellip; <a href=\"https:\/\/www.coneau.gob.ar\/coneau\/evaluaciones-de-la-coneau\/\" class=\"more-link\">Seguir leyendo <span class=\"screen-reader-text\">Evaluaciones de la CONEAU<\/span> <span class=\"meta-nav\">&rarr;<\/span><\/a><\/p>\n","protected":false},"author":2,"featured_media":9065,"parent":0,"menu_order":0,"comment_status":"closed","ping_status":"closed","template":"","meta":[],"acf":[],"_links":{"self":[{"href":"https:\/\/www.coneau.gob.ar\/coneau\/wp-json\/wp\/v2\/pages\/9097"}],"collection":[{"href":"https:\/\/www.coneau.gob.ar\/coneau\/wp-json\/wp\/v2\/pages"}],"about":[{"href":"https:\/\/www.coneau.gob.ar\/coneau\/wp-json\/wp\/v2\/types\/page"}],"author":[{"embeddable":true,"href":"https:\/\/www.coneau.gob.ar\/coneau\/wp-json\/wp\/v2\/users\/2"}],"replies":[{"embeddable":true,"href":"https:\/\/www.coneau.gob.ar\/coneau\/wp-json\/wp\/v2\/comments?post=9097"}],"version-history":[{"count":308,"href":"https:\/\/www.coneau.gob.ar\/coneau\/wp-json\/wp\/v2\/pages\/9097\/revisions"}],"predecessor-version":[{"id":14431,"href":"https:\/\/www.coneau.gob.ar\/coneau\/wp-json\/wp\/v2\/pages\/9097\/revisions\/14431"}],"wp:featuredmedia":[{"embeddable":true,"href":"https:\/\/www.coneau.gob.ar\/coneau\/wp-json\/wp\/v2\/media\/9065"}],"wp:attachment":[{"href":"https:\/\/www.coneau.gob.ar\/coneau\/wp-json\/wp\/v2\/media?parent=9097"}],"curies":[{"name":"wp","href":"https:\/\/api.w.org\/{rel}","templated":true}]}}