{"id":905,"date":"2015-07-17T19:09:56","date_gmt":"2015-07-17T19:09:56","guid":{"rendered":"http:\/\/hakuna.com.ar\/projects\/coneau\/wordpress\/?page_id=905"},"modified":"2015-09-07T13:11:11","modified_gmt":"2015-09-07T16:11:11","slug":"politica-de-privacidad","status":"publish","type":"page","link":"https:\/\/www.coneau.gob.ar\/coneau\/politica-de-privacidad\/","title":{"rendered":"Pol\u00edtica de Privacidad"},"content":{"rendered":"<p><em>Los usuarios podr\u00e1n acceder a toda la informaci\u00f3n contenida en este sitio sin necesidad de proveer informaci\u00f3n personal alguna. <\/em><\/p>\n<p><em>Si voluntariamente se brinda informaci\u00f3n personal mediante el uso de alg\u00fan formulario o por correo electr\u00f3nico, la misma s\u00f3lo ser\u00e1 utilizada para comunicaciones personales y no<\/em> <em>ser\u00e1 divulgada a terceras partes sin el previo consentimiento libre, expreso e informado y de acuerdo con los t\u00e9rminos de la Ley 25.326.<\/em><\/p>\n","protected":false},"excerpt":{"rendered":"<p>Los usuarios podr\u00e1n acceder a toda la informaci\u00f3n contenida en este sitio sin necesidad de proveer informaci\u00f3n personal alguna. Si voluntariamente se brinda informaci\u00f3n personal mediante el uso de alg\u00fan formulario o por correo electr\u00f3nico, la misma s\u00f3lo ser\u00e1 utilizada para comunicaciones personales y no ser\u00e1 divulgada a terceras partes sin el previo consentimiento libre, &hellip; <a href=\"https:\/\/www.coneau.gob.ar\/coneau\/politica-de-privacidad\/\" class=\"more-link\">Seguir leyendo <span class=\"screen-reader-text\">Pol\u00edtica de Privacidad<\/span> <span class=\"meta-nav\">&rarr;<\/span><\/a><\/p>\n","protected":false},"author":2,"featured_media":1199,"parent":0,"menu_order":17,"comment_status":"open","ping_status":"open","template":"template-full-width.php","meta":[],"acf":[],"_links":{"self":[{"href":"https:\/\/www.coneau.gob.ar\/coneau\/wp-json\/wp\/v2\/pages\/905"}],"collection":[{"href":"https:\/\/www.coneau.gob.ar\/coneau\/wp-json\/wp\/v2\/pages"}],"about":[{"href":"https:\/\/www.coneau.gob.ar\/coneau\/wp-json\/wp\/v2\/types\/page"}],"author":[{"embeddable":true,"href":"https:\/\/www.coneau.gob.ar\/coneau\/wp-json\/wp\/v2\/users\/2"}],"replies":[{"embeddable":true,"href":"https:\/\/www.coneau.gob.ar\/coneau\/wp-json\/wp\/v2\/comments?post=905"}],"version-history":[{"count":3,"href":"https:\/\/www.coneau.gob.ar\/coneau\/wp-json\/wp\/v2\/pages\/905\/revisions"}],"predecessor-version":[{"id":1069,"href":"https:\/\/www.coneau.gob.ar\/coneau\/wp-json\/wp\/v2\/pages\/905\/revisions\/1069"}],"wp:featuredmedia":[{"embeddable":true,"href":"https:\/\/www.coneau.gob.ar\/coneau\/wp-json\/wp\/v2\/media\/1199"}],"wp:attachment":[{"href":"https:\/\/www.coneau.gob.ar\/coneau\/wp-json\/wp\/v2\/media?parent=905"}],"curies":[{"name":"wp","href":"https:\/\/api.w.org\/{rel}","templated":true}]}}