{"id":903,"date":"2015-07-17T19:09:10","date_gmt":"2015-07-17T19:09:10","guid":{"rendered":"http:\/\/hakuna.com.ar\/projects\/coneau\/wordpress\/?page_id=903"},"modified":"2015-09-07T13:12:00","modified_gmt":"2015-09-07T16:12:00","slug":"terminos-de-uso","status":"publish","type":"page","link":"https:\/\/www.coneau.gob.ar\/coneau\/terminos-de-uso\/","title":{"rendered":"T\u00e9rminos de Uso"},"content":{"rendered":"<p><em>El sitio contiene informaci\u00f3n que ha sido elaborada con la mayor exactitud posible y se realizan los mejores esfuerzos por mantenerla actualizada. De cualquier modo, si usted encuentra informaci\u00f3n que considera inexacta, por favor, informe de dicha situaci\u00f3n a webmaster@coneau.gob.ar.<\/em><\/p>\n<p><em>El organismo autoriza a ver, copiar, imprimir y distribuir informaci\u00f3n y material desde su sitio web, siempre y cuando el mismo se utilice exclusivamente para fines de informaci\u00f3n o fines no comerciales. Por ello, los usuarios acuerdan que mantendr\u00e1n todos los derechos de autor (copyright) y otros avisos de propiedad que pueda contener<\/em> <em>cualquier copia que hagan de estos documentos.<\/em><\/p>\n<p><em>Bajo ning\u00fan concepto los usuarios podr\u00e1n alterar o modificar el formato de los archivos, las p\u00e1ginas, las im\u00e1genes, la informaci\u00f3n, los materiales ni ning\u00fan contenido del sitio, ni copiar el dise\u00f1o, el aspecto global o la composici\u00f3n del sitio web.<\/em><\/p>\n","protected":false},"excerpt":{"rendered":"<p>El sitio contiene informaci\u00f3n que ha sido elaborada con la mayor exactitud posible y se realizan los mejores esfuerzos por mantenerla actualizada. De cualquier modo, si usted encuentra informaci\u00f3n que considera inexacta, por favor, informe de dicha situaci\u00f3n a webmaster@coneau.gob.ar. El organismo autoriza a ver, copiar, imprimir y distribuir informaci\u00f3n y material desde su sitio &hellip; <a href=\"https:\/\/www.coneau.gob.ar\/coneau\/terminos-de-uso\/\" class=\"more-link\">Seguir leyendo <span class=\"screen-reader-text\">T\u00e9rminos de Uso<\/span> <span class=\"meta-nav\">&rarr;<\/span><\/a><\/p>\n","protected":false},"author":2,"featured_media":1199,"parent":0,"menu_order":16,"comment_status":"open","ping_status":"open","template":"template-full-width.php","meta":[],"acf":[],"_links":{"self":[{"href":"https:\/\/www.coneau.gob.ar\/coneau\/wp-json\/wp\/v2\/pages\/903"}],"collection":[{"href":"https:\/\/www.coneau.gob.ar\/coneau\/wp-json\/wp\/v2\/pages"}],"about":[{"href":"https:\/\/www.coneau.gob.ar\/coneau\/wp-json\/wp\/v2\/types\/page"}],"author":[{"embeddable":true,"href":"https:\/\/www.coneau.gob.ar\/coneau\/wp-json\/wp\/v2\/users\/2"}],"replies":[{"embeddable":true,"href":"https:\/\/www.coneau.gob.ar\/coneau\/wp-json\/wp\/v2\/comments?post=903"}],"version-history":[{"count":3,"href":"https:\/\/www.coneau.gob.ar\/coneau\/wp-json\/wp\/v2\/pages\/903\/revisions"}],"predecessor-version":[{"id":1071,"href":"https:\/\/www.coneau.gob.ar\/coneau\/wp-json\/wp\/v2\/pages\/903\/revisions\/1071"}],"wp:featuredmedia":[{"embeddable":true,"href":"https:\/\/www.coneau.gob.ar\/coneau\/wp-json\/wp\/v2\/media\/1199"}],"wp:attachment":[{"href":"https:\/\/www.coneau.gob.ar\/coneau\/wp-json\/wp\/v2\/media?parent=903"}],"curies":[{"name":"wp","href":"https:\/\/api.w.org\/{rel}","templated":true}]}}