{"id":9006,"date":"2023-03-06T13:18:12","date_gmt":"2023-03-06T16:18:12","guid":{"rendered":"https:\/\/www.coneau.gob.ar\/coneau\/?page_id=9006"},"modified":"2023-09-15T18:19:03","modified_gmt":"2023-09-15T21:19:03","slug":"concursos-coneau","status":"publish","type":"page","link":"https:\/\/www.coneau.gob.ar\/coneau\/concursos-coneau\/","title":{"rendered":"Concursos CONEAU"},"content":{"rendered":"<div id=\"pl-9006\"  class=\"panel-layout\" ><div id=\"pg-9006-0\"  class=\"panel-grid panel-no-style\" ><div id=\"pgc-9006-0-0\"  class=\"panel-grid-cell\" ><div id=\"panel-9006-0-0-0\" class=\"so-panel widget widget_text panel-first-child panel-last-child\" data-index=\"0\" ><div class=\"panel-widget-style panel-widget-style-for-9006-0-0-0\" >\t\t\t<div class=\"textwidget\"><p class=\"x_MsoNormal\">A partir de la Resoluci\u00f3n 377\/2023, la Secretar\u00eda de Gesti\u00f3n y Empleo P\u00fablico comenz\u00f3 el llamado a concurso mediante convocatoria interna para la cobertura de<strong> veintiocho (28) cargos<\/strong> del <strong>agrupamiento profesional <\/strong>a incorporarse dentro de la planta permanente de la <strong>Comisi\u00f3n Nacional de Evaluaci\u00f3n y Acreditaci\u00f3n Universitaria<\/strong>,\u00a0\u00a0conforme el R\u00e9gimen de Selecci\u00f3n establecido por el T\u00edtulo IV del Sistema Nacional de Empleo P\u00fablico -SINEP- (aprobado por el Convenio Colectivo de Trabajo Sectorial, homologado por el Decreto N\u00b0 2098 de fecha 3 de diciembre de 2008 y sus modificatorios).<\/p>\n<p>En este espacio podr\u00e1 consultar toda la informaci\u00f3n referida a: bases, condiciones y perfiles; fechas y acceso para la inscripci\u00f3n electr\u00f3nica y material de estudio.<\/p>\n<\/div>\n\t\t<\/div><\/div><\/div><\/div><div id=\"pg-9006-1\"  class=\"panel-grid panel-no-style\" ><div id=\"pgc-9006-1-0\"  class=\"panel-grid-cell\" ><div id=\"panel-9006-1-0-0\" class=\"so-panel widget widget_text panel-first-child panel-last-child\" data-index=\"1\" ><div class=\"panel-widget-style panel-widget-style-for-9006-1-0-0\" ><h3 class=\"widget-title\">Inscripci\u00f3n electr\u00f3nica<\/h3>\t\t\t<div class=\"textwidget\"><p>La inscripci\u00f3n a los respectivos procesos de selecci\u00f3n deber\u00e1 realizarse <strong>a trav\u00e9s del portal <a href=\"https:\/\/concursar.miportal.gob.ar\/\" target=\"_blank\" rel=\"noopener\">https:\/\/concursar.miportal.gob.ar\/<\/a><\/strong><\/p>\n<p><strong>Periodo de inscripci\u00f3n:<\/strong> desde las 10:00 hs del <strong>27 de septiembre de 2023 <\/strong>hasta las 16:00 horas del <strong>06 de octubre de 2023.<\/strong><\/p>\n<\/div>\n\t\t<\/div><\/div><\/div><div id=\"pgc-9006-1-1\"  class=\"panel-grid-cell\" ><div id=\"panel-9006-1-1-0\" class=\"so-panel widget widget_media_image panel-first-child\" data-index=\"2\" ><img width=\"150\" height=\"150\" src=\"https:\/\/www.coneau.gob.ar\/coneau\/wp-content\/uploads\/2023\/03\/diseno-web-150x150.png\" class=\"image wp-image-9014  attachment-150x150 size-150x150\" alt=\"\" decoding=\"async\" loading=\"lazy\" style=\"max-width: 100%; height: auto;\" srcset=\"https:\/\/www.coneau.gob.ar\/coneau\/wp-content\/uploads\/2023\/03\/diseno-web-150x150.png 150w, https:\/\/www.coneau.gob.ar\/coneau\/wp-content\/uploads\/2023\/03\/diseno-web-300x300.png 300w, https:\/\/www.coneau.gob.ar\/coneau\/wp-content\/uploads\/2023\/03\/diseno-web.png 512w\" sizes=\"(max-width: 150px) 100vw, 150px\" \/><\/div><div id=\"panel-9006-1-1-1\" class=\"so-panel widget panel-last-child\" data-index=\"3\" ><\/div><\/div><\/div><div id=\"pg-9006-2\"  class=\"panel-grid panel-no-style\" ><div id=\"pgc-9006-2-0\"  class=\"panel-grid-cell\" ><div id=\"panel-9006-2-0-0\" class=\"so-panel widget widget_text panel-first-child panel-last-child\" data-index=\"4\" ><h3 class=\"widget-title\">Concurso profesional 2023 &#8211; COMIT\u00c9 1<\/h3>\t\t\t<div class=\"textwidget\"><p>Por <a href=\"https:\/\/www.boletinoficial.gob.ar\/detalleAviso\/primera\/294124\/20230914\" target=\"_blank\" rel=\"noopener\">Resoluci\u00f3n N\u00b0 377\/23<\/a> se aprobaron las bases, condiciones y perfiles del concurso del Comit\u00e9 1, designando la cobertura de <strong>28 cargos<\/strong> vacantes.<\/p>\n<\/div>\n\t\t<\/div><\/div><\/div><div id=\"pg-9006-3\"  class=\"panel-grid panel-no-style\" ><div id=\"pgc-9006-3-0\"  class=\"panel-grid-cell\" ><div id=\"panel-9006-3-0-0\" class=\"so-panel widget widget_text panel-first-child panel-last-child\" data-index=\"5\" ><h3 class=\"widget-title\">NIVEL A (2 cargos)<\/h3>\t\t\t<div class=\"textwidget\"><p data-wp-editing=\"1\"><a href=\"https:\/\/www.coneau.gob.ar\/coneau\/wp-content\/uploads\/2023\/09\/anexo_6961267_1.pdf\" target=\"_blank\" rel=\"noopener\"><img decoding=\"async\" loading=\"lazy\" class=\"wp-image-9028 alignnone\" src=\"https:\/\/www.coneau.gob.ar\/coneau\/wp-content\/uploads\/2023\/03\/lista.png\" alt=\"\" width=\"28\" height=\"28\" srcset=\"https:\/\/www.coneau.gob.ar\/coneau\/wp-content\/uploads\/2023\/03\/lista.png 512w, https:\/\/www.coneau.gob.ar\/coneau\/wp-content\/uploads\/2023\/03\/lista-300x300.png 300w, https:\/\/www.coneau.gob.ar\/coneau\/wp-content\/uploads\/2023\/03\/lista-150x150.png 150w, https:\/\/www.coneau.gob.ar\/coneau\/wp-content\/uploads\/2023\/03\/lista-356x352.png 356w\" sizes=\"(max-width: 28px) 100vw, 28px\" \/><\/a>\u00a0 <a href=\"https:\/\/www.coneau.gob.ar\/coneau\/wp-content\/uploads\/2023\/09\/anexo_6961267_1.pdf\" target=\"_blank\" rel=\"noopener\">COMIT\u00c9 1.\u00a0 BASES, CONDICIONES Y PERFILES PARA <strong>NIVEL A<\/strong><\/a><\/p>\n<p>&nbsp;<\/p>\n<\/div>\n\t\t<\/div><\/div><div id=\"pgc-9006-3-1\"  class=\"panel-grid-cell\" ><div id=\"panel-9006-3-1-0\" class=\"so-panel widget widget_text panel-first-child panel-last-child\" data-index=\"6\" ><h3 class=\"widget-title\">NIVEL B (26 cargos)<\/h3>\t\t\t<div class=\"textwidget\"><p><a href=\"https:\/\/www.coneau.gob.ar\/coneau\/wp-content\/uploads\/2023\/03\/lista.png\"><img decoding=\"async\" loading=\"lazy\" class=\"wp-image-9028 alignnone\" src=\"https:\/\/www.coneau.gob.ar\/coneau\/wp-content\/uploads\/2023\/03\/lista.png\" alt=\"\" width=\"28\" height=\"28\" srcset=\"https:\/\/www.coneau.gob.ar\/coneau\/wp-content\/uploads\/2023\/03\/lista.png 512w, https:\/\/www.coneau.gob.ar\/coneau\/wp-content\/uploads\/2023\/03\/lista-300x300.png 300w, https:\/\/www.coneau.gob.ar\/coneau\/wp-content\/uploads\/2023\/03\/lista-150x150.png 150w, https:\/\/www.coneau.gob.ar\/coneau\/wp-content\/uploads\/2023\/03\/lista-356x352.png 356w\" sizes=\"(max-width: 28px) 100vw, 28px\" \/><\/a>\u00a0 <a href=\"https:\/\/www.coneau.gob.ar\/coneau\/wp-content\/uploads\/2023\/09\/anexo_6961267_2.pdf\" target=\"_blank\" rel=\"noopener\">COMIT\u00c9 1.\u00a0 BASES, CONDICIONES Y PERFILES PARA <strong>NIVEL B<\/strong><\/a><\/p>\n<p>&nbsp;<\/p>\n<p>&nbsp;<\/p>\n<\/div>\n\t\t<\/div><\/div><\/div><div id=\"pg-9006-4\"  class=\"panel-grid panel-no-style\" ><div id=\"pgc-9006-4-0\"  class=\"panel-grid-cell\" ><div id=\"panel-9006-4-0-0\" class=\"so-panel widget widget_text panel-first-child panel-last-child\" data-index=\"7\" ><h3 class=\"widget-title\">Datos de contacto:<\/h3>\t\t\t<div class=\"textwidget\"><p><strong>CONEAU: <\/strong>recursoshumanospmp@coneau.gob.ar<\/p>\n<p><strong>Direcci\u00f3n de Procesos de Selecci\u00f3n de Personal: <\/strong>concurso@jefatura.gob.ar<\/p>\n<p>Av. Roque S\u00e1enz Pe\u00f1a 511 &#8211; CABA &#8211; Lunes a viernes de 10 a 17 hs<\/p>\n<\/div>\n\t\t<\/div><\/div><\/div><\/div>","protected":false},"excerpt":{"rendered":"<p>A partir de la Resoluci\u00f3n 377\/2023, la Secretar\u00eda de Gesti\u00f3n y Empleo P\u00fablico comenz\u00f3 el llamado a concurso mediante convocatoria interna para la cobertura de veintiocho (28) cargos del agrupamiento profesional a incorporarse dentro de la planta permanente de la Comisi\u00f3n Nacional de Evaluaci\u00f3n y Acreditaci\u00f3n Universitaria,\u00a0\u00a0conforme el R\u00e9gimen de Selecci\u00f3n establecido por el T\u00edtulo &hellip; <a href=\"https:\/\/www.coneau.gob.ar\/coneau\/concursos-coneau\/\" class=\"more-link\">Seguir leyendo <span class=\"screen-reader-text\">Concursos CONEAU<\/span> <span class=\"meta-nav\">&rarr;<\/span><\/a><\/p>\n","protected":false},"author":2,"featured_media":9065,"parent":0,"menu_order":0,"comment_status":"closed","ping_status":"closed","template":"","meta":[],"acf":[],"_links":{"self":[{"href":"https:\/\/www.coneau.gob.ar\/coneau\/wp-json\/wp\/v2\/pages\/9006"}],"collection":[{"href":"https:\/\/www.coneau.gob.ar\/coneau\/wp-json\/wp\/v2\/pages"}],"about":[{"href":"https:\/\/www.coneau.gob.ar\/coneau\/wp-json\/wp\/v2\/types\/page"}],"author":[{"embeddable":true,"href":"https:\/\/www.coneau.gob.ar\/coneau\/wp-json\/wp\/v2\/users\/2"}],"replies":[{"embeddable":true,"href":"https:\/\/www.coneau.gob.ar\/coneau\/wp-json\/wp\/v2\/comments?post=9006"}],"version-history":[{"count":88,"href":"https:\/\/www.coneau.gob.ar\/coneau\/wp-json\/wp\/v2\/pages\/9006\/revisions"}],"predecessor-version":[{"id":10410,"href":"https:\/\/www.coneau.gob.ar\/coneau\/wp-json\/wp\/v2\/pages\/9006\/revisions\/10410"}],"wp:featuredmedia":[{"embeddable":true,"href":"https:\/\/www.coneau.gob.ar\/coneau\/wp-json\/wp\/v2\/media\/9065"}],"wp:attachment":[{"href":"https:\/\/www.coneau.gob.ar\/coneau\/wp-json\/wp\/v2\/media?parent=9006"}],"curies":[{"name":"wp","href":"https:\/\/api.w.org\/{rel}","templated":true}]}}