{"id":9,"date":"2015-05-26T17:18:49","date_gmt":"2015-05-26T17:18:49","guid":{"rendered":"http:\/\/hakuna.com.ar\/projects\/coneau\/wordpress\/?page_id=9"},"modified":"2017-07-19T13:20:05","modified_gmt":"2017-07-19T16:20:05","slug":"evaluacion-institucional","status":"publish","type":"page","link":"https:\/\/www.coneau.gob.ar\/coneau\/evaluacion-institucional\/","title":{"rendered":"Evaluaci\u00f3n Institucional"},"content":{"rendered":"<h4><\/h4>\n<h4><strong>\u00bfQu\u00e9 es la Evaluaci\u00f3n Institucional?<\/strong><\/h4>\n<p style=\"text-align: justify;\">La Evaluaci\u00f3n Institucional llevada adelante por la CONEAU se encuentra establecida en la Ley 24.521 y abarca tanto proyectos de creaci\u00f3n de instituciones universitarias privadas, nacionales y provinciales como instituciones universitarias en funcionamiento.<\/p>\n","protected":false},"excerpt":{"rendered":"<p>\u00bfQu\u00e9 es la Evaluaci\u00f3n Institucional? La Evaluaci\u00f3n Institucional llevada adelante por la CONEAU se encuentra establecida en la Ley 24.521 y abarca tanto proyectos de creaci\u00f3n de instituciones universitarias privadas, nacionales y provinciales como instituciones universitarias en funcionamiento.<\/p>\n","protected":false},"author":2,"featured_media":1089,"parent":0,"menu_order":6,"comment_status":"open","ping_status":"closed","template":"template-evaluacion-institucional.php","meta":[],"acf":[],"_links":{"self":[{"href":"https:\/\/www.coneau.gob.ar\/coneau\/wp-json\/wp\/v2\/pages\/9"}],"collection":[{"href":"https:\/\/www.coneau.gob.ar\/coneau\/wp-json\/wp\/v2\/pages"}],"about":[{"href":"https:\/\/www.coneau.gob.ar\/coneau\/wp-json\/wp\/v2\/types\/page"}],"author":[{"embeddable":true,"href":"https:\/\/www.coneau.gob.ar\/coneau\/wp-json\/wp\/v2\/users\/2"}],"replies":[{"embeddable":true,"href":"https:\/\/www.coneau.gob.ar\/coneau\/wp-json\/wp\/v2\/comments?post=9"}],"version-history":[{"count":5,"href":"https:\/\/www.coneau.gob.ar\/coneau\/wp-json\/wp\/v2\/pages\/9\/revisions"}],"predecessor-version":[{"id":3039,"href":"https:\/\/www.coneau.gob.ar\/coneau\/wp-json\/wp\/v2\/pages\/9\/revisions\/3039"}],"wp:featuredmedia":[{"embeddable":true,"href":"https:\/\/www.coneau.gob.ar\/coneau\/wp-json\/wp\/v2\/media\/1089"}],"wp:attachment":[{"href":"https:\/\/www.coneau.gob.ar\/coneau\/wp-json\/wp\/v2\/media?parent=9"}],"curies":[{"name":"wp","href":"https:\/\/api.w.org\/{rel}","templated":true}]}}