{"id":8243,"date":"2022-06-02T17:09:06","date_gmt":"2022-06-02T20:09:06","guid":{"rendered":"https:\/\/www.coneau.gob.ar\/coneau\/?page_id=8243"},"modified":"2023-02-16T15:43:25","modified_gmt":"2023-02-16T18:43:25","slug":"ciencias-sociales-2","status":"publish","type":"page","link":"https:\/\/www.coneau.gob.ar\/coneau\/ciencias-sociales-2\/","title":{"rendered":"Ciencias Sociales"},"content":{"rendered":"<p><strong><span style=\"color: #3366ff;\"><a style=\"color: #3366ff;\" href=\"https:\/\/www.coneau.gob.ar\/archivos\/form09posg\/RS-2022-49152256-APN-CONEAU-ME.pdf\">RESFC-2022-182-APN-CONEAU#ME\u00a0<\/a> <\/span><\/strong>|\u00a0<strong><span style=\"color: #3366ff;\"><a style=\"color: #3366ff;\" href=\"https:\/\/www.coneau.gob.ar\/archivos\/form09posg\/IF-2022-47936058-APN-DAC-CONEAU.pdf\" target=\"_blank\" rel=\"noopener noreferrer\">Anexo<\/a><\/span><\/strong><\/p>\n<p><strong><span style=\"color: #1461c7;\"><span style=\"color: #000000;\"><b><a style=\"color: #000000;\" href=\"https:\/\/www.coneau.gob.ar\/coneau\/wp-content\/uploads\/2023\/02\/RS-2023-17055674-APN-CONEAUME.pdf\"><span style=\"color: #3366ff;\">RESFC-2023-2-APN-CONEAU#ME <\/span><\/a><\/b><\/span><\/span>(Modificaci\u00f3n del cronograma)<\/strong><\/p>\n<p><span style=\"color: #000000;\">La tercera etapa de la sexta convocatoria corresponde a las carreras de posgrado de especializaciones, maestr\u00edas y doctorados pertenecientes al \u00e1rea de Ciencias Sociales.<\/span><\/p>\n<p><span style=\"color: #000000;\">\u2666<\/span>\u00a0<a href=\"https:\/\/www.coneau.gob.ar\/archivos\/form09posg\/CsSociales_NOTATECNICA.pdf\" target=\"_blank\" rel=\"noopener noreferrer\">Nota T\u00e9cnica\u00a0(Presentaci\u00f3n de la solicitud de acreditaci\u00f3n)<\/a><\/p>\n<p><span style=\"color: #000000;\">\u2666<\/span><a href=\"https:\/\/www.coneau.gob.ar\/coneau\/acreditacion-de-carreras-2\/\" target=\"_blank\" rel=\"noopener noreferrer\">\u00a0Implementaci\u00f3n de Tr\u00e1mites a Distancia\u00a0(TAD)<\/a><\/p>\n<p><strong><span style=\"color: #000000;\">\u2666\u00a0Formalizaci\u00f3n a trav\u00e9s de<\/span>\u00a0<a href=\"https:\/\/global.coneau.gob.ar\/coneauglobal\/\" target=\"_blank\" rel=\"noopener noreferrer\">CONEAU Global<\/a>:<\/strong><span style=\"color: #000000;\"> disponible hasta el 19 de agosto de 2022.<\/span><\/p>\n<p><span style=\"color: #000000;\">En esta oportunidad, de acuerdo con lo establecido en la<\/span><a href=\"https:\/\/www.coneau.gob.ar\/archivos\/form09posg\/Ord71.pdf\" target=\"_blank\" rel=\"noopener noreferrer\"><span style=\"color: #000000;\">\u00a0<\/span>Ordenanza de la CONEAU N\u00b0 71<\/a><a href=\"https:\/\/www.coneau.gob.ar\/archivos\/form09posg\/OrdPosgradoCF-71.pdf\" target=\"_blank\" rel=\"noopener noreferrer\">\u00a0(<\/a><a href=\"https:\/\/www.coneau.gob.ar\/archivos\/form09posg\/OrdPosgradoCF-71.pdf\" target=\"_blank\" rel=\"noopener noreferrer\">RESFC-2021-498-APN-CONEAU#ME<\/a><a href=\"https:\/\/www.coneau.gob.ar\/archivos\/form09posg\/OrdPosgradoCF-71.pdf\" target=\"_blank\" rel=\"noopener noreferrer\">)<\/a><span style=\"color: #000000;\">, deber\u00e1 determinarse en cada caso si corresponde o no la modalidad de evaluaci\u00f3n focalizada y sobre esta base, formalizar la participaci\u00f3n en la convocatoria (ver m\u00e1s detalles acerca de la evaluaci\u00f3n focalizada en el Anexo III de la Nota T\u00e9cnica).<\/span><\/p>\n<p><span style=\"color: #000000;\"><strong>\u2666 Materiales del taller<\/strong><\/span><\/p>\n<p><a href=\"https:\/\/www.coneau.gob.ar\/coneau\/wp-content\/uploads\/2023\/02\/Presentaci\u00f3n-Taller-Posgrado-Sociales-2022-1.pptx\">Presentaci\u00f3n del Taller de Posgrado de Cs. Sociales<\/a><\/p>\n<p><span style=\"color: #000000;\"><strong>\u2666\u00a0Presentaci\u00f3n\u00a0de solicitud de acreditaci\u00f3n y autoevaluaci\u00f3n:<\/strong><\/span><\/p>\n<p><span style=\"color: #000000;\">La presentaci\u00f3n de las carreras \u00a0deber\u00e1 realizarse a\u00a0trav\u00e9s de\u00a0<\/span><a href=\"https:\/\/global.coneau.gob.ar\/coneauglobal\/\" target=\"_blank\" rel=\"noopener noreferrer\">CONEAU Global.<\/a><\/p>\n<p><span style=\"color: #1461c7;\"><span style=\"color: #000000;\">En la Sesi\u00f3n N\u00b0 582, la CONEAU resolvi\u00f3 modificar el cronograma que organiza la convocatoria. De acuerdo con lo establecido en la <b><a style=\"color: #000000;\" href=\"https:\/\/www.coneau.gob.ar\/coneau\/wp-content\/uploads\/2023\/02\/RS-2023-17055674-APN-CONEAUME.pdf\"><span style=\"color: #3366ff;\">RESFC-2023-2-APN-CONEAU#ME<\/span>, <\/a><\/b>\u00a0las<\/span> <strong>nuevas fechas<\/strong> <span style=\"color: #000000;\">de referencia son las siguientes:<\/span><\/span><\/p>\n<p><span style=\"color: #000000;\">\u2013 Carreras pertenecientes a los <strong>CPRES Metropolitano<\/strong> y\u00a0 <strong>Bonaerense, <\/strong>que ser\u00e1n <strong>evaluadas bajo la modalidad focalizada<\/strong>: hasta el\u00a0<b>17 de marzo de 2023.<\/b><\/span><\/p>\n<p><span style=\"color: #000000;\"><b>\u2013 <\/b>Carreras pertenecientes a los\u00a0<b> CPRES Metropolitano y Bonaerense,<\/b>\u00a0que ser\u00e1n <strong>evaluadas en la totalidad de sus dimensiones<\/strong>: hasta el\u00a0<b>2 de junio de 2023<\/b>.<\/span><\/p>\n<p><span style=\"color: #000000;\">\u2013 Carreras pertenecientes a los <b>CPRES Centro, Noreste, Noroeste, Nuevo Cuyo y Sur,<\/b>\u00a0que ser\u00e1n <strong>evaluadas bajo cualquiera de las dos modalidades<\/strong> previstas:\u00a0<b>hasta el 6 de marzo de 2024<\/b>.<\/span><\/p>\n","protected":false},"excerpt":{"rendered":"<p>RESFC-2022-182-APN-CONEAU#ME\u00a0 |\u00a0Anexo RESFC-2023-2-APN-CONEAU#ME (Modificaci\u00f3n del cronograma) La tercera etapa de la sexta convocatoria corresponde a las carreras de posgrado de especializaciones, maestr\u00edas y doctorados pertenecientes al \u00e1rea de Ciencias Sociales. \u2666\u00a0Nota T\u00e9cnica\u00a0(Presentaci\u00f3n de la solicitud de acreditaci\u00f3n) \u2666\u00a0Implementaci\u00f3n de Tr\u00e1mites a Distancia\u00a0(TAD) \u2666\u00a0Formalizaci\u00f3n a trav\u00e9s de\u00a0CONEAU Global: disponible hasta el 19 de agosto de 2022. &hellip; <a href=\"https:\/\/www.coneau.gob.ar\/coneau\/ciencias-sociales-2\/\" class=\"more-link\">Seguir leyendo <span class=\"screen-reader-text\">Ciencias Sociales<\/span> <span class=\"meta-nav\">&rarr;<\/span><\/a><\/p>\n","protected":false},"author":2,"featured_media":5696,"parent":0,"menu_order":0,"comment_status":"closed","ping_status":"closed","template":"template-carreras-posgrado-carreras-en-funcionamiento-convocatorias.php","meta":[],"acf":[],"_links":{"self":[{"href":"https:\/\/www.coneau.gob.ar\/coneau\/wp-json\/wp\/v2\/pages\/8243"}],"collection":[{"href":"https:\/\/www.coneau.gob.ar\/coneau\/wp-json\/wp\/v2\/pages"}],"about":[{"href":"https:\/\/www.coneau.gob.ar\/coneau\/wp-json\/wp\/v2\/types\/page"}],"author":[{"embeddable":true,"href":"https:\/\/www.coneau.gob.ar\/coneau\/wp-json\/wp\/v2\/users\/2"}],"replies":[{"embeddable":true,"href":"https:\/\/www.coneau.gob.ar\/coneau\/wp-json\/wp\/v2\/comments?post=8243"}],"version-history":[{"count":40,"href":"https:\/\/www.coneau.gob.ar\/coneau\/wp-json\/wp\/v2\/pages\/8243\/revisions"}],"predecessor-version":[{"id":8951,"href":"https:\/\/www.coneau.gob.ar\/coneau\/wp-json\/wp\/v2\/pages\/8243\/revisions\/8951"}],"wp:featuredmedia":[{"embeddable":true,"href":"https:\/\/www.coneau.gob.ar\/coneau\/wp-json\/wp\/v2\/media\/5696"}],"wp:attachment":[{"href":"https:\/\/www.coneau.gob.ar\/coneau\/wp-json\/wp\/v2\/media?parent=8243"}],"curies":[{"name":"wp","href":"https:\/\/api.w.org\/{rel}","templated":true}]}}