{"id":8169,"date":"2022-05-20T17:51:31","date_gmt":"2022-05-20T20:51:31","guid":{"rendered":"https:\/\/www.coneau.gob.ar\/coneau\/?page_id=8169"},"modified":"2022-06-30T15:48:04","modified_gmt":"2022-06-30T18:48:04","slug":"ingenieria","status":"publish","type":"page","link":"https:\/\/www.coneau.gob.ar\/coneau\/ingenieria\/","title":{"rendered":"Ingenier\u00eda"},"content":{"rendered":"<h4><b>Convocatoria 2022<\/b><\/h4>\n<p><span style=\"font-weight: 400;\">\u2666<\/span><span style=\"font-weight: 300;\"> Resoluci<\/span>\u00f3<span style=\"font-weight: 300;\">n firma conjunta | Acreditaci<\/span><span style=\"font-weight: 400;\">\u00f3<\/span><span style=\"font-weight: 300;\">n Arcusur:<\/span><span style=\"font-weight: 300;\">\u00a0<a href=\"https:\/\/www.coneau.gob.ar\/coneau\/wp-content\/uploads\/2022\/05\/RS-2022-49145652-APN-CONEAUME.pdf\">RESFC-2022-157-APN-CONEAU#ME<\/a><\/span><\/p>\n<p><span style=\"font-weight: 400;\">\u2666<\/span><a href=\"https:\/\/www.coneau.gob.ar\/coneau\/wp-content\/uploads\/2022\/06\/CRITERIOS-DE-CALIDAD-Ingenier\u00eda-2.pdf\"><span style=\"font-weight: 300;\"> Documento de criterios ARCU-SUR para la acreditaci<\/span><span style=\"font-weight: 400;\">\u00f3<\/span><span style=\"font-weight: 300;\">n de carreras de Ingenier\u00eda.<\/span><\/a><\/p>\n<p><span style=\"font-weight: 400;\">\u2666<\/span><span style=\"font-weight: 400;\">\u00a0Formalizaci\u00f3n de la carrera:<\/span><span style=\"font-weight: 300;\">\u00a0consultar fecha en la resoluci\u00f3n seg\u00fan cronograma. Realizarla a trav\u00e9s de<\/span><span style=\"font-weight: 300;\">\u00a0<\/span><a href=\"https:\/\/global.coneau.gob.ar\/coneauglobal\/\"><span style=\"font-weight: 400;\">CONEAU Global<\/span><span style=\"font-weight: 300;\">.<\/span><\/a><\/p>\n<p><span style=\"font-weight: 400;\">\u2666<\/span><span style=\"font-weight: 300;\">\u00a0<\/span><span style=\"font-weight: 400;\">Apertura del expediente electr\u00f3nico:<\/span><span style=\"font-weight: 300;\">\u00a0Junto con la formalizaci\u00f3n. Consultar fecha en la resoluci\u00f3n seg\u00fan cronograma. Apertura a trav\u00e9s de<\/span><a href=\"about:blank\"><span style=\"font-weight: 400;\">\u00a0TAD<\/span><\/a><span style=\"font-weight: 300;\">.<\/span><span style=\"font-weight: 300;\">\u00a0Para obtener m\u00e1s informaci\u00f3n sobre este procedimiento<\/span><a href=\"https:\/\/www.coneau.gob.ar\/coneau\/acreditacion-de-carreras-2\/\"><span style=\"font-weight: 300;\">\u00a0<\/span><span style=\"font-weight: 400;\">click aqu\u00ed<\/span><span style=\"font-weight: 300;\">.<\/span><\/a><\/p>\n<p><span style=\"font-weight: 400;\">\u2666<\/span><span style=\"font-weight: 300;\">\u00a0<\/span><span style=\"font-weight: 400;\">Taller de Autoevaluaci\u00f3n:<\/span><span style=\"font-weight: 300;\">\u00a0consultar cronograma seg\u00fan resoluci\u00f3n.\u00a0<\/span><\/p>\n<p><span style=\"font-weight: 400;\">\u2666<\/span><span style=\"font-weight: 400;\">\u00a0Ficha docente:<\/span><span style=\"font-weight: 300;\">\u00a0a trav\u00e9s de\u00a0<\/span><a href=\"https:\/\/global.coneau.gob.ar\/coneauglobal\/\"><span style=\"font-weight: 400;\">CONEAU Global<\/span><span style=\"font-weight: 300;\">.<\/span><\/a><\/p>\n<p><span style=\"font-weight: 400;\">\u2666<\/span><span style=\"font-weight: 300;\">\u00a0<\/span><span style=\"font-weight: 400;\">Solicitud de acreditaci\u00f3n de la carrera:<\/span><span style=\"font-weight: 300;\">\u00a0consultar cronograma en la resoluci\u00f3n y realizarla a trav\u00e9s de<\/span><span style=\"font-weight: 300;\">\u00a0<\/span><a href=\"https:\/\/global.coneau.gob.ar\/coneauglobal\/\"><span style=\"font-weight: 400;\">CONEAU Global<\/span><span style=\"font-weight: 300;\">.<\/span><\/a><\/p>\n<p><span style=\"font-weight: 400;\">\u2666<\/span><span style=\"font-weight: 300;\">\u00a0<\/span><a href=\"https:\/\/www.coneau.gob.ar\/coneau\/sistema-institucional-de-educacion-a-distancia-sied\/\"><span style=\"font-weight: 300;\">Ver evaluaci\u00f3n de SIED<\/span><\/a><\/p>\n<p><a href=\"https:\/\/www.coneau.gob.ar\/ayuda\/\"><span style=\"font-weight: 400;\">\u2666<\/span><span style=\"font-weight: 300;\"> Consultar tutoriales sobre CONEAU GLOBAL<\/span><\/a><\/p>\n<p><span style=\"font-weight: 400;\">Mesa de ayuda<\/span><\/p>\n<p><span style=\"font-weight: 300;\">Sobre CONEAU Global: global@coneau.gob.ar<\/span><\/p>\n<p><span style=\"font-weight: 300;\">\u00c1rea de Grado (Consultas de contenidos) ingenieria@coneau.gob.ar<\/span><\/p>\n","protected":false},"excerpt":{"rendered":"<p>Convocatoria 2022 \u2666 Resoluci\u00f3n firma conjunta | Acreditaci\u00f3n Arcusur:\u00a0RESFC-2022-157-APN-CONEAU#ME \u2666 Documento de criterios ARCU-SUR para la acreditaci\u00f3n de carreras de Ingenier\u00eda. \u2666\u00a0Formalizaci\u00f3n de la carrera:\u00a0consultar fecha en la resoluci\u00f3n seg\u00fan cronograma. Realizarla a trav\u00e9s de\u00a0CONEAU Global. \u2666\u00a0Apertura del expediente electr\u00f3nico:\u00a0Junto con la formalizaci\u00f3n. Consultar fecha en la resoluci\u00f3n seg\u00fan cronograma. Apertura a trav\u00e9s de\u00a0TAD.\u00a0Para obtener &hellip; <a href=\"https:\/\/www.coneau.gob.ar\/coneau\/ingenieria\/\" class=\"more-link\">Seguir leyendo <span class=\"screen-reader-text\">Ingenier\u00eda<\/span> <span class=\"meta-nav\">&rarr;<\/span><\/a><\/p>\n","protected":false},"author":2,"featured_media":0,"parent":0,"menu_order":0,"comment_status":"closed","ping_status":"closed","template":"","meta":[],"acf":[],"_links":{"self":[{"href":"https:\/\/www.coneau.gob.ar\/coneau\/wp-json\/wp\/v2\/pages\/8169"}],"collection":[{"href":"https:\/\/www.coneau.gob.ar\/coneau\/wp-json\/wp\/v2\/pages"}],"about":[{"href":"https:\/\/www.coneau.gob.ar\/coneau\/wp-json\/wp\/v2\/types\/page"}],"author":[{"embeddable":true,"href":"https:\/\/www.coneau.gob.ar\/coneau\/wp-json\/wp\/v2\/users\/2"}],"replies":[{"embeddable":true,"href":"https:\/\/www.coneau.gob.ar\/coneau\/wp-json\/wp\/v2\/comments?post=8169"}],"version-history":[{"count":6,"href":"https:\/\/www.coneau.gob.ar\/coneau\/wp-json\/wp\/v2\/pages\/8169\/revisions"}],"predecessor-version":[{"id":8471,"href":"https:\/\/www.coneau.gob.ar\/coneau\/wp-json\/wp\/v2\/pages\/8169\/revisions\/8471"}],"wp:attachment":[{"href":"https:\/\/www.coneau.gob.ar\/coneau\/wp-json\/wp\/v2\/media?parent=8169"}],"curies":[{"name":"wp","href":"https:\/\/api.w.org\/{rel}","templated":true}]}}