{"id":7416,"date":"2021-07-27T12:46:34","date_gmt":"2021-07-27T15:46:34","guid":{"rendered":"https:\/\/www.coneau.gob.ar\/coneau\/?page_id=7416"},"modified":"2021-11-23T16:06:55","modified_gmt":"2021-11-23T19:06:55","slug":"geologia","status":"publish","type":"page","link":"https:\/\/www.coneau.gob.ar\/coneau\/geologia\/","title":{"rendered":"Geolog\u00eda"},"content":{"rendered":"<h4><strong><span style=\"color: #000000;\">Convocatoria 2021<\/span><\/strong><\/h4>\n<p><span style=\"color: #000000;\">\u2666 Resoluci\u00f3n firma conjunta | Acreditaci\u00f3n Arcusur:<\/span> <a href=\"https:\/\/www.coneau.gob.ar\/coneau\/wp-content\/uploads\/2021\/07\/RS-2021-64865373-APN-CONEAUME-ARCU-SUR.pdf\">RESFC-2021-235-APN-CONEAU#ME<\/a><\/p>\n<p><a href=\"https:\/\/www.coneau.gob.ar\/coneau\/wp-content\/uploads\/2021\/07\/Criterios-de-Calidad-para-la-Acrditacion-ARCU-SUR-GEOLOGIA.pdf\"><span style=\"font-size: medium;\">\u2666 Documento de criterios ARCU-SUR para la acreditaci\u00f3n de carreras de Geolog\u00eda.\u00a0<\/span><\/a><\/p>\n<p><span style=\"color: #000000;\"><strong>\u2666 Formalizaci\u00f3n:<\/strong> hasta el 15 de octubre\u00a0de 2021\u00a0 a trav\u00e9s de<\/span> <a href=\"https:\/\/global.coneau.gob.ar\/coneauglobal\/\">CONEAU Global.<\/a><\/p>\n<p><span style=\"color: #000000;\"><strong>\u2666 Apertura del expediente ele<span style=\"color: #000000;\">ctr\u00f3nico:<\/span><\/strong> hasta el 12 de octubre\u00a0de 2021 a trav\u00e9s de<\/span> <a href=\"https:\/\/tramitesadistancia.gob.ar\/tramitesadistancia\/tad-publico\">TAD<\/a>. <span style=\"color: #000000;\">Para obtener m\u00e1s informaci\u00f3n sobre este procedimiento click<a href=\"https:\/\/www.coneau.gob.ar\/coneau\/acreditacion-de-carreras-2\/\"> aqu\u00ed.<\/a><\/span><\/p>\n<p><span style=\"color: #000000;\"><strong>\u2666 Taller de Autoevaluaci\u00f3n:<\/strong> 18 y 19 de noviembre<\/span><\/p>\n<p><span style=\"color: #000000;\"><strong>\u2666 Solicitud de acreditaci\u00f3n:<\/strong> hasta el 30 de mayo de 2022\u00a0 a trav\u00e9s de<\/span> <a href=\"https:\/\/global.coneau.gob.ar\/coneauglobal\/\">CONEAU Global.<\/a><\/p>\n<p><span style=\"color: #000000;\">\u2666 <a href=\"https:\/\/www.coneau.gob.ar\/coneau\/sistema-institucional-de-educacion-a-distancia-sied\/\">Ver evaluaci\u00f3n de SIED<\/a><\/span><\/p>\n<p><a href=\"https:\/\/www.coneau.gob.ar\/ayuda\/\">\u2666 Consultar tutoriales sobre CONEAU GLOBAL<\/a><\/p>\n<h5><span style=\"color: #000000;\">\u2666 <strong>CONTENIDOS DEL TALLER DE AUTOEVALUACI\u00d3N 2021<\/strong><\/span><\/h5>\n<p><a href=\"https:\/\/www.coneau.gob.ar\/coneau\/wp-content\/uploads\/2021\/11\/Taller-de-Autoevaluacion-Geolog\u00eda-noviembre-2021-1.pdf\">-Acreditaci\u00f3n de las carreras de Geolog\u00eda<\/a><\/p>\n<p><a href=\"https:\/\/www.coneau.gob.ar\/coneau\/wp-content\/uploads\/2021\/11\/Taller-de-Autoevaluacion-CONEAU-Global-Geolog\u00eda-1.pdf\">-Coneau global<\/a><\/p>\n<p><span style=\"color: #000000;\"><strong>Mesa de ayuda<\/strong><\/span><\/p>\n<p><span style=\"color: #000000;\">Sobre CONEAU Global: global@coneau.gob.ar<\/span><\/p>\n<p><span style=\"color: #000000;\">\u00c1rea de Grado (Consultas de contenidos) geologia@coneau.gob.ar<\/span><\/p>\n","protected":false},"excerpt":{"rendered":"<p>Convocatoria 2021 \u2666 Resoluci\u00f3n firma conjunta | Acreditaci\u00f3n Arcusur: RESFC-2021-235-APN-CONEAU#ME \u2666 Documento de criterios ARCU-SUR para la acreditaci\u00f3n de carreras de Geolog\u00eda.\u00a0 \u2666 Formalizaci\u00f3n: hasta el 15 de octubre\u00a0de 2021\u00a0 a trav\u00e9s de CONEAU Global. \u2666 Apertura del expediente electr\u00f3nico: hasta el 12 de octubre\u00a0de 2021 a trav\u00e9s de TAD. Para obtener m\u00e1s informaci\u00f3n sobre &hellip; <a href=\"https:\/\/www.coneau.gob.ar\/coneau\/geologia\/\" class=\"more-link\">Seguir leyendo <span class=\"screen-reader-text\">Geolog\u00eda<\/span> <span class=\"meta-nav\">&rarr;<\/span><\/a><\/p>\n","protected":false},"author":2,"featured_media":0,"parent":0,"menu_order":0,"comment_status":"closed","ping_status":"closed","template":"","meta":[],"acf":[],"_links":{"self":[{"href":"https:\/\/www.coneau.gob.ar\/coneau\/wp-json\/wp\/v2\/pages\/7416"}],"collection":[{"href":"https:\/\/www.coneau.gob.ar\/coneau\/wp-json\/wp\/v2\/pages"}],"about":[{"href":"https:\/\/www.coneau.gob.ar\/coneau\/wp-json\/wp\/v2\/types\/page"}],"author":[{"embeddable":true,"href":"https:\/\/www.coneau.gob.ar\/coneau\/wp-json\/wp\/v2\/users\/2"}],"replies":[{"embeddable":true,"href":"https:\/\/www.coneau.gob.ar\/coneau\/wp-json\/wp\/v2\/comments?post=7416"}],"version-history":[{"count":10,"href":"https:\/\/www.coneau.gob.ar\/coneau\/wp-json\/wp\/v2\/pages\/7416\/revisions"}],"predecessor-version":[{"id":7736,"href":"https:\/\/www.coneau.gob.ar\/coneau\/wp-json\/wp\/v2\/pages\/7416\/revisions\/7736"}],"wp:attachment":[{"href":"https:\/\/www.coneau.gob.ar\/coneau\/wp-json\/wp\/v2\/media?parent=7416"}],"curies":[{"name":"wp","href":"https:\/\/api.w.org\/{rel}","templated":true}]}}