{"id":7,"date":"2015-05-26T17:17:34","date_gmt":"2015-05-26T17:17:34","guid":{"rendered":"http:\/\/hakuna.com.ar\/projects\/coneau\/wordpress\/?page_id=7"},"modified":"2024-04-22T19:24:25","modified_gmt":"2024-04-22T22:24:25","slug":"la-coneau","status":"publish","type":"page","link":"https:\/\/www.coneau.gob.ar\/coneau\/la-coneau\/","title":{"rendered":"\u00bfQu\u00e9 es la CONEAU?"},"content":{"rendered":"<p style=\"text-align: justify;\">La Comisi\u00f3n Nacional de Evaluaci\u00f3n y Acreditaci\u00f3n Universitaria es un organismo descentralizado que funciona en jurisdicci\u00f3n del Ministerio de Educaci\u00f3n de la Naci\u00f3n.<\/p>\n<p style=\"text-align: justify;\">Fue creada con la finalidad de contribuir al mejoramiento de la educaci\u00f3n universitaria.<\/p>\n<p style=\"text-align: justify;\">Su misi\u00f3n institucional es asegurar y mejorar la calidad de las carreras e instituciones universitarias que operan en el sistema universitario argentino por medio de actividades de evaluaci\u00f3n y acreditaci\u00f3n de la calidad de la educaci\u00f3n universitaria.<\/p>\n<p><strong><div class=\"panel panel-default\">\n                <div class=\"panel-heading\" role=\"tab\" id=\"headingOne\">\n                    <h4 class=\"panel-title\">\n                        <a data-toggle=\"collapse\" data-parent=\"#accordion-0\" href=\"#acc-2\" aria-expanded=\"true\" aria-controls=\"collapseOne\">\n                            <i class=\"fa fa-arrow-down\"><\/i> <\/strong><strong>La evaluaci\u00f3n como pol\u00edtica y la creaci\u00f3n de la CONEAU\n                        <\/a>\n                    <\/h4>\n                <\/div>\n                <div id=\"acc-2\" class=\"panel-collapse collapse \" role=\"tabpanel\" aria-labelledby=\"headingOne\">\n                    <div class=\"panel-body\"><\/strong><\/p>\n<p style=\"text-align: justify;\">La evaluaci\u00f3n de la calidad en la educaci\u00f3n universitaria constituye uno de los temas claves en la agenda de reformas que se comienzan a implementar en este sector hacia mediados de la d\u00e9cada del \u201880 en casi todas las regiones del mundo. Existen entidades dedicadas a la evaluaci\u00f3n de instituciones y carreras universitarias mucho m\u00e1s antiguas radicadas en Estados Unidos e Inglaterra; la novedad que se se\u00f1ala es la generalizaci\u00f3n de la evaluaci\u00f3n en la pol\u00edtica universitaria tanto en pa\u00edses centrales como Francia como en pa\u00edses latinoamericanos.<\/p>\n<p style=\"text-align: justify;\">La nueva agenda de la educaci\u00f3n universitaria ha sido el producto de distintos factores pol\u00edticos, sociales y econ\u00f3micos que motivaron revisar el v\u00ednculo entre el Estado, las universidades y la sociedad civil. La evaluaci\u00f3n se present\u00f3 como un instrumento adecuado para establecer una forma de regulaci\u00f3n de las instituciones universitarias orientada a mejorar la calidad de la formaci\u00f3n proporcionada por ellas.<\/p>\n<p style=\"text-align: justify;\">La aprobaci\u00f3n de la <a href=\"http:\/\/servicios.infoleg.gob.ar\/infolegInternet\/anexos\/25000-29999\/25394\/texact.htm\" target=\"_blank\" rel=\"noopener\">Ley 24.521 de Educaci\u00f3n Superior <\/a>estableci\u00f3 en Argentina un marco regulatorio que modific\u00f3 el tradicional control burocr\u00e1tico que ejerc\u00eda el Estado sobre las instituciones universitarias al introducir la evaluaci\u00f3n y el aseguramiento de la calidad como nuevo eje de la pol\u00edtica universitaria.<\/p>\n<p style=\"text-align: justify;\">En el contexto de las tendencias internacionales, durante la \u00faltima d\u00e9cada y en casi todos los pa\u00edses latinoamericanos han surgido agencias p\u00fablicas o privadas de evaluaci\u00f3n cuyos objetivos generales son asegurar y mejorar la calidad de la formaci\u00f3n universitaria. En el caso de la Argentina, la legislaci\u00f3n prev\u00e9 el funcionamiento de ambos tipos de agencias. La CONEAU, como agencia del Estado, tiene intervenci\u00f3n en la autorizaci\u00f3n de las dem\u00e1s agencias.<\/p>\n<p style=\"text-align: justify;\">La CONEAU ha institucionalizado las funciones que le corresponden legalmente: desde 1996, eval\u00faa proyectos institucionales; desde 1997, eval\u00faa informes anuales de instituciones universitarias con autorizaci\u00f3n provisoria, realiza evaluaciones externas y acredita posgrados; desde 1999, eval\u00faa solicitudes de reconocimiento definitivo y de agencias privadas de evaluaci\u00f3n y acreditaci\u00f3n de carreras de grado.<\/p>\n<p><\/div>\n                <\/div>\n            <\/div><\/p>\n","protected":false},"excerpt":{"rendered":"<p>La Comisi\u00f3n Nacional de Evaluaci\u00f3n y Acreditaci\u00f3n Universitaria es un organismo descentralizado que funciona en jurisdicci\u00f3n del Ministerio de Educaci\u00f3n de la Naci\u00f3n. Fue creada con la finalidad de contribuir al mejoramiento de la educaci\u00f3n universitaria. Su misi\u00f3n institucional es asegurar y mejorar la calidad de las carreras e instituciones universitarias que operan en el &hellip; <a href=\"https:\/\/www.coneau.gob.ar\/coneau\/la-coneau\/\" class=\"more-link\">Seguir leyendo <span class=\"screen-reader-text\">\u00bfQu\u00e9 es la CONEAU?<\/span> <span class=\"meta-nav\">&rarr;<\/span><\/a><\/p>\n","protected":false},"author":2,"featured_media":1191,"parent":0,"menu_order":5,"comment_status":"open","ping_status":"closed","template":"template-coneau.php","meta":[],"acf":[],"_links":{"self":[{"href":"https:\/\/www.coneau.gob.ar\/coneau\/wp-json\/wp\/v2\/pages\/7"}],"collection":[{"href":"https:\/\/www.coneau.gob.ar\/coneau\/wp-json\/wp\/v2\/pages"}],"about":[{"href":"https:\/\/www.coneau.gob.ar\/coneau\/wp-json\/wp\/v2\/types\/page"}],"author":[{"embeddable":true,"href":"https:\/\/www.coneau.gob.ar\/coneau\/wp-json\/wp\/v2\/users\/2"}],"replies":[{"embeddable":true,"href":"https:\/\/www.coneau.gob.ar\/coneau\/wp-json\/wp\/v2\/comments?post=7"}],"version-history":[{"count":18,"href":"https:\/\/www.coneau.gob.ar\/coneau\/wp-json\/wp\/v2\/pages\/7\/revisions"}],"predecessor-version":[{"id":11174,"href":"https:\/\/www.coneau.gob.ar\/coneau\/wp-json\/wp\/v2\/pages\/7\/revisions\/11174"}],"wp:featuredmedia":[{"embeddable":true,"href":"https:\/\/www.coneau.gob.ar\/coneau\/wp-json\/wp\/v2\/media\/1191"}],"wp:attachment":[{"href":"https:\/\/www.coneau.gob.ar\/coneau\/wp-json\/wp\/v2\/media?parent=7"}],"curies":[{"name":"wp","href":"https:\/\/api.w.org\/{rel}","templated":true}]}}