{"id":6740,"date":"2021-04-30T11:08:27","date_gmt":"2021-04-30T14:08:27","guid":{"rendered":"https:\/\/www.coneau.gob.ar\/coneau\/?page_id=6740"},"modified":"2021-07-06T11:31:24","modified_gmt":"2021-07-06T14:31:24","slug":"informes-estadisticos","status":"publish","type":"page","link":"https:\/\/www.coneau.gob.ar\/coneau\/informes-estadisticos\/","title":{"rendered":"Informes estad\u00edsticos"},"content":{"rendered":"\n<h4 class=\"has-text-color wp-block-heading\" style=\"color:#0071a1\"> <strong>\u2666\u00a0Informe estad\u00edstico de Evaluaci\u00f3n y Acreditaci\u00f3n en Argentina\u00a0 20<\/strong>20-2021<\/h4>\n\n\n\n<p style=\"font-size:12px\">Este documento contiene cuadros y gr\u00e1ficos que refieren a los procesos de evaluaci\u00f3n y acreditaci\u00f3n universitaria que lleva adelante la CONEAU.  La informaci\u00f3n abarca el periodo 1997 a Mayo 2021.<\/p>\n\n\n\n<div class=\"wp-block-button\"><a class=\"wp-block-button__link has-background\" href=\"https:\/\/www.coneau.gob.ar\/coneau\/wp-content\/uploads\/2021\/06\/Informe-estad\u00edstico-2020-2021.pdf\" style=\"background-color:#0d5b87\" target=\"_blank\" rel=\"noreferrer noopener\">VER PUBLICACI\u00d3N<\/a><\/div>\n\n\n\n<h4 class=\"has-text-color wp-block-heading\" style=\"color:#0071a1\"> <strong>\u2666&nbsp;Informe estad\u00edstico de Evaluaci\u00f3n y Acreditaci\u00f3n en Argentina&nbsp; 2018<\/strong> <\/h4>\n\n\n\n<p style=\"font-size:12px\">Este documento contiene cuadros y gr\u00e1ficos que refieren a los procesos de evaluaci\u00f3n y acreditaci\u00f3n universitaria que lleva adelante la CONEAU. La informaci\u00f3n abarca el periodo de 1997 &nbsp;a junio de 2018. <\/p>\n\n\n\n<div class=\"wp-block-button\"><a class=\"wp-block-button__link has-background\" href=\"https:\/\/www.coneau.gob.ar\/archivos\/publicaciones\/documentos\/InformeCONEAUjulio2018.pdf\" style=\"background-color:#0d5b87\" target=\"_blank\" rel=\"noreferrer noopener\">VER PUBLICACI\u00d3N<\/a><\/div>\n","protected":false},"excerpt":{"rendered":"<p>\u2666\u00a0Informe estad\u00edstico de Evaluaci\u00f3n y Acreditaci\u00f3n en Argentina\u00a0 2020-2021 Este documento contiene cuadros y gr\u00e1ficos que refieren a los procesos de evaluaci\u00f3n y acreditaci\u00f3n universitaria que lleva adelante la CONEAU. La informaci\u00f3n abarca el periodo 1997 a Mayo 2021. \u2666&nbsp;Informe estad\u00edstico de Evaluaci\u00f3n y Acreditaci\u00f3n en Argentina&nbsp; 2018 Este documento contiene cuadros y gr\u00e1ficos que &hellip; <a href=\"https:\/\/www.coneau.gob.ar\/coneau\/informes-estadisticos\/\" class=\"more-link\">Seguir leyendo <span class=\"screen-reader-text\">Informes estad\u00edsticos<\/span> <span class=\"meta-nav\">&rarr;<\/span><\/a><\/p>\n","protected":false},"author":2,"featured_media":0,"parent":0,"menu_order":0,"comment_status":"closed","ping_status":"closed","template":"","meta":[],"acf":[],"_links":{"self":[{"href":"https:\/\/www.coneau.gob.ar\/coneau\/wp-json\/wp\/v2\/pages\/6740"}],"collection":[{"href":"https:\/\/www.coneau.gob.ar\/coneau\/wp-json\/wp\/v2\/pages"}],"about":[{"href":"https:\/\/www.coneau.gob.ar\/coneau\/wp-json\/wp\/v2\/types\/page"}],"author":[{"embeddable":true,"href":"https:\/\/www.coneau.gob.ar\/coneau\/wp-json\/wp\/v2\/users\/2"}],"replies":[{"embeddable":true,"href":"https:\/\/www.coneau.gob.ar\/coneau\/wp-json\/wp\/v2\/comments?post=6740"}],"version-history":[{"count":3,"href":"https:\/\/www.coneau.gob.ar\/coneau\/wp-json\/wp\/v2\/pages\/6740\/revisions"}],"predecessor-version":[{"id":7327,"href":"https:\/\/www.coneau.gob.ar\/coneau\/wp-json\/wp\/v2\/pages\/6740\/revisions\/7327"}],"wp:attachment":[{"href":"https:\/\/www.coneau.gob.ar\/coneau\/wp-json\/wp\/v2\/media?parent=6740"}],"curies":[{"name":"wp","href":"https:\/\/api.w.org\/{rel}","templated":true}]}}