{"id":6716,"date":"2021-04-30T10:16:11","date_gmt":"2021-04-30T13:16:11","guid":{"rendered":"https:\/\/www.coneau.gob.ar\/coneau\/?page_id=6716"},"modified":"2024-09-30T17:04:20","modified_gmt":"2024-09-30T20:04:20","slug":"estudios-sobre-los-procesos-evaluativos","status":"publish","type":"page","link":"https:\/\/www.coneau.gob.ar\/coneau\/publicaciones\/estudios-sobre-los-procesos-evaluativos\/","title":{"rendered":"Estudios sobre los procesos evaluativos"},"content":{"rendered":"\n<p>La CONEAU, a partir de las experiencias evaluativas realizadas, ha desarrollado esta l\u00ednea de estudios con el fin de proporcionar informaci\u00f3n y l\u00edneas de an\u00e1lisis para la mejora de los procesos evaluativos, que se constituyan en un insumo para el dise\u00f1o de pol\u00edticas y planes de mejoramiento institucional de las instituciones universitarias. A partir del trabajo conjunto de los equipos t\u00e9cnicos de Evaluaci\u00f3n institucional, Acreditaci\u00f3n de carreras y el \u00c1rea de Investigaciones de la Direcci\u00f3n de Desarrollo y Relaciones Internacionales, estos estudios buscan potenciar las experiencias evaluativas y la reflexi\u00f3n sobre la calidad en el campo de la educaci\u00f3n superior universitaria. <\/p>\n\n\n\n<h4 class=\"has-text-color wp-block-heading\" style=\"color:#0071a1\"> <strong>\u2666 <\/strong> Estudios sobre la calidad de las carreras de grado de inter\u00e9s p\u00fablico<\/h4>\n\n\n\n<p style=\"font-size:12px\"> Esta colecci\u00f3n pretende dar a conocer la mejora en la calidad educativa de las carreras de grado declaradas de inter\u00e9s p\u00fablico, previsto en el inciso b del art\u00edculo 43\u00ba de la Ley de Educaci\u00f3n Superior (LES), y que han participado en el proceso de acreditaci\u00f3n. <\/p>\n\n\n\n<div class=\"wp-block-columns is-layout-flex wp-container-7\">\n<div class=\"wp-block-column is-layout-flow\">\n<figure class=\"wp-block-image size-large\"><a href=\"https:\/\/www.coneau.gob.ar\/coneau\/wp-content\/uploads\/2024\/09\/Captura-de-Pantalla-2024-09-26-a-las-09.46.16-1.png\"><img decoding=\"async\" loading=\"lazy\" width=\"721\" height=\"1024\" src=\"https:\/\/www.coneau.gob.ar\/coneau\/wp-content\/uploads\/2024\/09\/Captura-de-Pantalla-2024-09-26-a-las-09.46.16-1-721x1024.png\" alt=\"\" class=\"wp-image-11863\" srcset=\"https:\/\/www.coneau.gob.ar\/coneau\/wp-content\/uploads\/2024\/09\/Captura-de-Pantalla-2024-09-26-a-las-09.46.16-1-721x1024.png 721w, https:\/\/www.coneau.gob.ar\/coneau\/wp-content\/uploads\/2024\/09\/Captura-de-Pantalla-2024-09-26-a-las-09.46.16-1-211x300.png 211w, https:\/\/www.coneau.gob.ar\/coneau\/wp-content\/uploads\/2024\/09\/Captura-de-Pantalla-2024-09-26-a-las-09.46.16-1-768x1091.png 768w, https:\/\/www.coneau.gob.ar\/coneau\/wp-content\/uploads\/2024\/09\/Captura-de-Pantalla-2024-09-26-a-las-09.46.16-1.png 811w\" sizes=\"(max-width: 721px) 100vw, 721px\" \/><\/a><\/figure>\n\n\n\n<div class=\"wp-block-buttons is-layout-flex\">\n<div class=\"wp-block-button\"><a class=\"wp-block-button__link has-background wp-element-button\" href=\"https:\/\/www.coneau.gob.ar\/archivos\/publicaciones\/estudios\/Carreras-Farmacia-Bioquimica.pdf\" style=\"background-color:#142a62\" target=\"_blank\" rel=\"noreferrer noopener\">ver publicaci\u00f3n<\/a><\/div>\n<\/div>\n<\/div>\n\n\n\n<div class=\"wp-block-column is-layout-flow\">\n<figure class=\"wp-block-image size-large\"><a href=\"https:\/\/www.coneau.gob.ar\/coneau\/wp-content\/uploads\/2023\/04\/Enfermeria-4-1.png\"><img decoding=\"async\" loading=\"lazy\" width=\"724\" height=\"1024\" src=\"https:\/\/www.coneau.gob.ar\/coneau\/wp-content\/uploads\/2023\/04\/Enfermeria-4-1-724x1024.png\" alt=\"\" class=\"wp-image-9773\" srcset=\"https:\/\/www.coneau.gob.ar\/coneau\/wp-content\/uploads\/2023\/04\/Enfermeria-4-1-724x1024.png 724w, https:\/\/www.coneau.gob.ar\/coneau\/wp-content\/uploads\/2023\/04\/Enfermeria-4-1-212x300.png 212w, https:\/\/www.coneau.gob.ar\/coneau\/wp-content\/uploads\/2023\/04\/Enfermeria-4-1-768x1086.png 768w, https:\/\/www.coneau.gob.ar\/coneau\/wp-content\/uploads\/2023\/04\/Enfermeria-4-1-1086x1536.png 1086w, https:\/\/www.coneau.gob.ar\/coneau\/wp-content\/uploads\/2023\/04\/Enfermeria-4-1.png 1414w\" sizes=\"(max-width: 724px) 100vw, 724px\" \/><\/a><\/figure>\n\n\n\n<div class=\"wp-block-buttons is-layout-flex\">\n<div class=\"wp-block-button\"><a class=\"wp-block-button__link has-background wp-element-button\" href=\"https:\/\/www.coneau.gob.ar\/archivos\/publicaciones\/estudios\/Enfermeria.pdf\" style=\"background-color:#142a62\" target=\"_blank\" rel=\"noreferrer noopener\">ver publicaci\u00f3n<\/a><\/div>\n<\/div>\n<\/div>\n\n\n\n<div class=\"wp-block-column is-layout-flow\">\n<figure class=\"wp-block-image size-full\"><a href=\"https:\/\/www.coneau.gob.ar\/coneau\/wp-content\/uploads\/2021\/04\/Odontolog\u00eda.png\"><img decoding=\"async\" loading=\"lazy\" width=\"387\" height=\"555\" src=\"https:\/\/www.coneau.gob.ar\/coneau\/wp-content\/uploads\/2021\/04\/Odontolog\u00eda.png\" alt=\"\" class=\"wp-image-6775\" srcset=\"https:\/\/www.coneau.gob.ar\/coneau\/wp-content\/uploads\/2021\/04\/Odontolog\u00eda.png 387w, https:\/\/www.coneau.gob.ar\/coneau\/wp-content\/uploads\/2021\/04\/Odontolog\u00eda-209x300.png 209w\" sizes=\"(max-width: 387px) 100vw, 387px\" \/><\/a><\/figure>\n\n\n\n<div class=\"wp-block-buttons is-layout-flex\">\n<div class=\"wp-block-button\"><a class=\"wp-block-button__link has-background wp-element-button\" href=\"https:\/\/www.coneau.gob.ar\/archivos\/publicaciones\/documentos\/Odontologia-Impacto.pdf\" style=\"background-color:#142a62\" target=\"_blank\" rel=\"noreferrer noopener\">ver publicaci\u00f3n<\/a><\/div>\n<\/div>\n<\/div>\n<\/div>\n\n\n\n<div class=\"wp-block-columns is-layout-flex wp-container-14\">\n<div class=\"wp-block-column is-layout-flow\">\n<figure class=\"wp-block-image size-full\"><a href=\"https:\/\/www.coneau.gob.ar\/coneau\/wp-content\/uploads\/2017\/08\/Medicina.jpg\"><img decoding=\"async\" loading=\"lazy\" width=\"451\" height=\"657\" src=\"https:\/\/www.coneau.gob.ar\/coneau\/wp-content\/uploads\/2017\/08\/Medicina.jpg\" alt=\"\" class=\"wp-image-3138\" srcset=\"https:\/\/www.coneau.gob.ar\/coneau\/wp-content\/uploads\/2017\/08\/Medicina.jpg 451w, https:\/\/www.coneau.gob.ar\/coneau\/wp-content\/uploads\/2017\/08\/Medicina-206x300.jpg 206w\" sizes=\"(max-width: 451px) 100vw, 451px\" \/><\/a><\/figure>\n\n\n\n<div class=\"wp-block-buttons is-layout-flex\">\n<div class=\"wp-block-button\"><a class=\"wp-block-button__link has-background wp-element-button\" href=\"http:\/\/www.coneau.gob.ar\/archivos\/publicaciones\/documentos\/Medicina2017.pdf\" style=\"background-color:#142a62\" target=\"_blank\" rel=\"noreferrer noopener\">ver publicaci\u00f3n<\/a><\/div>\n<\/div>\n<\/div>\n\n\n\n<div class=\"wp-block-column is-layout-flow\">\n<figure class=\"wp-block-image size-full\"><a href=\"https:\/\/www.coneau.gob.ar\/coneau\/wp-content\/uploads\/2016\/08\/Veterinaria.jpg\"><img decoding=\"async\" loading=\"lazy\" width=\"471\" height=\"667\" src=\"https:\/\/www.coneau.gob.ar\/coneau\/wp-content\/uploads\/2016\/08\/Veterinaria.jpg\" alt=\"\" class=\"wp-image-2416\" srcset=\"https:\/\/www.coneau.gob.ar\/coneau\/wp-content\/uploads\/2016\/08\/Veterinaria.jpg 471w, https:\/\/www.coneau.gob.ar\/coneau\/wp-content\/uploads\/2016\/08\/Veterinaria-212x300.jpg 212w\" sizes=\"(max-width: 471px) 100vw, 471px\" \/><\/a><\/figure>\n\n\n\n<div class=\"wp-block-buttons is-layout-flex\">\n<div class=\"wp-block-button\"><a class=\"wp-block-button__link has-background wp-element-button\" href=\"http:\/\/www.coneau.gob.ar\/archivos\/publicaciones\/documentos\/veterinaria2016.pdf\" style=\"background-color:#142a62\" target=\"_blank\" rel=\"noreferrer noopener\">ver publicaci\u00f3n<\/a><\/div>\n<\/div>\n<\/div>\n\n\n\n<div class=\"wp-block-column is-layout-flow\">\n<figure class=\"wp-block-image size-full\"><a href=\"https:\/\/www.coneau.gob.ar\/coneau\/wp-content\/uploads\/2015\/09\/Ingenier\u00eda1.jpg\"><img decoding=\"async\" loading=\"lazy\" width=\"439\" height=\"604\" src=\"https:\/\/www.coneau.gob.ar\/coneau\/wp-content\/uploads\/2015\/09\/Ingenier\u00eda1.jpg\" alt=\"\" class=\"wp-image-1347\" srcset=\"https:\/\/www.coneau.gob.ar\/coneau\/wp-content\/uploads\/2015\/09\/Ingenier\u00eda1.jpg 439w, https:\/\/www.coneau.gob.ar\/coneau\/wp-content\/uploads\/2015\/09\/Ingenier\u00eda1-218x300.jpg 218w\" sizes=\"(max-width: 439px) 100vw, 439px\" \/><\/a><\/figure>\n\n\n\n<div class=\"wp-block-buttons is-layout-flex\">\n<div class=\"wp-block-button\"><a class=\"wp-block-button__link has-background wp-element-button\" href=\"http:\/\/www.coneau.gob.ar\/archivos\/publicaciones\/documentos\/ingenieriaOk.pdf\" style=\"background-color:#142a62\" target=\"_blank\" rel=\"noreferrer noopener\">ver publicaci\u00f3n<\/a><\/div>\n<\/div>\n<\/div>\n<\/div>\n\n\n\n<div class=\"wp-block-columns is-layout-flex wp-container-18\">\n<div class=\"wp-block-column is-layout-flow\">\n<figure class=\"wp-block-image size-full\"><a href=\"https:\/\/www.coneau.gob.ar\/coneau\/wp-content\/uploads\/2015\/08\/Agronom\u00eda.jpg\"><img decoding=\"async\" loading=\"lazy\" width=\"440\" height=\"603\" src=\"https:\/\/www.coneau.gob.ar\/coneau\/wp-content\/uploads\/2015\/08\/Agronom\u00eda.jpg\" alt=\"\" class=\"wp-image-1237\" srcset=\"https:\/\/www.coneau.gob.ar\/coneau\/wp-content\/uploads\/2015\/08\/Agronom\u00eda.jpg 440w, https:\/\/www.coneau.gob.ar\/coneau\/wp-content\/uploads\/2015\/08\/Agronom\u00eda-219x300.jpg 219w\" sizes=\"(max-width: 440px) 100vw, 440px\" \/><\/a><\/figure>\n<\/div>\n\n\n\n<div class=\"wp-block-column is-layout-flow\"><\/div>\n\n\n\n<div class=\"wp-block-column is-layout-flow\"><\/div>\n<\/div>\n\n\n\n<div class=\"wp-block-columns is-layout-flex wp-container-23\">\n<div class=\"wp-block-column is-layout-flow\">\n<div class=\"wp-block-button\"><a class=\"wp-block-button__link has-background wp-element-button\" href=\"http:\/\/www.coneau.gob.ar\/archivos\/publicaciones\/documentos\/AcreditacionCarrerasGrado-Agronomia.pdf\" style=\"background-color:#142a62\" target=\"_blank\" rel=\"noreferrer noopener\">Ver publicaci\u00f3n<\/a><\/div>\n<\/div>\n\n\n\n<div class=\"wp-block-column is-layout-flow\"><\/div>\n\n\n\n<div class=\"wp-block-column is-layout-flow\">\n<div class=\"wp-block-buttons is-layout-flex\"><\/div>\n<\/div>\n<\/div>\n\n\n\n<hr class=\"wp-block-separator has-css-opacity\"\/>\n\n\n\n<h4 class=\"has-text-color wp-block-heading\" style=\"color:#0071a1\"> <strong>\u2666 Los Sistemas Institucionales de Educaci\u00f3n <\/strong><\/h4>\n\n\n\n<h4 class=\"has-text-color wp-block-heading\" style=\"color:#0071a1\"><strong>a Distancia en Argentina<\/strong><\/h4>\n\n\n\n<p>An\u00e1lisis de la primera experiencia&nbsp; de evaluaci\u00f3n y validaci\u00f3n. <\/p>\n\n\n\n<p style=\"font-size:12px\">Este trabajo describe y analiza el proceso de evaluaci\u00f3n y validaci\u00f3n de los Sistemas Institucionales de Educaci\u00f3n a Distancia (SIED) en Argentina en el cual la Comisi\u00f3n Nacional de Evaluaci\u00f3n y Acreditaci\u00f3n Universitaria (CONEAU) participa, de acuerdo con lo establecido en la Resoluci\u00f3n Ministerial (RM) N\u00b0 2641\/17 de junio de 2017 y en la RM N\u00b0 4389\/17 de noviembre de 2017.<\/p>\n\n\n\n<div class=\"wp-block-button alignleft\"><a class=\"wp-block-button__link has-background wp-element-button\" href=\"http:\/\/www.coneau.gob.ar\/archivos\/publicaciones\/18-03-2021-Los-SIED-en-la-Argentina.pdf\" style=\"background-color:#0d5b87\" target=\"_blank\" rel=\"noreferrer noopener\">ver publicaci\u00f3n<\/a><\/div>\n\n\n\n<hr class=\"wp-block-separator has-css-opacity\"\/>\n\n\n\n<h4 class=\"has-text-color wp-block-heading\" style=\"color:#0071a1\"> <strong>\u2666  La CONEAU y el sistema de acreditaci\u00f3n regional ARCU-SUR<\/strong><\/h4>\n\n\n\n<p style=\"font-size:12px\">La primera publicaci\u00f3n que describe el rol clave de la Argentina, a trav\u00e9s de la CONEAU, en el dise\u00f1o, la implementaci\u00f3n y la promoci\u00f3n de procesos de acreditaci\u00f3n regional para los pa\u00edses miembros del MERCOSUR.&nbsp;<\/p>\n\n\n\n<div class=\"wp-block-button alignleft\"><a class=\"wp-block-button__link has-background wp-element-button\" href=\"http:\/\/www.coneau.gob.ar\/archivos\/publicaciones\/CONEAU-ARCU-SUR.pdf\" style=\"background-color:#0d5b87\" target=\"_blank\" rel=\"noreferrer noopener\">ver publicaci\u00f3n<\/a><\/div>\n\n\n\n<hr class=\"wp-block-separator has-css-opacity\"\/>\n\n\n\n<h4 class=\"has-text-color wp-block-heading\" style=\"color:#0071a1\"> <strong>\u2666  Creaci\u00f3n de instituciones universitarias privadas <\/strong><\/h4>\n\n\n\n<h4 class=\"has-text-color wp-block-heading\" style=\"color:#0071a1\"><strong> La labor de la CONEAU 1996 \u2013 2016 <\/strong><\/h4>\n\n\n\n<p style=\"font-size:12px\">A partir de 1958 las universidades privadas fueron incorpor\u00e1ndose al sistema universitario argentino. Al mes de febrero de 2017, \u00e9ste cuenta con 131 instituciones, de las cuales 6 son de gesti\u00f3n estatal y 65 privadas. La creaci\u00f3n en 1995 de la Comisi\u00f3n Nacional de Evaluaci\u00f3n y Acreditaci\u00f3n Universitaria fue un moj\u00f3n fundamental en ese proceso de incorporaci\u00f3n, pues la primera tarea que desarroll\u00f3 la Comisi\u00f3n fue el an\u00e1lisis de las solicitudes de las universidades privadas. Seg\u00fan lo establecido en la Ley de Educaci\u00f3n Superior 24.521, estas instituciones necesitan de un informa favorable de la CONEAU para el otorgamiento de la autorizaci\u00f3n del Poder Ejecutivo&nbsp;que permite comenzar con sus actividades.<\/p>\n\n\n\n<div class=\"wp-block-button alignleft\"><a class=\"wp-block-button__link has-background wp-element-button\" href=\"https:\/\/www.coneau.gob.ar\/archivos\/publicaciones\/La-labor-de-la-CONEAU.pdf\" style=\"background-color:#0d5b87\" target=\"_blank\" rel=\"noreferrer noopener\">ver publicaci\u00f3n<\/a><\/div>\n","protected":false},"excerpt":{"rendered":"<p>La CONEAU, a partir de las experiencias evaluativas realizadas, ha desarrollado esta l\u00ednea de estudios con el fin de proporcionar informaci\u00f3n y l\u00edneas de an\u00e1lisis para la mejora de los procesos evaluativos, que se constituyan en un insumo para el dise\u00f1o de pol\u00edticas y planes de mejoramiento institucional de las instituciones universitarias. A partir del &hellip; <a href=\"https:\/\/www.coneau.gob.ar\/coneau\/publicaciones\/estudios-sobre-los-procesos-evaluativos\/\" class=\"more-link\">Seguir leyendo <span class=\"screen-reader-text\">Estudios sobre los procesos evaluativos<\/span> <span class=\"meta-nav\">&rarr;<\/span><\/a><\/p>\n","protected":false},"author":2,"featured_media":0,"parent":23,"menu_order":1,"comment_status":"closed","ping_status":"closed","template":"template-publicaciones.php","meta":[],"acf":[],"_links":{"self":[{"href":"https:\/\/www.coneau.gob.ar\/coneau\/wp-json\/wp\/v2\/pages\/6716"}],"collection":[{"href":"https:\/\/www.coneau.gob.ar\/coneau\/wp-json\/wp\/v2\/pages"}],"about":[{"href":"https:\/\/www.coneau.gob.ar\/coneau\/wp-json\/wp\/v2\/types\/page"}],"author":[{"embeddable":true,"href":"https:\/\/www.coneau.gob.ar\/coneau\/wp-json\/wp\/v2\/users\/2"}],"replies":[{"embeddable":true,"href":"https:\/\/www.coneau.gob.ar\/coneau\/wp-json\/wp\/v2\/comments?post=6716"}],"version-history":[{"count":26,"href":"https:\/\/www.coneau.gob.ar\/coneau\/wp-json\/wp\/v2\/pages\/6716\/revisions"}],"predecessor-version":[{"id":11874,"href":"https:\/\/www.coneau.gob.ar\/coneau\/wp-json\/wp\/v2\/pages\/6716\/revisions\/11874"}],"up":[{"embeddable":true,"href":"https:\/\/www.coneau.gob.ar\/coneau\/wp-json\/wp\/v2\/pages\/23"}],"wp:attachment":[{"href":"https:\/\/www.coneau.gob.ar\/coneau\/wp-json\/wp\/v2\/media?parent=6716"}],"curies":[{"name":"wp","href":"https:\/\/api.w.org\/{rel}","templated":true}]}}