{"id":6628,"date":"2021-04-15T09:22:27","date_gmt":"2021-04-15T12:22:27","guid":{"rendered":"https:\/\/www.coneau.gob.ar\/coneau\/?page_id=6628"},"modified":"2023-02-16T16:12:11","modified_gmt":"2023-02-16T19:12:11","slug":"ciencias-humanas-2","status":"publish","type":"page","link":"https:\/\/www.coneau.gob.ar\/coneau\/ciencias-humanas-2\/","title":{"rendered":"Ciencias Humanas"},"content":{"rendered":"<p style=\"line-height: 200%; background: white; margin: 0cm 0cm 15.0pt 0cm;\"><span style=\"font-family: 'open_sanslight',serif; color: #3366ff;\"><a href=\"http:\/\/www.coneau.gob.ar\/archivos\/form09posg\/RS-2021-30525294-APN-CONEAU-ME.pdf\"><strong style=\"box-sizing: border-box;\"><span style=\"font-family: 'open_sanslight',serif; color: #3366ff; text-decoration: none; text-underline: none;\">\u2666\u00a0RESFC-2021-24-APN-CONEAU#MECCYT<\/span><\/strong><\/a><strong style=\"box-sizing: border-box;\"><span style=\"font-family: 'open_sanslight',serif;\">\u00a0|\u00a0<\/span><\/strong><a style=\"box-sizing: border-box;\" href=\"http:\/\/www.coneau.gob.ar\/archivos\/form09posg\/IF-2021-29287699-APN-DAC-CONEAU.pdf\"><strong style=\"box-sizing: border-box;\"><span style=\"font-family: 'open_sanslight',serif; color: #3366ff; text-decoration: none; text-underline: none;\">ANEXO<\/span><\/strong><\/a><\/span><\/p>\n<p style=\"line-height: 200%; background: white; box-sizing: border-box; font-variant-ligatures: normal; font-variant-caps: normal; orphans: 2; text-align: start; widows: 2; -webkit-text-stroke-width: 0px; word-spacing: 0px; margin: 0cm 0cm 15pt;\"><span style=\"box-sizing: border-box;\"><span style=\"font-family: 'open_sanslight',serif; color: black;\">La segunda etapa de la sexta convocatoria corresponde a las carreras de posgrado de especializaciones, maestr\u00edas y doctorados pertenecientes al \u00e1rea de Ciencias Humanas.<\/span><\/span><\/p>\n<p><span style=\"color: #3366ff;\"><a style=\"color: #3366ff;\" href=\"https:\/\/www.youtube.com\/watch?v=yJgEh7tz-r4\"><span style=\"box-sizing: border-box;\"><span style=\"font-family: open_sanslight, serif;\"><span style=\"font-family: 'open_sanslight',serif;\">\u2013<\/span><\/span><\/span>Video Taller Preparatorio en Acreditaci\u00f3n de Posgrados en Ciencias Humanas &#8211;\u00a0 10 de Junio<\/a><\/span><\/p>\n<p><span style=\"color: #3366ff;\"><a style=\"color: #3366ff;\" href=\"https:\/\/www.youtube.com\/watch?v=3vBWOLX7rSo\"><span style=\"box-sizing: border-box;\"><span style=\"font-family: open_sanslight, serif;\"><span style=\"font-family: 'open_sanslight',serif;\">\u2013<\/span><\/span><\/span>Video Taller de Sistemas <\/a><a style=\"color: #3366ff;\" href=\"https:\/\/www.youtube.com\/watch?v=yJgEh7tz-r4\">\u00a0&#8211;\u00a0 14 de Junio<\/a><\/span><\/p>\n<p><span style=\"color: #3366ff;\"><a style=\"color: #3366ff;\" href=\"https:\/\/www.coneau.gob.ar\/coneau\/wp-content\/uploads\/2021\/08\/Presentacio%CC%81n-Taller-Posgrado-Humanas-2021.pdf\">Presentaci\u00f3n Taller Posgrado Humanas 2021<\/a><\/span><\/p>\n<p style=\"line-height: 200%; background: white; box-sizing: border-box; font-variant-ligatures: normal; font-variant-caps: normal; orphans: 2; text-align: start; widows: 2; -webkit-text-stroke-width: 0px; word-spacing: 0px; margin: 0cm 0cm 15pt;\"><span style=\"box-sizing: border-box;\"><span style=\"font-family: 'open_sanslight',serif; color: black;\">\u2666\u00a0<strong style=\"box-sizing: border-box;\"><span style=\"font-family: 'open_sanslight',serif;\">Formalizaci\u00f3n:\u00a0<\/span><\/strong>hasta el\u00a0<strong style=\"box-sizing: border-box;\"><span style=\"font-family: 'open_sanslight',serif;\">11 de junio de 2021<\/span><\/strong>\u00a0a trav\u00e9s de<\/span><\/span><span style=\"box-sizing: border-box;\"><span style=\"font-family: 'open_sanslight',serif; color: #3366ff;\">\u00a0<a style=\"box-sizing: border-box;\" href=\"https:\/\/global.coneau.gob.ar\/coneauglobal\/\"><span style=\"color: #3366ff;\">CONEAU Global<\/span><\/a><\/span><\/span><\/p>\n<p style=\"line-height: 200%; background: white; box-sizing: border-box; font-variant-ligatures: normal; font-variant-caps: normal; orphans: 2; text-align: start; widows: 2; -webkit-text-stroke-width: 0px; word-spacing: 0px; margin: 0cm 0cm 15pt;\"><span style=\"box-sizing: border-box; color: #000000;\"><span style=\"font-family: open_sanslight, serif;\">\u2666\u00a0<strong style=\"box-sizing: border-box;\"><span style=\"font-family: 'open_sanslight',serif;\">Taller Preparatorio:<\/span><\/strong><span style=\"font-family: 'open_sanslight',serif;\"> Se<\/span><span style=\"font-family: 'open_sanslight',serif;\"> realizar\u00e1 por cupos para cada unidad acad\u00e9mica.* <b>La inscripci\u00f3n se encuentra abierta hasta el 31\/05. <\/b><\/span><\/span><\/span><span style=\"box-sizing: border-box; color: #3366ff;\"><span style=\"font-family: open_sanslight, serif;\"><span style=\"font-family: 'open_sanslight',serif;\"><strong><a style=\"color: #3366ff;\" href=\"https:\/\/global.coneau.gob.ar\/coneauglobal\/iniciar-sesion\/?ir=\/coneauglobal\/publico\/escuela-coneau\/pos2021cshum\/\">Acceda al formulario<\/a><\/strong><\/span><\/span><\/span><\/p>\n<p style=\"line-height: 200%; background: white; box-sizing: border-box; font-variant-ligatures: normal; font-variant-caps: normal; orphans: 2; text-align: start; widows: 2; -webkit-text-stroke-width: 0px; word-spacing: 0px; margin: 0cm 0cm 15pt;\"><span style=\"color: #000000;\"><span style=\"box-sizing: border-box;\"><span style=\"font-family: open_sanslight, serif;\"><span style=\"font-family: 'open_sanslight',serif;\">\u2013E<\/span><\/span><\/span><span style=\"box-sizing: border-box;\"><span style=\"font-family: open_sanslight, serif;\"><span style=\"font-family: 'open_sanslight',serif;\">l <\/span><span style=\"box-sizing: border-box;\"><span style=\"font-family: 'open_sanslight',serif;\"><b>10 de junio de 2021 <\/b>para las carreras pertenecientes a los<\/span><\/span><strong style=\"box-sizing: border-box;\"><span style=\"font-family: 'open_sanslight',serif;\">\u00a0CPRES Centro, Noroeste, Noreste, Nuevo Cuyo y Sur.<br \/>\n<\/span><\/strong><span style=\"font-family: 'open_sanslight',serif;\">\u2013El<\/span><strong style=\"box-sizing: border-box;\"><span style=\"font-family: 'open_sanslight',serif;\"> 11 de junio <\/span><\/strong><span style=\"font-family: 'open_sanslight',serif;\">para las carreras pertenecientes a los<\/span><strong style=\"box-sizing: border-box;\"><span style=\"font-family: 'open_sanslight',serif;\">\u00a0CPRES Metropolitano y Bonaerense.<\/span><\/strong><\/span><\/span><\/span><\/p>\n<p style=\"line-height: 200%; background: white; box-sizing: border-box; font-variant-ligatures: normal; font-variant-caps: normal; orphans: 2; text-align: start; widows: 2; -webkit-text-stroke-width: 0px; word-spacing: 0px; margin: 0cm 0cm 15pt;\"><span style=\"box-sizing: border-box; color: #000000;\"><span style=\"font-family: open_sanslight, serif;\"><span style=\"font-family: 'open_sanslight',serif;\"><strong>Horario:<\/strong> de 10 a 13 hs. (El mismo puede variar seg\u00fan la asignaci\u00f3n de grupos).<\/span><\/span><\/span><\/p>\n<h5 style=\"line-height: 200%; background: white; box-sizing: border-box; font-variant-ligatures: normal; font-variant-caps: normal; orphans: 2; text-align: start; widows: 2; -webkit-text-stroke-width: 0px; word-spacing: 0px; margin: 0cm 0cm 15pt;\">*Los cupos asignados ser\u00e1n indicados en cada caso, al ingresar a la ficha de inscripci\u00f3n. La inscripci\u00f3n deber\u00e1 realizarse a trav\u00e9s de un usuario con rol de administrador institucional.<\/h5>\n<p><span style=\"box-sizing: border-box; color: #000000;\"><span style=\"font-family: open_sanslight, serif;\"><strong style=\"box-sizing: border-box;\"><span style=\"font-family: 'open_sanslight',serif;\">\u2666 Taller de sistemas: <\/span><\/strong><span style=\"font-family: 'open_sanslight',serif;\">El<\/span><strong style=\"box-sizing: border-box;\"><span style=\"font-family: 'open_sanslight',serif;\"> 14 de junio del 2021. <b>La inscripci\u00f3n se encontrar\u00e1 abierta\u00a0hasta el 31\/05.<\/b><\/span><\/strong><span style=\"font-family: 'open_sanslight',serif;\"><span style=\"color: #3366ff;\"><span style=\"color: #000000;\"> S\u00f3lo podr\u00e1 participar un asistente por unidad acad\u00e9mica.<\/span> <strong><a style=\"color: #3366ff;\" href=\"https:\/\/global.coneau.gob.ar\/coneauglobal\/publico\/escuela-coneau\/pos2021cshumsis\/\">Acceda al formulario\u00a0<\/a><\/strong><\/span><\/span><\/span><\/span><\/p>\n<p><span style=\"box-sizing: border-box; color: #000000;\"><span style=\"font-family: open_sanslight, serif;\"><span style=\"box-sizing: border-box;\"><span style=\"font-family: 'open_sanslight',serif;\"><span style=\"font-family: 'open_sanslight',serif; color: black;\">\u2013<\/span>En el horario de <b>10 a 12hs <\/b><\/span><\/span><span style=\"font-family: 'open_sanslight',serif;\">para las carreras pertenecientes a los <strong>CPRES Centro, Noroeste, Noreste, Nuevo Cuyo y Sur.<\/strong><br \/>\n<span style=\"box-sizing: border-box;\"><span style=\"font-family: 'open_sanslight',serif; color: black;\">\u2013<\/span><\/span>En el horario de <b>15 a 17hs <\/b>para las carreras pertenecientes a los <strong>CPRES <\/strong><strong>Metropolitano y Bonaerense.<\/strong><\/span><\/span><\/span><\/p>\n<p style=\"line-height: 200%; background: white; box-sizing: border-box; font-variant-ligatures: normal; font-variant-caps: normal; orphans: 2; text-align: start; widows: 2; -webkit-text-stroke-width: 0px; word-spacing: 0px; margin: 0cm 0cm 15pt;\"><span style=\"box-sizing: border-box; color: #000000;\"><strong style=\"box-sizing: border-box;\"><span style=\"font-family: open_sanslight, serif;\">\u2666\u00a0Presentaci\u00f3n\u00a0de solicitud de acreditaci\u00f3n y autoevaluaci\u00f3n:<\/span><\/strong><\/span><\/p>\n<p style=\"line-height: 200%; background: white; box-sizing: border-box; font-variant-ligatures: normal; font-variant-caps: normal; orphans: 2; text-align: start; widows: 2; -webkit-text-stroke-width: 0px; word-spacing: 0px; margin: 0cm 0cm 15pt;\"><span style=\"box-sizing: border-box;\"><span style=\"font-family: 'open_sanslight',serif; color: black;\">La presentaci\u00f3n de las carreras \u00a0deber\u00e1 realizarse a\u00a0trav\u00e9s de<\/span><\/span><span style=\"font-family: 'open_sanslight',serif; color: #7f7f7f;\">\u00a0<\/span><span style=\"box-sizing: border-box;\"><span style=\"font-family: 'open_sanslight',serif; color: teal;\"><a style=\"box-sizing: border-box;\" href=\"https:\/\/global.coneau.gob.ar\/coneauglobal\/\"><span style=\"color: #3366ff;\">CONEAU Global<\/span><\/a><\/span><\/span><span style=\"font-family: 'open_sanslight',serif; color: #7f7f7f;\"><a style=\"box-sizing: border-box;\" href=\"https:\/\/172.16.0.3\/coneauglobal\/\"><span style=\"color: #428bca;\">\u00a0<\/span><\/a><\/span><span style=\"box-sizing: border-box;\"><span style=\"font-family: 'open_sanslight',serif; color: black;\">de acuerdo con el siguiente cronograma.<\/span><\/span><\/p>\n<p style=\"line-height: 200%; background: white; box-sizing: border-box; font-variant-ligatures: normal; font-variant-caps: normal; orphans: 2; text-align: start; widows: 2; -webkit-text-stroke-width: 0px; word-spacing: 0px; margin: 0cm 0cm 15pt;\"><span style=\"box-sizing: border-box;\"><span style=\"font-family: 'open_sanslight',serif; color: black;\">\u2013 Presentaci\u00f3n de las solicitudes de acreditaci\u00f3n y autoevaluaciones de las carreras pertenecientes a los\u00a0<strong style=\"box-sizing: border-box;\"><span style=\"font-family: 'open_sanslight',serif;\">CPRES Centro, Noreste, Noroeste, Nuevo Cuyo y Sur: hasta el 3 de diciembre de 2021.<\/span><\/strong>\u00a0<\/span><\/span><\/p>\n<p style=\"line-height: 200%; background: white; box-sizing: border-box; font-variant-ligatures: normal; font-variant-caps: normal; orphans: 2; text-align: start; widows: 2; -webkit-text-stroke-width: 0px; word-spacing: 0px; margin: 0cm 0cm 15pt;\"><span style=\"box-sizing: border-box;\"><span style=\"font-family: 'open_sanslight',serif; color: black;\">\u2013 Presentaci\u00f3n de las solicitudes de acreditaci\u00f3n de las autoevaluaciones de las carreras pertenecientes a los\u00a0<strong style=\"box-sizing: border-box;\"><span style=\"font-family: 'open_sanslight',serif;\">CPRES Metropolitano y\u00a0 Bonaerense: hasta el 27 de mayo de 2022<\/span><\/strong>.<\/span><\/span><\/p>\n<p style=\"line-height: 200%; background: white; box-sizing: border-box; font-variant-ligatures: normal; font-variant-caps: normal; orphans: 2; text-align: start; widows: 2; -webkit-text-stroke-width: 0px; word-spacing: 0px; margin: 0cm 0cm 15pt;\"><span style=\"box-sizing: border-box;\"><span style=\"font-family: 'open_sanslight',serif; color: #3366ff;\">\u2666\u00a0<a style=\"box-sizing: border-box;\" href=\"http:\/\/www.coneau.gob.ar\/archivos\/form09posg\/CsHumanas_NOTATECNICA.pdf\"><strong style=\"box-sizing: border-box;\"><span style=\"font-family: 'open_sanslight',serif; color: #3366ff; text-decoration: none; text-underline: none;\">Nota T\u00e9cnica\u00a0(Presentaci\u00f3n de la solicitud de acreditaci\u00f3n)<\/span><\/strong><\/a><\/span><\/span><\/p>\n<p style=\"line-height: 200%; background: white; box-sizing: border-box; font-variant-ligatures: normal; font-variant-caps: normal; orphans: 2; text-align: start; widows: 2; -webkit-text-stroke-width: 0px; word-spacing: 0px; margin: 0cm 0cm 15pt;\"><span style=\"box-sizing: border-box;\"><span style=\"font-family: 'open_sanslight',serif; color: #3366ff;\">\u2666\u00a0<a style=\"box-sizing: border-box;\" href=\"https:\/\/www.coneau.gob.ar\/coneau\/acreditacion-de-carreras-2\/\"><strong style=\"box-sizing: border-box;\"><span style=\"font-family: 'open_sanslight',serif; color: #3366ff; text-decoration: none; text-underline: none;\">Implementaci\u00f3n de Tr\u00e1mites a Distancia\u00a0(TAD)<\/span><\/strong><\/a><\/span><\/span><\/p>\n","protected":false},"excerpt":{"rendered":"<p>\u2666\u00a0RESFC-2021-24-APN-CONEAU#MECCYT\u00a0|\u00a0ANEXO La segunda etapa de la sexta convocatoria corresponde a las carreras de posgrado de especializaciones, maestr\u00edas y doctorados pertenecientes al \u00e1rea de Ciencias Humanas. \u2013Video Taller Preparatorio en Acreditaci\u00f3n de Posgrados en Ciencias Humanas &#8211;\u00a0 10 de Junio \u2013Video Taller de Sistemas \u00a0&#8211;\u00a0 14 de Junio Presentaci\u00f3n Taller Posgrado Humanas 2021 \u2666\u00a0Formalizaci\u00f3n:\u00a0hasta el\u00a011 de &hellip; <a href=\"https:\/\/www.coneau.gob.ar\/coneau\/ciencias-humanas-2\/\" class=\"more-link\">Seguir leyendo <span class=\"screen-reader-text\">Ciencias Humanas<\/span> <span class=\"meta-nav\">&rarr;<\/span><\/a><\/p>\n","protected":false},"author":2,"featured_media":3150,"parent":0,"menu_order":0,"comment_status":"closed","ping_status":"closed","template":"template-carreras-posgrado-carreras-en-funcionamiento-convocatorias.php","meta":[],"acf":[],"_links":{"self":[{"href":"https:\/\/www.coneau.gob.ar\/coneau\/wp-json\/wp\/v2\/pages\/6628"}],"collection":[{"href":"https:\/\/www.coneau.gob.ar\/coneau\/wp-json\/wp\/v2\/pages"}],"about":[{"href":"https:\/\/www.coneau.gob.ar\/coneau\/wp-json\/wp\/v2\/types\/page"}],"author":[{"embeddable":true,"href":"https:\/\/www.coneau.gob.ar\/coneau\/wp-json\/wp\/v2\/users\/2"}],"replies":[{"embeddable":true,"href":"https:\/\/www.coneau.gob.ar\/coneau\/wp-json\/wp\/v2\/comments?post=6628"}],"version-history":[{"count":21,"href":"https:\/\/www.coneau.gob.ar\/coneau\/wp-json\/wp\/v2\/pages\/6628\/revisions"}],"predecessor-version":[{"id":7554,"href":"https:\/\/www.coneau.gob.ar\/coneau\/wp-json\/wp\/v2\/pages\/6628\/revisions\/7554"}],"wp:featuredmedia":[{"embeddable":true,"href":"https:\/\/www.coneau.gob.ar\/coneau\/wp-json\/wp\/v2\/media\/3150"}],"wp:attachment":[{"href":"https:\/\/www.coneau.gob.ar\/coneau\/wp-json\/wp\/v2\/media?parent=6628"}],"curies":[{"name":"wp","href":"https:\/\/api.w.org\/{rel}","templated":true}]}}