{"id":649,"date":"2015-07-10T19:16:44","date_gmt":"2015-07-10T19:16:44","guid":{"rendered":"http:\/\/hakuna.com.ar\/projects\/coneau\/wordpress\/?page_id=649"},"modified":"2026-03-11T14:33:33","modified_gmt":"2026-03-11T17:33:33","slug":"quimica","status":"publish","type":"page","link":"https:\/\/www.coneau.gob.ar\/coneau\/acreditacion-de-carreras\/carreras-de-grado\/convocatorias\/proyectos\/quimica\/","title":{"rendered":"Qu\u00edmica"},"content":{"rendered":"<p>Est\u00e1ndares de acreditaci\u00f3n para t\u00edtulos de Licenciatura en Qu\u00edmica \u00a0| <a href=\"https:\/\/www.coneau.gob.ar\/coneau\/wp-content\/uploads\/2021\/06\/RS-2021-42728576-APN-ME.pdf\">RS-2022-42728576-APN-ME<\/a> &#8211; <a href=\"https:\/\/www.coneau.gob.ar\/coneau\/wp-content\/uploads\/2021\/06\/IF-2021-35371781-APN-SECPUME-Anexo-1.pdf\">Anexo 1<\/a> \u2013 <a href=\"https:\/\/www.coneau.gob.ar\/coneau\/wp-content\/uploads\/2021\/06\/IF-2021-35372243-APN-SECPUME-Anexo-2.pdf\">Anexo 2<\/a> \u2013 <a href=\"https:\/\/www.coneau.gob.ar\/coneau\/wp-content\/uploads\/2021\/06\/IF-2021-35373069-APN-SECPUME-Anexo-3.pdf\">Anexo 3<\/a> \u2013 <a href=\"https:\/\/www.coneau.gob.ar\/coneau\/wp-content\/uploads\/2021\/06\/IF-2021-35383792-APN-SECPUME-Anexo-4.pdf\">Anexo 4<\/a> \u2013 <a href=\"https:\/\/www.coneau.gob.ar\/coneau\/wp-content\/uploads\/2021\/06\/IF-2021-35384718-APN-SECPUME-Anexo-5.pdf\">Anexo 5<\/a><\/p>\n<h3><strong>Convocatoria 2026<\/strong><\/h3>\n<p>\u2666<a href=\"https:\/\/www.coneau.gob.ar\/archivos\/resoluciones\/RESME51-10.pdf\">\u00a0<strong>RM N\u00ba 51\/10<\/strong><\/a><\/p>\n<p><strong>\u2666<\/strong><a href=\"https:\/\/www.coneau.gob.ar\/archivos\/ordenanzas\/IF-2017-32940042-APN-CONEAU-ME.pdf\">\u00a0Ordenanza CONEAU N\u00ba 62<\/a><\/p>\n<p><strong>\u2666\u00a0<\/strong><a href=\"https:\/\/www.coneau.gob.ar\/coneau\/wp-content\/uploads\/2020\/08\/IF-2020-50493513-APN-CONEAUME-Ordenanza-N%C2%B0-070.pdf\">Ordenanza CONEAU N\u00b0 70<\/a><strong>\u00a0|\u00a0<\/strong><a href=\"https:\/\/www.coneau.gob.ar\/archivos\/ordenanzas\/Orde070.pdf\">RESFC-2020-241-APN-CONEAU#ME<\/a><\/p>\n<p>\u2666<strong>\u00a0<\/strong><strong>Formalizaci\u00f3n de proyectos:<\/strong><strong>\u00a0<\/strong>hasta el 15 de marzo de 2026 a trav\u00e9s de <a href=\"https:\/\/global.coneau.gob.ar\/coneauglobal\/\"><strong>CONEAU Global<\/strong><\/a>.<\/p>\n<p>\u2666<strong>\u00a0Presentaci\u00f3n de\u00a0proyectos:\u00a0<\/strong>hasta el 30 de abril de 2026 a trav\u00e9s de <strong>\u00a0<\/strong><a href=\"https:\/\/global.coneau.gob.ar\/coneauglobal\/\"><strong>CONEAU Global<\/strong><\/a>.<\/p>\n<p>\u2666\u00a0<strong>Apertura del expediente electr\u00f3nico:\u00a0<\/strong>hasta el 30 de abril de 2026 a trav\u00e9s de<a href=\"http:\/\/tramitesadistancia.gob.ar\/tramitesadistancia\/inicio-publico\">\u00a0TAD<\/a>.\u00a0Para obtener m\u00e1s informaci\u00f3n sobre este procedimiento<a href=\"https:\/\/www.coneau.gob.ar\/?page_id=2691\">\u00a0<strong>clic aqu\u00ed<\/strong>.<\/a><\/p>\n<p><strong>\u2666<\/strong><a href=\"https:\/\/www.coneau.gob.ar\/ayuda\/\"><strong>\u00a0Consultar Tutoriales sobre CONEAU GLOBAL<\/strong><\/a><\/p>\n\n\n<hr class=\"wp-block-separator has-text-color has-light-gray-color has-alpha-channel-opacity has-light-gray-background-color has-background is-style-wide\"\/>\n\n\n\n<p><strong>Mesa de ayuda<\/strong><\/p>\n\n\n\n<p><strong>\u00c1rea de Sistemas<\/strong><\/p>\n\n\n\n<p><a href=\"mailto:global@coneau.gob.ar\">global@coneau.gob.ar<\/a>&nbsp;(Consultas t\u00e9cnicas sobre CONEAU Global)<\/p>\n\n\n\n<p><strong>\u00c1rea de Grado<\/strong><br><a href=\"mailto:arquitectura@coneau.gob.ar\">proyectosgrado@coneau.gob.ar<\/a>&nbsp;(Consultas de contenidos)<\/p>\n\n\n\n<p><a href=\"mailto:acreditaciongrado@coneau.gob.ar\">acreditaciongrado@coneau.gob.ar<\/a>&nbsp;(Consultas administrativas)<\/p>\n","protected":false},"excerpt":{"rendered":"<p>Est\u00e1ndares de acreditaci\u00f3n para t\u00edtulos de Licenciatura en Qu\u00edmica \u00a0| RS-2022-42728576-APN-ME &#8211; Anexo 1 \u2013 Anexo 2 \u2013 Anexo 3 \u2013 Anexo 4 \u2013 Anexo 5 Convocatoria 2026 \u2666\u00a0RM N\u00ba 51\/10 \u2666\u00a0Ordenanza CONEAU N\u00ba 62 \u2666\u00a0Ordenanza CONEAU N\u00b0 70\u00a0|\u00a0RESFC-2020-241-APN-CONEAU#ME \u2666\u00a0Formalizaci\u00f3n de proyectos:\u00a0hasta el 15 de marzo de 2026 a trav\u00e9s de CONEAU Global. \u2666\u00a0Presentaci\u00f3n de\u00a0proyectos:\u00a0hasta &hellip; <a href=\"https:\/\/www.coneau.gob.ar\/coneau\/acreditacion-de-carreras\/carreras-de-grado\/convocatorias\/proyectos\/quimica\/\" class=\"more-link\">Seguir leyendo <span class=\"screen-reader-text\">Qu\u00edmica<\/span> <span class=\"meta-nav\">&rarr;<\/span><\/a><\/p>\n","protected":false},"author":2,"featured_media":3150,"parent":357,"menu_order":14,"comment_status":"closed","ping_status":"open","template":"template-carreras-grado-convocatorias.php","meta":[],"acf":[],"_links":{"self":[{"href":"https:\/\/www.coneau.gob.ar\/coneau\/wp-json\/wp\/v2\/pages\/649"}],"collection":[{"href":"https:\/\/www.coneau.gob.ar\/coneau\/wp-json\/wp\/v2\/pages"}],"about":[{"href":"https:\/\/www.coneau.gob.ar\/coneau\/wp-json\/wp\/v2\/types\/page"}],"author":[{"embeddable":true,"href":"https:\/\/www.coneau.gob.ar\/coneau\/wp-json\/wp\/v2\/users\/2"}],"replies":[{"embeddable":true,"href":"https:\/\/www.coneau.gob.ar\/coneau\/wp-json\/wp\/v2\/comments?post=649"}],"version-history":[{"count":34,"href":"https:\/\/www.coneau.gob.ar\/coneau\/wp-json\/wp\/v2\/pages\/649\/revisions"}],"predecessor-version":[{"id":14424,"href":"https:\/\/www.coneau.gob.ar\/coneau\/wp-json\/wp\/v2\/pages\/649\/revisions\/14424"}],"up":[{"embeddable":true,"href":"https:\/\/www.coneau.gob.ar\/coneau\/wp-json\/wp\/v2\/pages\/357"}],"wp:featuredmedia":[{"embeddable":true,"href":"https:\/\/www.coneau.gob.ar\/coneau\/wp-json\/wp\/v2\/media\/3150"}],"wp:attachment":[{"href":"https:\/\/www.coneau.gob.ar\/coneau\/wp-json\/wp\/v2\/media?parent=649"}],"curies":[{"name":"wp","href":"https:\/\/api.w.org\/{rel}","templated":true}]}}