{"id":6401,"date":"2020-12-18T16:22:34","date_gmt":"2020-12-18T19:22:34","guid":{"rendered":"https:\/\/www.coneau.gob.ar\/coneau\/?page_id=6401"},"modified":"2021-08-09T10:23:29","modified_gmt":"2021-08-09T13:23:29","slug":"ciencias-basicas-2","status":"publish","type":"page","link":"https:\/\/www.coneau.gob.ar\/coneau\/ciencias-basicas-2\/","title":{"rendered":"Ciencias B\u00e1sicas"},"content":{"rendered":"<p><strong><span style=\"color: #000000;\">\u2666<\/span>&nbsp;<a href=\"https:\/\/www.coneau.gob.ar\/archivos\/form09posg\/RS-2020-88507670-APN-CONEAU-ME.pdf\" target=\"_blank\" rel=\"noopener noreferrer\">RESFC-2020-416-APN-CONEAU#MECCYT<\/a>&nbsp;|&nbsp;<a href=\"https:\/\/www.coneau.gob.ar\/archivos\/form09posg\/IF-2020-88253952-APN-DAC-CONEAU.pdf\" target=\"_blank\" rel=\"noopener noreferrer\">ANEXO<\/a><\/strong><\/p>\n<p><span style=\"color: #000000;\"><strong>La primera etapa de la sexta convocatoria corresponde a las carreras de posgrado de especializaci\u00f3n, maestr\u00eda y doctorado pertenecientes al \u00e1rea de Ciencias B\u00e1sicas.<\/strong><\/span><\/p>\n<p><span style=\"color: #000000;\">\u2666&nbsp;<strong>Formalizaci\u00f3n: <\/strong>hasta el&nbsp;<strong>29 de marzo de 2021<\/strong>&nbsp;a trav\u00e9s de<\/span>&nbsp;<a href=\"https:\/\/global.coneau.gob.ar\/coneauglobal\/\" target=\"_blank\" rel=\"noopener noreferrer\">CONEAU Global<\/a><\/p>\n<p><span style=\"color: #000000;\"><strong>\u2666 Taller preparatorio: 9 de abril&nbsp; | Taller de Sistemas: 14 de abril<\/strong><\/span><\/p>\n<h5><span style=\"color: #12164d;\"><strong>Modalidad a distancia<\/strong>.&nbsp; Inscripci\u00f3n cerrada. <\/span><strong><em><span style=\"color: #12164d;\">Actividades no aranceladas<\/span><\/em><\/strong><\/h5>\n<p><span style=\"color: #993366;\"><span style=\"color: #000000;\"><strong>\u2666 <\/strong><\/span> <span style=\"color: #3366ff;\"><strong><a style=\"color: #3366ff;\" href=\"https:\/\/www.coneau.gob.ar\/coneau\/wp-content\/uploads\/2021\/03\/Programa-Taller-Preparatorio-Posgrado-Cs-B\u00e1sicas.pdf\" target=\"_blank\" rel=\"noreferrer noopener\" aria-label=\" (opens in a new tab)\">Programa<\/a><\/strong><\/span><\/span><\/p>\n<p><span style=\"color: #000000;\"><strong>\u2666 Presentaci\u00f3n de solicitud de acreditaci\u00f3n y autoevaluaci\u00f3n: hasta el 18 de agosto de 2021<\/strong>&nbsp;a&nbsp;trav\u00e9s de&nbsp;<strong><a href=\"https:\/\/global.coneau.gob.ar\/coneauglobal\/\" target=\"_blank\" rel=\"noopener noreferrer\">CONEAU Global<\/a><\/strong><\/span><\/p>\n<p><span style=\"color: #000000;\">\u2666&nbsp;<\/span><a href=\"https:\/\/www.coneau.gob.ar\/archivos\/form09posg\/CsBasicas_NOTATECNICA.pdf\" target=\"_blank\" rel=\"noopener noreferrer\"><strong>Nota T\u00e9cnica&nbsp;(Presentaci\u00f3n de la solicitud de acreditaci\u00f3n)<\/strong><\/a><\/p>\n<p><span style=\"color: #000000;\">\u2666<\/span>&nbsp;<a href=\"https:\/\/www.coneau.gob.ar\/coneau\/acreditacion-de-carreras-2\/\" target=\"_blank\" rel=\"noopener noreferrer\"><strong>Implementaci\u00f3n de Tr\u00e1mites a Distancia&nbsp;(TAD)<\/strong><\/a><\/p>\n\n\n<p><\/p>\n","protected":false},"excerpt":{"rendered":"<p>\u2666&nbsp;RESFC-2020-416-APN-CONEAU#MECCYT&nbsp;|&nbsp;ANEXO La primera etapa de la sexta convocatoria corresponde a las carreras de posgrado de especializaci\u00f3n, maestr\u00eda y doctorado pertenecientes al \u00e1rea de Ciencias B\u00e1sicas. \u2666&nbsp;Formalizaci\u00f3n: hasta el&nbsp;29 de marzo de 2021&nbsp;a trav\u00e9s de&nbsp;CONEAU Global \u2666 Taller preparatorio: 9 de abril&nbsp; | Taller de Sistemas: 14 de abril Modalidad a distancia.&nbsp; Inscripci\u00f3n cerrada. Actividades no &hellip; <a href=\"https:\/\/www.coneau.gob.ar\/coneau\/ciencias-basicas-2\/\" class=\"more-link\">Seguir leyendo <span class=\"screen-reader-text\">Ciencias B\u00e1sicas<\/span> <span class=\"meta-nav\">&rarr;<\/span><\/a><\/p>\n","protected":false},"author":2,"featured_media":3150,"parent":0,"menu_order":0,"comment_status":"closed","ping_status":"closed","template":"template-carreras-posgrado-carreras-en-funcionamiento-convocatorias.php","meta":[],"acf":[],"_links":{"self":[{"href":"https:\/\/www.coneau.gob.ar\/coneau\/wp-json\/wp\/v2\/pages\/6401"}],"collection":[{"href":"https:\/\/www.coneau.gob.ar\/coneau\/wp-json\/wp\/v2\/pages"}],"about":[{"href":"https:\/\/www.coneau.gob.ar\/coneau\/wp-json\/wp\/v2\/types\/page"}],"author":[{"embeddable":true,"href":"https:\/\/www.coneau.gob.ar\/coneau\/wp-json\/wp\/v2\/users\/2"}],"replies":[{"embeddable":true,"href":"https:\/\/www.coneau.gob.ar\/coneau\/wp-json\/wp\/v2\/comments?post=6401"}],"version-history":[{"count":13,"href":"https:\/\/www.coneau.gob.ar\/coneau\/wp-json\/wp\/v2\/pages\/6401\/revisions"}],"predecessor-version":[{"id":6801,"href":"https:\/\/www.coneau.gob.ar\/coneau\/wp-json\/wp\/v2\/pages\/6401\/revisions\/6801"}],"wp:featuredmedia":[{"embeddable":true,"href":"https:\/\/www.coneau.gob.ar\/coneau\/wp-json\/wp\/v2\/media\/3150"}],"wp:attachment":[{"href":"https:\/\/www.coneau.gob.ar\/coneau\/wp-json\/wp\/v2\/media?parent=6401"}],"curies":[{"name":"wp","href":"https:\/\/api.w.org\/{rel}","templated":true}]}}