{"id":638,"date":"2015-07-10T19:13:19","date_gmt":"2015-07-10T19:13:19","guid":{"rendered":"http:\/\/hakuna.com.ar\/projects\/coneau\/wordpress\/?page_id=638"},"modified":"2026-03-10T12:17:15","modified_gmt":"2026-03-10T15:17:15","slug":"ingenieria-forestal","status":"publish","type":"page","link":"https:\/\/www.coneau.gob.ar\/coneau\/acreditacion-de-carreras\/carreras-de-grado\/convocatorias\/proyectos\/ingenieria-forestal\/","title":{"rendered":"Ingenier\u00eda Forestal"},"content":{"rendered":"<p>Est\u00e1ndares de acreditaci\u00f3n para t\u00edtulos de Ingenier\u00eda Forestal | \u00a0<a href=\"https:\/\/www.coneau.gob.ar\/coneau\/wp-content\/uploads\/2022\/07\/R.M-956-2022-Ingenieria-Forestal.pdf\" target=\"_blank\" rel=\"noopener\">RESOL-2022-956-APN-ME \u2013 <\/a><a href=\"https:\/\/www.coneau.gob.ar\/coneau\/wp-content\/uploads\/2023\/04\/anexo_6570710_-Forestal-1.pdf\">Anexo 1<\/a><a href=\"https:\/\/www.coneau.gob.ar\/coneau\/wp-content\/uploads\/2022\/07\/R.M-956-2022-Ingenieria-Forestal.pdf\" target=\"_blank\" rel=\"noopener\">\u00a0\u2013\u00a0<\/a><a href=\"https:\/\/www.coneau.gob.ar\/coneau\/wp-content\/uploads\/2023\/04\/anexo_6570710_-Forestal-2.pdf\">Anexo 2<\/a><a href=\"https:\/\/www.coneau.gob.ar\/coneau\/wp-content\/uploads\/2022\/07\/R.M-956-2022-Ingenieria-Forestal.pdf\" target=\"_blank\" rel=\"noopener\">\u00a0\u2013\u00a0<\/a><a href=\"https:\/\/www.coneau.gob.ar\/coneau\/wp-content\/uploads\/2023\/04\/anexo_6570710_-Forestal-3.pdf\">Anexo 3<\/a><a href=\"https:\/\/www.coneau.gob.ar\/coneau\/wp-content\/uploads\/2022\/07\/R.M-956-2022-Ingenieria-Forestal.pdf\" target=\"_blank\" rel=\"noopener\">\u00a0\u2013\u00a0<\/a><a href=\"https:\/\/www.coneau.gob.ar\/coneau\/wp-content\/uploads\/2023\/04\/anexo_6570710_-Forestal-4.pdf\">Anexo 4<\/a><\/p>\n<h3><strong>Convocatoria 2026<\/strong><\/h3>\n<p>\u2666<a href=\"https:\/\/www.coneau.gob.ar\/archivos\/resoluciones\/RESME51-10.pdf\">\u00a0<strong>RM N\u00ba 51\/10<\/strong><\/a><\/p>\n<p><strong>\u2666<\/strong><a href=\"https:\/\/www.coneau.gob.ar\/archivos\/ordenanzas\/IF-2017-32940042-APN-CONEAU-ME.pdf\">\u00a0Ordenanza CONEAU N\u00ba 62<\/a><\/p>\n<p><strong>\u2666\u00a0<\/strong><a href=\"https:\/\/www.coneau.gob.ar\/coneau\/wp-content\/uploads\/2020\/08\/IF-2020-50493513-APN-CONEAUME-Ordenanza-N%C2%B0-070.pdf\">Ordenanza CONEAU N\u00b0 70<\/a><strong>\u00a0|\u00a0<\/strong><a href=\"https:\/\/www.coneau.gob.ar\/archivos\/ordenanzas\/Orde070.pdf\">RESFC-2020-241-APN-CONEAU#ME<\/a><\/p>\n<p>\u2666<strong>\u00a0<\/strong><strong>Formalizaci\u00f3n de proyectos:<\/strong> del 15 de marzo de 2026 a trav\u00e9s de <strong><a href=\"https:\/\/global.coneau.gob.ar\/coneauglobal\/\">CONEAU Global<\/a><\/strong>.<\/p>\n<p>\u2666<strong>\u00a0Presentaci\u00f3n de\u00a0proyectos:\u00a0<\/strong>hasta el 30 de abril de 2026 a trav\u00e9s de <strong>\u00a0<\/strong><strong><a href=\"https:\/\/global.coneau.gob.ar\/coneauglobal\/\">CONEAU Global<\/a><\/strong>.<\/p>\n<p>\u2666\u00a0<strong>Apertura del expediente electr\u00f3nico:\u00a0<\/strong>hasta el 30 de abril de 2026 a trav\u00e9s de<strong><a href=\"http:\/\/tramitesadistancia.gob.ar\/tramitesadistancia\/inicio-publico\">\u00a0TAD<\/a><\/strong>.\u00a0 Para obtener m\u00e1s informaci\u00f3n sobre este procedimiento<a href=\"https:\/\/www.coneau.gob.ar\/?page_id=2691\">\u00a0<strong>clic aqu\u00ed<\/strong>.<\/a><\/p>\n<p><strong>\u2666<\/strong><a href=\"https:\/\/www.coneau.gob.ar\/ayuda\/\"><strong>\u00a0Consultar Tutoriales sobre CONEAU GLOBAL<\/strong><\/a><\/p>\n\n\n<hr class=\"wp-block-separator has-text-color has-light-gray-color has-alpha-channel-opacity has-light-gray-background-color has-background is-style-wide\"\/>\n\n\n\n<p><strong>Mesa de ayuda<\/strong><\/p>\n\n\n\n<p><strong>\u00c1rea de Sistemas<\/strong><\/p>\n\n\n\n<p><a href=\"mailto:global@coneau.gob.ar\">global@coneau.gob.ar<\/a>&nbsp;(Consultas t\u00e9cnicas sobre CONEAU Global)<\/p>\n\n\n\n<p><strong>\u00c1rea de Grado<\/strong><br><a href=\"mailto:arquitectura@coneau.gob.ar\">proyectosgrado@coneau.gob.ar<\/a>&nbsp;(Consultas de contenidos)<\/p>\n\n\n\n<p><a href=\"mailto:acreditaciongrado@coneau.gob.ar\">acreditaciongrado@coneau.gob.ar<\/a>&nbsp;(Consultas administrativas)<\/p>\n","protected":false},"excerpt":{"rendered":"<p>Est\u00e1ndares de acreditaci\u00f3n para t\u00edtulos de Ingenier\u00eda Forestal | \u00a0RESOL-2022-956-APN-ME \u2013 Anexo 1\u00a0\u2013\u00a0Anexo 2\u00a0\u2013\u00a0Anexo 3\u00a0\u2013\u00a0Anexo 4 Convocatoria 2026 \u2666\u00a0RM N\u00ba 51\/10 \u2666\u00a0Ordenanza CONEAU N\u00ba 62 \u2666\u00a0Ordenanza CONEAU N\u00b0 70\u00a0|\u00a0RESFC-2020-241-APN-CONEAU#ME \u2666\u00a0Formalizaci\u00f3n de proyectos: del 15 de marzo de 2026 a trav\u00e9s de CONEAU Global. \u2666\u00a0Presentaci\u00f3n de\u00a0proyectos:\u00a0hasta el 30 de abril de 2026 a trav\u00e9s de \u00a0CONEAU &hellip; <a href=\"https:\/\/www.coneau.gob.ar\/coneau\/acreditacion-de-carreras\/carreras-de-grado\/convocatorias\/proyectos\/ingenieria-forestal\/\" class=\"more-link\">Seguir leyendo <span class=\"screen-reader-text\">Ingenier\u00eda Forestal<\/span> <span class=\"meta-nav\">&rarr;<\/span><\/a><\/p>\n","protected":false},"author":2,"featured_media":3150,"parent":357,"menu_order":9,"comment_status":"closed","ping_status":"open","template":"template-carreras-grado-convocatorias.php","meta":[],"acf":[],"_links":{"self":[{"href":"https:\/\/www.coneau.gob.ar\/coneau\/wp-json\/wp\/v2\/pages\/638"}],"collection":[{"href":"https:\/\/www.coneau.gob.ar\/coneau\/wp-json\/wp\/v2\/pages"}],"about":[{"href":"https:\/\/www.coneau.gob.ar\/coneau\/wp-json\/wp\/v2\/types\/page"}],"author":[{"embeddable":true,"href":"https:\/\/www.coneau.gob.ar\/coneau\/wp-json\/wp\/v2\/users\/2"}],"replies":[{"embeddable":true,"href":"https:\/\/www.coneau.gob.ar\/coneau\/wp-json\/wp\/v2\/comments?post=638"}],"version-history":[{"count":33,"href":"https:\/\/www.coneau.gob.ar\/coneau\/wp-json\/wp\/v2\/pages\/638\/revisions"}],"predecessor-version":[{"id":14346,"href":"https:\/\/www.coneau.gob.ar\/coneau\/wp-json\/wp\/v2\/pages\/638\/revisions\/14346"}],"up":[{"embeddable":true,"href":"https:\/\/www.coneau.gob.ar\/coneau\/wp-json\/wp\/v2\/pages\/357"}],"wp:featuredmedia":[{"embeddable":true,"href":"https:\/\/www.coneau.gob.ar\/coneau\/wp-json\/wp\/v2\/media\/3150"}],"wp:attachment":[{"href":"https:\/\/www.coneau.gob.ar\/coneau\/wp-json\/wp\/v2\/media?parent=638"}],"curies":[{"name":"wp","href":"https:\/\/api.w.org\/{rel}","templated":true}]}}