{"id":628,"date":"2015-07-10T19:09:41","date_gmt":"2015-07-10T19:09:41","guid":{"rendered":"http:\/\/hakuna.com.ar\/projects\/coneau\/wordpress\/?page_id=628"},"modified":"2026-03-10T12:04:16","modified_gmt":"2026-03-10T15:04:16","slug":"ingenieria","status":"publish","type":"page","link":"https:\/\/www.coneau.gob.ar\/coneau\/acreditacion-de-carreras\/carreras-de-grado\/convocatorias\/proyectos\/ingenieria\/","title":{"rendered":"Ingenier\u00eda"},"content":{"rendered":"<p>-Est\u00e1ndares de acreditaci\u00f3n para t\u00edtulos de Ingenier\u00eda Aeron\u00e1utica \u2013 Aeroespacial | <strong><a href=\"https:\/\/www.coneau.gob.ar\/coneau\/wp-content\/uploads\/2021\/06\/RS-2021-42731456-APN-ME.pdf\">RS-2021-42731456-APN-ME<\/a>\u00a0\u2013\u00a0<\/strong><strong><a href=\"https:\/\/www.coneau.gob.ar\/coneau\/wp-content\/uploads\/2021\/06\/IF-2021-31816199-APN-SECPUME-Anexo-1.pdf\">Anexo 1<\/a>\u00a0\u2013<a href=\"https:\/\/www.coneau.gob.ar\/coneau\/wp-content\/uploads\/2021\/06\/IF-2021-31822660-APN-SECPUME-Anexo-2.pdf\">\u00a0Anexo 2<\/a>\u00a0\u2013\u00a0<a href=\"https:\/\/www.coneau.gob.ar\/coneau\/wp-content\/uploads\/2021\/06\/IF-2021-31827151-APN-SECPUME-Anexo-3.pdf\">Anexo 3<\/a>\u00a0\u2013<a href=\"https:\/\/www.coneau.gob.ar\/coneau\/wp-content\/uploads\/2021\/06\/IF-2021-31830396-APN-SECPUME-Anexo-4.pdf\">\u00a0Anexo 4<\/a>\u00a0<\/strong><\/p>\n<p>-Est\u00e1ndares de acreditaci\u00f3n para t\u00edtulos de Ingenier\u00eda Ambiental | <strong><a href=\"https:\/\/www.coneau.gob.ar\/coneau\/wp-content\/uploads\/2021\/06\/RS-2021-42730987-APN-ME.pdf\">RS-2021-42730987-APN-ME<\/a>\u00a0\u2013\u00a0<a href=\"https:\/\/www.coneau.gob.ar\/coneau\/wp-content\/uploads\/2021\/06\/IF-2021-31879307-APN-SECPUME-Anexo-1.pdf\">Anexo 1<\/a>\u00a0\u2013\u00a0<a href=\"https:\/\/www.coneau.gob.ar\/coneau\/wp-content\/uploads\/2021\/06\/IF-2021-31879865-APN-SECPUME-Anexo-2.pdf\">Anexo 2<\/a>\u00a0\u2013<a href=\"https:\/\/www.coneau.gob.ar\/coneau\/wp-content\/uploads\/2021\/06\/IF-2021-31880580-APN-SECPUME-Anexo-3.pdf\">\u00a0Anexo 3<\/a>\u00a0\u2013\u00a0<a href=\"https:\/\/www.coneau.gob.ar\/coneau\/wp-content\/uploads\/2021\/06\/IF-2021-31881216-APN-SECPUME-Anexo-4.pdf\">Anexo 4<\/a>\u00a0<\/strong><\/p>\n<p>-Est\u00e1ndares de acreditaci\u00f3n para t\u00edtulos de Ingenier\u00eda Biom\u00e9dica \u2013 Bioingenier\u00eda | <strong><a href=\"https:\/\/www.coneau.gob.ar\/coneau\/wp-content\/uploads\/2021\/06\/RS-2021-42728855-APN-ME.pdf\">RS-2021-42728855-APN-ME<\/a>\u00a0\u2013\u00a0<\/strong><strong><a href=\"https:\/\/www.coneau.gob.ar\/coneau\/wp-content\/uploads\/2021\/06\/IF-2021-32362941-APN-SECPUME-Anexo-1.pdf\">Anexo 1<\/a>\u00a0\u2013<a href=\"https:\/\/www.coneau.gob.ar\/coneau\/wp-content\/uploads\/2021\/06\/IF-2021-32363653-APN-SECPUME-Anexo-2.pdf\">\u00a0Anexo 2<\/a>\u00a0\u2013\u00a0<a href=\"https:\/\/www.coneau.gob.ar\/coneau\/wp-content\/uploads\/2021\/06\/IF-2021-32368197-APN-SECPUME-Anexo-3.pdf\">Anexo 3<\/a>\u00a0\u2013\u00a0<a href=\"https:\/\/www.coneau.gob.ar\/coneau\/wp-content\/uploads\/2021\/06\/IF-2021-32372093-APN-SECPUME-Anexo-4.pdf\">Anexo 4<\/a>\u00a0<\/strong><\/p>\n<p>-Est\u00e1ndares de acreditaci\u00f3n para t\u00edtulos de Ingenier\u00eda Civil | <strong><a href=\"https:\/\/www.coneau.gob.ar\/coneau\/wp-content\/uploads\/2021\/06\/RS-2021-42728407-APN-ME.pdf\">RS-2021-42728407-APN-ME<\/a>\u00a0\u2013\u00a0<a href=\"https:\/\/www.coneau.gob.ar\/coneau\/wp-content\/uploads\/2021\/06\/IF-2021-31939852-APN-SECPUME-Anexo-1.pdf\">Anexo 1<\/a>\u00a0\u2013\u00a0<a href=\"https:\/\/www.coneau.gob.ar\/coneau\/wp-content\/uploads\/2021\/06\/IF-2021-31944440-APN-SECPUME-Anexo-2.pdf\">Anexo 2<\/a>\u00a0\u2013\u00a0<a href=\"https:\/\/www.coneau.gob.ar\/coneau\/wp-content\/uploads\/2021\/06\/IF-2021-31945942-APN-SECPUME-Anexo-3.pdf\">Anexo 3<\/a>\u00a0\u2013\u00a0<a href=\"https:\/\/www.coneau.gob.ar\/coneau\/wp-content\/uploads\/2021\/06\/IF-2021-31946700-APN-SECPUME-Anexo-4.pdf\">Anexo 4<\/a>\u00a0<\/strong><\/p>\n<p>-Est\u00e1ndares de acreditaci\u00f3n para t\u00edtulos de Ingenier\u00eda Electricista \u2013 El\u00e9ctrico \u2013 Energ\u00eda El\u00e9ctrica | <strong><a href=\"https:\/\/www.coneau.gob.ar\/coneau\/wp-content\/uploads\/2021\/06\/RS-2021-42731803-APN-ME.pdf\">RS-2021-42731803-APN-ME<\/a>\u00a0\u2013\u00a0<a href=\"https:\/\/www.coneau.gob.ar\/coneau\/wp-content\/uploads\/2021\/06\/IF-2021-31953714-APN-SECPUME-Anexo-1.pdf\">Anexo 1<\/a>\u00a0\u2013\u00a0<a href=\"https:\/\/www.coneau.gob.ar\/coneau\/wp-content\/uploads\/2021\/06\/IF-2021-31959708-APN-SECPUME-Anexo-2.pdf\">Anexo 2<\/a>\u00a0\u2013\u00a0<a href=\"https:\/\/www.coneau.gob.ar\/coneau\/wp-content\/uploads\/2021\/06\/IF-2021-31960497-APN-SECPUME-Anexo-3.pdf\">Anexo 3<\/a>\u00a0\u2013\u00a0<a href=\"https:\/\/www.coneau.gob.ar\/coneau\/wp-content\/uploads\/2021\/06\/IF-2021-31961236-APN-SECPUME-Anexo-4.pdf\">Anexo 4<\/a>\u00a0<\/strong><\/p>\n<p>-Est\u00e1ndares de acreditaci\u00f3n para t\u00edtulos de Ingenier\u00eda Electromec\u00e1nica | <strong><a href=\"https:\/\/www.coneau.gob.ar\/coneau\/wp-content\/uploads\/2021\/06\/RS-2021-42731537-APN-ME.pdf\">RS-2021-42731537-APN-ME<\/a>\u00a0\u2013\u00a0<a href=\"https:\/\/www.coneau.gob.ar\/coneau\/wp-content\/uploads\/2021\/06\/IF-2021-31966575-APN-SECPUME-Anexo-1.pdf\">Anexo 1<\/a>\u00a0\u2013\u00a0<a href=\"https:\/\/www.coneau.gob.ar\/coneau\/wp-content\/uploads\/2021\/06\/IF-2021-31967223-APN-SECPUME-Anexo-2.pdf\">Anexo 2<\/a>\u00a0\u2013\u00a0<a href=\"https:\/\/www.coneau.gob.ar\/coneau\/wp-content\/uploads\/2021\/06\/IF-2021-31967885-APN-SECPUME-Anexo-3.pdf\">Anexo 3<\/a>\u00a0\u2013\u00a0<a href=\"https:\/\/www.coneau.gob.ar\/coneau\/wp-content\/uploads\/2021\/06\/IF-2021-31968525-APN-SECPUME-Anexo-4.pdf\">Anexo 4<\/a>\u00a0<\/strong><\/p>\n<p>-Est\u00e1ndares de acreditaci\u00f3n para t\u00edtulos de\u00a0 Ingenier\u00eda Electr\u00f3nica | <strong><a href=\"https:\/\/www.coneau.gob.ar\/coneau\/wp-content\/uploads\/2021\/06\/RS-2021-42728453-APN-ME.pdf\">RS-2021-42728453-APN-ME<\/a>\u00a0\u2013\u00a0<a href=\"https:\/\/www.coneau.gob.ar\/coneau\/wp-content\/uploads\/2021\/06\/IF-2021-31969712-APN-SECPUME-Anexo-1.pdf\">Anexo 1<\/a>\u00a0\u2013\u00a0<a href=\"https:\/\/www.coneau.gob.ar\/coneau\/wp-content\/uploads\/2021\/06\/IF-2021-31976716-APN-SECPUME-Anexo-2.pdf\">Anexo 2<\/a>\u00a0\u2013\u00a0<a href=\"https:\/\/www.coneau.gob.ar\/coneau\/wp-content\/uploads\/2021\/06\/IF-2021-31980047-APN-SECPUME-Anexo-3.pdf\">Anexo 3<\/a>\u00a0\u2013\u00a0<a href=\"https:\/\/www.coneau.gob.ar\/coneau\/wp-content\/uploads\/2021\/06\/IF-2021-31984144-APN-SECPUME-Anexo-4.pdf\">Anexo 4<\/a>\u00a0<\/strong><\/p>\n<p>-Est\u00e1ndares de acreditaci\u00f3n para t\u00edtulos de Ingenier\u00eda en Agrimensura | <strong><a href=\"https:\/\/www.coneau.gob.ar\/coneau\/wp-content\/uploads\/2021\/06\/RS-2021-42728789-APN-ME.pdf\">RS-2021-42728789-APN-ME<\/a>\u00a0\u2013\u00a0<a href=\"https:\/\/www.coneau.gob.ar\/coneau\/wp-content\/uploads\/2021\/06\/IF-2021-32297750-APN-SECPUME-Anexo-1.pdf\">Anexo 1<\/a>\u00a0\u2013\u00a0<a href=\"https:\/\/www.coneau.gob.ar\/coneau\/wp-content\/uploads\/2021\/06\/IF-2021-32298359-APN-SECPUME-Anexo-2.pdf\">Anexo 2<\/a>\u00a0\u2013\u00a0<a href=\"https:\/\/www.coneau.gob.ar\/coneau\/wp-content\/uploads\/2021\/06\/IF-2021-32299004-APN-SECPUME-Anexo-3.pdf\">Anexo 3<\/a>\u00a0\u2013\u00a0<a href=\"https:\/\/www.coneau.gob.ar\/coneau\/wp-content\/uploads\/2021\/06\/IF-2021-32299547-APN-SECPUME-Anexo-4.pdf\">Anexo 4<\/a>\u00a0<\/strong><\/p>\n<p>-Est\u00e1ndares de acreditaci\u00f3n para t\u00edtulos de\u00a0 Ingenier\u00eda en Alimentos | <strong><a href=\"https:\/\/www.coneau.gob.ar\/coneau\/wp-content\/uploads\/2021\/06\/RS-2021-42730623-APN-ME.pdf\">RS-2021-42730623-APN-ME<\/a>\u00a0\u2013\u00a0<a href=\"https:\/\/www.coneau.gob.ar\/coneau\/wp-content\/uploads\/2021\/06\/IF-2021-31846980-APN-SECPUME-Anexo-1.pdf\">Anexo 1<\/a>\u00a0\u2013<a href=\"https:\/\/www.coneau.gob.ar\/coneau\/wp-content\/uploads\/2021\/06\/IF-2021-31848046-APN-SECPUME-Anexo-2.pdf\">\u00a0Anexo 2<\/a>\u00a0\u2013\u00a0<a href=\"https:\/\/www.coneau.gob.ar\/coneau\/wp-content\/uploads\/2021\/06\/IF-2021-31849432-APN-SECPUME-Anexo-3.pdf\">Anexo 3<\/a>\u00a0\u2013\u00a0<a href=\"https:\/\/www.coneau.gob.ar\/coneau\/wp-content\/uploads\/2021\/06\/IF-2021-31850684-APN-SECPUME-Anexo-4.pdf\">Anexo 4<\/a>\u00a0<\/strong><\/p>\n<p>-Est\u00e1ndares de acreditaci\u00f3n para t\u00edtulos de\u00a0 Ingenier\u00eda en Industria Automotriz | <strong><a href=\"https:\/\/www.coneau.gob.ar\/archivos\/resoluciones\/RME1367-12.pdf\">RM N\u00ba 1367\/12<\/a><\/strong><\/p>\n<p>-Est\u00e1ndares de acreditaci\u00f3n para t\u00edtulos de\u00a0 Ingenier\u00eda en Materiales | <strong><a href=\"https:\/\/www.coneau.gob.ar\/coneau\/wp-content\/uploads\/2021\/06\/RS-2021-42731121-APN-ME.pdf\">RS-2021-42731121-APN-ME<\/a>\u00a0\u2013<a href=\"https:\/\/www.coneau.gob.ar\/coneau\/wp-content\/uploads\/2021\/06\/IF-2021-31989623-APN-SECPUME-Anexo-1.pdf\">\u00a0Anexo 1<\/a>\u00a0\u2013\u00a0<a href=\"https:\/\/www.coneau.gob.ar\/coneau\/wp-content\/uploads\/2021\/06\/IF-2021-31992428-APN-SECPUME-Anexo-2.pdf\">Anexo 2<\/a>\u00a0\u2013\u00a0<a href=\"https:\/\/www.coneau.gob.ar\/coneau\/wp-content\/uploads\/2021\/06\/IF-2021-32000383-APN-SECPUME-Anexo-3.pdf\">Anexo 3<\/a>\u00a0\u2013\u00a0<a href=\"https:\/\/www.coneau.gob.ar\/coneau\/wp-content\/uploads\/2021\/06\/IF-2021-32000909-APN-SECPUME-Anexo-4.pdf\">Anexo 4<\/a>\u00a0<\/strong><\/p>\n<p>-Est\u00e1ndares de acreditaci\u00f3n para t\u00edtulos de Ingenier\u00eda en Minas | <strong><a href=\"https:\/\/www.coneau.gob.ar\/coneau\/wp-content\/uploads\/2021\/06\/RS-2021-42728124-APN-ME.pdf\">RS-2021-42728124-APN-ME<\/a>\u00a0\u2013\u00a0<a href=\"https:\/\/www.coneau.gob.ar\/coneau\/wp-content\/uploads\/2021\/06\/IF-2021-32020856-APN-SECPUME-Anexo-1.pdf\">Anexo 1 \u2013<\/a>\u00a0<a href=\"https:\/\/www.coneau.gob.ar\/coneau\/wp-content\/uploads\/2021\/06\/IF-2021-32021639-APN-SECPUME-Anexo-2.pdf\">Anexo 2<\/a>\u00a0\u2013<a href=\"https:\/\/www.coneau.gob.ar\/coneau\/wp-content\/uploads\/2021\/06\/IF-2021-32022208-APN-SECPUME-Anexo-3.pdf\">\u00a0Anexo 3<\/a>\u00a0\u2013\u00a0<a href=\"https:\/\/www.coneau.gob.ar\/coneau\/wp-content\/uploads\/2021\/06\/IF-2021-32022547-APN-SECPUME-Anexo-4.pdf\">Anexo 4<\/a>\u00a0<\/strong><\/p>\n<p>-Est\u00e1ndares de acreditaci\u00f3n para t\u00edtulos de\u00a0 Ingenier\u00eda en Petr\u00f3leo -| <strong><a href=\"https:\/\/www.coneau.gob.ar\/coneau\/wp-content\/uploads\/2021\/06\/RS-2021-42726380-APN-ME.pdf\">RS-2021-42726380-APN-ME<\/a>\u00a0\u2013\u00a0<a href=\"https:\/\/www.coneau.gob.ar\/coneau\/wp-content\/uploads\/2021\/06\/IF-2021-32244424-APN-SECPUME-Anexo-1.pdf\">Anexo 1<\/a>\u00a0\u2013\u00a0<a href=\"https:\/\/www.coneau.gob.ar\/coneau\/wp-content\/uploads\/2021\/06\/IF-2021-32244986-APN-SECPUME-Anexo-2.pdf\">Anexo 2<\/a>\u00a0\u2013\u00a0<a href=\"https:\/\/www.coneau.gob.ar\/coneau\/wp-content\/uploads\/2021\/06\/IF-2021-32249954-APN-SECPUME-Anexo-3.pdf\">Anexo 3<\/a>\u00a0\u2013\u00a0<a href=\"https:\/\/www.coneau.gob.ar\/coneau\/wp-content\/uploads\/2021\/06\/IF-2021-32251837-APN-SECPUME-Anexo-4.pdf\">Anexo 4<\/a>\u00a0<\/strong><\/p>\n<p>-Est\u00e1ndares de acreditaci\u00f3n para t\u00edtulos de\u00a0 Ingenier\u00eda en Telecomunicaciones | <strong><a href=\"https:\/\/www.coneau.gob.ar\/coneau\/wp-content\/uploads\/2021\/06\/RS-2021-42731318-APN-ME.pdf\">RS-2021-42731318-APN-ME<\/a>\u00a0\u2013\u00a0<a href=\"https:\/\/www.coneau.gob.ar\/coneau\/wp-content\/uploads\/2021\/06\/IF-2021-32390326-APN-SECPUME-Anexo-1.pdf\">Anexo 1<\/a>\u00a0\u2013\u00a0<a href=\"https:\/\/www.coneau.gob.ar\/coneau\/wp-content\/uploads\/2021\/06\/IF-2021-32390771-APN-SECPUME-Anexo-2.pdf\">Anexo 2<\/a>\u00a0\u2013\u00a0<a href=\"https:\/\/www.coneau.gob.ar\/coneau\/wp-content\/uploads\/2021\/06\/IF-2021-32392003-APN-SECPUME-Anexo-3.pdf\">Anexo 3<\/a>\u00a0\u2013\u00a0<a href=\"https:\/\/www.coneau.gob.ar\/coneau\/wp-content\/uploads\/2021\/06\/IF-2021-32392515-APN-SECPUME-Anexo-4.pdf\">Anexo 4<\/a>\u00a0<\/strong><\/p>\n<p>-Est\u00e1ndares de acreditaci\u00f3n para t\u00edtulos de\u00a0 Ingenier\u00eda Ferroviaria | <strong><a href=\"https:\/\/www.coneau.gob.ar\/coneau\/wp-content\/uploads\/2021\/06\/RS-2021-46034384-APN-ME.pdf\">RS-2021-46034384-APN-ME<\/a>\u2013<a href=\"https:\/\/www.coneau.gob.ar\/coneau\/wp-content\/uploads\/2021\/06\/Anexo-1-1.pdf\">\u00a0Anexo 1<\/a>\u00a0\u2013\u00a0<a href=\"https:\/\/www.coneau.gob.ar\/coneau\/wp-content\/uploads\/2021\/06\/Anexo-2-1.pdf\">Anexo 2<\/a>\u2013\u00a0<a href=\"https:\/\/www.coneau.gob.ar\/coneau\/wp-content\/uploads\/2021\/06\/Anexo-3-1.pdf\">Anexo 3<\/a>\u00a0\u2013<a href=\"https:\/\/www.coneau.gob.ar\/coneau\/wp-content\/uploads\/2021\/06\/Anexo-4-1.pdf\">\u00a0Anexo 4<\/a>\u00a0\u2013\u00a0<a href=\"https:\/\/www.coneau.gob.ar\/coneau\/wp-content\/uploads\/2021\/06\/Anexo-5-1.pdf\">Anexo 5<\/a>\u00a0<\/strong><\/p>\n<p>-Est\u00e1ndares de acreditaci\u00f3n para t\u00edtulos de\u00a0 Ingenier\u00eda Hidr\u00e1ulica e Ingenier\u00eda en Recursos H\u00eddricos | <strong><a href=\"https:\/\/www.coneau.gob.ar\/coneau\/wp-content\/uploads\/2021\/06\/RS-2021-42727340-APN-ME.pdf\">RS-2021-42727340-APN-ME<\/a>\u00a0\u2013\u00a0<a href=\"https:\/\/www.coneau.gob.ar\/coneau\/wp-content\/uploads\/2021\/06\/IF-2021-32310427-APN-SECPUME-Anexo-1.pdf\">Anexo 1<\/a>\u00a0\u2013\u00a0<a href=\"https:\/\/www.coneau.gob.ar\/coneau\/wp-content\/uploads\/2021\/06\/IF-2021-32312516-APN-SECPUME-Anexo-2.pdf\">Anexo 2<\/a>\u00a0\u2013<a href=\"https:\/\/www.coneau.gob.ar\/coneau\/wp-content\/uploads\/2021\/06\/IF-2021-32313148-APN-SECPUME-Anexo-3.pdf\">\u00a0Anexo 3<\/a>\u00a0\u2013<a href=\"https:\/\/www.coneau.gob.ar\/coneau\/wp-content\/uploads\/2021\/06\/IF-2021-32313977-APN-SECPUME-Anexo-4.pdf\"> Anexo 4\u00a0<\/a><\/strong><\/p>\n<p>-Est\u00e1ndares de acreditaci\u00f3n para t\u00edtulos de\u00a0 Ingenier\u00eda Industrial | <strong><a href=\"https:\/\/www.coneau.gob.ar\/coneau\/wp-content\/uploads\/2021\/06\/RS-2021-42727566-APN-ME.pdf\">RS-2021-42727566-APN-ME<\/a>\u00a0\u2013\u00a0<a href=\"https:\/\/www.coneau.gob.ar\/coneau\/wp-content\/uploads\/2021\/06\/IF-2021-32302979-APN-SECPUME-Anexo-1.pdf\">Anexo 1 \u2013<\/a>\u00a0<a href=\"https:\/\/www.coneau.gob.ar\/coneau\/wp-content\/uploads\/2021\/06\/IF-2021-32305940-APN-SECPUME-Anexo-2.pdf\">Anexo 2<\/a>\u00a0\u2013\u00a0<a href=\"https:\/\/www.coneau.gob.ar\/coneau\/wp-content\/uploads\/2021\/06\/IF-2021-32306478-APN-SECPUME-Anexo-3.pdf\">Anexo 3<\/a>\u00a0\u2013\u00a0<a href=\"https:\/\/www.coneau.gob.ar\/coneau\/wp-content\/uploads\/2021\/06\/IF-2021-32307292-APN-SECPUME-Anexo-4.pdf\">Anexo 4<\/a>\u00a0<\/strong><\/p>\n<p>-Est\u00e1ndares de acreditaci\u00f3n para t\u00edtulos de Ingenier\u00eda Mec\u00e1nica |\u00a0 <strong><a href=\"https:\/\/www.coneau.gob.ar\/coneau\/wp-content\/uploads\/2021\/06\/RS-2021-42726991-APN-ME.pdf\">RS-2021-42726991-APN-ME<\/a>\u00a0\u2013\u00a0<a href=\"https:\/\/www.coneau.gob.ar\/coneau\/wp-content\/uploads\/2021\/06\/IF-2021-32004009-APN-SECPUME-Anexo-1.pdf\">Anexo 1<\/a>\u00a0\u2013\u00a0<a href=\"https:\/\/www.coneau.gob.ar\/coneau\/wp-content\/uploads\/2021\/06\/IF-2021-32004966-APN-SECPUME-Anexo-2.pdf\">Anexo 2<\/a>\u00a0\u2013\u00a0<a href=\"https:\/\/www.coneau.gob.ar\/coneau\/wp-content\/uploads\/2021\/06\/IF-2021-32012264-APN-SECPUME-Anexo-3.pdf\">Anexo 3<\/a>\u00a0\u2013\u00a0<a href=\"https:\/\/www.coneau.gob.ar\/coneau\/wp-content\/uploads\/2021\/06\/IF-2021-32012879-APN-SECPUME-Anexo-4.pdf\">Anexo 4<\/a>\u00a0<\/strong><\/p>\n<p>-Est\u00e1ndares de acreditaci\u00f3n para t\u00edtulos de Ingenier\u00eda Mecatr\u00f3nica | <strong><a href=\"https:\/\/www.coneau.gob.ar\/coneau\/wp-content\/uploads\/2021\/06\/RS-2021-46035025-APN-ME.pdf\">RS-2021-46035025-APN-ME<\/a>\u00a0\u2013\u00a0<a href=\"https:\/\/www.coneau.gob.ar\/coneau\/wp-content\/uploads\/2021\/06\/Anexo-1.pdf\">Anexo 1 \u2013<\/a>\u00a0<a href=\"https:\/\/www.coneau.gob.ar\/coneau\/wp-content\/uploads\/2021\/06\/Anexo-2.pdf\">Anexo 2<\/a>\u2013\u00a0<a href=\"https:\/\/www.coneau.gob.ar\/coneau\/wp-content\/uploads\/2021\/06\/Anexo-3.pdf\">Anexo 3<\/a>\u00a0\u2013\u00a0<a href=\"https:\/\/www.coneau.gob.ar\/coneau\/wp-content\/uploads\/2021\/06\/Anexo-4.pdf\">Anexo 4<\/a>\u00a0\u2013<a href=\"https:\/\/www.coneau.gob.ar\/coneau\/wp-content\/uploads\/2021\/06\/Anexo-5.pdf\">\u00a0Anexo 5<\/a>\u00a0<\/strong><\/p>\n<p>-Est\u00e1ndares de acreditaci\u00f3n para t\u00edtulos de\u00a0 Ingenier\u00eda Metal\u00fargica | <strong><a href=\"https:\/\/www.coneau.gob.ar\/coneau\/wp-content\/uploads\/2021\/06\/RS-2021-42728276-APN-ME.pdf\">RS-2021-42728276-APN-ME<\/a>\u00a0\u2013\u00a0<a href=\"https:\/\/www.coneau.gob.ar\/coneau\/wp-content\/uploads\/2021\/06\/IF-2021-32348107-APN-SECPUME-Anexo-1.pdf\">Anexo 1<\/a>\u00a0\u2013\u00a0<a href=\"https:\/\/www.coneau.gob.ar\/coneau\/wp-content\/uploads\/2021\/06\/IF-2021-32349004-APN-SECPUME-Anexo-2.pdf\">Anexo 2<\/a>\u00a0\u2013\u00a0<a href=\"https:\/\/www.coneau.gob.ar\/coneau\/wp-content\/uploads\/2021\/06\/IF-2021-32349886-APN-SECPUME-Anexo-3.pdf\">Anexo 3<\/a>\u00a0\u2013\u00a0<a href=\"https:\/\/www.coneau.gob.ar\/coneau\/wp-content\/uploads\/2021\/06\/IF-2021-32350632-APN-SECPUME-Anexo-4.pdf\">Anexo 4<\/a>\u00a0<\/strong><\/p>\n<p>-Est\u00e1ndares de acreditaci\u00f3n para t\u00edtulos de\u00a0\u00a0Ingenier\u00eda Nuclear | <strong><a href=\"https:\/\/www.coneau.gob.ar\/coneau\/wp-content\/uploads\/2021\/06\/RS-2021-42726816-APN-ME-1.pdf\">RS-2021-42726816-APN-ME<\/a>\u2013\u00a0<a href=\"https:\/\/www.coneau.gob.ar\/coneau\/wp-content\/uploads\/2021\/06\/IF-2021-32215081-APN-SECPUME-Anexo-1-1.pdf\">Anexo 1<\/a>\u00a0\u2013\u00a0<a href=\"https:\/\/www.coneau.gob.ar\/coneau\/wp-content\/uploads\/2021\/06\/IF-2021-32216841-APN-SECPUME-Anexo-2-1.pdf\">Anexo 2<\/a>\u00a0\u2013\u00a0<a href=\"https:\/\/www.coneau.gob.ar\/coneau\/wp-content\/uploads\/2021\/06\/IF-2021-32217759-APN-SECPUME-Anexo-3-1.pdf\">Anexo 3<\/a>\u00a0\u2013\u00a0<a href=\"https:\/\/www.coneau.gob.ar\/coneau\/wp-content\/uploads\/2021\/06\/IF-2021-32218657-APN-SECPUME-Anexo-4-1.pdf\">Anexo 4<\/a><\/strong><\/p>\n<p>-Est\u00e1ndares de acreditaci\u00f3n para t\u00edtulos de Ingenier\u00eda Qu\u00edmica | <strong><a href=\"https:\/\/www.coneau.gob.ar\/coneau\/wp-content\/uploads\/2021\/06\/RS-2021-42731877-APN-ME.pdf\">RS-2021-42731877-APN-ME<\/a>\u00a0\u2013\u00a0<a href=\"https:\/\/www.coneau.gob.ar\/coneau\/wp-content\/uploads\/2021\/06\/IF-2021-32282726-APN-SECPUME-Anexo-1.pdf\">Anexo 1 \u2013<\/a>\u00a0<a href=\"https:\/\/www.coneau.gob.ar\/coneau\/wp-content\/uploads\/2021\/06\/IF-2021-32283525-APN-SECPUME-Anexo-2.pdf\">Anexo 2<\/a>\u00a0\u2013\u00a0<a href=\"https:\/\/www.coneau.gob.ar\/coneau\/wp-content\/uploads\/2021\/06\/IF-2021-32284753-APN-SECPUME-Anexo-3.pdf\">Anexo 3<\/a>\u00a0\u2013\u00a0<a href=\"https:\/\/www.coneau.gob.ar\/coneau\/wp-content\/uploads\/2021\/06\/IF-2021-32285888-APN-SECPUME-Anexo-4.pdf\">Anexo 4<\/a>\u00a0<\/strong><\/p>\n<p>-Est\u00e1ndares de acreditaci\u00f3n para t\u00edtulos de Ingenier\u00eda en Transporte I <a href=\"https:\/\/www.coneau.gob.ar\/archivos\/resoluciones\/RS-2025-72705476-APN-SE-MCH-Ing-Transporte.pdf\"><strong>RESOL-2025-983-APN-SE#MCH<\/strong><\/a>\u00a0\u2013\u00a0<a href=\"https:\/\/www.coneau.gob.ar\/archivos\/resoluciones\/IF-2025-13333222-APN-SSPU-MCH-Anexo-Transporte.pdf\"><strong>Anexo<\/strong>\u00a01<\/a>\u00a0\u2013\u00a0<a href=\"https:\/\/www.coneau.gob.ar\/archivos\/resoluciones\/IF-2025-13333639-APN-SSPU-MCH-Anexo-Transporte.pdf\"><strong>Anexo<\/strong>\u00a02<\/a>\u00a0\u2013\u00a0<a href=\"https:\/\/www.coneau.gob.ar\/archivos\/resoluciones\/IF-2025-13334087-APN-SSPU-MCH-Anexo-Transporte.pdf\"><strong>Anexo<\/strong>\u00a03\u00a0<\/a>\u2013\u00a0<a href=\"https:\/\/www.coneau.gob.ar\/archivos\/resoluciones\/IF-2025-13334624-APN-SSPU-MCH-Anexo-Transporte.pdf\"><strong>Anexo<\/strong>\u00a04<\/a>\u00a0\u2013\u00a0<a href=\"https:\/\/www.coneau.gob.ar\/archivos\/resoluciones\/IF-2025-13335470-APN-SSPU-MCH-Anexo-Transporte.pdf\"><strong>Anexo<\/strong>\u00a05<\/a>\u00a0\u2013\u00a0<span style=\"color: #ff6600;\"><strong><em>Nueva<\/em><\/strong><\/span><\/p>\n<p>-Est\u00e1ndares de acreditaci\u00f3n para t\u00edtulos de Ingenier\u00eda Naval| <strong>RESOL-2025-985-APN-SE#MCH \u2013<a href=\"https:\/\/www.coneau.gob.ar\/archivos\/resoluciones\/IF-2025-13291068-APN-SSPU-MCH-ANEXO-NAVAL.pdf\">\u00a0Anexo\u00a01<\/a>\u2013\u00a0<a href=\"https:\/\/www.coneau.gob.ar\/archivos\/resoluciones\/IF-2025-13291604-APN-SSPU-MCH-ANEXO-NAVAL.pdf\">Anexo\u00a02<\/a>\u00a0\u2013\u00a0<a href=\"https:\/\/www.coneau.gob.ar\/archivos\/resoluciones\/IF-2025-13292140-APN-SSPU-MCH-ANEXO-NAVAL.pdf\">Anexo\u00a03<\/a>\u00a0\u2013\u00a0<a href=\"https:\/\/www.coneau.gob.ar\/archivos\/resoluciones\/IF-2025-13292734-APN-SSPU-MCH-ANEXO-NAVAL.pdf\" target=\"_blank\" rel=\"noopener\">Anexo 4<\/a> &#8211;<span style=\"color: #ff6600;\"><em>Nueva<\/em><\/span><\/strong><\/p>\n<h3><strong>Convocatoria 2026<\/strong><\/h3>\n<p>\u2666<a href=\"https:\/\/www.coneau.gob.ar\/archivos\/resoluciones\/RESME51-10.pdf\">\u00a0<strong>RM N\u00ba 51\/10<\/strong><\/a><\/p>\n<p><strong>\u2666<\/strong><a href=\"https:\/\/www.coneau.gob.ar\/archivos\/ordenanzas\/IF-2017-32940042-APN-CONEAU-ME.pdf\">\u00a0Ordenanza CONEAU N\u00ba 62<\/a><\/p>\n<p><strong>\u2666\u00a0<\/strong><a href=\"https:\/\/www.coneau.gob.ar\/coneau\/wp-content\/uploads\/2020\/08\/IF-2020-50493513-APN-CONEAUME-Ordenanza-N%C2%B0-070.pdf\">Ordenanza CONEAU N\u00b0 70<\/a><strong>\u00a0|\u00a0<\/strong><a href=\"https:\/\/www.coneau.gob.ar\/archivos\/ordenanzas\/Orde070.pdf\">RESFC-2020-241-APN-CONEAU#ME<\/a><\/p>\n<p>\u2666<strong>\u00a0<\/strong><strong>Formalizaci\u00f3n de proyectos:<\/strong> hasta el 15 de marzo de 2026 a trav\u00e9s de <strong><a href=\"https:\/\/global.coneau.gob.ar\/coneauglobal\/\">CONEAU Global<\/a><\/strong>.<\/p>\n<p>\u2666<strong>\u00a0Presentaci\u00f3n de\u00a0proyectos:\u00a0<\/strong>hasta el 30 de abril de 2026 a trav\u00e9s de <strong>\u00a0<\/strong><strong><a href=\"https:\/\/global.coneau.gob.ar\/coneauglobal\/\">CONEAU Global<\/a><\/strong>.<\/p>\n<p>\u2666\u00a0<strong>Apertura del expediente electr\u00f3nico:\u00a0<\/strong>hasta el 30 de abril de 2026 a trav\u00e9s de<strong><a href=\"http:\/\/tramitesadistancia.gob.ar\/tramitesadistancia\/inicio-publico\">\u00a0TAD<\/a><\/strong>.\u00a0 Para obtener m\u00e1s informaci\u00f3n sobre este procedimiento<a href=\"https:\/\/www.coneau.gob.ar\/?page_id=2691\">\u00a0<strong>clic aqu\u00ed<\/strong>.<\/a><\/p>\n<p><strong>\u2666<\/strong><a href=\"https:\/\/www.coneau.gob.ar\/ayuda\/\"><strong>\u00a0Consultar Tutoriales sobre CONEAU GLOBAL<\/strong><\/a><\/p>\n\n\n<hr class=\"wp-block-separator has-text-color has-light-gray-color has-alpha-channel-opacity has-light-gray-background-color has-background is-style-wide\"\/>\n\n\n\n<p><strong>Mesa de ayuda<\/strong><\/p>\n\n\n\n<p><strong>\u00c1rea de Sistemas<\/strong>&nbsp;<\/p>\n\n\n\n<p><a href=\"mailto:global@coneau.gob.ar\">global@coneau.gob.ar<\/a>&nbsp;(Consultas t\u00e9cnicas sobre CONEAU Global)<\/p>\n\n\n\n<p><strong>\u00c1rea de Grado<\/strong>&nbsp;<br><a href=\"mailto:arquitectura@coneau.gob.ar\">proyectosgrado@coneau.gob.ar<\/a>&nbsp;(Consultas de contenidos)<\/p>\n\n\n\n<p><a href=\"mailto:acreditaciongrado@coneau.gob.ar\">acreditaciongrado@coneau.gob.ar<\/a>&nbsp;(Consultas administrativas)<\/p>\n","protected":false},"excerpt":{"rendered":"<p>-Est\u00e1ndares de acreditaci\u00f3n para t\u00edtulos de Ingenier\u00eda Aeron\u00e1utica \u2013 Aeroespacial | RS-2021-42731456-APN-ME\u00a0\u2013\u00a0Anexo 1\u00a0\u2013\u00a0Anexo 2\u00a0\u2013\u00a0Anexo 3\u00a0\u2013\u00a0Anexo 4\u00a0 -Est\u00e1ndares de acreditaci\u00f3n para t\u00edtulos de Ingenier\u00eda Ambiental | RS-2021-42730987-APN-ME\u00a0\u2013\u00a0Anexo 1\u00a0\u2013\u00a0Anexo 2\u00a0\u2013\u00a0Anexo 3\u00a0\u2013\u00a0Anexo 4\u00a0 -Est\u00e1ndares de acreditaci\u00f3n para t\u00edtulos de Ingenier\u00eda Biom\u00e9dica \u2013 Bioingenier\u00eda | RS-2021-42728855-APN-ME\u00a0\u2013\u00a0Anexo 1\u00a0\u2013\u00a0Anexo 2\u00a0\u2013\u00a0Anexo 3\u00a0\u2013\u00a0Anexo 4\u00a0 -Est\u00e1ndares de acreditaci\u00f3n para t\u00edtulos de Ingenier\u00eda Civil | &hellip; <a href=\"https:\/\/www.coneau.gob.ar\/coneau\/acreditacion-de-carreras\/carreras-de-grado\/convocatorias\/proyectos\/ingenieria\/\" class=\"more-link\">Seguir leyendo <span class=\"screen-reader-text\">Ingenier\u00eda<\/span> <span class=\"meta-nav\">&rarr;<\/span><\/a><\/p>\n","protected":false},"author":2,"featured_media":3150,"parent":357,"menu_order":5,"comment_status":"closed","ping_status":"open","template":"template-carreras-grado-convocatorias.php","meta":[],"acf":[],"_links":{"self":[{"href":"https:\/\/www.coneau.gob.ar\/coneau\/wp-json\/wp\/v2\/pages\/628"}],"collection":[{"href":"https:\/\/www.coneau.gob.ar\/coneau\/wp-json\/wp\/v2\/pages"}],"about":[{"href":"https:\/\/www.coneau.gob.ar\/coneau\/wp-json\/wp\/v2\/types\/page"}],"author":[{"embeddable":true,"href":"https:\/\/www.coneau.gob.ar\/coneau\/wp-json\/wp\/v2\/users\/2"}],"replies":[{"embeddable":true,"href":"https:\/\/www.coneau.gob.ar\/coneau\/wp-json\/wp\/v2\/comments?post=628"}],"version-history":[{"count":39,"href":"https:\/\/www.coneau.gob.ar\/coneau\/wp-json\/wp\/v2\/pages\/628\/revisions"}],"predecessor-version":[{"id":14341,"href":"https:\/\/www.coneau.gob.ar\/coneau\/wp-json\/wp\/v2\/pages\/628\/revisions\/14341"}],"up":[{"embeddable":true,"href":"https:\/\/www.coneau.gob.ar\/coneau\/wp-json\/wp\/v2\/pages\/357"}],"wp:featuredmedia":[{"embeddable":true,"href":"https:\/\/www.coneau.gob.ar\/coneau\/wp-json\/wp\/v2\/media\/3150"}],"wp:attachment":[{"href":"https:\/\/www.coneau.gob.ar\/coneau\/wp-json\/wp\/v2\/media?parent=628"}],"curies":[{"name":"wp","href":"https:\/\/api.w.org\/{rel}","templated":true}]}}