{"id":626,"date":"2015-07-10T19:08:58","date_gmt":"2015-07-10T19:08:58","guid":{"rendered":"http:\/\/hakuna.com.ar\/projects\/coneau\/wordpress\/?page_id=626"},"modified":"2026-03-10T11:57:47","modified_gmt":"2026-03-10T14:57:47","slug":"informatica","status":"publish","type":"page","link":"https:\/\/www.coneau.gob.ar\/coneau\/acreditacion-de-carreras\/carreras-de-grado\/convocatorias\/proyectos\/informatica\/","title":{"rendered":"Inform\u00e1tica"},"content":{"rendered":"<p><span style=\"font-family: 'open_sanslight','serif'; color: #7f7f7f;\">-Est\u00e1ndares de acreditaci\u00f3n para los t\u00edtulos de\u00a0 Ingenier\u00eda en Computaci\u00f3n |\u00a0<strong style=\"box-sizing: border-box;\"><span style=\"font-family: 'open_sanslight','serif';\"><a style=\"box-sizing: border-box;\" href=\"https:\/\/www.coneau.gob.ar\/coneau\/wp-content\/uploads\/2021\/05\/RS-2021-42727810-APN-ME.pdf\"><span style=\"color: #428bca;\">RS-2021-42727810-APN-ME<\/span><\/a>\u00a0\u2013\u00a0<a style=\"box-sizing: border-box;\" href=\"https:\/\/www.coneau.gob.ar\/coneau\/wp-content\/uploads\/2021\/05\/IF-2021-32714249-APN-SECPUME-Anexo-1.pdf\"><span style=\"color: #428bca;\">Anexo 1<\/span><\/a>\u00a0\u2013\u00a0<a style=\"box-sizing: border-box;\" href=\"https:\/\/www.coneau.gob.ar\/coneau\/wp-content\/uploads\/2021\/05\/IF-2021-32715875-APN-SECPUME-Anexo-2.pdf\"><span style=\"color: #428bca;\">Anexo 2<\/span><\/a>\u00a0\u2013\u00a0<a style=\"box-sizing: border-box;\" href=\"https:\/\/www.coneau.gob.ar\/coneau\/wp-content\/uploads\/2021\/05\/IF-2021-32716601-APN-SECPUME-Anexo-3.pdf\"><span style=\"color: #428bca;\">Anexo 3<\/span><\/a>\u00a0\u2013\u00a0<a style=\"box-sizing: border-box;\" href=\"https:\/\/www.coneau.gob.ar\/coneau\/wp-content\/uploads\/2021\/05\/IF-2021-32718565-APN-SECPUME-Anexo-4.pdf\"><span style=\"color: #428bca;\">Anexo 4<\/span><\/a><\/span><\/strong><\/span><\/p>\n<p><span style=\"font-family: 'open_sanslight','serif'; color: #7f7f7f;\"><strong style=\"box-sizing: border-box;\"><span style=\"font-family: 'open_sanslight','serif';\">\u00a0<\/span><\/strong><\/span><span style=\"font-family: 'open_sanslight','serif'; color: #7f7f7f;\">-Est\u00e1ndares de acreditaci\u00f3n para los t\u00edtulos de Ingenier\u00eda en Sistemas de Informaci\u00f3n \u2013 Inform\u00e1tica |\u00a0<strong style=\"box-sizing: border-box;\"><span style=\"font-family: 'open_sanslight','serif';\"><a style=\"box-sizing: border-box;\" href=\"https:\/\/www.coneau.gob.ar\/archivos\/resoluciones\/RS-2025-72703791-APN-SE-MCH-IngSistemasinformacion-Informatica.pdf\" target=\"_blank\" rel=\"noopener\"><span style=\"color: #428bca;\">RESOL-2025-982-APN-SE#MCH<\/span><\/a>\u00a0\u2013\u00a0<a style=\"box-sizing: border-box;\" href=\"https:\/\/www.coneau.gob.ar\/archivos\/resoluciones\/IF-2024-133956772-APN-SSPU-MCH-Anexo-Ing-Informacion-Informatica.pdf\" target=\"_blank\" rel=\"noopener\"><span style=\"color: #428bca;\">Anexo 1<\/span><\/a>\u00a0\u2013\u00a0<a style=\"box-sizing: border-box;\" href=\"https:\/\/www.coneau.gob.ar\/archivos\/resoluciones\/IF-2024-133957967-APN-SSPU-MCH-Anexo-Ing-Informacion-Informatica.pdf\" target=\"_blank\" rel=\"noopener\"><span style=\"color: #428bca;\">Anexo 2<\/span><\/a>\u00a0\u2013\u00a0<a style=\"box-sizing: border-box;\" href=\"https:\/\/www.coneau.gob.ar\/archivos\/resoluciones\/IF-2024-133959135-APN-SSPU-MCH-Anexo-Ing-Informacion-Informatica.pdf\" target=\"_blank\" rel=\"noopener\"><span style=\"color: #428bca;\">Anexo 3<\/span><\/a>\u00a0\u2013<a style=\"box-sizing: border-box;\" href=\"https:\/\/www.coneau.gob.ar\/archivos\/resoluciones\/IF-2024-133960382-APN-SSPU-MCH-Anexo-Ing-Informacion-Informatica.pdf\" target=\"_blank\" rel=\"noopener\"><span style=\"color: #428bca;\">\u00a0Anexo 4<\/span><\/a> &#8211; <span style=\"color: #ff6600;\"><strong><em>Nueva<\/em><\/strong><\/span><\/span><\/strong><\/span><\/p>\n<p><span style=\"font-family: 'open_sanslight','serif'; color: #7f7f7f;\">-Est\u00e1ndares de acreditaci\u00f3n para los t\u00edtulos de\u00a0 Licenciatura en Ciencias de la Computaci\u00f3n | <strong style=\"box-sizing: border-box;\"><span style=\"font-family: 'open_sanslight','serif';\"><a style=\"box-sizing: border-box;\" href=\"https:\/\/www.coneau.gob.ar\/archivos\/resoluciones\/RS-2025-72710047-APN-SE-MCH-LIC-CS-COMPUTACION.pdf\" target=\"_blank\" rel=\"noopener\"><span style=\"color: #428bca;\">RESOL-2025-986-APN-SE#MCH<\/span><\/a><\/span><\/strong><strong style=\"box-sizing: border-box;\"><span style=\"font-family: 'open_sanslight','serif';\"> &#8211;\u00a0<a style=\"box-sizing: border-box;\" href=\"https:\/\/www.coneau.gob.ar\/archivos\/resoluciones\/IF-2024-134049892-APN-SSPU-MCH-ANEXO-LIC-CS-COMPUTACION.pdf\" target=\"_blank\" rel=\"noopener\"><span style=\"color: #428bca;\">Anexo 1<\/span><\/a>\u00a0\u2013\u00a0<a style=\"box-sizing: border-box;\" href=\"https:\/\/www.coneau.gob.ar\/archivos\/resoluciones\/IF-2024-134050499-APN-SSPU-MCH-%20ANEXO-LIC-CS-COMPUTACION.pdf\" target=\"_blank\" rel=\"noopener\"><span style=\"color: #428bca;\">Anexo 2<\/span><\/a>\u00a0\u2013<a style=\"box-sizing: border-box;\" href=\"https:\/\/www.coneau.gob.ar\/archivos\/resoluciones\/IF-2024-134051107-APN-SSPU-MCH-ANEXO-LIC-CS-COMPUTACION.pdf\" target=\"_blank\" rel=\"noopener\"><span style=\"color: #428bca;\">\u00a0Anexo 3<\/span><\/a>\u00a0\u2013<a style=\"box-sizing: border-box;\" href=\"https:\/\/www.coneau.gob.ar\/archivos\/resoluciones\/IF-2024-134051718-APN-SSPU-MCH-%20ANEXO-LIC-CS-COMPUTACION.pdf\" target=\"_blank\" rel=\"noopener\"><span style=\"color: #428bca;\">\u00a0Anexo 4<\/span><\/a> &#8211; <span style=\"color: #ff6600;\"><strong><em>Nueva<\/em><\/strong><\/span><\/span><\/strong><\/span><\/p>\n<p><span style=\"font-family: 'open_sanslight','serif'; color: #7f7f7f;\">-Est\u00e1ndares de acreditaci\u00f3n para los t\u00edtulos de\u00a0Licenciatura en Inform\u00e1tica | <strong style=\"box-sizing: border-box;\"><span style=\"font-family: 'open_sanslight','serif';\"><a style=\"box-sizing: border-box;\" href=\"https:\/\/www.coneau.gob.ar\/archivos\/resoluciones\/RS-2025-72747132-APN-SE-MCH-Lic-Informatica.pdf\" target=\"_blank\" rel=\"noopener\"><span style=\"color: #428bca;\">RESOL-2025-988-APN-SE#MCH<\/span><\/a> <\/span><\/strong><strong style=\"box-sizing: border-box;\"><span style=\"font-family: 'open_sanslight','serif';\">\u2013\u00a0<a style=\"box-sizing: border-box;\" href=\"https:\/\/www.coneau.gob.ar\/archivos\/resoluciones\/IF-2024-134136421-APN-SSPU-MCH-Anexo-Lic-informatica.pdf\" target=\"_blank\" rel=\"noopener\"><span style=\"color: #428bca;\">Anexo 1<\/span><\/a>\u00a0\u2013<a style=\"box-sizing: border-box;\" href=\"https:\/\/www.coneau.gob.ar\/archivos\/resoluciones\/IF-2024-134137142-APN-SSPU-MCH-Anexo-Lic-informatica.pdf\" target=\"_blank\" rel=\"noopener\"><span style=\"color: #428bca;\">\u00a0Anexo 2<\/span><\/a>\u00a0\u2013\u00a0<a style=\"box-sizing: border-box;\" href=\"https:\/\/www.coneau.gob.ar\/archivos\/resoluciones\/IF-2024-134137662-APN-SSPU-MCH-Anexo-Lic-informatica.pdf\" target=\"_blank\" rel=\"noopener\"><span style=\"color: #428bca;\">Anexo 3<\/span><\/a> &#8211;\u00a0<a style=\"box-sizing: border-box;\" href=\"https:\/\/www.coneau.gob.ar\/archivos\/resoluciones\/IF-2024-134138199-APN-SSPU-MCH-Anexo-Lic-informatica.pdf\" target=\"_blank\" rel=\"noopener\"><span style=\"color: #428bca;\">Anexo 4<\/span><\/a> <span style=\"color: #ff6600;\"><strong><em>Nueva<\/em><\/strong><\/span><\/span><\/strong><\/span><\/p>\n<p><span style=\"font-family: 'open_sanslight','serif'; color: #7f7f7f;\"><strong style=\"box-sizing: border-box;\"><span style=\"font-family: 'open_sanslight','serif';\">\u00a0<\/span><\/strong><\/span><span style=\"font-family: 'open_sanslight','serif'; color: #7f7f7f;\">-Est\u00e1ndares de acreditaci\u00f3n para los t\u00edtulos de Licenciatura en Sistemas \u2013 Sistemas de Informaci\u00f3n |\u00a0<strong style=\"box-sizing: border-box;\"><span style=\"font-family: 'open_sanslight','serif';\"><a style=\"box-sizing: border-box;\" href=\"https:\/\/www.coneau.gob.ar\/archivos\/resoluciones\/RS-2025-72702102-APN-SE-MCH-LicSistemas.pdf\" target=\"_blank\" rel=\"noopener\"><span style=\"color: #428bca;\">RESOL-2025-981-APN-SE#MCH<\/span><\/a>\u2013<a style=\"box-sizing: border-box;\" href=\"https:\/\/www.coneau.gob.ar\/archivos\/resoluciones\/IF-2024-134117772-APN-SSPU-MCH-Anexo-Lic-Sistemas.pdf\" target=\"_blank\" rel=\"noopener\"><span style=\"color: #428bca;\">\u00a0Anexo 1<\/span><\/a>\u00a0\u2013\u00a0<a style=\"box-sizing: border-box;\" href=\"https:\/\/www.coneau.gob.ar\/archivos\/resoluciones\/IF-2024-134118620-APN-SSPU-MCH-Anexo-Lic-Sistemas.pdf\" target=\"_blank\" rel=\"noopener\"><span style=\"color: #428bca;\">Anexo 2<\/span><\/a>\u00a0\u2013\u00a0<a style=\"box-sizing: border-box;\" href=\"https:\/\/www.coneau.gob.ar\/archivos\/resoluciones\/IF-2024-134119305-APN-SSPU-MCH-Anexo-Lic-Sistemas.pdf\" target=\"_blank\" rel=\"noopener\"><span style=\"color: #428bca;\">Anexo 3<\/span><\/a>\u00a0\u2013\u00a0<a style=\"box-sizing: border-box;\" href=\"https:\/\/www.coneau.gob.ar\/archivos\/resoluciones\/IF-2024-134119876-APN-SSPU-MCH-Anexo-Lic-Sistemas.pdf\" target=\"_blank\" rel=\"noopener\"><span style=\"color: #428bca;\">Anexo 4<\/span><\/a> &#8211; <span style=\"color: #ff6600;\"><strong><em>N<\/em><\/strong><\/span><span style=\"color: #ff6600;\"><strong><em>ueva<\/em><\/strong><\/span><\/span><\/strong><\/span><\/p>\n<h3><strong>Convocatoria 2026<\/strong><\/h3>\n<p>\u2666<a href=\"https:\/\/www.coneau.gob.ar\/archivos\/resoluciones\/RESME51-10.pdf\">\u00a0<strong>RM N\u00ba 51\/10<\/strong><\/a><\/p>\n<p><strong>\u2666<\/strong><a href=\"https:\/\/www.coneau.gob.ar\/archivos\/ordenanzas\/IF-2017-32940042-APN-CONEAU-ME.pdf\">\u00a0Ordenanza CONEAU N\u00ba 62<\/a><\/p>\n<p><strong>\u2666\u00a0<\/strong><a href=\"https:\/\/www.coneau.gob.ar\/coneau\/wp-content\/uploads\/2020\/08\/IF-2020-50493513-APN-CONEAUME-Ordenanza-N%C2%B0-070.pdf\">Ordenanza CONEAU N\u00b0 70<\/a><strong>\u00a0|\u00a0<\/strong><a href=\"https:\/\/www.coneau.gob.ar\/archivos\/ordenanzas\/Orde070.pdf\">RESFC-2020-241-APN-CONEAU#ME<\/a><\/p>\n<p>\u2666<strong>\u00a0<\/strong><strong>Formalizaci\u00f3n de proyectos:<\/strong> del 15 de marzo de 2026 a trav\u00e9s de <strong><a href=\"https:\/\/global.coneau.gob.ar\/coneauglobal\/\">CONEAU Global<\/a><\/strong>.<\/p>\n<p>\u2666<strong>\u00a0Presentaci\u00f3n de\u00a0proyectos:\u00a0<\/strong>hasta el 30 de abril de 2026 a trav\u00e9s de <strong>\u00a0<\/strong><strong><a href=\"https:\/\/global.coneau.gob.ar\/coneauglobal\/\">CONEAU Global<\/a><\/strong>.<\/p>\n<p>\u2666\u00a0<strong>Apertura del expediente electr\u00f3nico:\u00a0<\/strong>hasta el 30 de abril de 2026 a trav\u00e9s de<strong><a href=\"http:\/\/tramitesadistancia.gob.ar\/tramitesadistancia\/inicio-publico\">\u00a0TAD<\/a><\/strong>.\u00a0 Para obtener m\u00e1s informaci\u00f3n sobre este procedimiento<a href=\"https:\/\/www.coneau.gob.ar\/?page_id=2691\">\u00a0<strong>clic aqu\u00ed<\/strong>.<\/a><\/p>\n<p><strong>\u2666<\/strong><a href=\"https:\/\/www.coneau.gob.ar\/ayuda\/\"><strong>\u00a0Consultar Tutoriales sobre CONEAU GLOBAL<\/strong><\/a><\/p>\n\n\n<hr class=\"wp-block-separator has-text-color has-light-gray-color has-alpha-channel-opacity has-light-gray-background-color has-background is-style-wide\"\/>\n\n\n\n<p><strong>Mesa de ayuda<\/strong><\/p>\n\n\n\n<p><strong>\u00c1rea de Sistemas<\/strong>&nbsp;<\/p>\n\n\n\n<p><a href=\"mailto:global@coneau.gob.ar\">global@coneau.gob.ar<\/a>&nbsp;(Consultas t\u00e9cnicas sobre CONEAU Global)<\/p>\n\n\n\n<p><strong>\u00c1rea de Grado<\/strong>&nbsp;<br><a href=\"mailto:arquitectura@coneau.gob.ar\">proyectosgrado@coneau.gob.ar<\/a>&nbsp;(Consultas de contenidos)<\/p>\n\n\n\n<p><a href=\"mailto:acreditaciongrado@coneau.gob.ar\">acreditaciongrado@coneau.gob.ar<\/a>&nbsp;(Consultas administrativas)<\/p>\n","protected":false},"excerpt":{"rendered":"<p>-Est\u00e1ndares de acreditaci\u00f3n para los t\u00edtulos de\u00a0 Ingenier\u00eda en Computaci\u00f3n |\u00a0RS-2021-42727810-APN-ME\u00a0\u2013\u00a0Anexo 1\u00a0\u2013\u00a0Anexo 2\u00a0\u2013\u00a0Anexo 3\u00a0\u2013\u00a0Anexo 4 \u00a0-Est\u00e1ndares de acreditaci\u00f3n para los t\u00edtulos de Ingenier\u00eda en Sistemas de Informaci\u00f3n \u2013 Inform\u00e1tica |\u00a0RESOL-2025-982-APN-SE#MCH\u00a0\u2013\u00a0Anexo 1\u00a0\u2013\u00a0Anexo 2\u00a0\u2013\u00a0Anexo 3\u00a0\u2013\u00a0Anexo 4 &#8211; Nueva -Est\u00e1ndares de acreditaci\u00f3n para los t\u00edtulos de\u00a0 Licenciatura en Ciencias de la Computaci\u00f3n | RESOL-2025-986-APN-SE#MCH &#8211;\u00a0Anexo 1\u00a0\u2013\u00a0Anexo 2\u00a0\u2013\u00a0Anexo 3\u00a0\u2013\u00a0Anexo &hellip; <a href=\"https:\/\/www.coneau.gob.ar\/coneau\/acreditacion-de-carreras\/carreras-de-grado\/convocatorias\/proyectos\/informatica\/\" class=\"more-link\">Seguir leyendo <span class=\"screen-reader-text\">Inform\u00e1tica<\/span> <span class=\"meta-nav\">&rarr;<\/span><\/a><\/p>\n","protected":false},"author":2,"featured_media":3150,"parent":357,"menu_order":4,"comment_status":"closed","ping_status":"open","template":"template-carreras-grado-convocatorias.php","meta":[],"acf":[],"_links":{"self":[{"href":"https:\/\/www.coneau.gob.ar\/coneau\/wp-json\/wp\/v2\/pages\/626"}],"collection":[{"href":"https:\/\/www.coneau.gob.ar\/coneau\/wp-json\/wp\/v2\/pages"}],"about":[{"href":"https:\/\/www.coneau.gob.ar\/coneau\/wp-json\/wp\/v2\/types\/page"}],"author":[{"embeddable":true,"href":"https:\/\/www.coneau.gob.ar\/coneau\/wp-json\/wp\/v2\/users\/2"}],"replies":[{"embeddable":true,"href":"https:\/\/www.coneau.gob.ar\/coneau\/wp-json\/wp\/v2\/comments?post=626"}],"version-history":[{"count":39,"href":"https:\/\/www.coneau.gob.ar\/coneau\/wp-json\/wp\/v2\/pages\/626\/revisions"}],"predecessor-version":[{"id":14339,"href":"https:\/\/www.coneau.gob.ar\/coneau\/wp-json\/wp\/v2\/pages\/626\/revisions\/14339"}],"up":[{"embeddable":true,"href":"https:\/\/www.coneau.gob.ar\/coneau\/wp-json\/wp\/v2\/pages\/357"}],"wp:featuredmedia":[{"embeddable":true,"href":"https:\/\/www.coneau.gob.ar\/coneau\/wp-json\/wp\/v2\/media\/3150"}],"wp:attachment":[{"href":"https:\/\/www.coneau.gob.ar\/coneau\/wp-json\/wp\/v2\/media?parent=626"}],"curies":[{"name":"wp","href":"https:\/\/api.w.org\/{rel}","templated":true}]}}