{"id":603,"date":"2015-07-10T18:31:19","date_gmt":"2015-07-10T18:31:19","guid":{"rendered":"http:\/\/hakuna.com.ar\/projects\/coneau\/wordpress\/?page_id=603"},"modified":"2025-12-03T15:48:36","modified_gmt":"2025-12-03T18:48:36","slug":"veterinaria","status":"publish","type":"page","link":"https:\/\/www.coneau.gob.ar\/coneau\/acreditacion-de-carreras\/carreras-de-grado\/convocatorias\/carreras\/veterinaria\/","title":{"rendered":"Veterinaria"},"content":{"rendered":"<p>Resoluci\u00f3n de Est\u00e1ndares de acreditaci\u00f3n las carreras de Veterinario y M\u00e9dico Veterinario: <a href=\"https:\/\/www.coneau.gob.ar\/archivos\/resoluciones\/RM977-2022-Veterinaria.pdf\">RESOL-2022-977-APN-ME<\/a><\/p>\n<h3><strong>Convocatoria 2025<\/strong><\/h3>\n<p>Resoluci\u00f3n de convocatoria: <a href=\"https:\/\/coneau.gob.ar\/archivos\/resoluciones\/RS-2025-87941776-APN-CONEAU-MCH-Veterinaria.pdf\">RESFC-2025-259-APN-CONEAU#MCH<\/a><\/p>\n<p>\u2666 Formalizaci\u00f3n de la carrera: hasta el 30 de septiembre de 2025 a trav\u00e9s de CONEAU Global.<\/p>\n<p>\u2666 Presentaci\u00f3n: hasta el 30 de junio de 2026 a trav\u00e9s de CONEAU Global.<\/p>\n<p>\u2666 <strong><a href=\"https:\/\/www.coneau.gob.ar\/archivos\/ordenanzas\/Orde75.pdf\">Ordenanza CONEAU N\u00ba75<\/a><\/strong><\/p>\n<p>\u2666 <strong><a href=\"https:\/\/www.coneau.gob.ar\/coneau\/wp-content\/uploads\/2020\/08\/IF-2020-50493513-APN-CONEAUME-Ordenanza-N%C2%B0-070.pdf\">Ordenanza CONEAU N\u00b0 70<\/a><\/strong> | <a href=\"https:\/\/www.coneau.gob.ar\/archivos\/ordenanzas\/Orde070.pdf\">RESFC-2020-241-APN-CONEAU#ME<\/a><\/p>\n<p>\u2666 <a href=\"https:\/\/www.coneau.gob.ar\/coneau\/sistema-institucional-de-educacion-a-distancia-sied\/\">Ver evaluaci\u00f3n de SIED<\/a><\/p>\n<p>\u2666<a href=\"https:\/\/www.coneau.gob.ar\/ayuda\/\">Consultar Tutoriales sobre CONEAU GLOBAL<\/a>.<\/p>\n<p><a href=\"https:\/\/www.coneau.gob.ar\/coneau\/wp-content\/uploads\/2025\/12\/Taller-de-consultas-Veterinaria-FINAL.pptx\"><strong>Contenido del taller de consultas<\/strong><\/a><\/p>\n<p><em>Mesa de ayuda<\/em><\/p>\n<p>\u00c1rea de Sistemas<\/p>\n<p><a href=\"mailto:global@coneau.gob.ar\">global@coneau.gob.ar<\/a> (Consultas T\u00e9cnicas sobre CONEAU Global)<\/p>\n<p>\u00c1rea de Grado<\/p>\n<p><a href=\"mailto:acreditaciongrado@coneau.gob.ar\">acreditaciongrado@coneau.gob.ar<\/a> (Consultas administrativas y de contenido)<\/p>\n<h5><strong>Convocatoria<\/strong> 2018<\/h5>\n<p><strong><a href=\"https:\/\/www.coneau.gob.ar\/archivos\/resoluciones\/RS-2018-48093279-APN-CONEAU-MECCYT.pdf\">RS-2018-48093279<\/a><\/strong><\/p>\n<h5><strong>Convocatoria 2016<\/strong><\/h5>\n<p><strong><a href=\"https:\/\/www.coneau.gob.ar\/archivos\/resoluciones\/Res1131-15.pdf\" target=\"_blank\" rel=\"noopener noreferrer\">Resoluci\u00f3n CONEAU N\u00ba1131\/15<\/a><\/strong><\/p>\n","protected":false},"excerpt":{"rendered":"<p>Resoluci\u00f3n de Est\u00e1ndares de acreditaci\u00f3n las carreras de Veterinario y M\u00e9dico Veterinario: RESOL-2022-977-APN-ME Convocatoria 2025 Resoluci\u00f3n de convocatoria: RESFC-2025-259-APN-CONEAU#MCH \u2666 Formalizaci\u00f3n de la carrera: hasta el 30 de septiembre de 2025 a trav\u00e9s de CONEAU Global. \u2666 Presentaci\u00f3n: hasta el 30 de junio de 2026 a trav\u00e9s de CONEAU Global. \u2666 Ordenanza CONEAU N\u00ba75 \u2666 &hellip; <a href=\"https:\/\/www.coneau.gob.ar\/coneau\/acreditacion-de-carreras\/carreras-de-grado\/convocatorias\/carreras\/veterinaria\/\" class=\"more-link\">Seguir leyendo <span class=\"screen-reader-text\">Veterinaria<\/span> <span class=\"meta-nav\">&rarr;<\/span><\/a><\/p>\n","protected":false},"author":2,"featured_media":1775,"parent":355,"menu_order":14,"comment_status":"open","ping_status":"open","template":"template-carreras-grado-convocatorias.php","meta":[],"acf":[],"_links":{"self":[{"href":"https:\/\/www.coneau.gob.ar\/coneau\/wp-json\/wp\/v2\/pages\/603"}],"collection":[{"href":"https:\/\/www.coneau.gob.ar\/coneau\/wp-json\/wp\/v2\/pages"}],"about":[{"href":"https:\/\/www.coneau.gob.ar\/coneau\/wp-json\/wp\/v2\/types\/page"}],"author":[{"embeddable":true,"href":"https:\/\/www.coneau.gob.ar\/coneau\/wp-json\/wp\/v2\/users\/2"}],"replies":[{"embeddable":true,"href":"https:\/\/www.coneau.gob.ar\/coneau\/wp-json\/wp\/v2\/comments?post=603"}],"version-history":[{"count":39,"href":"https:\/\/www.coneau.gob.ar\/coneau\/wp-json\/wp\/v2\/pages\/603\/revisions"}],"predecessor-version":[{"id":13329,"href":"https:\/\/www.coneau.gob.ar\/coneau\/wp-json\/wp\/v2\/pages\/603\/revisions\/13329"}],"up":[{"embeddable":true,"href":"https:\/\/www.coneau.gob.ar\/coneau\/wp-json\/wp\/v2\/pages\/355"}],"wp:featuredmedia":[{"embeddable":true,"href":"https:\/\/www.coneau.gob.ar\/coneau\/wp-json\/wp\/v2\/media\/1775"}],"wp:attachment":[{"href":"https:\/\/www.coneau.gob.ar\/coneau\/wp-json\/wp\/v2\/media?parent=603"}],"curies":[{"name":"wp","href":"https:\/\/api.w.org\/{rel}","templated":true}]}}