{"id":596,"date":"2015-07-10T18:28:52","date_gmt":"2015-07-10T18:28:52","guid":{"rendered":"http:\/\/hakuna.com.ar\/projects\/coneau\/wordpress\/?page_id=596"},"modified":"2025-09-08T00:06:42","modified_gmt":"2025-09-08T03:06:42","slug":"odontologia","status":"publish","type":"page","link":"https:\/\/www.coneau.gob.ar\/coneau\/acreditacion-de-carreras\/carreras-de-grado\/convocatorias\/carreras\/odontologia\/","title":{"rendered":"Odontolog\u00eda"},"content":{"rendered":"<p>Resoluci\u00f3n de est\u00e1ndares para las carreras de Odontolog\u00eda: <strong><a href=\"https:\/\/www.coneau.gob.ar\/archivos\/resoluciones\/RS-2025-72706504-APN-SE-MCH-Odonto.pdf\">RESOL-2025-984-APN-SE#MCH<\/a><\/strong> <a href=\"https:\/\/www.coneau.gob.ar\/archivos\/resoluciones\/IF-2024-132482281-APN-SSPU-MCh-Anexo-Odonto.pdf\">Anexo 1<\/a> | <a href=\"https:\/\/www.coneau.gob.ar\/archivos\/resoluciones\/IF-2024-132483204-APN-SSPU-MCH-Anexo-Odonto.pdf\">Anexo 2<\/a> | <a href=\"https:\/\/www.coneau.gob.ar\/archivos\/resoluciones\/IF-2024-132484232-APN-SSPU-MCH-Anexo-Odonto.pdf\">Anexo 3<\/a> | <a href=\"https:\/\/www.coneau.gob.ar\/archivos\/resoluciones\/IF-2024-132484232-APN-SSPU-MCH-Anexo-Odonto.pdf\">Anexo 4<\/a><\/p>\n<h4><strong>Convocatoria 2016<\/strong><\/h4>\n<p><strong><a href=\"https:\/\/www.coneau.gob.ar\/wp-content\/uploads\/2016\/12\/Reoluci\u00f3n-Odonto1.pdf\" target=\"_blank\" rel=\"noopener noreferrer\">Resoluci\u00f3n\u00a0RESFC-2016-171-E-APN-CONEAU#ME<\/a>\u00a0Convocatoria para la acreditaci\u00f3n de carreras de Odontolog\u00eda.<\/strong><\/p>\n<p><strong><a href=\"https:\/\/www.coneau.gob.ar\/archivos\/resoluciones\/Res303-16.pdf\" target=\"_blank\" rel=\"noopener noreferrer\">Resoluci\u00f3n CONEAU N\u00ba303\/16<\/a>\u2013 Convocatoria para la acreditaci\u00f3n de carreras de grado de Odontolog\u00eda<\/strong>.<\/p>\n<p><strong><span style=\"color: #000000;\">\u2666<\/span>\u00a0<a href=\"https:\/\/www.coneau.gob.ar\/coneau\/wp-content\/uploads\/2020\/08\/IF-2020-50493513-APN-CONEAUME-Ordenanza-N%C2%B0-070.pdf\" target=\"_blank\" rel=\"noopener noreferrer\">Ordenanza CONEAU N\u00b0 70<\/a>\u00a0|\u00a0<\/strong><a href=\"https:\/\/www.coneau.gob.ar\/archivos\/ordenanzas\/Orde070.pdf\" target=\"_blank\" rel=\"noopener noreferrer\">RESFC-2020-241-APN-CONEAU#ME<\/a><\/p>\n<p><strong><span style=\"color: #000000;\">\u2666 <\/span><\/strong><span style=\"color: #000000;\">Para formalizar la carrera ingrese a<\/span> <a href=\"https:\/\/global.coneau.gob.ar\/coneauglobal\/\" target=\"_blank\" rel=\"noopener noreferrer\">CONEAU Global.<\/a><\/p>\n<p><a href=\"https:\/\/www.coneau.gob.ar\/ayuda\/\" target=\"_blank\" rel=\"noopener noreferrer\"><strong><span style=\"color: #000000;\">\u2666<\/span><\/strong> <\/a><span style=\"color: #000000;\">Para completar la ficha docente ingrese a<\/span> <a href=\"https:\/\/global.coneau.gob.ar\/coneauglobal\/\" target=\"_blank\" rel=\"noopener noreferrer\">CONEAU Global.<\/a><\/p>\n<p><strong><span style=\"color: #000000;\">\u2666<\/span><\/strong>\u00a0<span style=\"color: #000000;\">Para obtener m\u00e1s informaci\u00f3n sobre <strong>Expedientes Electr\u00f3nicos en Plataforma -TAD- Tr\u00e1mites a Distancia<\/strong><\/span>\u00a0<strong><a href=\"https:\/\/www.coneau.gob.ar\/coneau\/acreditacion-de-carreras-2\/\" target=\"_blank\" rel=\"noopener noreferrer\">click aqu\u00ed<\/a><\/strong><\/p>\n<p><span style=\"color: #000000;\">\u2666<\/span>\u00a0<strong><a href=\"https:\/\/www.coneau.gob.ar\/?page_id=3525\">Ver evaluaci\u00f3n de SIED<\/a><\/strong><\/p>\n<p><span style=\"color: #000000;\">\u2666<\/span>\u00a0<a href=\"https:\/\/www.coneau.gob.ar\/ayuda\/\">Consultar<strong> Tutoriales sobre CONEAU GLOBAL<\/strong><\/a><\/p>\n<p><strong><a href=\"https:\/\/www.coneau.gob.ar\/archivos\/grado\/InstitucionesTallerAutoevaluacionOdontologia_17.pdf\" target=\"_blank\" rel=\"noopener noreferrer\">\u232a Instituciones Asistentes al Taller<\/a><\/strong><\/p>\n<p><a href=\"https:\/\/www.coneau.gob.ar\/archivos\/form09odon\/tallerAutoevaluacionOdontologia8demarzo2017.pdf\" target=\"_blank\" rel=\"noopener noreferrer\"><strong>\u232a\u00a0Contenidos del Taller de Autoevaluaci\u00f3n<\/strong><\/a><\/p>\n<h4><strong>Convocatoria (2014)<\/strong><\/h4>\n<p><a href=\"https:\/\/www.coneau.gob.ar\/archivos\/resoluciones\/Res495-14.pdf\">Resoluci\u00f3n CONEAU N\u00b0: 495\/14<\/a>. Convocatoria para la acreditaci\u00f3n de carreras de Odontolog\u00eda. Alcances y cronograma.<\/p>\n<blockquote><p><strong>Mesa de ayuda<\/strong><\/p><\/blockquote>\n<blockquote><p><span style=\"color: #3771b0;\"><strong>\u00c1rea de Sistemas <\/strong><\/span>(Consultas T\u00e9cnicas y de Instalaci\u00f3n)<\/p>\n<p>Generales del Formulario: <a href=\"mailto:instructivogrado@coneau.gob.ar\">instructivogrado@coneau.gob.ar<\/a><\/p>\n<p>Sobre CONEAU Global: <a href=\"mailto:global@coneau.gob.ar\">global@coneau.gob.ar<\/a><\/p><\/blockquote>\n<blockquote><p><span style=\"color: #3771b0;\"><strong>\u00c1rea de Grado<\/strong><\/span> (Consultas de contenidos)<br \/>\nodontologia@coneau.gob.ar<\/p><\/blockquote>\n","protected":false},"excerpt":{"rendered":"<p>Resoluci\u00f3n de est\u00e1ndares para las carreras de Odontolog\u00eda: RESOL-2025-984-APN-SE#MCH Anexo 1 | Anexo 2 | Anexo 3 | Anexo 4 Convocatoria 2016 Resoluci\u00f3n\u00a0RESFC-2016-171-E-APN-CONEAU#ME\u00a0Convocatoria para la acreditaci\u00f3n de carreras de Odontolog\u00eda. Resoluci\u00f3n CONEAU N\u00ba303\/16\u2013 Convocatoria para la acreditaci\u00f3n de carreras de grado de Odontolog\u00eda. \u2666\u00a0Ordenanza CONEAU N\u00b0 70\u00a0|\u00a0RESFC-2020-241-APN-CONEAU#ME \u2666 Para formalizar la carrera ingrese a CONEAU &hellip; <a href=\"https:\/\/www.coneau.gob.ar\/coneau\/acreditacion-de-carreras\/carreras-de-grado\/convocatorias\/carreras\/odontologia\/\" class=\"more-link\">Seguir leyendo <span class=\"screen-reader-text\">Odontolog\u00eda<\/span> <span class=\"meta-nav\">&rarr;<\/span><\/a><\/p>\n","protected":false},"author":2,"featured_media":2637,"parent":355,"menu_order":11,"comment_status":"open","ping_status":"open","template":"template-carreras-grado-convocatorias.php","meta":[],"acf":[],"_links":{"self":[{"href":"https:\/\/www.coneau.gob.ar\/coneau\/wp-json\/wp\/v2\/pages\/596"}],"collection":[{"href":"https:\/\/www.coneau.gob.ar\/coneau\/wp-json\/wp\/v2\/pages"}],"about":[{"href":"https:\/\/www.coneau.gob.ar\/coneau\/wp-json\/wp\/v2\/types\/page"}],"author":[{"embeddable":true,"href":"https:\/\/www.coneau.gob.ar\/coneau\/wp-json\/wp\/v2\/users\/2"}],"replies":[{"embeddable":true,"href":"https:\/\/www.coneau.gob.ar\/coneau\/wp-json\/wp\/v2\/comments?post=596"}],"version-history":[{"count":28,"href":"https:\/\/www.coneau.gob.ar\/coneau\/wp-json\/wp\/v2\/pages\/596\/revisions"}],"predecessor-version":[{"id":13001,"href":"https:\/\/www.coneau.gob.ar\/coneau\/wp-json\/wp\/v2\/pages\/596\/revisions\/13001"}],"up":[{"embeddable":true,"href":"https:\/\/www.coneau.gob.ar\/coneau\/wp-json\/wp\/v2\/pages\/355"}],"wp:featuredmedia":[{"embeddable":true,"href":"https:\/\/www.coneau.gob.ar\/coneau\/wp-json\/wp\/v2\/media\/2637"}],"wp:attachment":[{"href":"https:\/\/www.coneau.gob.ar\/coneau\/wp-json\/wp\/v2\/media?parent=596"}],"curies":[{"name":"wp","href":"https:\/\/api.w.org\/{rel}","templated":true}]}}