{"id":593,"date":"2015-07-10T18:28:00","date_gmt":"2015-07-10T18:28:00","guid":{"rendered":"http:\/\/hakuna.com.ar\/projects\/coneau\/wordpress\/?page_id=593"},"modified":"2022-05-10T10:19:38","modified_gmt":"2022-05-10T13:19:38","slug":"medicina","status":"publish","type":"page","link":"https:\/\/www.coneau.gob.ar\/coneau\/acreditacion-de-carreras\/carreras-de-grado\/convocatorias\/carreras\/medicina\/","title":{"rendered":"Medicina"},"content":{"rendered":"<p><span style=\"color: #008080;\"><a style=\"color: #008080;\" href=\"https:\/\/www.coneau.gob.ar\/coneau\/wp-content\/uploads\/2022\/03\/RS-2022-24694759-APN-ME.pdf\"><b>RS-798\/22 &#8211; <\/b><b>Est\u00e1ndares<\/b><b> para la acreditaci\u00f3n de carreras de Medicina. \u00a0<\/b><\/a><\/span><strong><a href=\"https:\/\/www.coneau.gob.ar\/coneau\/wp-content\/uploads\/2022\/03\/IF-2022-11201540-APN-SECPUME-1.pdf\">Anexo 1<\/a> &#8211;\u00a0 <a href=\"https:\/\/www.coneau.gob.ar\/coneau\/wp-content\/uploads\/2022\/03\/IF-2022-11203444-APN-SECPUME-2.pdf\">Anexo 2<\/a> &#8211;\u00a0 <a href=\"https:\/\/www.coneau.gob.ar\/coneau\/wp-content\/uploads\/2022\/03\/IF-2022-11204186-APN-SECPUME-3.pdf\">Anexo 3<\/a> &#8211; <a href=\"https:\/\/www.coneau.gob.ar\/coneau\/wp-content\/uploads\/2022\/03\/IF-2022-11205256-APN-SECPUME-4.pdf\">Anexo 4<\/a><\/strong><\/p>\n<h4><strong>Convocatoria 2021<\/strong><\/h4>\n<p><span style=\"color: #000000;\">\u2666\u00a0<strong>Resoluci\u00f3n firma conjunta |\u00a0 Acreditaci\u00f3n Nacional:<\/strong>\u00a0<\/span><span style=\"color: #008080;\"><a style=\"color: #008080;\" href=\"http:\/\/www.coneau.gob.ar\/archivos\/resoluciones\/RS-2021-34751632-APN-CONEAU-ME.pdf\">RESFC-2021-45-APN-CONEAU#ME<\/a><\/span><\/p>\n<p><span style=\"color: #000000;\">\u2666 <a style=\"color: #000000;\" href=\"https:\/\/www.coneau.gob.ar\/coneau\/wp-content\/uploads\/2021\/07\/RS-2021-62059537-APN-CONEAUME.pdf\">Resoluci\u00f3n firma conjunta I <strong>Actualizaci\u00f3n<\/strong> <strong>Cronograma de la Acreditaci\u00f3n Nacional:<\/strong> <span style=\"color: #008080;\">RESFC-2021-211-APN-CONEAU#ME<\/span><\/a><\/span><\/p>\n<p><span style=\"color: #ff6600;\"><span style=\"color: #000000;\">\u2666 <\/span><span style=\"color: #000000;\">Resoluci\u00f3n firma conjunta I <strong>Cronograma para las carreras de Medicina que opten por la presentaci\u00f3n obligatoria: <\/strong><\/span><span style=\"color: #008080;\"><a style=\"color: #008080;\" href=\"https:\/\/www.coneau.gob.ar\/coneau\/wp-content\/uploads\/2022\/05\/RS-2022-43299059-APN-CONEAUME-1.pdf\">RS-2022-43299059-APN-CONEAUME<\/a><\/span><strong><a style=\"color: #ff6600;\" href=\"https:\/\/www.coneau.gob.ar\/coneau\/wp-content\/uploads\/2021\/07\/RS-2021-62059537-APN-CONEAUME.pdf\">\u00a0NUEVO<\/a><\/strong><\/span><\/p>\n<p><strong><span style=\"color: #000000;\">\u2666<\/span>\u00a0<span style=\"color: #008080;\"><a style=\"color: #008080;\" href=\"https:\/\/www.coneau.gob.ar\/coneau\/wp-content\/uploads\/2020\/08\/IF-2020-50493513-APN-CONEAUME-Ordenanza-N%C2%B0-070.pdf\">Ordenanza CONEAU N\u00b0 70<\/a>\u00a0<\/span><\/strong><\/p>\n<p><span style=\"color: #000000;\"><strong>\u2666 Formalizaci\u00f3n:\u00a0<\/strong>hasta el 30 de noviembre de 2021\u00a0 a trav\u00e9s de<\/span>\u00a0<span style=\"color: #008080;\"><a style=\"color: #008080;\" href=\"https:\/\/global.coneau.gob.ar\/coneauglobal\/\"><strong>CONEAU Global<\/strong><\/a>.<\/span><\/p>\n<p><span style=\"color: #000000;\">\u2666\u00a0<strong>Apertura del expediente electr\u00f3nico:<\/strong> hasta el 30 de noviembre de 2021 a trav\u00e9s de<\/span><a href=\"https:\/\/tramitesadistancia.gob.ar\/tramitesadistancia\/inicio-publico\"><strong><span style=\"color: #000000;\">\u00a0<\/span><span style=\"color: #008080;\">TAD<\/span><\/strong><\/a>.\u00a0<span style=\"color: #000000;\">Para obtener m\u00e1s informaci\u00f3n sobre este procedimiento<\/span><a href=\"https:\/\/www.coneau.gob.ar\/coneau\/acreditacion-de-carreras-2\/\">\u00a0<span style=\"color: #008080;\"><strong>click aqu\u00ed<\/strong>.<\/span><\/a><\/p>\n<p><span style=\"color: #000000;\"><strong>\u2666 Taller de Autoevaluaci\u00f3n:<\/strong> el 11 y 12 de abril de 2022.<\/span><\/p>\n<p><span style=\"color: #000000;\"><strong>\u2666 Solicitud de acreditaci\u00f3n:\u00a0<\/strong>hasta el 30 de septiembre de 2022\u00a0 a trav\u00e9s de<\/span>\u00a0<span style=\"color: #008080;\"><a style=\"color: #008080;\" href=\"https:\/\/global.coneau.gob.ar\/coneauglobal\/\"><strong>CONEAU Global<\/strong><\/a>.<\/span><\/p>\n<p><strong><span style=\"color: #000000;\">\u2666 <\/span>Contenido del Taller de evaluaci\u00f3n: <a href=\"https:\/\/www.coneau.gob.ar\/coneau\/wp-content\/uploads\/2022\/04\/Taller-Autoevaluaci\u00f3n-Medicina-1-1.pdf\">Presentaci\u00f3n<\/a> | <a href=\"https:\/\/www.coneau.gob.ar\/coneau\/wp-content\/uploads\/2022\/04\/Taller-de-Autoevaluacion-CONEAU-Global-Medicina.pdf\">Presentaci\u00f3n Coneau Global\u00a0<\/a><\/strong><\/p>\n<p><strong><span style=\"color: #000000;\">\u2666<\/span>\u00a0<span style=\"color: #008080;\"><a style=\"color: #008080;\" href=\"https:\/\/www.coneau.gob.ar\/coneau\/sistema-institucional-de-educacion-a-distancia-sied\/\">Ver evaluaci\u00f3n de SIED<\/a><\/span><\/strong><\/p>\n<p><strong><span style=\"color: #000000;\">\u2666<\/span><span style=\"color: #008080;\">\u00a0<a style=\"color: #008080;\" href=\"https:\/\/www.coneau.gob.ar\/ayuda\/\">Consultar tutoriales sobre CONEAU GLOBAL<\/a><\/span><\/strong><\/p>\n<h5><strong><a href=\"https:\/\/www.coneau.gob.ar\/coneau\/geologia\/\"><img decoding=\"async\" loading=\"lazy\" class=\"alignnone  wp-image-7531\" src=\"https:\/\/www.coneau.gob.ar\/coneau\/wp-content\/uploads\/2021\/08\/drag-10-150x150-1.png\" alt=\"\" width=\"40\" height=\"40\" \/> <\/a><\/strong><span style=\"color: #ff6600;\">Para consultar la informaci\u00f3n relacionada a la acreditaci\u00f3n ARCU-SUR de la carrera de Medicina hacer <\/span><strong><span style=\"color: #ff6600;\"><a style=\"color: #ff6600;\" href=\"https:\/\/www.coneau.gob.ar\/coneau\/convocatoria-arcu-sur-2021\/\">click aqu\u00ed<\/a><\/span><\/strong><\/h5>\n<hr \/>\n<h5><span style=\"color: #000000;\"><strong>Mesa de ayuda<\/strong><\/span><\/h5>\n<h5><span style=\"color: #000000;\">Sobre CONEAU Global:<\/span>\u00a0<span style=\"color: #008080;\"><a style=\"color: #008080;\" href=\"mailto:global@coneau.gob.ar\">global@coneau.gob.ar<\/a><\/span><\/h5>\n<h5><span style=\"color: #000000;\"><strong>\u00c1rea de Grado<\/strong>\u00a0(Consultas de contenidos)<\/span>\u00a0<span style=\"color: #008080;\">medicina@coneau.gob.ar<\/span><\/h5>\n\n\n<hr class=\"wp-block-separator\"\/>\n\n\n\n<p><\/p>\n","protected":false},"excerpt":{"rendered":"<p>RS-798\/22 &#8211; Est\u00e1ndares para la acreditaci\u00f3n de carreras de Medicina. \u00a0Anexo 1 &#8211;\u00a0 Anexo 2 &#8211;\u00a0 Anexo 3 &#8211; Anexo 4 Convocatoria 2021 \u2666\u00a0Resoluci\u00f3n firma conjunta |\u00a0 Acreditaci\u00f3n Nacional:\u00a0RESFC-2021-45-APN-CONEAU#ME \u2666 Resoluci\u00f3n firma conjunta I Actualizaci\u00f3n Cronograma de la Acreditaci\u00f3n Nacional: RESFC-2021-211-APN-CONEAU#ME \u2666 Resoluci\u00f3n firma conjunta I Cronograma para las carreras de Medicina que opten por &hellip; <a href=\"https:\/\/www.coneau.gob.ar\/coneau\/acreditacion-de-carreras\/carreras-de-grado\/convocatorias\/carreras\/medicina\/\" class=\"more-link\">Seguir leyendo <span class=\"screen-reader-text\">Medicina<\/span> <span class=\"meta-nav\">&rarr;<\/span><\/a><\/p>\n","protected":false},"author":2,"featured_media":5696,"parent":355,"menu_order":10,"comment_status":"open","ping_status":"open","template":"template-carreras-grado-convocatorias.php","meta":[],"acf":[],"_links":{"self":[{"href":"https:\/\/www.coneau.gob.ar\/coneau\/wp-json\/wp\/v2\/pages\/593"}],"collection":[{"href":"https:\/\/www.coneau.gob.ar\/coneau\/wp-json\/wp\/v2\/pages"}],"about":[{"href":"https:\/\/www.coneau.gob.ar\/coneau\/wp-json\/wp\/v2\/types\/page"}],"author":[{"embeddable":true,"href":"https:\/\/www.coneau.gob.ar\/coneau\/wp-json\/wp\/v2\/users\/2"}],"replies":[{"embeddable":true,"href":"https:\/\/www.coneau.gob.ar\/coneau\/wp-json\/wp\/v2\/comments?post=593"}],"version-history":[{"count":52,"href":"https:\/\/www.coneau.gob.ar\/coneau\/wp-json\/wp\/v2\/pages\/593\/revisions"}],"predecessor-version":[{"id":8133,"href":"https:\/\/www.coneau.gob.ar\/coneau\/wp-json\/wp\/v2\/pages\/593\/revisions\/8133"}],"up":[{"embeddable":true,"href":"https:\/\/www.coneau.gob.ar\/coneau\/wp-json\/wp\/v2\/pages\/355"}],"wp:featuredmedia":[{"embeddable":true,"href":"https:\/\/www.coneau.gob.ar\/coneau\/wp-json\/wp\/v2\/media\/5696"}],"wp:attachment":[{"href":"https:\/\/www.coneau.gob.ar\/coneau\/wp-json\/wp\/v2\/media?parent=593"}],"curies":[{"name":"wp","href":"https:\/\/api.w.org\/{rel}","templated":true}]}}