{"id":582,"date":"2015-07-10T18:22:03","date_gmt":"2015-07-10T18:22:03","guid":{"rendered":"http:\/\/hakuna.com.ar\/projects\/coneau\/wordpress\/?page_id=582"},"modified":"2023-12-19T14:46:32","modified_gmt":"2023-12-19T17:46:32","slug":"ingenieria-agronomica","status":"publish","type":"page","link":"https:\/\/www.coneau.gob.ar\/coneau\/acreditacion-de-carreras\/carreras-de-grado\/convocatorias\/carreras\/ingenieria-agronomica\/","title":{"rendered":"Ingenier\u00eda Agron\u00f3mica"},"content":{"rendered":"\n<p>&nbsp;\u2666 Ingenier\u00eda Agron\u00f3mica |&nbsp;<strong><a href=\"https:\/\/www.coneau.gob.ar\/coneau\/wp-content\/uploads\/2021\/06\/RS-2021-42726110-APN-ME.pdf\" target=\"_blank\" rel=\"noreferrer noopener\">RS-2021-42726110-APN-ME&nbsp;<\/a>&nbsp;\u2013&nbsp;<a href=\"https:\/\/www.coneau.gob.ar\/coneau\/wp-content\/uploads\/2021\/06\/IF-2021-35320204-APN-SECPUME-Anexo-1.pdf\" target=\"_blank\" rel=\"noreferrer noopener\">Anexo 1<\/a>&nbsp;\u2013<a href=\"https:\/\/www.coneau.gob.ar\/coneau\/wp-content\/uploads\/2021\/06\/IF-2021-35321265-APN-SECPUME-Anexo-2.pdf\" target=\"_blank\" rel=\"noreferrer noopener\">&nbsp;Anexo 2<\/a>&nbsp;\u2013&nbsp;<a href=\"https:\/\/www.coneau.gob.ar\/coneau\/wp-content\/uploads\/2021\/06\/IF-2021-35322057-APN-SECPUME-Anexo-3.pdf\" target=\"_blank\" rel=\"noreferrer noopener\">Anexo 3 \u2013<\/a>&nbsp;<a href=\"https:\/\/www.coneau.gob.ar\/coneau\/wp-content\/uploads\/2021\/06\/IF-2021-35323962-APN-SECPUME-Anexo-4.pdf\" target=\"_blank\" rel=\"noreferrer noopener\">Anexo 4<\/a>&nbsp;&nbsp;\u2013&nbsp;<\/strong><\/p>\n\n\n\n<p class=\"has-medium-font-size\"><strong>Convocatoria 2023<\/strong><\/p>\n\n\n\n<p><a href=\"https:\/\/www.coneau.gob.ar\/coneau\/wp-content\/uploads\/2023\/04\/RS-2023-33907017-APN-CONEAUME.pdf\" target=\"_blank\" rel=\"noopener\" title=\"\"><strong>RESFC-2023-76-APN-CONEAU#ME<\/strong><\/a>\u2013 Convocatoria para carreras de Ingenier\u00eda Agron\u00f3mica \u2013 <em><mark style=\"background-color:#fff;color:#ec8b03\" class=\"has-inline-color\"><strong>Nueva<\/strong><\/mark><\/em><\/p>\n\n\n\n<p class=\"has-black-color has-text-color\"><strong><a href=\"https:\/\/www.coneau.gob.ar\/archivos\/resoluciones\/RS-2023-148799600-APN-CONEAU-ME-AGRONOMIA.pdf\" target=\"_blank\" rel=\"noopener\" title=\"RESFC-2023-5457-APN-CONEAU#ME \">RESFC-2023-5457-APN-CONEAU#ME <\/a><\/strong>\u2013   Modificaci\u00f3n del cronograma para las carreras de Ingenier\u00eda Agron\u00f3mica \u2013 <em><strong><mark style=\"background-color:#fff;color:#ec8b03\" class=\"has-inline-color\">Nueva<\/mark><\/strong><\/em><\/p>\n\n\n\n<p>\u2666 <a href=\"https:\/\/www.coneau.gob.ar\/coneau\/wp-content\/uploads\/2020\/08\/IF-2020-50493513-APN-CONEAUME-Ordenanza-N%C2%B0-070.pdf\" target=\"_blank\" rel=\"noopener\" title=\"\"><strong>Ordenanza CONEAU N\u00b0 70<\/strong><\/a> | <a href=\"https:\/\/www.coneau.gob.ar\/archivos\/ordenanzas\/Orde070.pdf\" target=\"_blank\" rel=\"noopener\" title=\"\"><strong>RESFC-2020-241-APN-CONEAU#ME<\/strong><\/a><\/p>\n\n\n\n<p>\u2666 <strong>Formalizaci\u00f3n de la carrera:<\/strong> hasta el d\u00eda 31 de mayo de 2023 a trav\u00e9s de <a href=\"https:\/\/global.coneau.gob.ar\/coneauglobal\/\" target=\"_blank\" rel=\"noopener\" title=\"\">CONEAU Global.<\/a><\/p>\n\n\n\n<p>\u2666 <strong>Apertura de Expediente Electr\u00f3nico: <\/strong>hasta el 31 de mayo de 2023 a trav\u00e9s de <a href=\"https:\/\/tramitesadistancia.gob.ar\/tramitesadistancia\/inicio-publico\" target=\"_blank\" rel=\"noopener\" title=\"\">TAD<\/a>. Para obtener m\u00e1s informaci\u00f3n sobre este procedimiento <a href=\"https:\/\/www.coneau.gob.ar\/coneau\/acreditacion-de-carreras-2\/\" target=\"_blank\" rel=\"noopener\" title=\"\">click aqu\u00ed<\/a>.<\/p>\n\n\n\n<p>\u2666 Reuni\u00f3n virtual de consultas sobre los procedimientos y el formulario CONEAU Global: agosto 2023.<\/p>\n\n\n\n<p>\u2666 <strong>Presentaci\u00f3n del formulario CONEAU Global con la respectiva autoevaluaci\u00f3n: <\/strong>31 de marzo de 2025.<\/p>\n\n\n\n<p>\u2666 <a href=\"https:\/\/www.coneau.gob.ar\/coneau\/sistema-institucional-de-educacion-a-distancia-sied\/\" target=\"_blank\" rel=\"noopener\" title=\"\">Ver evaluaci\u00f3n SIED<\/a><\/p>\n\n\n\n<p>\u2666 <strong><a href=\"https:\/\/www.coneau.gob.ar\/ayuda\/\" target=\"_blank\" rel=\"noopener\" title=\"\">Consultar Tutoriales sobre CONEAU GLOBAL<\/a>.<\/strong><\/p>\n\n\n<div class=\"wp-block-image\">\n<figure class=\"alignleft size-full is-resized\"><a href=\"https:\/\/www.coneau.gob.ar\/coneau\/wp-content\/uploads\/2023\/07\/Publicaciones-2023.png\"><img decoding=\"async\" loading=\"lazy\" src=\"https:\/\/www.coneau.gob.ar\/coneau\/wp-content\/uploads\/2023\/07\/Publicaciones-2023.png\" alt=\"\" class=\"wp-image-10103\" width=\"60\" height=\"64\" srcset=\"https:\/\/www.coneau.gob.ar\/coneau\/wp-content\/uploads\/2023\/07\/Publicaciones-2023.png 348w, https:\/\/www.coneau.gob.ar\/coneau\/wp-content\/uploads\/2023\/07\/Publicaciones-2023-276x300.png 276w\" sizes=\"(max-width: 60px) 100vw, 60px\" \/><\/a><\/figure><\/div>\n\n\n<p><br><strong><a href=\"https:\/\/www.coneau.gob.ar\/coneau\/acreditacion-de-carreras\/carreras-de-grado\/convocatorias\/agronomia\/\" target=\"_blank\" rel=\"noopener\" title=\"\">Para acceder a la convocatoria Agronom\u00eda ARCU-SUR click aqu\u00ed<\/a><\/strong><\/p>\n\n\n\n<p><\/p>\n\n\n\n<p>Mesa de ayuda<\/p>\n\n\n\n<p>\u00c1rea de Sistemas (Consultas T\u00e9cnicas y de Instalaci\u00f3n)<\/p>\n\n\n\n<p>global@coneau.gob.ar<\/p>\n\n\n\n<p> \u00c1rea de Grado<\/p>\n\n\n\n<p><a href=\"mailto:agronomia@coneau.gob.ar\">agronomia@coneau.gob.ar<\/a> (Consultas de contenidos)<\/p>\n\n\n\n<p><a href=\"mailto:direcciongrado@coneau.gob.ar\">direcciongrado@coneau.gob.ar<\/a> (Consultas administrativas)<\/p>\n","protected":false},"excerpt":{"rendered":"<p>&nbsp;\u2666 Ingenier\u00eda Agron\u00f3mica |&nbsp;RS-2021-42726110-APN-ME&nbsp;&nbsp;\u2013&nbsp;Anexo 1&nbsp;\u2013&nbsp;Anexo 2&nbsp;\u2013&nbsp;Anexo 3 \u2013&nbsp;Anexo 4&nbsp;&nbsp;\u2013&nbsp; Convocatoria 2023 RESFC-2023-76-APN-CONEAU#ME\u2013 Convocatoria para carreras de Ingenier\u00eda Agron\u00f3mica \u2013 Nueva RESFC-2023-5457-APN-CONEAU#ME \u2013 Modificaci\u00f3n del cronograma para las carreras de Ingenier\u00eda Agron\u00f3mica \u2013 Nueva \u2666 Ordenanza CONEAU N\u00b0 70 | RESFC-2020-241-APN-CONEAU#ME \u2666 Formalizaci\u00f3n de la carrera: hasta el d\u00eda 31 de mayo de 2023 a trav\u00e9s &hellip; <a href=\"https:\/\/www.coneau.gob.ar\/coneau\/acreditacion-de-carreras\/carreras-de-grado\/convocatorias\/carreras\/ingenieria-agronomica\/\" class=\"more-link\">Seguir leyendo <span class=\"screen-reader-text\">Ingenier\u00eda Agron\u00f3mica<\/span> <span class=\"meta-nav\">&rarr;<\/span><\/a><\/p>\n","protected":false},"author":2,"featured_media":5696,"parent":355,"menu_order":6,"comment_status":"open","ping_status":"open","template":"template-carreras-grado-convocatorias.php","meta":[],"acf":[],"_links":{"self":[{"href":"https:\/\/www.coneau.gob.ar\/coneau\/wp-json\/wp\/v2\/pages\/582"}],"collection":[{"href":"https:\/\/www.coneau.gob.ar\/coneau\/wp-json\/wp\/v2\/pages"}],"about":[{"href":"https:\/\/www.coneau.gob.ar\/coneau\/wp-json\/wp\/v2\/types\/page"}],"author":[{"embeddable":true,"href":"https:\/\/www.coneau.gob.ar\/coneau\/wp-json\/wp\/v2\/users\/2"}],"replies":[{"embeddable":true,"href":"https:\/\/www.coneau.gob.ar\/coneau\/wp-json\/wp\/v2\/comments?post=582"}],"version-history":[{"count":24,"href":"https:\/\/www.coneau.gob.ar\/coneau\/wp-json\/wp\/v2\/pages\/582\/revisions"}],"predecessor-version":[{"id":10832,"href":"https:\/\/www.coneau.gob.ar\/coneau\/wp-json\/wp\/v2\/pages\/582\/revisions\/10832"}],"up":[{"embeddable":true,"href":"https:\/\/www.coneau.gob.ar\/coneau\/wp-json\/wp\/v2\/pages\/355"}],"wp:featuredmedia":[{"embeddable":true,"href":"https:\/\/www.coneau.gob.ar\/coneau\/wp-json\/wp\/v2\/media\/5696"}],"wp:attachment":[{"href":"https:\/\/www.coneau.gob.ar\/coneau\/wp-json\/wp\/v2\/media?parent=582"}],"curies":[{"name":"wp","href":"https:\/\/api.w.org\/{rel}","templated":true}]}}