{"id":575,"date":"2015-07-10T18:01:01","date_gmt":"2015-07-10T18:01:01","guid":{"rendered":"http:\/\/hakuna.com.ar\/projects\/coneau\/wordpress\/?page_id=575"},"modified":"2025-09-07T23:20:08","modified_gmt":"2025-09-08T02:20:08","slug":"informatica","status":"publish","type":"page","link":"https:\/\/www.coneau.gob.ar\/coneau\/acreditacion-de-carreras\/carreras-de-grado\/convocatorias\/carreras\/informatica\/","title":{"rendered":"Inform\u00e1tica"},"content":{"rendered":"<p><span style=\"font-weight: 400;\">\u2666<\/span><span style=\"font-weight: 400;\">\u00a0Ingenier\u00eda en Computaci\u00f3n |\u00a0<\/span><a href=\"https:\/\/www.coneau.gob.ar\/coneau\/wp-content\/uploads\/2021\/05\/RS-2021-42727810-APN-ME.pdf\"><b>RS-2021-42727810-APN-ME<\/b><\/a><b>\u00a0\u2013\u00a0<\/b><a href=\"https:\/\/www.coneau.gob.ar\/coneau\/wp-content\/uploads\/2021\/05\/IF-2021-32714249-APN-SECPUME-Anexo-1.pdf\"><b>Anexo 1<\/b><\/a><b>\u00a0\u2013\u00a0<\/b><a href=\"https:\/\/www.coneau.gob.ar\/coneau\/wp-content\/uploads\/2021\/05\/IF-2021-32715875-APN-SECPUME-Anexo-2.pdf\"><b>Anexo 2<\/b><\/a><b>\u00a0\u2013\u00a0<\/b><a href=\"https:\/\/www.coneau.gob.ar\/coneau\/wp-content\/uploads\/2021\/05\/IF-2021-32716601-APN-SECPUME-Anexo-3.pdf\"><b>Anexo 3<\/b><\/a><b>\u00a0\u2013\u00a0<\/b><a href=\"https:\/\/www.coneau.gob.ar\/coneau\/wp-content\/uploads\/2021\/05\/IF-2021-32718565-APN-SECPUME-Anexo-4.pdf\"><b>Anexo 4<\/b><\/a><b>\u00a0\u2013\u00a0<\/b><\/p>\n<p><span style=\"font-weight: 400;\">\u2666<\/span><span style=\"font-weight: 400;\"> Ingenier\u00eda en Sistemas de Informaci\u00f3n \u2013 Inform\u00e1tica | <\/span><a href=\"https:\/\/www.coneau.gob.ar\/archivos\/resoluciones\/RS-2025-72703791-APN-SE-MCH-IngSistemasinformacion-Informatica.pdf\"><span style=\"font-weight: 400;\"><strong>RESOL-2025-982-APN-SE#MCH<\/strong> ME<\/span><\/a><span style=\"font-weight: 400;\"> \u2013 <\/span><a href=\"https:\/\/www.coneau.gob.ar\/archivos\/resoluciones\/IF-2024-133956772-APN-SSPU-MCH-Anexo-Ing-Informacion-Informatica.pdf\"><span style=\"font-weight: 400;\">Anexo 1<\/span><\/a><span style=\"font-weight: 400;\"> \u2013<\/span><a href=\"https:\/\/www.coneau.gob.ar\/archivos\/resoluciones\/IF-2024-133957967-APN-SSPU-MCH-Anexo-Ing-Informacion-Informatica.pdf\"><span style=\"font-weight: 400;\"> Anexo 2<\/span><\/a><span style=\"font-weight: 400;\"> \u2013<\/span><a href=\"https:\/\/www.coneau.gob.ar\/archivos\/resoluciones\/IF-2024-133959135-APN-SSPU-MCH-Anexo-Ing-Informacion-Informatica.pdf\"><span style=\"font-weight: 400;\"> Anexo 3<\/span><\/a><span style=\"font-weight: 400;\"> \u2013 <\/span><a href=\"https:\/\/www.coneau.gob.ar\/archivos\/resoluciones\/IF-2024-133960382-APN-SSPU-MCH-Anexo-Ing-Informacion-Informatica.pdf\"><span style=\"font-weight: 400;\">Anexo 4 <\/span><\/a><span style=\"font-weight: 400;\">\u2013<\/span> <span style=\"color: #ff6600;\"><b><i>Nueva<\/i><\/b><\/span><\/p>\n<p><span style=\"font-weight: 400;\">\u2666<\/span><span style=\"font-weight: 400;\"> Licenciatura en Ciencias de la Computaci\u00f3n | <\/span><strong><a href=\"https:\/\/www.coneau.gob.ar\/archivos\/resoluciones\/RS-2025-72710047-APN-SE-MCH-LIC-CS-COMPUTACION.pdf\">RESOL-2025-986-APN-SE#MCH<\/a><\/strong><span style=\"font-weight: 400;\"> \u2013<\/span><a href=\"https:\/\/www.coneau.gob.ar\/archivos\/resoluciones\/IF-2024-134049892-APN-SSPU-MCH-ANEXO-LIC-CS-COMPUTACION.pdf\"><span style=\"font-weight: 400;\"> Anexo 1<\/span><\/a><span style=\"font-weight: 400;\"> \u2013 <\/span><a href=\"https:\/\/www.coneau.gob.ar\/archivos\/resoluciones\/IF-2024-134050499-APN-SSPU-MCH-%20ANEXO-LIC-CS-COMPUTACION.pdf\"><span style=\"font-weight: 400;\">Anexo 2 <\/span><\/a><span style=\"font-weight: 400;\">\u2013 <\/span><a href=\"https:\/\/www.coneau.gob.ar\/archivos\/resoluciones\/IF-2024-134051107-APN-SSPU-MCH-ANEXO-LIC-CS-COMPUTACION.pdf\"><span style=\"font-weight: 400;\">Anexo 3 <\/span><\/a><span style=\"font-weight: 400;\">\u2013<\/span><a href=\"https:\/\/www.coneau.gob.ar\/archivos\/resoluciones\/IF-2024-134051718-APN-SSPU-MCH-%20ANEXO-LIC-CS-COMPUTACION.pdf\"><span style=\"font-weight: 400;\"> Anexo 4<\/span><\/a><span style=\"font-weight: 400;\"> \u2013 <\/span><b><i>\u00a0<\/i><\/b><span style=\"color: #ff6600;\"><b><i>Nueva<\/i><\/b><\/span><\/p>\n<p><span style=\"font-weight: 400;\">\u2666<\/span><span style=\"font-weight: 400;\"> Licenciatura en Inform\u00e1tica | <\/span><strong><a href=\"https:\/\/www.coneau.gob.ar\/archivos\/resoluciones\/RS-2025-72747132-APN-SE-MCH-Lic-Informatica.pdf\">RESOL-2025-988-APN-SE#MCH<\/a><\/strong><span style=\"font-weight: 400;\"> \u2013 <\/span><a href=\"https:\/\/www.coneau.gob.ar\/archivos\/resoluciones\/IF-2024-134136421-APN-SSPU-MCH-Anexo-Lic-informatica.pdf\"><span style=\"font-weight: 400;\">Anexo 1<\/span><\/a><span style=\"font-weight: 400;\"> \u2013<\/span><a href=\"https:\/\/www.coneau.gob.ar\/archivos\/resoluciones\/IF-2024-134137142-APN-SSPU-MCH-Anexo-Lic-informatica.pdf\"><span style=\"font-weight: 400;\"> Anexo 2<\/span><\/a><span style=\"font-weight: 400;\"> \u2013<\/span><a href=\"https:\/\/www.coneau.gob.ar\/archivos\/resoluciones\/IF-2024-134137662-APN-SSPU-MCH-Anexo-Lic-informatica.pdf\"><span style=\"font-weight: 400;\"> Anexo 3<\/span><\/a><span style=\"font-weight: 400;\"> \u2013 <\/span><a href=\"https:\/\/www.coneau.gob.ar\/archivos\/resoluciones\/IF-2024-134138199-APN-SSPU-MCH-Anexo-Lic-informatica.pdf\"><span style=\"font-weight: 400;\">Anexo 4<\/span><\/a><span style=\"font-weight: 400;\"> \u2013 <\/span><b><i>\u00a0<\/i><\/b><span style=\"color: #ff6600;\"><b><i>Nueva<\/i><\/b><\/span><\/p>\n<p><span style=\"font-weight: 400;\">\u2666 Licenciatura en Sistemas \u2013 Sistemas de Informaci\u00f3n- An\u00e1lisis de Sistemas | <a href=\"https:\/\/www.coneau.gob.ar\/archivos\/resoluciones\/RS-2025-72702102-APN-SE-MCH-LicSistemas.pdf\"><strong>RESOL-2025-981-APN-SE#MCH<\/strong> <\/a>\u2013 <a href=\"https:\/\/www.coneau.gob.ar\/archivos\/resoluciones\/IF-2024-134117772-APN-SSPU-MCH-Anexo-Lic-Sistemas.pdf\">Anexo 1 <\/a>\u2013 <a href=\"https:\/\/www.coneau.gob.ar\/archivos\/resoluciones\/IF-2024-134118620-APN-SSPU-MCH-Anexo-Lic-Sistemas.pdf\">Anexo 2<\/a> \u2013 <a href=\"https:\/\/www.coneau.gob.ar\/archivos\/resoluciones\/IF-2024-134119305-APN-SSPU-MCH-Anexo-Lic-Sistemas.pdf\">Anexo 3<\/a> \u2013 <a href=\"https:\/\/www.coneau.gob.ar\/archivos\/resoluciones\/IF-2024-134119876-APN-SSPU-MCH-Anexo-Lic-Sistemas.pdf\">Anexo 4 <\/a>\u2013 <span style=\"color: #ff6600;\"><b><i>Nueva<\/i><\/b><\/span><\/span><\/p>\n<h4><strong>Convocatoria 2022<\/strong><\/h4>\n<p><a href=\"https:\/\/www.coneau.gob.ar\/coneau\/wp-content\/uploads\/2022\/05\/RS-2022-46999747-APN-CONEAUME-1.pdf\" target=\"_blank\" rel=\"noopener noreferrer\"><strong>RESFC-2022-149-APN-CONEAU#ME<\/strong> \u2013 <\/a>Convocatoria para la acreditaci\u00f3n de carreras de Ingenier\u00eda. Alcances y cronograma.<\/p>\n<p><span style=\"font-weight: 400;\"><strong><a href=\"https:\/\/www.coneau.gob.ar\/coneau\/wp-content\/uploads\/2023\/11\/RS-2023-133845809-APN-CONEAUME.pdf\">RESFC-2023-492-APN-CONEAU#ME<\/a><\/strong> &#8211; Cronograma para la presentaci\u00f3n de las carreras de Ingenier\u00eda e Inform\u00e1tica\u00a0<\/span><\/p>\n<p><a href=\"https:\/\/www.coneau.gob.ar\/archivos\/resoluciones\/RS-2024-117963335-APN-CONEAU-MCH.pdf\"><strong>RESFC-2024-217-APN-CONEAU#MCH<\/strong> &#8211; <\/a>Modificaci\u00f3n del cronograma para la presentaci\u00f3n de las carreras de Ingenier\u00eda e Inform\u00e1tica<\/p>\n<p><strong><a href=\"https:\/\/coneau.gob.ar\/archivos\/resoluciones\/RS-2025-87942126-APN-CONEAU-MCH-Ing-Informatica.pdf\">RESFC-2025-262-APN-CONEAU#MCH &#8211; <\/a><\/strong><span style=\"color: #2c8e9c;\">Cronograma para carreras correspondientes a la tercera etapa y convocatoria de acreditaci\u00f3n para las carreras de Licenciatura en An\u00e1lisis de Sistemas.\u00a0<\/span> <b><span style=\"color: #ff6600;\"><i>Nueva<\/i><\/span><\/b><\/p>\n<p><strong>\u2666 <a href=\"https:\/\/www.coneau.gob.ar\/archivos\/ordenanzas\/Orde75.pdf\">Ordenanza CONEAU N\u00ba75<\/a><\/strong><\/p>\n<p><strong>\u2666\u00a0<a href=\"https:\/\/www.coneau.gob.ar\/coneau\/wp-content\/uploads\/2020\/08\/IF-2020-50493513-APN-CONEAUME-Ordenanza-N%C2%B0-070.pdf\" target=\"_blank\" rel=\"noopener noreferrer\">Ordenanza CONEAU N\u00b0 70<\/a>\u00a0|\u00a0<\/strong><a href=\"https:\/\/www.coneau.gob.ar\/archivos\/ordenanzas\/Orde070.pdf\" target=\"_blank\" rel=\"noopener noreferrer\">RESFC-2020-241-APN-CONEAU#ME<\/a><\/p>\n<h6><span style=\"font-weight: 400;\"><span style=\"color: #003300;\">PARA CARRERAS CORRESPONDIENTES A TERCERA ETAPA:<\/span><\/span><\/h6>\n<p><span style=\"font-weight: 400;\">\u2666<\/span><b> Formalizaci\u00f3n: <\/b>hasta el 30 de noviembre. A<span style=\"font-weight: 400;\">\u00a0trav\u00e9s de<\/span><span style=\"font-weight: 400;\">\u00a0<\/span><a href=\"https:\/\/global.coneau.gob.ar\/coneauglobal\/\"><b>CONEAU Global<\/b><span style=\"font-weight: 400;\">.<\/span><\/a><\/p>\n<p><span style=\"font-weight: 400;\">\u2666<\/span><span style=\"font-weight: 400;\">\u00a0<\/span><b>Apertura del expediente electr\u00f3nico:<\/b><span style=\"font-weight: 400;\"> hasta el 30 de noviembre. A trav\u00e9s de<\/span><a href=\"about:blank\"><b>\u00a0TAD<\/b><\/a><span style=\"font-weight: 400;\">.<\/span><span style=\"font-weight: 400;\">\u00a0Para obtener m\u00e1s informaci\u00f3n sobre este procedimiento<\/span><a href=\"https:\/\/www.coneau.gob.ar\/coneau\/acreditacion-de-carreras-2\/\"><span style=\"font-weight: 400;\">\u00a0<\/span><b>click aqu\u00ed<\/b><span style=\"font-weight: 400;\">.<\/span><\/a><\/p>\n<p><span style=\"font-weight: 400;\">\u2666 <strong>Taller de autoevaluaci\u00f3n<\/strong>: por Zoom. Fecha a confirmar.<\/span><\/p>\n<p><span style=\"font-weight: 400;\">\u2666<\/span><b>\u00a0Ficha docente:<\/b><span style=\"font-weight: 400;\">\u00a0a trav\u00e9s de\u00a0<\/span><a href=\"https:\/\/global.coneau.gob.ar\/coneauglobal\/\"><b>CONEAU Global<\/b><span style=\"font-weight: 400;\">.<\/span><\/a><\/p>\n<p><span style=\"font-weight: 400;\">\u2666<\/span><span style=\"font-weight: 400;\"><strong> Presentaci\u00f3n de autoevaluaci\u00f3n:<\/strong> hasta el 15 de diciembre de 2026.\u00a0 A trav\u00e9s de CONEAU Global.<\/span><\/p>\n<h6><span style=\"color: #003300;\">PARA CARRERAS CORRESPONDIENTES A SEGUNDA ETAPA:<\/span><\/h6>\n<p><span style=\"color: #003300;\"><strong>\u21d2 Carreras pertenecientes a CPRES Centro, Sur y Noroeste:<\/strong> hasta el 15 de diciembre de 2025<\/span><\/p>\n<p><b>Para ir a la convocatoria de Inform\u00e1tica ARCU-SUR, hacer clic <a href=\"https:\/\/www.coneau.gob.ar\/coneau\/acreditacion-regional\/\">aqu\u00ed.<\/a><\/b><b>\u00a0<\/b><\/p>\n<p><span style=\"font-weight: 400;\">\u2666<\/span><span style=\"font-weight: 400;\">\u00a0<\/span><a href=\"https:\/\/www.coneau.gob.ar\/?page_id=3525\"><b>Ver evaluaci\u00f3n de SIED<\/b><\/a><\/p>\n<p><span style=\"font-weight: 400;\">\u2666<\/span><span style=\"font-weight: 400;\">\u00a0<\/span><a href=\"https:\/\/www.coneau.gob.ar\/ayuda\/\"><span style=\"font-weight: 400;\">Consultar<\/span><b> Tutoriales sobre CONEAU GLOBA<\/b><\/a><\/p>\n<p><b>Mesa de ayuda<br \/>\nConsultas de contenido <span style=\"font-weight: 400;\">informatica@coneau.gob.ar <\/span><br \/>\nConsultas administrativas <span style=\"font-weight: 400;\">acreditaciongrado@coneau.gob.ar<br \/>\n<\/span><\/b><b>\u00c1rea de Sistemas<\/b><span style=\"font-weight: 400;\"> (Consultas T\u00e9cnicas) <\/span><a href=\"mailto:global@coneau.gob.ar\"><span style=\"font-weight: 400;\">global@coneau.gob.ar<\/span><\/a><\/p>\n","protected":false},"excerpt":{"rendered":"<p>\u2666\u00a0Ingenier\u00eda en Computaci\u00f3n |\u00a0RS-2021-42727810-APN-ME\u00a0\u2013\u00a0Anexo 1\u00a0\u2013\u00a0Anexo 2\u00a0\u2013\u00a0Anexo 3\u00a0\u2013\u00a0Anexo 4\u00a0\u2013\u00a0 \u2666 Ingenier\u00eda en Sistemas de Informaci\u00f3n \u2013 Inform\u00e1tica | RESOL-2025-982-APN-SE#MCH ME \u2013 Anexo 1 \u2013 Anexo 2 \u2013 Anexo 3 \u2013 Anexo 4 \u2013 Nueva \u2666 Licenciatura en Ciencias de la Computaci\u00f3n | RESOL-2025-986-APN-SE#MCH \u2013 Anexo 1 \u2013 Anexo 2 \u2013 Anexo 3 \u2013 Anexo 4 \u2013 &hellip; <a href=\"https:\/\/www.coneau.gob.ar\/coneau\/acreditacion-de-carreras\/carreras-de-grado\/convocatorias\/carreras\/informatica\/\" class=\"more-link\">Seguir leyendo <span class=\"screen-reader-text\">Inform\u00e1tica<\/span> <span class=\"meta-nav\">&rarr;<\/span><\/a><\/p>\n","protected":false},"author":2,"featured_media":1618,"parent":355,"menu_order":4,"comment_status":"open","ping_status":"open","template":"template-carreras-grado-convocatorias.php","meta":[],"acf":[],"_links":{"self":[{"href":"https:\/\/www.coneau.gob.ar\/coneau\/wp-json\/wp\/v2\/pages\/575"}],"collection":[{"href":"https:\/\/www.coneau.gob.ar\/coneau\/wp-json\/wp\/v2\/pages"}],"about":[{"href":"https:\/\/www.coneau.gob.ar\/coneau\/wp-json\/wp\/v2\/types\/page"}],"author":[{"embeddable":true,"href":"https:\/\/www.coneau.gob.ar\/coneau\/wp-json\/wp\/v2\/users\/2"}],"replies":[{"embeddable":true,"href":"https:\/\/www.coneau.gob.ar\/coneau\/wp-json\/wp\/v2\/comments?post=575"}],"version-history":[{"count":69,"href":"https:\/\/www.coneau.gob.ar\/coneau\/wp-json\/wp\/v2\/pages\/575\/revisions"}],"predecessor-version":[{"id":12998,"href":"https:\/\/www.coneau.gob.ar\/coneau\/wp-json\/wp\/v2\/pages\/575\/revisions\/12998"}],"up":[{"embeddable":true,"href":"https:\/\/www.coneau.gob.ar\/coneau\/wp-json\/wp\/v2\/pages\/355"}],"wp:featuredmedia":[{"embeddable":true,"href":"https:\/\/www.coneau.gob.ar\/coneau\/wp-json\/wp\/v2\/media\/1618"}],"wp:attachment":[{"href":"https:\/\/www.coneau.gob.ar\/coneau\/wp-json\/wp\/v2\/media?parent=575"}],"curies":[{"name":"wp","href":"https:\/\/api.w.org\/{rel}","templated":true}]}}