{"id":49,"date":"2015-05-26T18:14:23","date_gmt":"2015-05-26T18:14:23","guid":{"rendered":"http:\/\/hakuna.com.ar\/projects\/coneau\/wordpress\/?page_id=49"},"modified":"2025-09-26T11:27:26","modified_gmt":"2025-09-26T14:27:26","slug":"registro-de-expertos","status":"publish","type":"page","link":"https:\/\/www.coneau.gob.ar\/coneau\/registro-de-expertos\/","title":{"rendered":"Registro de Expertos"},"content":{"rendered":"<p>De acuerdo con lo estipulado en el <a href=\"http:\/\/servicios.infoleg.gob.ar\/infolegInternet\/anexos\/30000-34999\/33754\/texact.htm\" target=\"_blank\" rel=\"noopener noreferrer\"><strong>art. 16 del Decreto Reglamentario 173\/96 de la Ley de Educaci\u00f3n Superior N\u00ba 24.521, <\/strong><\/a>durante la 5\u00ba sesi\u00f3n ordinaria de la Comisi\u00f3n Nacional de Evaluaci\u00f3n y Acreditaci\u00f3n Universitaria ( 21 y 22 de octubre de 1996) se decidi\u00f3 la conformaci\u00f3n del <strong>Registro de Expertos de CONEAU<\/strong>.<\/p>\n<p>El <strong>Registro de Expertos<\/strong> es una base de datos que contiene informaci\u00f3n de expertos agrupados por disciplinas, subdisciplinas y especialidades, que permite realizar b\u00fasquedas por perfiles para la conformaci\u00f3n de Comisiones Asesoras y Comit\u00e9s de Pares.<\/p>\n<p>La postulaci\u00f3n al Registro podr\u00e1 realizarse a trav\u00e9s de un breve formulario online que se encuentra disponible desde este sitio web. El mismo constituye una nueva modalidad de ingreso que complementa la postulaci\u00f3n de expertos que realizan las instituciones universitarias, Comisiones Asesoras y asociaciones cient\u00edficas y profesionales ante la consulta que realiza regularmente la CONEAU.<\/p>\n\n\n<div class=\"wp-block-buttons is-layout-flex\">\n<div class=\"wp-block-button has-custom-width wp-block-button__width-50 has-custom-font-size has-small-font-size\"><a class=\"wp-block-button__link has-background wp-element-button\" href=\"https:\/\/global.coneau.gob.ar\/coneauglobal\/evaluadores\/postulacion.aspx\" style=\"background-color:#1f7899\" target=\"_blank\" rel=\"noreferrer noopener\">formulario de postulaci\u00f3n al registro de expertos<\/a><\/div>\n<\/div>\n\n\n\n<div style=\"height:59px\" aria-hidden=\"true\" class=\"wp-block-spacer\"><\/div>\n","protected":false},"excerpt":{"rendered":"<p>De acuerdo con lo estipulado en el art. 16 del Decreto Reglamentario 173\/96 de la Ley de Educaci\u00f3n Superior N\u00ba 24.521, durante la 5\u00ba sesi\u00f3n ordinaria de la Comisi\u00f3n Nacional de Evaluaci\u00f3n y Acreditaci\u00f3n Universitaria ( 21 y 22 de octubre de 1996) se decidi\u00f3 la conformaci\u00f3n del Registro de Expertos de CONEAU. El Registro &hellip; <a href=\"https:\/\/www.coneau.gob.ar\/coneau\/registro-de-expertos\/\" class=\"more-link\">Seguir leyendo <span class=\"screen-reader-text\">Registro de Expertos<\/span> <span class=\"meta-nav\">&rarr;<\/span><\/a><\/p>\n","protected":false},"author":2,"featured_media":1199,"parent":0,"menu_order":14,"comment_status":"open","ping_status":"closed","template":"","meta":[],"acf":[],"_links":{"self":[{"href":"https:\/\/www.coneau.gob.ar\/coneau\/wp-json\/wp\/v2\/pages\/49"}],"collection":[{"href":"https:\/\/www.coneau.gob.ar\/coneau\/wp-json\/wp\/v2\/pages"}],"about":[{"href":"https:\/\/www.coneau.gob.ar\/coneau\/wp-json\/wp\/v2\/types\/page"}],"author":[{"embeddable":true,"href":"https:\/\/www.coneau.gob.ar\/coneau\/wp-json\/wp\/v2\/users\/2"}],"replies":[{"embeddable":true,"href":"https:\/\/www.coneau.gob.ar\/coneau\/wp-json\/wp\/v2\/comments?post=49"}],"version-history":[{"count":12,"href":"https:\/\/www.coneau.gob.ar\/coneau\/wp-json\/wp\/v2\/pages\/49\/revisions"}],"predecessor-version":[{"id":13109,"href":"https:\/\/www.coneau.gob.ar\/coneau\/wp-json\/wp\/v2\/pages\/49\/revisions\/13109"}],"wp:featuredmedia":[{"embeddable":true,"href":"https:\/\/www.coneau.gob.ar\/coneau\/wp-json\/wp\/v2\/media\/1199"}],"wp:attachment":[{"href":"https:\/\/www.coneau.gob.ar\/coneau\/wp-json\/wp\/v2\/media?parent=49"}],"curies":[{"name":"wp","href":"https:\/\/api.w.org\/{rel}","templated":true}]}}