{"id":479,"date":"2015-07-06T17:20:15","date_gmt":"2015-07-06T17:20:15","guid":{"rendered":"http:\/\/hakuna.com.ar\/projects\/coneau\/wordpress\/?page_id=479"},"modified":"2018-08-06T13:28:22","modified_gmt":"2018-08-06T16:28:22","slug":"cursos-por-convenio","status":"publish","type":"page","link":"https:\/\/www.coneau.gob.ar\/coneau\/formacion\/cursos-por-convenio\/","title":{"rendered":"Cursos por Convenio"},"content":{"rendered":"<h3><span style=\"color: #3771b0;\"><strong>Cursos a medida para instituciones universitarias<\/strong><\/span><\/h3>\n<p style=\"text-align: justify;\">Es una variante del curso regular.\u00a0<span style=\"line-height: 1.5;\">Puede abarcar una o varias instituciones y se organiza en cada caso particular a pedido de las instituciones.<\/span><\/p>\n<p style=\"text-align: justify;\"><span style=\"line-height: 1.5;\"> Los contenidos tem\u00e1ticos del Curso pueden ajustarse en funci\u00f3n de las necesidades y objetivos de las instituciones que lo requieran.<\/span><\/p>\n<p style=\"text-align: justify;\">Las instituciones destinatarias seleccionan a los participantes y proponen la sede. Un objetivo particular de este tipo de capacitaci\u00f3n es potenciar el aprovechamiento de las experiencias de auto evaluaci\u00f3n y los diagn\u00f3sticos sobre la calidad obtenidos con la participaci\u00f3n de pares externos para el planeamiento \/ desarrollo o mejoramiento institucional.<\/p>\n<p style=\"text-align: justify;\">Los m\u00f3dulos a dictar se seleccionan en acuerdo con la instituci\u00f3n o las instituciones que demandan el Curso.<\/p>\n","protected":false},"excerpt":{"rendered":"<p>Cursos a medida para instituciones universitarias Es una variante del curso regular.\u00a0Puede abarcar una o varias instituciones y se organiza en cada caso particular a pedido de las instituciones. Los contenidos tem\u00e1ticos del Curso pueden ajustarse en funci\u00f3n de las necesidades y objetivos de las instituciones que lo requieran. Las instituciones destinatarias seleccionan a los &hellip; <a href=\"https:\/\/www.coneau.gob.ar\/coneau\/formacion\/cursos-por-convenio\/\" class=\"more-link\">Seguir leyendo <span class=\"screen-reader-text\">Cursos por Convenio<\/span> <span class=\"meta-nav\">&rarr;<\/span><\/a><\/p>\n","protected":false},"author":2,"featured_media":4263,"parent":21,"menu_order":1,"comment_status":"open","ping_status":"open","template":"template-formaciones.php","meta":[],"acf":[],"_links":{"self":[{"href":"https:\/\/www.coneau.gob.ar\/coneau\/wp-json\/wp\/v2\/pages\/479"}],"collection":[{"href":"https:\/\/www.coneau.gob.ar\/coneau\/wp-json\/wp\/v2\/pages"}],"about":[{"href":"https:\/\/www.coneau.gob.ar\/coneau\/wp-json\/wp\/v2\/types\/page"}],"author":[{"embeddable":true,"href":"https:\/\/www.coneau.gob.ar\/coneau\/wp-json\/wp\/v2\/users\/2"}],"replies":[{"embeddable":true,"href":"https:\/\/www.coneau.gob.ar\/coneau\/wp-json\/wp\/v2\/comments?post=479"}],"version-history":[{"count":4,"href":"https:\/\/www.coneau.gob.ar\/coneau\/wp-json\/wp\/v2\/pages\/479\/revisions"}],"predecessor-version":[{"id":1257,"href":"https:\/\/www.coneau.gob.ar\/coneau\/wp-json\/wp\/v2\/pages\/479\/revisions\/1257"}],"up":[{"embeddable":true,"href":"https:\/\/www.coneau.gob.ar\/coneau\/wp-json\/wp\/v2\/pages\/21"}],"wp:featuredmedia":[{"embeddable":true,"href":"https:\/\/www.coneau.gob.ar\/coneau\/wp-json\/wp\/v2\/media\/4263"}],"wp:attachment":[{"href":"https:\/\/www.coneau.gob.ar\/coneau\/wp-json\/wp\/v2\/media?parent=479"}],"curies":[{"name":"wp","href":"https:\/\/api.w.org\/{rel}","templated":true}]}}