{"id":477,"date":"2015-07-06T17:19:32","date_gmt":"2015-07-06T17:19:32","guid":{"rendered":"http:\/\/hakuna.com.ar\/projects\/coneau\/wordpress\/?page_id=477"},"modified":"2019-02-08T16:35:02","modified_gmt":"2019-02-08T19:35:02","slug":"cursos-regulares","status":"publish","type":"page","link":"https:\/\/www.coneau.gob.ar\/coneau\/formacion\/cursos-regulares\/","title":{"rendered":"Cursos regulares"},"content":{"rendered":"<h3><strong><span style=\"color: #3771b0;\">Curso Regular de Formaci\u00f3n Profesional en Evaluaci\u00f3n y Acreditaci\u00f3n Universitaria<\/span><\/strong><\/h3>\n<p style=\"text-align: justify;\">Este Curso se ha convertido en una actividad constante de la CONEAU desde 2004 y se ha procurado absorber la totalidad de una demanda creciente a\u00f1o a a\u00f1o.<\/p>\n<p style=\"text-align: justify;\">En total, se\u00a0 brindaron oportunidades de formaci\u00f3n a unos 1500 postulantes, quienes contaron con el aval de las autoridades de su instituci\u00f3n universitaria de pertenencia. Desde su origen adem\u00e1s, ha estado abierto a la participaci\u00f3n de extranjeros.<\/p>\n<p><strong><div class=\"panel panel-default\">\n                <div class=\"panel-heading\" role=\"tab\" id=\"headingOne\">\n                    <h4 class=\"panel-title\">\n                        <a data-toggle=\"collapse\" data-parent=\"#accordion-0\" href=\"#acc-2\" aria-expanded=\"true\" aria-controls=\"collapseOne\">\n                            <i class=\"fa fa-arrow-down\"><\/i> <\/strong><strong>\u00bfC\u00f3mo se estructura el curso?\n                        <\/a>\n                    <\/h4>\n                <\/div>\n                <div id=\"acc-2\" class=\"panel-collapse collapse \" role=\"tabpanel\" aria-labelledby=\"headingOne\">\n                    <div class=\"panel-body\"><\/strong><\/p>\n<p>Este Curso est\u00e1 estructurado en <strong>2 fases<\/strong>.<\/p>\n<p>Una fase no presencial de 4 semanas y una fase presencial de una semana intensiva.<\/p>\n<p>Se desarrollan contenidos de los <strong>m\u00f3dulos 1 a 5 y 7<\/strong>:<\/p>\n<p><strong>Fase no presencial<\/strong>:<\/p>\n<p>&#8211; Sistemas de evaluaci\u00f3n y acreditaci\u00f3n comparados<\/p>\n<p><strong>Fase presencial:<\/strong><\/p>\n<p>&#8211; Proyectos Institucionales<\/p>\n<p>&#8211; Evaluaci\u00f3n Institucional<\/p>\n<p>&#8211; Acreditaci\u00f3n de carreras de grado<\/p>\n<p>&#8211; Acreditaci\u00f3n de carreras de posgrado<\/p>\n<p>&#8211; Aspectos internacionales del sistema de evaluaci\u00f3n y acreditaci\u00f3n<\/p>\n<p><\/div>\n                <\/div>\n            <\/div><\/p>\n<h4><strong><span style=\"color: #3366ff;\"><a style=\"color: #3366ff;\" href=\"https:\/\/www.coneau.gob.ar\/?page_id=1734\">Ediciones 2016<\/a><\/span><\/strong><\/h4>\n","protected":false},"excerpt":{"rendered":"<p>Curso Regular de Formaci\u00f3n Profesional en Evaluaci\u00f3n y Acreditaci\u00f3n Universitaria Este Curso se ha convertido en una actividad constante de la CONEAU desde 2004 y se ha procurado absorber la totalidad de una demanda creciente a\u00f1o a a\u00f1o. En total, se\u00a0 brindaron oportunidades de formaci\u00f3n a unos 1500 postulantes, quienes contaron con el aval de &hellip; <a href=\"https:\/\/www.coneau.gob.ar\/coneau\/formacion\/cursos-regulares\/\" class=\"more-link\">Seguir leyendo <span class=\"screen-reader-text\">Cursos regulares<\/span> <span class=\"meta-nav\">&rarr;<\/span><\/a><\/p>\n","protected":false},"author":2,"featured_media":1082,"parent":21,"menu_order":0,"comment_status":"open","ping_status":"open","template":"template-formaciones.php","meta":[],"acf":[],"_links":{"self":[{"href":"https:\/\/www.coneau.gob.ar\/coneau\/wp-json\/wp\/v2\/pages\/477"}],"collection":[{"href":"https:\/\/www.coneau.gob.ar\/coneau\/wp-json\/wp\/v2\/pages"}],"about":[{"href":"https:\/\/www.coneau.gob.ar\/coneau\/wp-json\/wp\/v2\/types\/page"}],"author":[{"embeddable":true,"href":"https:\/\/www.coneau.gob.ar\/coneau\/wp-json\/wp\/v2\/users\/2"}],"replies":[{"embeddable":true,"href":"https:\/\/www.coneau.gob.ar\/coneau\/wp-json\/wp\/v2\/comments?post=477"}],"version-history":[{"count":13,"href":"https:\/\/www.coneau.gob.ar\/coneau\/wp-json\/wp\/v2\/pages\/477\/revisions"}],"predecessor-version":[{"id":4793,"href":"https:\/\/www.coneau.gob.ar\/coneau\/wp-json\/wp\/v2\/pages\/477\/revisions\/4793"}],"up":[{"embeddable":true,"href":"https:\/\/www.coneau.gob.ar\/coneau\/wp-json\/wp\/v2\/pages\/21"}],"wp:featuredmedia":[{"embeddable":true,"href":"https:\/\/www.coneau.gob.ar\/coneau\/wp-json\/wp\/v2\/media\/1082"}],"wp:attachment":[{"href":"https:\/\/www.coneau.gob.ar\/coneau\/wp-json\/wp\/v2\/media?parent=477"}],"curies":[{"name":"wp","href":"https:\/\/api.w.org\/{rel}","templated":true}]}}