{"id":45,"date":"2015-05-26T18:13:55","date_gmt":"2015-05-26T18:13:55","guid":{"rendered":"http:\/\/hakuna.com.ar\/projects\/coneau\/wordpress\/?page_id=45"},"modified":"2024-08-08T10:01:25","modified_gmt":"2024-08-08T13:01:25","slug":"sitios-de-interes","status":"publish","type":"page","link":"https:\/\/www.coneau.gob.ar\/coneau\/sitios-de-interes\/","title":{"rendered":"Sitios de Inter\u00e9s"},"content":{"rendered":"<p><strong><div class=\"panel panel-default\">\n                <div class=\"panel-heading\" role=\"tab\" id=\"headingOne\">\n                    <h4 class=\"panel-title\">\n                        <a data-toggle=\"collapse\" data-parent=\"#accordion-0\" href=\"#acc-2\" aria-expanded=\"true\" aria-controls=\"collapseOne\">\n                            <i class=\"fa fa-arrow-down\"><\/i> <\/strong><strong>Argentina\n                        <\/a>\n                    <\/h4>\n                <\/div>\n                <div id=\"acc-2\" class=\"panel-collapse collapse \" role=\"tabpanel\" aria-labelledby=\"headingOne\">\n                    <div class=\"panel-body\"><\/strong><\/p>\n<p><strong>&#8211;<a href=\"https:\/\/www.argentina.gob.ar\/educacion\" target=\"_blank\" rel=\"noopener\"> Ministerio de Capital Humano &#8211; Secretar\u00eda de Educaci\u00f3n<\/a><\/strong><\/p>\n<p>&#8211; <a href=\"https:\/\/www.argentina.gob.ar\/capital-humano\/educacion\/universidades\" target=\"_blank\" rel=\"noopener\"><strong>Subsecretar\u00eda de Pol\u00edticas Universitarias<\/strong><\/a><\/p>\n<p><strong>&#8211;<a href=\"https:\/\/www.argentina.gob.ar\/ciencia\" target=\"_blank\" rel=\"noopener\"> Subsecretar\u00eda de Ciencia, Tecnolog\u00eda e Innovaci\u00f3n Productiva<\/a><\/strong><\/p>\n<p>&#8211; <strong><a href=\"http:\/\/titulosoficiales.siu.edu.ar\/\" target=\"_blank\" rel=\"noopener\">Buscador de t\u00edtulos oficiales universitarios<\/a><\/strong><\/p>\n<p>&#8211; <a href=\"https:\/\/www.argentina.gob.ar\/educacion\/universidades\/informacion\" target=\"_blank\" rel=\"noopener\"><strong>Departamento de Informaci\u00f3n Universitaria<\/strong><\/a><\/p>\n<p>&#8211; <strong><a href=\"https:\/\/www.cin.edu.ar\/\" target=\"_blank\" rel=\"noopener\">Consejo Interuniversitario Nacional<\/a><\/strong><\/p>\n<p><em>&#8211; <\/em><a href=\"https:\/\/www.crup.org.ar\/\" target=\"_blank\" rel=\"noopener\"><strong>Consejo de Rectores de Universidades Privadas<\/strong><\/a><\/p>\n<p><strong>&#8211;\u00a0<a href=\"http:\/\/www.riu.edu.ar\/\" target=\"_blank\" rel=\"noopener\">Asociaci\u00f3n Redes de Interconexi\u00f3n Universitaria<\/a><\/strong><\/p>\n<p><strong>&#8211;\u00a0<a href=\"http:\/\/estudiarenargentina.siu.edu.ar\/\" target=\"_blank\" rel=\"noopener\">Estudiar en Argentina<\/a><\/strong><\/p>\n<p><strong>&#8211;\u00a0<a href=\"http:\/\/www.universia.com.ar\/\" target=\"_blank\" rel=\"noopener\">Universia<\/a><\/strong><\/p>\n<p><\/div>\n                <\/div>\n            <\/div><\/p>\n<p><strong><div class=\"panel panel-default\">\n                <div class=\"panel-heading\" role=\"tab\" id=\"headingOne\">\n                    <h4 class=\"panel-title\">\n                        <a data-toggle=\"collapse\" data-parent=\"#accordion-0\" href=\"#acc-3\" aria-expanded=\"true\" aria-controls=\"collapseOne\">\n                            <i class=\"fa fa-arrow-down\"><\/i> <\/strong><strong>Internacional\n                        <\/a>\n                    <\/h4>\n                <\/div>\n                <div id=\"acc-3\" class=\"panel-collapse collapse \" role=\"tabpanel\" aria-labelledby=\"headingOne\">\n                    <div class=\"panel-body\"><\/strong><\/p>\n<p><strong>&#8211;\u00a0<a href=\"http:\/\/www.oei.es\/\" target=\"_blank\" rel=\"noopener\">Organizaci\u00f3n de Estados Iberoamericanos para la Educaci\u00f3n, la Ciencia y la Cultura (OEI)<\/a><\/strong><\/p>\n<p><strong>&#8211;\u00a0<a href=\"http:\/\/portal.mec.gov.br\/\" target=\"_blank\" rel=\"noopener\">Ministerio de Educaci\u00f3n de Brasil<\/a><\/strong><\/p>\n<p><strong>&#8211;\u00a0<a href=\"http:\/\/www.mec.gub.uy\/\" target=\"_blank\" rel=\"noopener\">Ministerio de Educaci\u00f3n del Uruguay<\/a><\/strong><\/p>\n<p><strong>&#8211;\u00a0<a href=\"http:\/\/www.mineduc.cl\/\" target=\"_blank\" rel=\"noopener\">Ministerio de Educaci\u00f3n de Chile<\/a><\/strong><\/p>\n<p><strong>&#8211;\u00a0<a href=\"http:\/\/www.mec.gov.py\/\" target=\"_blank\" rel=\"noopener\">Ministerio de Educaci\u00f3n de Paraguay<\/a><\/strong><\/p>\n<p><strong>&#8211;\u00a0<a href=\"http:\/\/www.sic.inep.gov.br\/\" target=\"_blank\" rel=\"noopener\">Mercosur Educativo<\/a><\/strong><\/p>\n<p><strong>\u00a0&#8211;<a href=\"http:\/\/www.educacion.es\/\" target=\"_blank\" rel=\"noopener\">Ministerio de Educaci\u00f3n de Espa\u00f1a<\/a><\/strong><\/p>\n<p><strong>&#8211;\u00a0<a href=\"http:\/\/www.seescyt.gov.do\/\" target=\"_blank\" rel=\"noopener\">Secretaria de Estado de Educaci\u00f3n Superior, Ciencia y Tecnolog\u00eda de la\u00a0Rep\u00fablica\u00a0Dominicana<\/a><\/strong><\/p>\n<p><strong>&#8211;\u00a0<a href=\"http:\/\/www.iesalc.unesco.org.ve\/\" target=\"_blank\" rel=\"noopener\">Instituto Internacional de la UNESCO para la Educaci\u00f3n Superior en Am\u00e9rica Latina y el Caribe<\/a><\/strong><\/p>\n<p><strong>&#8211;\u00a0<a href=\"http:\/\/www.educoea.org\/\" target=\"_blank\" rel=\"noopener\">Portal Educativo de las Am\u00e9ricas<\/a><\/strong><\/p>\n<p><\/div>\n                <\/div>\n            <\/div><\/p>\n<p><strong><div class=\"panel panel-default\">\n                <div class=\"panel-heading\" role=\"tab\" id=\"headingOne\">\n                    <h4 class=\"panel-title\">\n                        <a data-toggle=\"collapse\" data-parent=\"#accordion-0\" href=\"#acc-4\" aria-expanded=\"true\" aria-controls=\"collapseOne\">\n                            <i class=\"fa fa-arrow-down\"><\/i> <\/strong><strong>Agencias evaluadoras y\/o acreditadoras en el mundo\n                        <\/a>\n                    <\/h4>\n                <\/div>\n                <div id=\"acc-4\" class=\"panel-collapse collapse \" role=\"tabpanel\" aria-labelledby=\"headingOne\">\n                    <div class=\"panel-body\"><\/strong><\/p>\n<p>&#8211;<strong>\u00a0<a href=\"http:\/\/www.copaes.org.mx\/\" target=\"_blank\" rel=\"noopener\">Consejo para la Acreditaci\u00f3n de la Educaci\u00f3n Superior &#8211; M\u00e9xico (COPAES)<\/a><\/strong><\/p>\n<p><strong>&#8211;\u00a0<a href=\"http:\/\/www.institutodeevaluacion.mec.es\/\" target=\"_blank\" rel=\"noopener\">Instituto Nacional de Calidad y Evaluaci\u00f3n en Espa\u00f1a (INCE)<\/a><\/strong><\/p>\n<p><strong>&#8211;\u00a0<a href=\"http:\/\/www.aneca.es\/\" target=\"_blank\" rel=\"noopener\">Agencia Nacional de Evaluaci\u00f3n de la Calidad y Acreditaci\u00f3n &#8211; Espa\u00f1a (ANECA)<\/a><\/strong><\/p>\n<p><strong>&#8211;\u00a0<a href=\"http:\/\/www.cqaie.org\/\" target=\"_blank\" rel=\"noopener\">Center for quality assurance in International Education<\/a><\/strong><\/p>\n<p><strong>&#8211;\u00a0<a href=\"http:\/\/www.hefce.ac.uk\/\" target=\"_blank\" rel=\"noopener\">Higher Education Funding Council for England &#8211; HEFCE &#8211; (Inglaterra)<\/a><\/strong><\/p>\n<p><strong>&#8211;\u00a0<a href=\"http:\/\/www.minedu.fi\/OPM\/\" target=\"_blank\" rel=\"noopener\">Finnish Higher Education Evaluation Council en Finlandia<\/a><\/strong><\/p>\n<p><strong>&#8211;\u00a0<a href=\"http:\/\/www.vsnu.nl\/web\/show\" target=\"_blank\" rel=\"noopener\">vsnu Kwaliteitszorg en Holanda<\/a><\/strong><\/p>\n<p><strong>&#8211;\u00a0<a href=\"http:\/\/www.abet.org\/\" target=\"_blank\" rel=\"noopener\">Accreditation Board for Engineering and Technology &#8211; ABET &#8211; (EEUU)<\/a><\/strong><\/p>\n<p><strong>&#8211;\u00a0<a href=\"http:\/\/www.aqu.cat\/\" target=\"_blank\" rel=\"noopener\">Agencia per a la Qualitat del Sistema Universitaria Catalunya<\/a><\/strong><\/p>\n<p><strong>&#8211;\u00a0<a href=\"http:\/\/www.qaa.ac.uk\/\" target=\"_blank\" rel=\"noopener\">QAA The Quality Assurance Agency for Higher Education en Gran Breta\u00f1a<\/a><\/strong><\/p>\n<p><strong>&#8211;\u00a0<a href=\"http:\/\/www.vlir.be\/\" target=\"_blank\" rel=\"noopener\">Vlaamse Interuniversitaire Raad en Begica<\/a><\/strong><\/p>\n<p><strong>&#8211;\u00a0<a href=\"http:\/\/www.aspa-usa.org\/\" target=\"_blank\" rel=\"noopener\">Acreditadoras de Estados Unidos segun especialidad<\/a><\/strong><\/p>\n<p><strong>&#8211;\u00a0<a href=\"http:\/\/www.cna.gov.co\/\" target=\"_blank\" rel=\"noopener\">Consejo Nacional de Acreditacion (Colombia)<\/a><\/strong><\/p>\n<p><strong>&#8211;\u00a0<a href=\"http:\/\/www.cnap.cl\/\" target=\"_blank\" rel=\"noopener\">Comision Nacional de Acreditacion de Pregrado de Chile<\/a><\/strong><\/p>\n<p><strong>&#8211;\u00a0<a href=\"http:\/\/www.hsv.se\/\" target=\"_blank\" rel=\"noopener\">Hgskoleverket en Suecia<\/a><\/strong><\/p>\n<p><strong>&#8211;\u00a0<a href=\"http:\/\/www.neasc.org\/\" target=\"_blank\" rel=\"noopener\">Acreditadora de la region de Nueva Inglaterra<\/a><\/strong><\/p>\n<p><strong>&#8211;\u00a0<a href=\"http:\/\/www.capes.gov.br\/\" target=\"_blank\" rel=\"noopener\">Coordinacao de Aperfeicoamento de Pessoal de Nivel Superior &#8211; CAPES &#8211; (Brasil)<\/a><\/strong><\/p>\n<p><strong>&#8211;\u00a0<a href=\"http:\/\/www.chea.org\/\" target=\"_blank\" rel=\"noopener\">Council for Higher Education Accreditation, Estados Unidos<\/a><\/strong><\/p>\n<p><strong>&#8211;\u00a0<a href=\"http:\/\/www.nnr.no\/\" target=\"_blank\" rel=\"noopener\">Norgesnettrdet en Noruega<\/a><\/strong><\/p>\n<p><strong>&#8211;\u00a0<a href=\"http:\/\/www.mesr.fr\/\" target=\"_blank\" rel=\"noopener\">Le Comite National de valuation en Francia<\/a><\/strong><\/p>\n<p><\/div>\n                <\/div>\n            <\/div><\/p>\n<p><strong><div class=\"panel panel-default\">\n                <div class=\"panel-heading\" role=\"tab\" id=\"headingOne\">\n                    <h4 class=\"panel-title\">\n                        <a data-toggle=\"collapse\" data-parent=\"#accordion-0\" href=\"#acc-5\" aria-expanded=\"true\" aria-controls=\"collapseOne\">\n                            <i class=\"fa fa-arrow-down\"><\/i> <\/strong><strong>Redes y Cooperaci\u00f3n internacional\n                        <\/a>\n                    <\/h4>\n                <\/div>\n                <div id=\"acc-5\" class=\"panel-collapse collapse \" role=\"tabpanel\" aria-labelledby=\"headingOne\">\n                    <div class=\"panel-body\"><\/strong><\/p>\n<p><strong>&#8211;\u00a0<a href=\"http:\/\/www.inqaahe.org\/\" target=\"_blank\" rel=\"noopener\">Internacional de Agencias para el Aseguramiento de la Calidad en la Educacion Superior \u2013 INQAAHE<\/a><\/strong><\/p>\n<p>&#8211; <strong><a href=\"https:\/\/www.siaces.org\/\">Sistema Iberoamericano de Aseguramiento de la Calidad de la Eduaci\u00f3n Superior &#8211; SIACES<\/a><\/strong><\/p>\n<p><\/div>\n                <\/div>\n            <\/div><\/p>\n<p><strong><div class=\"panel panel-default\">\n                <div class=\"panel-heading\" role=\"tab\" id=\"headingOne\">\n                    <h4 class=\"panel-title\">\n                        <a data-toggle=\"collapse\" data-parent=\"#accordion-0\" href=\"#acc-6\" aria-expanded=\"true\" aria-controls=\"collapseOne\">\n                            <i class=\"fa fa-arrow-down\"><\/i> <\/strong><strong>Informaci\u00f3n internacional\n                        <\/a>\n                    <\/h4>\n                <\/div>\n                <div id=\"acc-6\" class=\"panel-collapse collapse \" role=\"tabpanel\" aria-labelledby=\"headingOne\">\n                    <div class=\"panel-body\"><\/strong><\/p>\n<p><strong>&#8211;\u00a0<a href=\"http:\/\/www.anuies.mx\/\" target=\"_blank\" rel=\"noopener\">ANUIES &#8211; Asociaci\u00f3n Nacional de Universidades e Instituciones de Educaci\u00f3n Superior, de Mexico<\/a><\/strong><\/p>\n<p><strong>&#8211;\u00a0<a href=\"http:\/\/www.ericae.net\/\" target=\"_blank\" rel=\"noopener\">ERIC &#8211; Educational Resources Information Center; The quality of reserches searches of the Eric Database<\/a><\/strong><\/p>\n<p><strong>&#8211;\u00a0<a href=\"http:\/\/www.cies.ws\/\" target=\"_blank\" rel=\"noopener\">CIES &#8211; Comparative and international Education society, home page, USA<\/a><\/strong><\/p>\n<p><strong>&#8211;\u00a0<a href=\"http:\/\/www.oei.org.co\/isisweb\/Icredi.htm\" target=\"_blank\" rel=\"noopener\">CREDI &#8211; Bases de datos del Fondo Documental de los CREDI<\/a><\/strong><\/p>\n<p><\/div>\n                <\/div>\n            <\/div><\/p>\n","protected":false},"excerpt":{"rendered":"","protected":false},"author":2,"featured_media":1199,"parent":0,"menu_order":12,"comment_status":"closed","ping_status":"closed","template":"","meta":[],"acf":[],"_links":{"self":[{"href":"https:\/\/www.coneau.gob.ar\/coneau\/wp-json\/wp\/v2\/pages\/45"}],"collection":[{"href":"https:\/\/www.coneau.gob.ar\/coneau\/wp-json\/wp\/v2\/pages"}],"about":[{"href":"https:\/\/www.coneau.gob.ar\/coneau\/wp-json\/wp\/v2\/types\/page"}],"author":[{"embeddable":true,"href":"https:\/\/www.coneau.gob.ar\/coneau\/wp-json\/wp\/v2\/users\/2"}],"replies":[{"embeddable":true,"href":"https:\/\/www.coneau.gob.ar\/coneau\/wp-json\/wp\/v2\/comments?post=45"}],"version-history":[{"count":15,"href":"https:\/\/www.coneau.gob.ar\/coneau\/wp-json\/wp\/v2\/pages\/45\/revisions"}],"predecessor-version":[{"id":11513,"href":"https:\/\/www.coneau.gob.ar\/coneau\/wp-json\/wp\/v2\/pages\/45\/revisions\/11513"}],"wp:featuredmedia":[{"embeddable":true,"href":"https:\/\/www.coneau.gob.ar\/coneau\/wp-json\/wp\/v2\/media\/1199"}],"wp:attachment":[{"href":"https:\/\/www.coneau.gob.ar\/coneau\/wp-json\/wp\/v2\/media?parent=45"}],"curies":[{"name":"wp","href":"https:\/\/api.w.org\/{rel}","templated":true}]}}