{"id":448,"date":"2015-06-27T17:53:32","date_gmt":"2015-06-27T20:53:32","guid":{"rendered":"http:\/\/hakuna.com.ar\/projects\/coneau\/wordpress\/?page_id=448"},"modified":"2026-02-25T17:01:26","modified_gmt":"2026-02-25T20:01:26","slug":"guias-de-posgrados","status":"publish","type":"page","link":"https:\/\/www.coneau.gob.ar\/coneau\/publicaciones\/guias-de-posgrados\/","title":{"rendered":"Gu\u00edas de Posgredos"},"content":{"rendered":"\n<div class=\"wp-block-group is-nowrap is-layout-flex wp-container-4\">\n<div class=\"wp-block-columns is-layout-flex wp-container-3\">\n<div class=\"wp-block-column is-layout-flow\"><div class=\"wp-block-image\">\n<figure class=\"aligncenter size-large is-resized\"><a href=\"https:\/\/www.coneau.gob.ar\/coneau\/wp-content\/uploads\/2025\/03\/TapaPosgrados2025-1.jpg\"><img decoding=\"async\" loading=\"lazy\" src=\"https:\/\/www.coneau.gob.ar\/coneau\/wp-content\/uploads\/2025\/03\/TapaPosgrados2025-1-1024x738.jpg\" alt=\"\" class=\"wp-image-12199\" width=\"236\" height=\"170\" srcset=\"https:\/\/www.coneau.gob.ar\/coneau\/wp-content\/uploads\/2025\/03\/TapaPosgrados2025-1-1024x738.jpg 1024w, https:\/\/www.coneau.gob.ar\/coneau\/wp-content\/uploads\/2025\/03\/TapaPosgrados2025-1-300x216.jpg 300w, https:\/\/www.coneau.gob.ar\/coneau\/wp-content\/uploads\/2025\/03\/TapaPosgrados2025-1-768x554.jpg 768w, https:\/\/www.coneau.gob.ar\/coneau\/wp-content\/uploads\/2025\/03\/TapaPosgrados2025-1-1536x1107.jpg 1536w, https:\/\/www.coneau.gob.ar\/coneau\/wp-content\/uploads\/2025\/03\/TapaPosgrados2025-1-2048x1477.jpg 2048w\" sizes=\"(max-width: 236px) 100vw, 236px\" \/><\/a><\/figure><\/div><\/div>\n\n\n\n<div class=\"wp-block-column is-layout-flow\">\n<p><strong>A partir del a\u00f1o 2013 la Comisi\u00f3n lanz\u00f3 la Gu\u00eda de Posgrados acreditados de todo el sistema universitario argentino.\u00a0<\/strong><\/p>\n\n\n\n<p><span style=\"color: rgb(127, 127, 127); font-family: open_sanslight; font-size: 16px; white-space-collapse: collapse;\">Es una publicaci\u00f3n que se actualiza a\u00f1o a a\u00f1o y ofrece a la comunidad de las carreras de posgrado vigentes en todo el pa\u00eds que llevan el sello de calidad que implica la acreditaci\u00f3n. Esta informaci\u00f3n se obtiene mediante la consulta que se realiza a las instituciones universitarias sobre las especializaciones, maestr\u00edas y doctorados que ofrecer\u00e1n en el a\u00f1o.\u00a0<\/span><\/p>\n<\/div>\n<\/div>\n<\/div>\n\n\n\n<p><strong>A partir del a\u00f1o 2013 la Comisi\u00f3n lanz\u00f3 la Gu\u00eda de Posgrados acreditados de todo el sistema universitario argentino.&nbsp;<\/strong><\/p>\n\n\n\n<p>Es una publicaci\u00f3n que se actualiza a\u00f1o a a\u00f1o y ofrece a la comunidad de las carreras de posgrado vigentes en todo el pa\u00eds que llevan el sello de calidad que implica la acreditaci\u00f3n. Esta informaci\u00f3n se obtiene mediante la consulta que se realiza a las instituciones universitarias sobre las especializaciones, maestr\u00edas y doctorados que ofrecer\u00e1n en el a\u00f1o.&nbsp;<\/p>\n\n\n\n<h5 class=\"wp-block-heading\"><strong>CARRERAS DE POSGRADO DE ARGENTINA 2025<\/strong><\/h5>\n\n\n\n<div class=\"wp-block-buttons is-layout-flex\">\n<div class=\"wp-block-button\"><a class=\"wp-block-button__link has-background wp-element-button\" href=\"https:\/\/www.coneau.gob.ar\/archivos\/publicaciones\/Carreras-Posgrado-Argentina2025.pdf?fbclid=IwY2xjawI4FaZleHRuA2FlbQIxMAABHSWpUq0FuOjOOjgAHcDBBGD85KkSMFyHiFaYbTkzCHff4ZTJlP4944QOpg_aem_geoSAceU0B_cyCVT4P7GEw\" style=\"background-color:#2292b5\" target=\"_blank\" rel=\"noreferrer noopener\">ver publicaci\u00f3n<\/a><\/div>\n<\/div>\n","protected":false},"excerpt":{"rendered":"<p>A partir del a\u00f1o 2013 la Comisi\u00f3n lanz\u00f3 la Gu\u00eda de Posgrados acreditados de todo el sistema universitario argentino.\u00a0 Es una publicaci\u00f3n que se actualiza a\u00f1o a a\u00f1o y ofrece a la comunidad de las carreras de posgrado vigentes en todo el pa\u00eds que llevan el sello de calidad que implica la acreditaci\u00f3n. Esta informaci\u00f3n &hellip; <a href=\"https:\/\/www.coneau.gob.ar\/coneau\/publicaciones\/guias-de-posgrados\/\" class=\"more-link\">Seguir leyendo <span class=\"screen-reader-text\">Gu\u00edas de Posgredos<\/span> <span class=\"meta-nav\">&rarr;<\/span><\/a><\/p>\n","protected":false},"author":2,"featured_media":1088,"parent":23,"menu_order":3,"comment_status":"closed","ping_status":"closed","template":"template-publicaciones.php","meta":[],"acf":[],"_links":{"self":[{"href":"https:\/\/www.coneau.gob.ar\/coneau\/wp-json\/wp\/v2\/pages\/448"}],"collection":[{"href":"https:\/\/www.coneau.gob.ar\/coneau\/wp-json\/wp\/v2\/pages"}],"about":[{"href":"https:\/\/www.coneau.gob.ar\/coneau\/wp-json\/wp\/v2\/types\/page"}],"author":[{"embeddable":true,"href":"https:\/\/www.coneau.gob.ar\/coneau\/wp-json\/wp\/v2\/users\/2"}],"replies":[{"embeddable":true,"href":"https:\/\/www.coneau.gob.ar\/coneau\/wp-json\/wp\/v2\/comments?post=448"}],"version-history":[{"count":46,"href":"https:\/\/www.coneau.gob.ar\/coneau\/wp-json\/wp\/v2\/pages\/448\/revisions"}],"predecessor-version":[{"id":13914,"href":"https:\/\/www.coneau.gob.ar\/coneau\/wp-json\/wp\/v2\/pages\/448\/revisions\/13914"}],"up":[{"embeddable":true,"href":"https:\/\/www.coneau.gob.ar\/coneau\/wp-json\/wp\/v2\/pages\/23"}],"wp:featuredmedia":[{"embeddable":true,"href":"https:\/\/www.coneau.gob.ar\/coneau\/wp-json\/wp\/v2\/media\/1088"}],"wp:attachment":[{"href":"https:\/\/www.coneau.gob.ar\/coneau\/wp-json\/wp\/v2\/media?parent=448"}],"curies":[{"name":"wp","href":"https:\/\/api.w.org\/{rel}","templated":true}]}}