{"id":4194,"date":"2018-07-20T15:43:03","date_gmt":"2018-07-20T18:43:03","guid":{"rendered":"http:\/\/www.coneau.gob.ar\/CONEAU\/?page_id=4194"},"modified":"2019-02-08T16:37:20","modified_gmt":"2019-02-08T19:37:20","slug":"documentos-de-interes","status":"publish","type":"page","link":"https:\/\/www.coneau.gob.ar\/coneau\/publicaciones\/documentos-de-interes\/","title":{"rendered":"Documentos de inter\u00e9s"},"content":{"rendered":"<p><strong>\u2666\u00a0<span style=\"color: #3366ff;\">LINEAMIENTOS PARA LA MEJORA DE LA ENSE\u00d1ANZA SOBRE EFICIENCIA ENERG\u00c9TICA EN CARRERAS ESTRAT\u00c9GICAS DE INGENIER\u00cdA Y ARQUITECTURA.\u00a0<\/span><\/strong>Documento elaborado en forma conjunta entre el <strong>Ministerio de Energ\u00eda y Miner\u00eda<\/strong> y el <strong>Ministerio de Educaci\u00f3n de la Naci\u00f3n<\/strong>.<\/p>\n<p><strong>\u21d2<a href=\"https:\/\/www.coneau.gob.ar\/archivos\/doc_int\/lineamientosSPU.pdf\" target=\"_blank\">Acceder al documento<\/a><\/strong><\/p>\n","protected":false},"excerpt":{"rendered":"<p>\u2666\u00a0LINEAMIENTOS PARA LA MEJORA DE LA ENSE\u00d1ANZA SOBRE EFICIENCIA ENERG\u00c9TICA EN CARRERAS ESTRAT\u00c9GICAS DE INGENIER\u00cdA Y ARQUITECTURA.\u00a0Documento elaborado en forma conjunta entre el Ministerio de Energ\u00eda y Miner\u00eda y el Ministerio de Educaci\u00f3n de la Naci\u00f3n. \u21d2Acceder al documento<\/p>\n","protected":false},"author":2,"featured_media":2980,"parent":23,"menu_order":0,"comment_status":"open","ping_status":"open","template":"template-publicaciones.php","meta":[],"acf":[],"_links":{"self":[{"href":"https:\/\/www.coneau.gob.ar\/coneau\/wp-json\/wp\/v2\/pages\/4194"}],"collection":[{"href":"https:\/\/www.coneau.gob.ar\/coneau\/wp-json\/wp\/v2\/pages"}],"about":[{"href":"https:\/\/www.coneau.gob.ar\/coneau\/wp-json\/wp\/v2\/types\/page"}],"author":[{"embeddable":true,"href":"https:\/\/www.coneau.gob.ar\/coneau\/wp-json\/wp\/v2\/users\/2"}],"replies":[{"embeddable":true,"href":"https:\/\/www.coneau.gob.ar\/coneau\/wp-json\/wp\/v2\/comments?post=4194"}],"version-history":[{"count":6,"href":"https:\/\/www.coneau.gob.ar\/coneau\/wp-json\/wp\/v2\/pages\/4194\/revisions"}],"predecessor-version":[{"id":4795,"href":"https:\/\/www.coneau.gob.ar\/coneau\/wp-json\/wp\/v2\/pages\/4194\/revisions\/4795"}],"up":[{"embeddable":true,"href":"https:\/\/www.coneau.gob.ar\/coneau\/wp-json\/wp\/v2\/pages\/23"}],"wp:featuredmedia":[{"embeddable":true,"href":"https:\/\/www.coneau.gob.ar\/coneau\/wp-json\/wp\/v2\/media\/2980"}],"wp:attachment":[{"href":"https:\/\/www.coneau.gob.ar\/coneau\/wp-json\/wp\/v2\/media?parent=4194"}],"curies":[{"name":"wp","href":"https:\/\/api.w.org\/{rel}","templated":true}]}}