{"id":4117,"date":"2018-06-15T15:37:12","date_gmt":"2018-06-15T18:37:12","guid":{"rendered":"http:\/\/www.coneau.gob.ar\/CONEAU\/?page_id=4117"},"modified":"2019-02-26T15:38:01","modified_gmt":"2019-02-26T18:38:01","slug":"taller-preparatorio-para-la-acreditacion-de-carreras-de-posgrado-de-ciencias-sociales","status":"publish","type":"page","link":"https:\/\/www.coneau.gob.ar\/coneau\/taller-preparatorio-para-la-acreditacion-de-carreras-de-posgrado-de-ciencias-sociales\/","title":{"rendered":"TALLER PREPARATORIO para la acreditaci\u00f3n de carreras de posgrado de CIENCIAS SOCIALES"},"content":{"rendered":"<p><span style=\"color: #000000;\">El taller es una instancia de formaci\u00f3n organizada por CONEAU para las carreras que han <strong>formalizado su participaci\u00f3n<\/strong> en la cuarta etapa de la quinta convocatoria correspondiente a las carreras de posgrado de especializaci\u00f3n, maestr\u00eda y doctorado pertenecientes a las siguientes disciplinas:\u00a0<\/span><\/p>\n<h4><span style=\"color: #000080;\"><strong>DERECHO <\/strong>|<strong> CIENCIAS CONTABLES <\/strong>|<strong> ECONOM\u00cdA <\/strong>|<strong> ADMINISTRACI\u00d3N<\/strong><\/span><\/h4>\n<p><a href=\"https:\/\/www.coneau.gob.ar\/wp-content\/uploads\/2018\/06\/infograf\u00edas-CONEAU.jpg\"><img decoding=\"async\" loading=\"lazy\" class=\"alignnone wp-image-4914 size-full\" src=\"https:\/\/www.coneau.gob.ar\/wp-content\/uploads\/2018\/06\/infograf\u00edas-CONEAU-e1551206257344.jpg\" alt=\"infograf\u00edas CONEAU\" width=\"518\" height=\"308\" srcset=\"https:\/\/www.coneau.gob.ar\/coneau\/wp-content\/uploads\/2018\/06\/infograf\u00edas-CONEAU-e1551206257344.jpg 518w, https:\/\/www.coneau.gob.ar\/coneau\/wp-content\/uploads\/2018\/06\/infograf\u00edas-CONEAU-e1551206257344-300x178.jpg 300w\" sizes=\"(max-width: 518px) 100vw, 518px\" \/><\/a><\/p>\n<p><strong><div class=\"panel panel-default\">\n                <div class=\"panel-heading\" role=\"tab\" id=\"headingOne\">\n                    <h4 class=\"panel-title\">\n                        <a data-toggle=\"collapse\" data-parent=\"#accordion-0\" href=\"#acc-2\" aria-expanded=\"true\" aria-controls=\"collapseOne\">\n                            <i class=\"fa fa-arrow-down\"><\/i> OBJETIVOS DEL TALLER<\/strong><strong>\n                        <\/a>\n                    <\/h4>\n                <\/div>\n                <div id=\"acc-2\" class=\"panel-collapse collapse \" role=\"tabpanel\" aria-labelledby=\"headingOne\">\n                    <div class=\"panel-body\"><\/strong><\/p>\n<p style=\"text-align: justify;\">\u2666\u00a0\u00a0Fortalecer las capacidades espec\u00edficas, conceptuales y pr\u00e1cticas, que se requieren para la presentaci\u00f3n de una carrera de posgrado para su acreditaci\u00f3n.<\/p>\n<p style=\"text-align: justify;\">\u2666\u00a0\u00a0 Actualizar conocimientos sobre la normativa, los procedimientos, las metodolog\u00edas y los instrumentos de evaluaci\u00f3n en el marco de la convocatoria a acreditaci\u00f3n en curso.<\/p>\n<p><\/div>\n                <\/div>\n            <\/div><\/p>\n<p><strong><div class=\"panel panel-default\">\n                <div class=\"panel-heading\" role=\"tab\" id=\"headingOne\">\n                    <h4 class=\"panel-title\">\n                        <a data-toggle=\"collapse\" data-parent=\"#accordion-0\" href=\"#acc-3\" aria-expanded=\"true\" aria-controls=\"collapseOne\">\n                            <i class=\"fa fa-arrow-down\"><\/i> CONTENIDOS<\/strong><strong>\n                        <\/a>\n                    <\/h4>\n                <\/div>\n                <div id=\"acc-3\" class=\"panel-collapse collapse \" role=\"tabpanel\" aria-labelledby=\"headingOne\">\n                    <div class=\"panel-body\"><\/strong><\/p>\n<p style=\"text-align: justify;\">\u2666\u00a0Los objetivos de la acreditaci\u00f3n, periodicidad, la evaluaci\u00f3n por pares disciplinarios, las comisiones asesoras.<\/p>\n<p style=\"text-align: justify;\">\u2666\u00a0El marco normativo. La Resoluci\u00f3n Ministerial N\u00ba 160\/11 que rige la acreditaci\u00f3n de posgrados: su aplicaci\u00f3n a los distintos campos disciplinarios.<\/p>\n<p style=\"text-align: justify;\">\u2666\u00a0Caracter\u00edsticas de la solicitud de acreditaci\u00f3n: la informaci\u00f3n requerida, la autoevaluaci\u00f3n.\u00a0 La presentaci\u00f3n de la solicitud de acreditaci\u00f3n en CONEAU Global.<\/p>\n<p style=\"text-align: justify;\">\u2666\u00a0Las medidas preparatorias para la actuaci\u00f3n del comit\u00e9 de pares: examen, el an\u00e1lisis t\u00e9cnico de la solicitud de acreditaci\u00f3n, la conformaci\u00f3n de los comit\u00e9s de pares, el proceso de recusaci\u00f3n, la visita de constataci\u00f3n. La coordinaci\u00f3n t\u00e9cnica del trabajo de los comit\u00e9s de pares.<\/p>\n<p style=\"text-align: justify;\">\u2666\u00a0La actuaci\u00f3n del equipo t\u00e9cnico,\u00a0 los pares evaluadores y miembros de la CONEAU. Caracter\u00edsticas\u00a0de la resoluci\u00f3n\u00a0de acreditaci\u00f3n.<\/p>\n<p><\/div>\n                <\/div>\n            <\/div><\/p>\n<p><strong>\u21d2 Para consultas escribir a escueladeformacion@coneau.gob.ar<\/strong><\/p>\n<p><strong><a href=\"https:\/\/www.coneau.gob.ar\/?page_id=3889\" target=\"_blank\">M\u00e1s informaci\u00f3n de la convocatoria<\/a><\/strong><\/p>\n<p>&nbsp;<\/p>\n","protected":false},"excerpt":{"rendered":"<p>El taller es una instancia de formaci\u00f3n organizada por CONEAU para las carreras que han formalizado su participaci\u00f3n en la cuarta etapa de la quinta convocatoria correspondiente a las carreras de posgrado de especializaci\u00f3n, maestr\u00eda y doctorado pertenecientes a las siguientes disciplinas:\u00a0 DERECHO | CIENCIAS CONTABLES | ECONOM\u00cdA | ADMINISTRACI\u00d3N \u21d2 Para consultas escribir a &hellip; <a href=\"https:\/\/www.coneau.gob.ar\/coneau\/taller-preparatorio-para-la-acreditacion-de-carreras-de-posgrado-de-ciencias-sociales\/\" class=\"more-link\">Seguir leyendo <span class=\"screen-reader-text\">TALLER PREPARATORIO para la acreditaci\u00f3n de carreras de posgrado de CIENCIAS SOCIALES<\/span> <span class=\"meta-nav\">&rarr;<\/span><\/a><\/p>\n","protected":false},"author":2,"featured_media":4129,"parent":0,"menu_order":0,"comment_status":"open","ping_status":"open","template":"template-carreras-posgrado-carreras-en-funcionamiento-convocatorias.php","meta":[],"acf":[],"_links":{"self":[{"href":"https:\/\/www.coneau.gob.ar\/coneau\/wp-json\/wp\/v2\/pages\/4117"}],"collection":[{"href":"https:\/\/www.coneau.gob.ar\/coneau\/wp-json\/wp\/v2\/pages"}],"about":[{"href":"https:\/\/www.coneau.gob.ar\/coneau\/wp-json\/wp\/v2\/types\/page"}],"author":[{"embeddable":true,"href":"https:\/\/www.coneau.gob.ar\/coneau\/wp-json\/wp\/v2\/users\/2"}],"replies":[{"embeddable":true,"href":"https:\/\/www.coneau.gob.ar\/coneau\/wp-json\/wp\/v2\/comments?post=4117"}],"version-history":[{"count":52,"href":"https:\/\/www.coneau.gob.ar\/coneau\/wp-json\/wp\/v2\/pages\/4117\/revisions"}],"predecessor-version":[{"id":4916,"href":"https:\/\/www.coneau.gob.ar\/coneau\/wp-json\/wp\/v2\/pages\/4117\/revisions\/4916"}],"wp:featuredmedia":[{"embeddable":true,"href":"https:\/\/www.coneau.gob.ar\/coneau\/wp-json\/wp\/v2\/media\/4129"}],"wp:attachment":[{"href":"https:\/\/www.coneau.gob.ar\/coneau\/wp-json\/wp\/v2\/media?parent=4117"}],"curies":[{"name":"wp","href":"https:\/\/api.w.org\/{rel}","templated":true}]}}