{"id":41,"date":"2015-05-26T18:09:28","date_gmt":"2015-05-26T18:09:28","guid":{"rendered":"http:\/\/hakuna.com.ar\/projects\/coneau\/wordpress\/?page_id=41"},"modified":"2021-06-01T20:33:28","modified_gmt":"2021-06-01T23:33:28","slug":"carreras-de-posgrado","status":"publish","type":"page","link":"https:\/\/www.coneau.gob.ar\/coneau\/acreditacion-de-carreras\/carreras-de-posgrado\/","title":{"rendered":"Acreditaci\u00f3n de Carreras de Posgrado"},"content":{"rendered":"<p>La CONEAU realiza convocatorias peri\u00f3dicas para la acreditaci\u00f3n de carreras de Especializaci\u00f3n, Maestr\u00eda y Doctorado. Las convocatorias se notifican a las Instituciones y se difunden p\u00fablicamente a trav\u00e9s de la p\u00e1gina web de la CONEAU.<\/p>\n<p>Seg\u00fan lo establecido por la normativa vigente, la CONEAU lleva a cabo\u00a0 dos tipos de procesos de acreditaci\u00f3n, diferenciados por \u00a0el estado de las carreras que se presentan a evaluaci\u00f3n (carreras nuevas o carreras en funcionamiento).<\/p>\n<p>En ambos casos, los tr\u00e1mites de formalizaci\u00f3n, presentaci\u00f3n y acceso a formularios para la carga de datos se realiza a trav\u00e9s de <a href=\"https:\/\/global.coneau.gob.ar\/coneauglobal\/atenea\/carreras\/formalizaciones\/login.aspx\" target=\"_blank\" rel=\"noopener noreferrer\"><strong>Coneau Global<\/strong>. \u2013 Atenea\u00a0<\/a><\/p>\n","protected":false},"excerpt":{"rendered":"<p>La CONEAU realiza convocatorias peri\u00f3dicas para la acreditaci\u00f3n de carreras de Especializaci\u00f3n, Maestr\u00eda y Doctorado. Las convocatorias se notifican a las Instituciones y se difunden p\u00fablicamente a trav\u00e9s de la p\u00e1gina web de la CONEAU. Seg\u00fan lo establecido por la normativa vigente, la CONEAU lleva a cabo\u00a0 dos tipos de procesos de acreditaci\u00f3n, diferenciados por &hellip; <a href=\"https:\/\/www.coneau.gob.ar\/coneau\/acreditacion-de-carreras\/carreras-de-posgrado\/\" class=\"more-link\">Seguir leyendo <span class=\"screen-reader-text\">Acreditaci\u00f3n de Carreras de Posgrado<\/span> <span class=\"meta-nav\">&rarr;<\/span><\/a><\/p>\n","protected":false},"author":2,"featured_media":5318,"parent":11,"menu_order":0,"comment_status":"open","ping_status":"closed","template":"template-carreras-posgrado.php","meta":[],"acf":[],"_links":{"self":[{"href":"https:\/\/www.coneau.gob.ar\/coneau\/wp-json\/wp\/v2\/pages\/41"}],"collection":[{"href":"https:\/\/www.coneau.gob.ar\/coneau\/wp-json\/wp\/v2\/pages"}],"about":[{"href":"https:\/\/www.coneau.gob.ar\/coneau\/wp-json\/wp\/v2\/types\/page"}],"author":[{"embeddable":true,"href":"https:\/\/www.coneau.gob.ar\/coneau\/wp-json\/wp\/v2\/users\/2"}],"replies":[{"embeddable":true,"href":"https:\/\/www.coneau.gob.ar\/coneau\/wp-json\/wp\/v2\/comments?post=41"}],"version-history":[{"count":6,"href":"https:\/\/www.coneau.gob.ar\/coneau\/wp-json\/wp\/v2\/pages\/41\/revisions"}],"predecessor-version":[{"id":6992,"href":"https:\/\/www.coneau.gob.ar\/coneau\/wp-json\/wp\/v2\/pages\/41\/revisions\/6992"}],"up":[{"embeddable":true,"href":"https:\/\/www.coneau.gob.ar\/coneau\/wp-json\/wp\/v2\/pages\/11"}],"wp:featuredmedia":[{"embeddable":true,"href":"https:\/\/www.coneau.gob.ar\/coneau\/wp-json\/wp\/v2\/media\/5318"}],"wp:attachment":[{"href":"https:\/\/www.coneau.gob.ar\/coneau\/wp-json\/wp\/v2\/media?parent=41"}],"curies":[{"name":"wp","href":"https:\/\/api.w.org\/{rel}","templated":true}]}}