{"id":405,"date":"2015-06-26T15:49:16","date_gmt":"2015-06-26T15:49:16","guid":{"rendered":"http:\/\/hakuna.com.ar\/projects\/coneau\/wordpress\/?page_id=405"},"modified":"2026-03-09T12:22:49","modified_gmt":"2026-03-09T15:22:49","slug":"biologia","status":"publish","type":"page","link":"https:\/\/www.coneau.gob.ar\/coneau\/acreditacion-de-carreras\/carreras-de-grado\/convocatorias\/proyectos\/biologia\/","title":{"rendered":"Biolog\u00eda"},"content":{"rendered":"<p><strong> Est\u00e1ndares de acreditaci\u00f3n para los t\u00edtulos de Bi\u00f3logo, Licenciado en Ciencias Biol\u00f3gicas, Licenciado en Biolog\u00eda, Licenciado en Biodiversidad y Licenciado en Ciencias B\u00e1sicas \u2013 Orientaci\u00f3n Biolog\u00eda &#8211; <a href=\"https:\/\/www.coneau.gob.ar\/coneau\/wp-content\/uploads\/2024\/09\/Reso-Estandares-de-acreditacion-BIOLOGIA.pdf\">Res. 2687\/2023<\/a>\u00a0|<a href=\"https:\/\/www.coneau.gob.ar\/coneau\/wp-content\/uploads\/2024\/09\/anexo_7019572_1-BIOLOGIA.pdf\">\u00a0Anexo 1<\/a>\u00a0\u2013\u00a0<a href=\"https:\/\/www.coneau.gob.ar\/coneau\/wp-content\/uploads\/2024\/09\/anexo_7019572_2-BIOLOGIA.pdf\">Anexo 2<\/a>\u00a0\u2013\u00a0<a href=\"https:\/\/www.coneau.gob.ar\/coneau\/wp-content\/uploads\/2024\/09\/anexo_7019572_3-BIOLOGIA.pdf\">Anexo 3<\/a>\u00a0\u2013\u00a0<a href=\"https:\/\/www.coneau.gob.ar\/coneau\/wp-content\/uploads\/2024\/09\/anexo_7019572_4-BIOLOGIA.pdf\">Anexo 4<\/a>\u00a0\u2013\u00a0<a href=\"https:\/\/www.coneau.gob.ar\/coneau\/wp-content\/uploads\/2024\/09\/anexo_7019572_5-BIOLOGIA.pdf\">Anexo 5\u00a0<\/a><br \/><\/strong><\/p>\n<h3><strong>Convocatoria 2026<\/strong><\/h3>\n<p>\u2666<a href=\"https:\/\/www.coneau.gob.ar\/archivos\/resoluciones\/RESME51-10.pdf\">\u00a0<strong>RM N\u00ba 51\/10<\/strong><\/a><\/p>\n<p><strong>\u2666<\/strong><strong><a href=\"https:\/\/www.coneau.gob.ar\/archivos\/ordenanzas\/IF-2017-32940042-APN-CONEAU-ME.pdf\">\u00a0Ordenanza CONEAU N\u00ba 62<\/a><\/strong><\/p>\n<p><strong>\u2666<\/strong><strong>\u00a0<\/strong><strong><a href=\"https:\/\/www.coneau.gob.ar\/coneau\/wp-content\/uploads\/2020\/08\/IF-2020-50493513-APN-CONEAUME-Ordenanza-N%C2%B0-070.pdf\">Ordenanza CONEAU N\u00b0 70<\/a><\/strong><strong>\u00a0|\u00a0<\/strong><a href=\"https:\/\/www.coneau.gob.ar\/archivos\/ordenanzas\/Orde070.pdf\">RESFC-2020-241-APN-CONEAU#ME<\/a><\/p>\n<p>\u2666<strong>\u00a0<\/strong><strong>Formalizaci\u00f3n de proyectos:<\/strong> hasta del 15 de marzo de 2026\u00a0 a trav\u00e9s de <strong><a href=\"https:\/\/global.coneau.gob.ar\/coneauglobal\/\">CONEAU Global<\/a><\/strong>.<\/p>\n<p>\u2666<strong>\u00a0Presentaci\u00f3n de\u00a0proyectos:\u00a0<\/strong>hasta el 30 de abril de 2026 a trav\u00e9s de <strong>\u00a0<\/strong><strong><a href=\"https:\/\/global.coneau.gob.ar\/coneauglobal\/\">CONEAU Global<\/a><\/strong>.<\/p>\n<p>\u2666\u00a0<strong>Apertura del expediente electr\u00f3nico:\u00a0<\/strong>hasta el 30 de abril de 2026 a trav\u00e9s de<strong><a href=\"http:\/\/tramitesadistancia.gob.ar\/tramitesadistancia\/inicio-publico\">\u00a0TAD<\/a><\/strong>.\u00a0 Para obtener m\u00e1s informaci\u00f3n sobre este procedimiento<a href=\"https:\/\/www.coneau.gob.ar\/?page_id=2691\">\u00a0<strong>clic aqu\u00ed<\/strong>.<\/a><\/p>\n<p><strong>\u2666<\/strong><strong><a href=\"https:\/\/www.coneau.gob.ar\/ayuda\/\">\u00a0Consultar Tutoriales sobre CONEAU GLOBAL<\/a><\/strong><\/p>\n<p>\u00a0<\/p>\n\n\n<hr class=\"wp-block-separator has-text-color has-light-gray-color has-alpha-channel-opacity has-light-gray-background-color has-background is-style-wide\"\/>\n\n\n\n<p><strong>Mesa de ayuda<\/strong><\/p>\n\n\n\n<p><strong>\u00c1rea de Sistemas<\/strong>&nbsp;<\/p>\n\n\n\n<p><a href=\"mailto:global@coneau.gob.ar\">global@coneau.gob.ar<\/a> (Consultas t\u00e9cnicas sobre CONEAU Global)<\/p>\n\n\n\n<p><strong>\u00c1rea de Grado<\/strong>&nbsp;<br><a href=\"mailto:arquitectura@coneau.gob.ar\">proyectosgrado@coneau.gob.ar<\/a> (Consultas de contenidos)<\/p>\n\n\n\n<p><a href=\"mailto:acreditaciongrado@coneau.gob.ar\">acreditaciongrado@coneau.gob.ar<\/a> (Consultas administrativas)<\/p>\n\n\n\n<p><br><\/p>\n","protected":false},"excerpt":{"rendered":"<p>Est\u00e1ndares de acreditaci\u00f3n para los t\u00edtulos de Bi\u00f3logo, Licenciado en Ciencias Biol\u00f3gicas, Licenciado en Biolog\u00eda, Licenciado en Biodiversidad y Licenciado en Ciencias B\u00e1sicas \u2013 Orientaci\u00f3n Biolog\u00eda &#8211; Res. 2687\/2023\u00a0|\u00a0Anexo 1\u00a0\u2013\u00a0Anexo 2\u00a0\u2013\u00a0Anexo 3\u00a0\u2013\u00a0Anexo 4\u00a0\u2013\u00a0Anexo 5\u00a0 Convocatoria 2026 \u2666\u00a0RM N\u00ba 51\/10 \u2666\u00a0Ordenanza CONEAU N\u00ba 62 \u2666\u00a0Ordenanza CONEAU N\u00b0 70\u00a0|\u00a0RESFC-2020-241-APN-CONEAU#ME \u2666\u00a0Formalizaci\u00f3n de proyectos: hasta del 15 de marzo &hellip; <a href=\"https:\/\/www.coneau.gob.ar\/coneau\/acreditacion-de-carreras\/carreras-de-grado\/convocatorias\/proyectos\/biologia\/\" class=\"more-link\">Seguir leyendo <span class=\"screen-reader-text\">Biolog\u00eda<\/span> <span class=\"meta-nav\">&rarr;<\/span><\/a><\/p>\n","protected":false},"author":2,"featured_media":3150,"parent":357,"menu_order":0,"comment_status":"closed","ping_status":"closed","template":"template-carreras-grado-convocatorias.php","meta":[],"acf":[],"_links":{"self":[{"href":"https:\/\/www.coneau.gob.ar\/coneau\/wp-json\/wp\/v2\/pages\/405"}],"collection":[{"href":"https:\/\/www.coneau.gob.ar\/coneau\/wp-json\/wp\/v2\/pages"}],"about":[{"href":"https:\/\/www.coneau.gob.ar\/coneau\/wp-json\/wp\/v2\/types\/page"}],"author":[{"embeddable":true,"href":"https:\/\/www.coneau.gob.ar\/coneau\/wp-json\/wp\/v2\/users\/2"}],"replies":[{"embeddable":true,"href":"https:\/\/www.coneau.gob.ar\/coneau\/wp-json\/wp\/v2\/comments?post=405"}],"version-history":[{"count":47,"href":"https:\/\/www.coneau.gob.ar\/coneau\/wp-json\/wp\/v2\/pages\/405\/revisions"}],"predecessor-version":[{"id":14296,"href":"https:\/\/www.coneau.gob.ar\/coneau\/wp-json\/wp\/v2\/pages\/405\/revisions\/14296"}],"up":[{"embeddable":true,"href":"https:\/\/www.coneau.gob.ar\/coneau\/wp-json\/wp\/v2\/pages\/357"}],"wp:featuredmedia":[{"embeddable":true,"href":"https:\/\/www.coneau.gob.ar\/coneau\/wp-json\/wp\/v2\/media\/3150"}],"wp:attachment":[{"href":"https:\/\/www.coneau.gob.ar\/coneau\/wp-json\/wp\/v2\/media?parent=405"}],"curies":[{"name":"wp","href":"https:\/\/api.w.org\/{rel}","templated":true}]}}