{"id":403,"date":"2015-06-26T15:48:52","date_gmt":"2015-06-26T15:48:52","guid":{"rendered":"http:\/\/hakuna.com.ar\/projects\/coneau\/wordpress\/?page_id=403"},"modified":"2021-11-23T16:05:19","modified_gmt":"2021-11-23T19:05:19","slug":"geologia","status":"publish","type":"page","link":"https:\/\/www.coneau.gob.ar\/coneau\/acreditacion-de-carreras\/carreras-de-grado\/convocatorias\/carreras\/geologia\/","title":{"rendered":"Geolog\u00eda"},"content":{"rendered":"<p><span style=\"color: #000000;\">Est\u00e1ndares de acreditaci\u00f3n para las carreras de\u00a0Licenciatura en Geolog\u00eda y Licenciatura en Ciencias Geol\u00f3gicas |<\/span>\u00a0<a href=\"https:\/\/www.coneau.gob.ar\/coneau\/wp-content\/uploads\/2021\/05\/RS-2021-42726887-APN-ME.pdf\" target=\"_blank\" rel=\"noopener noreferrer\">RS-2021-42726887-APN-ME<\/a>\u00a0\u2013\u00a0<a href=\"https:\/\/www.coneau.gob.ar\/coneau\/wp-content\/uploads\/2021\/05\/IF-2021-15294888-APN-SECPUME-Anexo-1.pdf\" target=\"_blank\" rel=\"noopener noreferrer\">Anexo 1<\/a>\u00a0\u2013\u00a0<a href=\"https:\/\/www.coneau.gob.ar\/coneau\/wp-content\/uploads\/2021\/05\/IF-2021-15295349-APN-SECPUME-Anexo-2.pdf\" target=\"_blank\" rel=\"noopener noreferrer\">Anexo 2<\/a>\u00a0\u2013\u00a0<a href=\"https:\/\/www.coneau.gob.ar\/coneau\/wp-content\/uploads\/2021\/05\/IF-2021-15295999-APN-SECPUME-Anexo-3.pdf\" target=\"_blank\" rel=\"noopener noreferrer\">Anexo 3<\/a>\u00a0\u2013\u00a0<a href=\"https:\/\/www.coneau.gob.ar\/coneau\/wp-content\/uploads\/2021\/05\/IF-2021-15297281-APN-SECPUME-Anexo-4.pdf\" target=\"_blank\" rel=\"noopener noreferrer\">Anexo 4<\/a><\/p>\n<h4><strong>Convocatoria 2021<\/strong><\/h4>\n<p><a href=\"https:\/\/www.coneau.gob.ar\/coneau\/wp-content\/uploads\/2021\/07\/RS-2021-64865238-APN-CONEAUME-NACIONAL.pdf\">RESFC-2021-233-APN-CONEAU#ME<\/a>\u2013 <span style=\"color: #000000;\">Convocatoria para la acreditaci\u00f3n de carreras de grado de Geolog\u00eda.<\/span><\/p>\n<p><strong>\u2666\u00a0<a href=\"https:\/\/www.coneau.gob.ar\/coneau\/wp-content\/uploads\/2020\/08\/IF-2020-50493513-APN-CONEAUME-Ordenanza-N%C2%B0-070.pdf\" target=\"_blank\" rel=\"noopener noreferrer\">Ordenanza CONEAU N\u00b0 70<\/a>\u00a0|\u00a0<\/strong><a href=\"https:\/\/www.coneau.gob.ar\/archivos\/ordenanzas\/Orde070.pdf\" target=\"_blank\" rel=\"noopener noreferrer\">RESFC-2020-241-APN-CONEAU#ME<\/a><\/p>\n<p><span style=\"color: #000000;\">\u2666<strong> Formalizaci\u00f3n: <\/strong>\u00a0hasta el 15 de octubre de 2021a trav\u00e9s de<\/span>\u00a0<a href=\"https:\/\/global.coneau.gob.ar\/coneauglobal\/\" target=\"_blank\" rel=\"noopener noreferrer\"><strong>CONEAU Global<\/strong><\/a>.<\/p>\n<p><span style=\"color: #000000;\">\u2666 <strong>Apertura del expediente electr\u00f3nico:<\/strong> hasta el\u00a015 de octubre\u00a0de 2021 a trav\u00e9s de<\/span> <a href=\"https:\/\/tramitesadistancia.gob.ar\/tramitesadistancia\/tad-publico\">TAD<\/a>. <span style=\"color: #000000;\">Para obtener m\u00e1s informaci\u00f3n sobre este procedimiento click<a href=\"https:\/\/www.coneau.gob.ar\/coneau\/acreditacion-de-carreras-2\/\"> aqu\u00ed.<\/a><\/span><\/p>\n<p><span style=\"color: #000000;\">\u2666 <strong>Taller de Autoevaluaci\u00f3n:<\/strong> 18 y 19 de noviembre de 2021.<\/span><\/p>\n<p><span style=\"color: #000000;\">\u2666 <strong>Solicitud de acreditaci\u00f3n<\/strong>: hasta el 30 de mayo\u00a0de 2022 a trav\u00e9s de<\/span> <a href=\"https:\/\/global.coneau.gob.ar\/coneauglobal\/\">CONEAU Global.<\/a><\/p>\n<p><span style=\"color: #000000;\">\u2666<a href=\"https:\/\/www.coneau.gob.ar\/coneau\/sistema-institucional-de-educacion-a-distancia-sied\/\"> Ver evaluaci\u00f3n de SIED<\/a><\/span><\/p>\n<p><strong>\u2666<\/strong><a href=\"https:\/\/www.coneau.gob.ar\/ayuda\/\" target=\"_blank\" rel=\"noopener noreferrer\"><strong> Consultar Tutoriales sobre CONEAU GLOBAL<\/strong><\/a><\/p>\n<h5><span style=\"color: #000000;\">\u2666 <strong>CONTENIDOS DEL TALLER DE AUTOEVALUACI\u00d3N 2021<\/strong><\/span><\/h5>\n<p><a href=\"https:\/\/www.coneau.gob.ar\/coneau\/wp-content\/uploads\/2021\/11\/Taller-de-Autoevaluacion-Geolog\u00eda-noviembre-2021-1.pdf\">-Acreditaci\u00f3n de las carreras de Geolog\u00eda<\/a><\/p>\n<p><a href=\"https:\/\/www.coneau.gob.ar\/coneau\/wp-content\/uploads\/2021\/11\/Taller-de-Autoevaluacion-CONEAU-Global-Geolog\u00eda-1.pdf\">-Coneau global<\/a><\/p>\n<h5><strong><a href=\"https:\/\/www.coneau.gob.ar\/coneau\/geologia\/\"><img decoding=\"async\" loading=\"lazy\" class=\"alignnone  wp-image-7531\" src=\"https:\/\/www.coneau.gob.ar\/coneau\/wp-content\/uploads\/2021\/08\/drag-10-150x150-1.png\" alt=\"\" width=\"40\" height=\"40\" \/><\/a><\/strong><span style=\"color: #ff6600;\">Para consultar la informaci\u00f3n relacionada a la acreditaci\u00f3n ARCU-SUR de la carrera de Geolog\u00eda hacer <\/span><strong><a href=\"https:\/\/www.coneau.gob.ar\/coneau\/geologia\/\"><span style=\"color: #ff6600;\">clic aqu\u00ed<\/span><\/a><\/strong><\/h5>\n<hr \/>\n<h5><strong><span style=\"color: #000000;\">Mesa de ayuda<\/span><\/strong><\/h5>\n<h5><strong><span style=\"color: #000000;\">Sobre CONEAU Global: <\/span><\/strong><span style=\"color: #000000;\">global@coneau.gob.ar<\/span><\/h5>\n<h5><strong><span style=\"color: #000000;\">\u00c1rea de Grado <\/span><\/strong><span style=\"color: #000000;\">(Consultas de contenidos) <\/span><span style=\"color: #000000;\">geologia@coneau.gob.ar<\/span><\/h5>\n","protected":false},"excerpt":{"rendered":"<p>Est\u00e1ndares de acreditaci\u00f3n para las carreras de\u00a0Licenciatura en Geolog\u00eda y Licenciatura en Ciencias Geol\u00f3gicas |\u00a0RS-2021-42726887-APN-ME\u00a0\u2013\u00a0Anexo 1\u00a0\u2013\u00a0Anexo 2\u00a0\u2013\u00a0Anexo 3\u00a0\u2013\u00a0Anexo 4 Convocatoria 2021 RESFC-2021-233-APN-CONEAU#ME\u2013 Convocatoria para la acreditaci\u00f3n de carreras de grado de Geolog\u00eda. \u2666\u00a0Ordenanza CONEAU N\u00b0 70\u00a0|\u00a0RESFC-2020-241-APN-CONEAU#ME \u2666 Formalizaci\u00f3n: \u00a0hasta el 15 de octubre de 2021a trav\u00e9s de\u00a0CONEAU Global. \u2666 Apertura del expediente electr\u00f3nico: hasta el\u00a015 &hellip; <a href=\"https:\/\/www.coneau.gob.ar\/coneau\/acreditacion-de-carreras\/carreras-de-grado\/convocatorias\/carreras\/geologia\/\" class=\"more-link\">Seguir leyendo <span class=\"screen-reader-text\">Geolog\u00eda<\/span> <span class=\"meta-nav\">&rarr;<\/span><\/a><\/p>\n","protected":false},"author":2,"featured_media":1986,"parent":355,"menu_order":0,"comment_status":"open","ping_status":"closed","template":"template-carreras-grado-convocatorias.php","meta":[],"acf":[],"_links":{"self":[{"href":"https:\/\/www.coneau.gob.ar\/coneau\/wp-json\/wp\/v2\/pages\/403"}],"collection":[{"href":"https:\/\/www.coneau.gob.ar\/coneau\/wp-json\/wp\/v2\/pages"}],"about":[{"href":"https:\/\/www.coneau.gob.ar\/coneau\/wp-json\/wp\/v2\/types\/page"}],"author":[{"embeddable":true,"href":"https:\/\/www.coneau.gob.ar\/coneau\/wp-json\/wp\/v2\/users\/2"}],"replies":[{"embeddable":true,"href":"https:\/\/www.coneau.gob.ar\/coneau\/wp-json\/wp\/v2\/comments?post=403"}],"version-history":[{"count":59,"href":"https:\/\/www.coneau.gob.ar\/coneau\/wp-json\/wp\/v2\/pages\/403\/revisions"}],"predecessor-version":[{"id":7734,"href":"https:\/\/www.coneau.gob.ar\/coneau\/wp-json\/wp\/v2\/pages\/403\/revisions\/7734"}],"up":[{"embeddable":true,"href":"https:\/\/www.coneau.gob.ar\/coneau\/wp-json\/wp\/v2\/pages\/355"}],"wp:featuredmedia":[{"embeddable":true,"href":"https:\/\/www.coneau.gob.ar\/coneau\/wp-json\/wp\/v2\/media\/1986"}],"wp:attachment":[{"href":"https:\/\/www.coneau.gob.ar\/coneau\/wp-json\/wp\/v2\/media?parent=403"}],"curies":[{"name":"wp","href":"https:\/\/api.w.org\/{rel}","templated":true}]}}