{"id":399,"date":"2015-06-26T15:47:57","date_gmt":"2015-06-26T15:47:57","guid":{"rendered":"http:\/\/hakuna.com.ar\/projects\/coneau\/wordpress\/?page_id=399"},"modified":"2023-12-14T11:38:38","modified_gmt":"2023-12-14T14:38:38","slug":"biologia","status":"publish","type":"page","link":"https:\/\/www.coneau.gob.ar\/coneau\/acreditacion-de-carreras\/carreras-de-grado\/convocatorias\/carreras\/biologia\/","title":{"rendered":"Biolog\u00eda"},"content":{"rendered":"<p><strong><a href=\"httpss:\/\/www.coneau.gob.ar\/archivos\/form13biolog\/Res139.pdf\">Res. ME N\u00ba139\/11 &#8211; Est\u00e1ndares de acreditaci\u00f3n para los t\u00edtulos Bi\u00f3logo, Licenciado en Ciencias Biol\u00f3gicas, Licenciado en Biolog\u00eda, Licenciado en Biodiversidad y Licenciado en Ciencias B\u00e1sicas \u2013 Orientaci\u00f3n Biolog\u00eda.<\/a><\/strong><\/p>\n<p>&#8211; <a href=\"https:\/\/www.coneau.gob.ar\/coneau\/wp-content\/uploads\/2023\/12\/Resolucion-2599-2023.pdf\"><strong>RESOL-2023-2599-APN-ME<\/strong><\/a> &#8211; Reglamento sobre la modalidad de educaci\u00f3n a distancia &#8211; <strong><a href=\"https:\/\/www.coneau.gob.ar\/coneau\/wp-content\/uploads\/2023\/12\/anexo_7011023_1.pdf\">Anexo<\/a><\/strong> <em>Nueva<\/em><\/p>\n<h4><strong>Convocatoria\u00a02018<\/strong><\/h4>\n<p><strong><span style=\"color: #000000;\"><a href=\"https:\/\/www.coneau.gob.ar\/archivos\/resoluciones\/RS-2018-48097482-APN-CONEAU-MECCYT.pdf\" target=\"_blank\" rel=\"noopener noreferrer\">RESFC-2018-49-APN-CONEAU#MECCYT <\/a><a href=\"https:\/\/www.coneau.gob.ar\/archivos\/resoluciones\/RS-2018-48097482-APN-CONEAU-MECCYT.pdf\" target=\"_blank\" rel=\"noopener noreferrer\">Convocatoria para la acreditaci\u00f3n de carreras de Biolog\u00eda.<\/a><\/span><\/strong><\/p>\n<p><strong><span style=\"color: #000000;\">\u2666<\/span>\u00a0<a href=\"https:\/\/www.coneau.gob.ar\/coneau\/wp-content\/uploads\/2020\/08\/IF-2020-50493513-APN-CONEAUME-Ordenanza-N%C2%B0-070.pdf\" target=\"_blank\" rel=\"noopener noreferrer\">Ordenanza CONEAU N\u00b0 70<\/a>\u00a0|\u00a0<\/strong><a href=\"https:\/\/www.coneau.gob.ar\/archivos\/ordenanzas\/Orde070.pdf\" target=\"_blank\" rel=\"noopener noreferrer\">RESFC-2020-241-APN-CONEAU#ME<\/a><\/p>\n<p><span style=\"color: #000000;\">\u2666<strong>\u00a0Formalizaci\u00f3n de la carrera:<\/strong> hasta el 16 de octubre a trav\u00e9s de <a href=\"https:\/\/global.coneau.gob.ar\/coneauglobal\/\" target=\"_blank\" rel=\"noopener noreferrer\"><span style=\"color: #34a6ed;\"><strong>CONEAU Global<\/strong><\/span><\/a><\/span><a href=\"https:\/\/global.coneau.gob.ar\/coneauglobal\/\" target=\"_blank\" rel=\"noopener noreferrer\"><span style=\"color: #000000;\">.<\/span><\/a><\/p>\n<p><span style=\"color: #000000;\">\u2666\u00a0<strong>Apertura del expediente electr\u00f3nico:<\/strong> hasta el 16 de octubre a trav\u00e9s de<strong><a style=\"color: #000000;\" href=\"\/\/tramitesadistancia.gob.ar\/tramitesadistancia\/inicio-publico\" target=\"_blank\" rel=\"noopener noreferrer\"> TAD<\/a><\/strong>. <a style=\"color: #000000;\" href=\"https:\/\/www.coneau.gob.ar\/coneau\/acreditacion-de-carreras-2\/\" target=\"_blank\" rel=\"noopener noreferrer\"><span style=\"color: #34a6ed;\"><span style=\"color: #000000;\">Para obtener m\u00e1s informaci\u00f3n sobre este procedimiento<\/span> click aqu\u00ed<\/span>.<\/a><\/span><\/p>\n<p><span style=\"color: #000000;\">\u2666 <strong>Taller de Autoevaluaci\u00f3n:<\/strong> semana del 5 de noviembre.<\/span><\/p>\n<p><span style=\"color: #000000;\">\u2666<strong> Ficha docente:<\/strong> a trav\u00e9s de<span style=\"color: #086c96;\">\u00a0<\/span><a href=\"https:\/\/global.coneau.gob.ar\/coneauglobal\/\" target=\"_blank\" rel=\"noopener noreferrer\"><span style=\"color: #34a6ed;\"><strong>CONEAU Global<\/strong><\/span>.<\/a><\/span><\/p>\n<p><span style=\"color: #000000;\">\u2666 <strong>Solicitud de acreditaci\u00f3n de la carrera:<\/strong> hasta el 15 de mayo de 2019 a trav\u00e9s de <a href=\"https:\/\/global.coneau.gob.ar\/coneauglobal\/\" target=\"_blank\" rel=\"noopener noreferrer\">CONEAU Global.<\/a><\/span><\/p>\n<p><span style=\"color: #000000;\">\u2666<\/span> <a href=\"https:\/\/www.coneau.gob.ar\/archivos\/biologia2018\/BIOTallerAutoevaluacion2018.pdf\" target=\"_blank\" rel=\"noopener noreferrer\">Taller de Autoevaluaci\u00f3n Biolog\u00eda 2018.<\/a><\/p>\n<p><span style=\"color: #000000;\">\u2666<\/span>\u00a0<a href=\"https:\/\/www.coneau.gob.ar\/archivos\/biologia2018\/TallerAutoBIO2018Global.pdf\" target=\"_blank\" rel=\"noopener noreferrer\">Pautas de carga CONEAU Global Biolog\u00eda 2018<\/a>.<\/p>\n<p><span style=\"color: #000000;\">\u2666<\/span> <strong><a href=\"https:\/\/www.coneau.gob.ar\/CONEAU\/?page_id=3525\" target=\"_blank\" rel=\"noopener noreferrer\">Ver evaluaci\u00f3n de SIED<\/a><\/strong><\/p>\n<p><span style=\"color: #000000;\">\u2666<\/span> <span style=\"color: #000000;\"><a href=\"https:\/\/www.coneau.gob.ar\/ayuda\/\" target=\"_blank\" rel=\"noopener noreferrer\">Consultar<strong>\u00a0Tutoriales sobre CONEAU GLOBAL.<\/strong><\/a><\/span><\/p>\n<p><span style=\"color: #000000;\"><strong>Convocatoria\u00a02017<\/strong><\/span><\/p>\n<p><a href=\"https:\/\/www.coneau.gob.ar\/archivos\/resoluciones\/RS-2017-15633945-APN-CONEAU-ME.pdf\" target=\"_blank\" rel=\"noopener noreferrer\">Resoluci\u00f3n\u00a0RESFC-2017-310-APN-CONEAU#ME<\/a><\/p>\n<p><span style=\"color: #000000;\"><strong>Convocatoria 2012<\/strong><\/span><\/p>\n<p><a href=\"https:\/\/www.coneau.gob.ar\/archivos\/form13biolog\/Res1091-12.pdf\">Resoluci\u00f3n N\u00ba1091\/12 &#8211;\u00a0Convocatoria para la acreditaci\u00f3n de carreras de grado de Biolog\u00eda, Licenciatura en Ciencias Biol\u00f3gicas, Licenciatura en Biodiversidad y Licenciatura en Ciencias B\u00e1sicas con orientaci\u00f3n en Biolog\u00eda.<\/a><\/p>\n<blockquote><p><strong>Mesa de ayuda<\/strong><\/p><\/blockquote>\n<blockquote><p><span style=\"color: #3771b0;\"><strong>\u00c1rea de Sistemas <\/strong><\/span>(Consultas T\u00e9cnicas y de Instalaci\u00f3n)<\/p>\n<p>Generales del Formulario: <a href=\"mailto:instructivogrado@coneau.gob.ar\">instructivogrado@coneau.gob.ar<\/a><\/p>\n<p>Sobre CONEAU Global: <a href=\"mailto:global@coneau.gob.ar\">global@coneau.gob.ar<\/a><\/p><\/blockquote>\n<blockquote><p><span style=\"color: #3771b0;\"><strong>\u00c1rea de Grado<\/strong><\/span> (Consultas de contenidos)<br \/>\nbiologia@coneau.gob.ar<\/p><\/blockquote>\n","protected":false},"excerpt":{"rendered":"<p>Res. ME N\u00ba139\/11 &#8211; Est\u00e1ndares de acreditaci\u00f3n para los t\u00edtulos Bi\u00f3logo, Licenciado en Ciencias Biol\u00f3gicas, Licenciado en Biolog\u00eda, Licenciado en Biodiversidad y Licenciado en Ciencias B\u00e1sicas \u2013 Orientaci\u00f3n Biolog\u00eda. &#8211; RESOL-2023-2599-APN-ME &#8211; Reglamento sobre la modalidad de educaci\u00f3n a distancia &#8211; Anexo Nueva Convocatoria\u00a02018 RESFC-2018-49-APN-CONEAU#MECCYT Convocatoria para la acreditaci\u00f3n de carreras de Biolog\u00eda. \u2666\u00a0Ordenanza CONEAU &hellip; <a href=\"https:\/\/www.coneau.gob.ar\/coneau\/acreditacion-de-carreras\/carreras-de-grado\/convocatorias\/carreras\/biologia\/\" class=\"more-link\">Seguir leyendo <span class=\"screen-reader-text\">Biolog\u00eda<\/span> <span class=\"meta-nav\">&rarr;<\/span><\/a><\/p>\n","protected":false},"author":2,"featured_media":3088,"parent":355,"menu_order":0,"comment_status":"open","ping_status":"closed","template":"template-carreras-grado-convocatorias.php","meta":[],"acf":[],"_links":{"self":[{"href":"https:\/\/www.coneau.gob.ar\/coneau\/wp-json\/wp\/v2\/pages\/399"}],"collection":[{"href":"https:\/\/www.coneau.gob.ar\/coneau\/wp-json\/wp\/v2\/pages"}],"about":[{"href":"https:\/\/www.coneau.gob.ar\/coneau\/wp-json\/wp\/v2\/types\/page"}],"author":[{"embeddable":true,"href":"https:\/\/www.coneau.gob.ar\/coneau\/wp-json\/wp\/v2\/users\/2"}],"replies":[{"embeddable":true,"href":"https:\/\/www.coneau.gob.ar\/coneau\/wp-json\/wp\/v2\/comments?post=399"}],"version-history":[{"count":32,"href":"https:\/\/www.coneau.gob.ar\/coneau\/wp-json\/wp\/v2\/pages\/399\/revisions"}],"predecessor-version":[{"id":10732,"href":"https:\/\/www.coneau.gob.ar\/coneau\/wp-json\/wp\/v2\/pages\/399\/revisions\/10732"}],"up":[{"embeddable":true,"href":"https:\/\/www.coneau.gob.ar\/coneau\/wp-json\/wp\/v2\/pages\/355"}],"wp:featuredmedia":[{"embeddable":true,"href":"https:\/\/www.coneau.gob.ar\/coneau\/wp-json\/wp\/v2\/media\/3088"}],"wp:attachment":[{"href":"https:\/\/www.coneau.gob.ar\/coneau\/wp-json\/wp\/v2\/media?parent=399"}],"curies":[{"name":"wp","href":"https:\/\/api.w.org\/{rel}","templated":true}]}}