{"id":3889,"date":"2018-03-28T10:37:09","date_gmt":"2018-03-28T13:37:09","guid":{"rendered":"http:\/\/www.coneau.gob.ar\/CONEAU\/?page_id=3889"},"modified":"2019-09-16T12:27:01","modified_gmt":"2019-09-16T15:27:01","slug":"ciencias-sociales","status":"publish","type":"page","link":"https:\/\/www.coneau.gob.ar\/coneau\/ciencias-sociales\/","title":{"rendered":"Ciencias Sociales"},"content":{"rendered":"<p><strong><a href=\"https:\/\/www.coneau.gob.ar\/archivos\/resoluciones\/RS-2018-13256682-APN-CONEAU-MEConvocatoria-Sociales.pdf\" target=\"_blank\">\u2666\u00a0RESFC-2018-15-APN-CONEAU#ME\u00a0<\/a>| <a href=\"https:\/\/www.coneau.gob.ar\/archivos\/resoluciones\/IF-2018-11486845-APN-DAC-CONEAUAnexo-convocatoria.pdf\" target=\"_blank\">Anexo\u00a0<\/a><\/strong><\/p>\n<p><strong><a href=\"https:\/\/www.coneau.gob.ar\/archivos\/resoluciones\/RS-2018-64695994-APN-CONEAU-MECCYT.pdf\" target=\"_blank\">\u2666\u00a0RESFC-2018-176-APN-CONEAU#MECCYT<\/a>\u00a0(Modificaci\u00f3n del cronograma para carreras\u00a0correspondientes a los CPRES Bonaerense y Metropolitano)<\/strong><\/p>\n<p><span style=\"color: #000000;\">La\u00a0cuarta etapa de la quinta convocatoria corresponde a las carreras de posgrado de especializaci\u00f3n, maestr\u00eda y doctorado pertenecientes al \u00e1rea de Ciencias\u00a0Sociales.<\/span><\/p>\n<p><span style=\"color: #000000;\">\u2666 <strong><a href=\"http:\/\/209.13.179.3\/coneauglobal\/atenea\/acerca-de.aspx\" target=\"_blank\">Formalizaci\u00f3n<\/a><\/strong><\/span><\/p>\n<p><span style=\"color: #000000;\">La formalizaci\u00f3n de la participaci\u00f3n en esta convocatoria (por medio de <a style=\"color: #000000;\" href=\"https:\/\/209.13.179.3\/coneauglobal\/atenea\/acerca-de.aspx\" target=\"_blank\">CONEAU Global<\/a>)\u00a0cerr\u00f3\u00a0<strong>15 de junio de 2018.<\/strong><\/span><\/p>\n<p>\u2666 <strong><a href=\"https:\/\/www.coneau.gob.ar\/?page_id=4117\" target=\"_blank\">Taller preparatorio<\/a><\/strong><\/p>\n<p style=\"text-align: justify;\"><span style=\"color: #000000;\">Los d\u00edas 30 y 31 de agosto de 2018 se desarrollaron los talleres preparatorios para las carreras correspondientes a Ciencias Pol\u00edticas,\u00a0Antropolog\u00eda,\u00a0Demograf\u00eda,\u00a0Sociolog\u00eda,\u00a0Ciencias de la\u00a0Comunicaci\u00f3n,\u00a0Relaciones Institucionales\u00a0y\u00a0Geograf\u00eda.<\/span><\/p>\n<p style=\"text-align: justify;\"><span style=\"color: #000000;\">Los d\u00edas 27 y 28 de febrero de 2019 se realizaon los talleres correspondientes a las carreras pertenecientes a las disciplinas de\u00a0Derecho,\u00a0Ciencias Contables,\u00a0Econom\u00eda\u00a0y\u00a0Administraci\u00f3n.\u00a0<\/span><\/p>\n<p style=\"text-align: justify;\"><span style=\"color: #000000;\">\u2666 <strong><a href=\"https:\/\/209.13.179.3\/coneauglobal\/atenea\/acerca-de.aspx\" target=\"_blank\">Presentaci\u00f3n<\/a>\u00a0<\/strong><\/span><\/p>\n<p style=\"text-align: justify;\"><span style=\"color: #000000;\">La presentaci\u00f3n de las carreras pertenecientes\u00a0a las\u00a0disciplinas de <strong>Derecho<\/strong>, <strong>Ciencias Contables<\/strong>, <strong>Econom\u00eda<\/strong> y <strong>Administraci\u00f3n\u00a0\u00a0<\/strong>(de acuerdo con la tabla incluida en el <strong><a style=\"color: #000000;\" href=\"https:\/\/www.coneau.gob.ar\/archivos\/resoluciones\/IF-2018-11486845-APN-DAC-CONEAUAnexo-convocatoria.pdf\" target=\"_blank\">Anexo\u00a0<\/a><\/strong>de la\u00a0Resoluci\u00f3n) deber\u00e1 realizarse a\u00a0trav\u00e9s de<\/span>\u00a0<a href=\"https:\/\/172.16.0.3\/coneauglobal\/\" target=\"_blank\">CONEAU Global<\/a>\u00a0<span style=\"color: #000000;\">teniendo en cuenta las siguientes fechas:<\/span><\/p>\n<p style=\"text-align: justify;\"><span style=\"color: #000000;\">&#8211; Posgrados correspondientes a los <strong>CPRES Sur<\/strong>, <strong>Nuevo Cuyo<\/strong>, <strong>Centro<\/strong>, <strong>Noroeste<\/strong> y <strong>Noreste<\/strong>: hasta el <strong>31 de\u00a0mayo de 2019.<\/strong><\/span><\/p>\n<p style=\"text-align: justify;\"><span style=\"color: #000000;\">&#8211;\u00a0Posgrados correspondientes a los <strong>CPRES Metropolitano<\/strong> y <strong>Bonaerense<\/strong>: hasta el <strong>11 de octubre de 2019 (<a href=\"https:\/\/www.coneau.gob.ar\/archivos\/resoluciones\/RS-2018-64695994-APN-CONEAU-MECCYT.pdf\" target=\"_blank\">Resoluci\u00f3n RESFC-2018-176-APN-CONEAU#MECCYT<\/a>).<\/strong><\/span><\/p>\n<p style=\"text-align: justify;\"><span style=\"color: #000000;\">La presentaci\u00f3n de las carreras pertenecientes\u00a0a las\u00a0disciplinas de <strong>Ciencias Pol\u00edticas<\/strong>, <strong>Antropolog\u00eda<\/strong>, <strong>Demograf\u00eda<\/strong>, <strong>Sociolog\u00eda<\/strong>, <strong>Ciencias de la\u00a0Comunicaci\u00f3n<\/strong>, <strong>Relaciones Institucionales<\/strong> y <strong>Geograf\u00eda<\/strong>\u00a0(de acuerdo con la tabla incluida en el<\/span> <strong><a href=\"https:\/\/www.coneau.gob.ar\/archivos\/resoluciones\/IF-2018-11486845-APN-DAC-CONEAUAnexo-convocatoria.pdf\" target=\"_blank\">Anexo\u00a0<\/a><\/strong><span style=\"color: #000000;\">de la Resoluci\u00f3n) estuvo disponible\u00a0<\/span><span style=\"color: #000000;\">hasta el <strong>30 de noviembre de 2018<\/strong>.\u00a0 A trav\u00e9s de<\/span> <a href=\"http:\/\/209.13.179.3\/coneauglobal\/atenea\/acerca-de.aspx\" target=\"_blank\">CONEAU Global<\/a>.<\/p>\n<p>\u2666\u00a0<strong><a href=\"https:\/\/www.coneau.gob.ar\/archivos\/form09posg\/NT-5A-CONV-SOCIALES.pdf\" target=\"_blank\">Nota T\u00e9cnica\u00a0(Presentaci\u00f3n de la solicitud de acreditaci\u00f3n)<\/a><\/strong><\/p>\n<p>\u2666\u00a0<strong><a href=\"https:\/\/www.coneau.gob.ar\/?page_id=2691\" target=\"_blank\">Implementaci\u00f3n de Tr\u00e1mites a Distancia<\/a>\u00a0(TAD)<\/strong><\/p>\n<p>&nbsp;<\/p>\n","protected":false},"excerpt":{"rendered":"<p>\u2666\u00a0RESFC-2018-15-APN-CONEAU#ME\u00a0| Anexo\u00a0 \u2666\u00a0RESFC-2018-176-APN-CONEAU#MECCYT\u00a0(Modificaci\u00f3n del cronograma para carreras\u00a0correspondientes a los CPRES Bonaerense y Metropolitano) La\u00a0cuarta etapa de la quinta convocatoria corresponde a las carreras de posgrado de especializaci\u00f3n, maestr\u00eda y doctorado pertenecientes al \u00e1rea de Ciencias\u00a0Sociales. \u2666 Formalizaci\u00f3n La formalizaci\u00f3n de la participaci\u00f3n en esta convocatoria (por medio de CONEAU Global)\u00a0cerr\u00f3\u00a015 de junio de 2018. \u2666 &hellip; <a href=\"https:\/\/www.coneau.gob.ar\/coneau\/ciencias-sociales\/\" class=\"more-link\">Seguir leyendo <span class=\"screen-reader-text\">Ciencias Sociales<\/span> <span class=\"meta-nav\">&rarr;<\/span><\/a><\/p>\n","protected":false},"author":2,"featured_media":4129,"parent":0,"menu_order":0,"comment_status":"open","ping_status":"open","template":"template-carreras-posgrado-carreras-en-funcionamiento-convocatorias.php","meta":[],"acf":[],"_links":{"self":[{"href":"https:\/\/www.coneau.gob.ar\/coneau\/wp-json\/wp\/v2\/pages\/3889"}],"collection":[{"href":"https:\/\/www.coneau.gob.ar\/coneau\/wp-json\/wp\/v2\/pages"}],"about":[{"href":"https:\/\/www.coneau.gob.ar\/coneau\/wp-json\/wp\/v2\/types\/page"}],"author":[{"embeddable":true,"href":"https:\/\/www.coneau.gob.ar\/coneau\/wp-json\/wp\/v2\/users\/2"}],"replies":[{"embeddable":true,"href":"https:\/\/www.coneau.gob.ar\/coneau\/wp-json\/wp\/v2\/comments?post=3889"}],"version-history":[{"count":47,"href":"https:\/\/www.coneau.gob.ar\/coneau\/wp-json\/wp\/v2\/pages\/3889\/revisions"}],"predecessor-version":[{"id":5359,"href":"https:\/\/www.coneau.gob.ar\/coneau\/wp-json\/wp\/v2\/pages\/3889\/revisions\/5359"}],"wp:featuredmedia":[{"embeddable":true,"href":"https:\/\/www.coneau.gob.ar\/coneau\/wp-json\/wp\/v2\/media\/4129"}],"wp:attachment":[{"href":"https:\/\/www.coneau.gob.ar\/coneau\/wp-json\/wp\/v2\/media?parent=3889"}],"curies":[{"name":"wp","href":"https:\/\/api.w.org\/{rel}","templated":true}]}}