{"id":379,"date":"2015-06-25T20:53:47","date_gmt":"2015-06-25T20:53:47","guid":{"rendered":"http:\/\/hakuna.com.ar\/projects\/coneau\/wordpress\/?page_id=379"},"modified":"2025-06-10T13:56:48","modified_gmt":"2025-06-10T16:56:48","slug":"ciencias-aplicadas","status":"publish","type":"page","link":"https:\/\/www.coneau.gob.ar\/coneau\/acreditacion-de-carreras\/carreras-de-posgrado\/carreras-en-funcionamiento\/convocatorias\/convocatorias-anteriores\/ciencias-aplicadas\/","title":{"rendered":"Ciencias Aplicadas"},"content":{"rendered":"<p><strong><a href=\"https:\/\/global.coneau.gob.ar\/coneauglobal\/atenea\/carreras\/formalizaciones\/login.aspx\">FORMALIZACI\u00d3N\u00a0<\/a><\/strong><\/p>\n<p><strong><a href=\"http:\/\/www.coneau.gob.ar\/archivos\/AyudaFormalizaciones.pdf\">Manual de ayuda para formalizar.<\/a><\/strong><\/p>\n<p><strong><a href=\"http:\/\/www.coneau.gob.ar\/archivos\/resoluciones\/Res945-14.pdf\">Resoluci\u00f3n CONEAU 945\/14<\/a><\/strong><\/p>\n<p>La quinta etapa de esta convocatoria corresponde a las carreras de posgrado de especializaci\u00f3n, maestr\u00eda y doctorado pertenecientes al \u00e1rea de Ciencias Aplicadas.<\/p>\n<p>La formalizaci\u00f3n de la participaci\u00f3n en la convocatoria (por medio del formulario disponible en esta p\u00e1gina web) podr\u00e1 realizarse hasta el 20 de Marzo de 2015.<\/p>\n<p>La presentaci\u00f3n de las carreras correspondientes a los\u00a0<strong>CPRES Metropolitano y Bonaerense<\/strong>\u00a0deber\u00e1 realizarse hasta el 30 de junio de 2015 en el 1er Piso de Av. Santa Fe 1592, en el horario de 10 a 17 hs.<\/p>\n<p>La presentaci\u00f3n de las carreras correspondientes a los\u00a0<strong>CPRES Sur, Centro &#8211; Oeste,\u00a0\u00a0\u00a0 Centro \u2013 Este, Noroeste y Noreste<\/strong>\u00a0deber\u00e1 realizarse hasta el 02 de Octubre de 2015 en el 1er Piso de Av. Santa Fe 1592, en el horario de 10 a 17 hs.<\/p>\n<p>&#8211;\u00a0<a href=\"http:\/\/www.coneau.gob.ar\/archivos\/form09posg\/APLICADAS-NOTA141113.pdf\"><strong>NOTA T\u00c9CNICA (PRESENTACI\u00d3N DE LA SOLICITUD DE ACREDITACI\u00d3N)<\/strong>.<\/a><\/p>\n<p><strong>&#8211;\u00a0<a href=\"http:\/\/190.104.209.194\/coneauglobal\/atenea\/carreras\/instructivos\/inicio.aspx\">Formulario web (CONEAU Global\/Atenea\/Instructivos).<\/a><\/strong><\/p>\n<p><strong>&#8211;\u00a0<a href=\"http:\/\/www.coneau.gob.ar\/archivos\/form09posg\/GuiaAcreditadasDic2014.doc\">Gu\u00eda de Autoevaluaci\u00f3n para carreras acreditadas.<\/a><\/strong>Esta gu\u00eda debe ser utilizada exclusivamente por aquellas carreras de posgrado que han resultado acreditadas en la evaluaci\u00f3n anterior y por aquellas carreras que han recibido un dictamen favorable como proyectos de carrera en su evaluaci\u00f3n inmediatamente anterior.<\/p>\n<p><strong>&#8211;\u00a0<a href=\"http:\/\/www.coneau.gob.ar\/archivos\/form09posg\/GuiaNoAcreditadasDic2014.doc\">Gu\u00eda de Autoevaluaci\u00f3n para carreras no acreditadas.<\/a><\/strong>Esta gu\u00eda debe ser utilizada exclusivamente por aquellas carreras de posgrado que se presentan por primera vez ante la CONEAU y por aqu\u00e9llas que, habi\u00e9ndose presentado previamente, no obtuvieron su acreditaci\u00f3n.<\/p>\n<p><strong><div class=\"panel panel-default\">\n                <div class=\"panel-heading\" role=\"tab\" id=\"headingOne\">\n                    <h4 class=\"panel-title\">\n                        <a data-toggle=\"collapse\" data-parent=\"#accordion-0\" href=\"#acc-2\" aria-expanded=\"true\" aria-controls=\"collapseOne\">\n                            <i class=\"fa fa-arrow-down\"><\/i> <\/strong><strong>Recursos de apoyo\n                        <\/a>\n                    <\/h4>\n                <\/div>\n                <div id=\"acc-2\" class=\"panel-collapse collapse \" role=\"tabpanel\" aria-labelledby=\"headingOne\">\n                    <div class=\"panel-body\"><\/strong><\/p>\n<p><a href=\"http:\/\/www.coneau.gob.ar\/archivos\/csAplicadas\/TallerAplicadas-PrimeraParte.pdf\">Taller para las Instituciones &#8211; Parte 1 &#8211; Marzo 2015<\/a><\/p>\n<p><a href=\"http:\/\/www.coneau.gob.ar\/archivos\/csAplicadas\/TallerAplicadas-SegundaParte.pdf\">Taller para las Instituciones &#8211; Parte 2 &#8211; Marzo 2015<\/a><\/p>\n<p><a href=\"http:\/\/www.coneau.gob.ar\/archivos\/AyudaFormalizaciones.pdf\">Manual de ayuda para formalizar.<\/a><\/p>\n<p><\/div>\n                <\/div>\n            <\/div><\/p>\n","protected":false},"excerpt":{"rendered":"<p>FORMALIZACI\u00d3N\u00a0 Manual de ayuda para formalizar. Resoluci\u00f3n CONEAU 945\/14 La quinta etapa de esta convocatoria corresponde a las carreras de posgrado de especializaci\u00f3n, maestr\u00eda y doctorado pertenecientes al \u00e1rea de Ciencias Aplicadas. La formalizaci\u00f3n de la participaci\u00f3n en la convocatoria (por medio del formulario disponible en esta p\u00e1gina web) podr\u00e1 realizarse hasta el 20 de &hellip; <a href=\"https:\/\/www.coneau.gob.ar\/coneau\/acreditacion-de-carreras\/carreras-de-posgrado\/carreras-en-funcionamiento\/convocatorias\/convocatorias-anteriores\/ciencias-aplicadas\/\" class=\"more-link\">Seguir leyendo <span class=\"screen-reader-text\">Ciencias Aplicadas<\/span> <span class=\"meta-nav\">&rarr;<\/span><\/a><\/p>\n","protected":false},"author":2,"featured_media":1105,"parent":381,"menu_order":0,"comment_status":"open","ping_status":"closed","template":"template-carreras-posgrado-carreras-en-funcionamiento-convocatorias-anteriores.php","meta":[],"acf":[],"_links":{"self":[{"href":"https:\/\/www.coneau.gob.ar\/coneau\/wp-json\/wp\/v2\/pages\/379"}],"collection":[{"href":"https:\/\/www.coneau.gob.ar\/coneau\/wp-json\/wp\/v2\/pages"}],"about":[{"href":"https:\/\/www.coneau.gob.ar\/coneau\/wp-json\/wp\/v2\/types\/page"}],"author":[{"embeddable":true,"href":"https:\/\/www.coneau.gob.ar\/coneau\/wp-json\/wp\/v2\/users\/2"}],"replies":[{"embeddable":true,"href":"https:\/\/www.coneau.gob.ar\/coneau\/wp-json\/wp\/v2\/comments?post=379"}],"version-history":[{"count":9,"href":"https:\/\/www.coneau.gob.ar\/coneau\/wp-json\/wp\/v2\/pages\/379\/revisions"}],"predecessor-version":[{"id":12702,"href":"https:\/\/www.coneau.gob.ar\/coneau\/wp-json\/wp\/v2\/pages\/379\/revisions\/12702"}],"up":[{"embeddable":true,"href":"https:\/\/www.coneau.gob.ar\/coneau\/wp-json\/wp\/v2\/pages\/381"}],"wp:featuredmedia":[{"embeddable":true,"href":"https:\/\/www.coneau.gob.ar\/coneau\/wp-json\/wp\/v2\/media\/1105"}],"wp:attachment":[{"href":"https:\/\/www.coneau.gob.ar\/coneau\/wp-json\/wp\/v2\/media?parent=379"}],"curies":[{"name":"wp","href":"https:\/\/api.w.org\/{rel}","templated":true}]}}