{"id":3780,"date":"2018-02-09T15:51:15","date_gmt":"2018-02-09T18:51:15","guid":{"rendered":"http:\/\/www.coneau.gob.ar\/CONEAU\/?page_id=3780"},"modified":"2018-02-09T15:51:15","modified_gmt":"2018-02-09T18:51:15","slug":"inscripcion-phronesis","status":"publish","type":"page","link":"https:\/\/www.coneau.gob.ar\/coneau\/inscripcion-phronesis\/","title":{"rendered":"Inscripci\u00f3n Phronesis"},"content":{"rendered":"<p>Por tareas de mantenimiento no podremos recibir su solicitud en este momento. El servicio est\u00e1 disponible nuevamente a partir del mi\u00e9rcoles 14 de marzo. Le agradecemos su comprensi\u00f3n.<\/p>\n<p>&nbsp;<\/p>\n","protected":false},"excerpt":{"rendered":"<p>Por tareas de mantenimiento no podremos recibir su solicitud en este momento. El servicio est\u00e1 disponible nuevamente a partir del mi\u00e9rcoles 14 de marzo. Le agradecemos su comprensi\u00f3n. &nbsp;<\/p>\n","protected":false},"author":3,"featured_media":3746,"parent":0,"menu_order":0,"comment_status":"open","ping_status":"open","template":"","meta":[],"acf":[],"_links":{"self":[{"href":"https:\/\/www.coneau.gob.ar\/coneau\/wp-json\/wp\/v2\/pages\/3780"}],"collection":[{"href":"https:\/\/www.coneau.gob.ar\/coneau\/wp-json\/wp\/v2\/pages"}],"about":[{"href":"https:\/\/www.coneau.gob.ar\/coneau\/wp-json\/wp\/v2\/types\/page"}],"author":[{"embeddable":true,"href":"https:\/\/www.coneau.gob.ar\/coneau\/wp-json\/wp\/v2\/users\/3"}],"replies":[{"embeddable":true,"href":"https:\/\/www.coneau.gob.ar\/coneau\/wp-json\/wp\/v2\/comments?post=3780"}],"version-history":[{"count":1,"href":"https:\/\/www.coneau.gob.ar\/coneau\/wp-json\/wp\/v2\/pages\/3780\/revisions"}],"predecessor-version":[{"id":3781,"href":"https:\/\/www.coneau.gob.ar\/coneau\/wp-json\/wp\/v2\/pages\/3780\/revisions\/3781"}],"wp:featuredmedia":[{"embeddable":true,"href":"https:\/\/www.coneau.gob.ar\/coneau\/wp-json\/wp\/v2\/media\/3746"}],"wp:attachment":[{"href":"https:\/\/www.coneau.gob.ar\/coneau\/wp-json\/wp\/v2\/media?parent=3780"}],"curies":[{"name":"wp","href":"https:\/\/api.w.org\/{rel}","templated":true}]}}