{"id":3715,"date":"2017-12-29T12:05:47","date_gmt":"2017-12-29T15:05:47","guid":{"rendered":"http:\/\/www.coneau.gob.ar\/CONEAU\/?page_id=3715"},"modified":"2026-03-09T12:12:54","modified_gmt":"2026-03-09T15:12:54","slug":"abogacia","status":"publish","type":"page","link":"https:\/\/www.coneau.gob.ar\/coneau\/acreditacion-de-carreras\/carreras-de-grado\/convocatorias\/proyectos\/abogacia\/","title":{"rendered":"Abogac\u00eda"},"content":{"rendered":"<p><strong>Est\u00e1ndares de acreditaci\u00f3n para t\u00edtulos de Abogado &#8211; <\/strong><strong><a href=\"https:\/\/www.coneau.gob.ar\/archivos\/resoluciones\/rm-3401-e-2017-abogado-59ba9a63723e9.pdf\">Res. 3401-E\/2017<\/a><\/strong><\/p>\n<h3><strong>Convocatoria 2026<\/strong><\/h3>\n<p>\u2666<a href=\"https:\/\/www.coneau.gob.ar\/archivos\/resoluciones\/RESME51-10.pdf\">\u00a0<strong>RM N\u00ba 51\/10<\/strong><\/a><\/p>\n<p><strong>\u2666<\/strong><strong><a href=\"https:\/\/www.coneau.gob.ar\/archivos\/ordenanzas\/IF-2017-32940042-APN-CONEAU-ME.pdf\">\u00a0Ordenanza CONEAU N\u00ba 62<\/a><\/strong><\/p>\n<p><strong>\u2666<\/strong><strong>\u00a0<\/strong><strong><a href=\"https:\/\/www.coneau.gob.ar\/coneau\/wp-content\/uploads\/2020\/08\/IF-2020-50493513-APN-CONEAUME-Ordenanza-N%C2%B0-070.pdf\">Ordenanza CONEAU N\u00b0 70<\/a><\/strong><strong>\u00a0|\u00a0<\/strong><a href=\"https:\/\/www.coneau.gob.ar\/archivos\/ordenanzas\/Orde070.pdf\">RESFC-2020-241-APN-CONEAU#ME<\/a><\/p>\n<p>\u2666<strong>\u00a0<\/strong><strong>Formalizaci\u00f3n de proyectos:<\/strong><strong>\u00a0<\/strong>hasta el 15 de marzo de 2026 a trav\u00e9s de <strong><a href=\"https:\/\/global.coneau.gob.ar\/coneauglobal\/\">CONEAU Global<\/a><\/strong>.<\/p>\n<p>\u2666<strong>\u00a0Presentaci\u00f3n de\u00a0proyectos:\u00a0<\/strong>hasta el 30 de abril de 2026 a trav\u00e9s de <strong>\u00a0<\/strong><strong><a href=\"https:\/\/global.coneau.gob.ar\/coneauglobal\/\">CONEAU Global<\/a><\/strong>.<\/p>\n<p>\u2666\u00a0<strong>Apertura del expediente electr\u00f3nico:\u00a0<\/strong>hasta el 30 de abril de 2026 a trav\u00e9s de<strong><a href=\"http:\/\/tramitesadistancia.gob.ar\/tramitesadistancia\/inicio-publico\">\u00a0TAD<\/a><\/strong>.\u00a0Para obtener m\u00e1s informaci\u00f3n sobre este procedimiento<a href=\"https:\/\/www.coneau.gob.ar\/?page_id=2691\">\u00a0<strong>click aqu\u00ed<\/strong>.<\/a><\/p>\n<p><strong>\u2666<\/strong><strong><a href=\"https:\/\/www.coneau.gob.ar\/ayuda\/\">\u00a0Consultar Tutoriales sobre CONEAU GLOBAL<\/a><\/strong><\/p>\n<p><strong>\u00a0<\/strong><\/p>\n<p><strong>Mesa de ayuda<\/strong><\/p>\n<p><strong>\u00c1rea de Sistemas<\/strong><\/p>\n<p><a href=\"mailto:global@coneau.gob.ar\">global@coneau.gob.ar<\/a> (Consultas t\u00e9cnicas sobre CONEAU Global)<\/p>\n<p><strong>\u00c1rea de Grado<\/strong><br \/>\n<a href=\"mailto:arquitectura@coneau.gob.ar\">proyectosgrado@coneau.gob.ar<\/a> (Consultas de contenidos)<\/p>\n<p><a href=\"mailto:acreditaciongrado@coneau.gob.ar\">acreditaciongrado@coneau.gob.ar<\/a> (Consultas administrativas)<\/p>\n<p><a href=\"https:\/\/www.coneau.gob.ar\/?page_id=2691\">\u00a0<\/a><\/p>\n","protected":false},"excerpt":{"rendered":"<p>Est\u00e1ndares de acreditaci\u00f3n para t\u00edtulos de Abogado &#8211; Res. 3401-E\/2017 Convocatoria 2026 \u2666\u00a0RM N\u00ba 51\/10 \u2666\u00a0Ordenanza CONEAU N\u00ba 62 \u2666\u00a0Ordenanza CONEAU N\u00b0 70\u00a0|\u00a0RESFC-2020-241-APN-CONEAU#ME \u2666\u00a0Formalizaci\u00f3n de proyectos:\u00a0hasta el 15 de marzo de 2026 a trav\u00e9s de CONEAU Global. \u2666\u00a0Presentaci\u00f3n de\u00a0proyectos:\u00a0hasta el 30 de abril de 2026 a trav\u00e9s de \u00a0CONEAU Global. \u2666\u00a0Apertura del expediente electr\u00f3nico:\u00a0hasta el &hellip; <a href=\"https:\/\/www.coneau.gob.ar\/coneau\/acreditacion-de-carreras\/carreras-de-grado\/convocatorias\/proyectos\/abogacia\/\" class=\"more-link\">Seguir leyendo <span class=\"screen-reader-text\">Abogac\u00eda<\/span> <span class=\"meta-nav\">&rarr;<\/span><\/a><\/p>\n","protected":false},"author":2,"featured_media":3611,"parent":357,"menu_order":0,"comment_status":"closed","ping_status":"open","template":"template-carreras-grado-convocatorias.php","meta":[],"acf":[],"_links":{"self":[{"href":"https:\/\/www.coneau.gob.ar\/coneau\/wp-json\/wp\/v2\/pages\/3715"}],"collection":[{"href":"https:\/\/www.coneau.gob.ar\/coneau\/wp-json\/wp\/v2\/pages"}],"about":[{"href":"https:\/\/www.coneau.gob.ar\/coneau\/wp-json\/wp\/v2\/types\/page"}],"author":[{"embeddable":true,"href":"https:\/\/www.coneau.gob.ar\/coneau\/wp-json\/wp\/v2\/users\/2"}],"replies":[{"embeddable":true,"href":"https:\/\/www.coneau.gob.ar\/coneau\/wp-json\/wp\/v2\/comments?post=3715"}],"version-history":[{"count":42,"href":"https:\/\/www.coneau.gob.ar\/coneau\/wp-json\/wp\/v2\/pages\/3715\/revisions"}],"predecessor-version":[{"id":14292,"href":"https:\/\/www.coneau.gob.ar\/coneau\/wp-json\/wp\/v2\/pages\/3715\/revisions\/14292"}],"up":[{"embeddable":true,"href":"https:\/\/www.coneau.gob.ar\/coneau\/wp-json\/wp\/v2\/pages\/357"}],"wp:featuredmedia":[{"embeddable":true,"href":"https:\/\/www.coneau.gob.ar\/coneau\/wp-json\/wp\/v2\/media\/3611"}],"wp:attachment":[{"href":"https:\/\/www.coneau.gob.ar\/coneau\/wp-json\/wp\/v2\/media?parent=3715"}],"curies":[{"name":"wp","href":"https:\/\/api.w.org\/{rel}","templated":true}]}}