{"id":3615,"date":"2017-12-26T14:06:08","date_gmt":"2017-12-26T17:06:08","guid":{"rendered":"http:\/\/www.coneau.gob.ar\/CONEAU\/?page_id=3615"},"modified":"2026-03-11T10:19:03","modified_gmt":"2026-03-11T13:19:03","slug":"contador-publico","status":"publish","type":"page","link":"https:\/\/www.coneau.gob.ar\/coneau\/acreditacion-de-carreras\/carreras-de-grado\/convocatorias\/carreras\/contador-publico\/","title":{"rendered":"Contador P\u00fablico"},"content":{"rendered":"<p><span style=\"color: #333333;\">Est\u00e1ndares de acreditaci\u00f3n para t\u00edtulos de Contador P\u00fablico<strong> &#8211; <\/strong><\/span><strong><u><a href=\"https:\/\/www.coneau.gob.ar\/archivos\/resoluciones\/RESOL3400-17.pdf\">Resoluci\u00f3n 3400-E\/2017\u00a0<\/a><\/u><\/strong><strong>|\u00a0<\/strong><strong><u><a href=\"https:\/\/www.coneau.gob.ar\/archivos\/resoluciones\/anexo-res3400.pdf\">Anexo\u00a0<\/a><\/u><\/strong><\/p>\n<h3><strong>Convocatoria 2026<\/strong><\/h3>\n<p><a href=\"https:\/\/coneau.gob.ar\/archivos\/resoluciones\/RS-2026-22988684-APN-CONEAU-MCH.pdf\" target=\"_blank\" rel=\"noopener\">RESFC-2026-23-APN-CONEAU#MCH<\/a> \u2013 <a href=\"https:\/\/coneau.gob.ar\/archivos\/resoluciones\/IF-2026-21969813-APN-DAC-CONEAU.pdf\" target=\"_blank\" rel=\"noopener\">Anexo I<\/a> &#8211; <a href=\"https:\/\/coneau.gob.ar\/archivos\/resoluciones\/IF-2026-21970195-APN-DAC-CONEAU.pdf\" target=\"_blank\" rel=\"noopener\">Anexo II<\/a><\/p>\n<p><strong>\u2666<\/strong><strong>\u00a0<\/strong><a href=\"https:\/\/www.coneau.gob.ar\/coneau\/wp-content\/uploads\/2020\/08\/IF-2020-50493513-APN-CONEAUME-Ordenanza-N%C2%B0-070.pdf\"><strong>Ordenanza CONEAU N\u00b0 70<\/strong><\/a><strong>\u00a0|\u00a0<\/strong><a href=\"https:\/\/www.coneau.gob.ar\/archivos\/ordenanzas\/Orde070.pdf\">RESFC-2020-241-APN-CONEAU#ME<\/a><\/p>\n<p><strong>\u2666<\/strong><strong>\u00a0<\/strong><strong><u>Ordenanza CONEAU N\u00b0 7<\/u><\/strong><strong>5\u00a0|\u00a0<\/strong><u>RESFC-2023-365-APN-CONEAU#ME<\/u><\/p>\n<p>\u2666<strong>\u00a0<span style=\"color: #333333;\">Formalizaci\u00f3n de la carrera:<\/span><\/strong><span style=\"color: #333333;\">\u00a0hasta el 31 de julio de 2026 a trav\u00e9s de<\/span>\u00a0<a href=\"https:\/\/global.coneau.gob.ar\/coneauglobal\/\"><strong>CONEAU Global<\/strong><\/a><a href=\"https:\/\/global.coneau.gob.ar\/coneauglobal\/\">.<\/a><\/p>\n<p>\u2666\u00a0<span style=\"color: #333333;\"><strong>Apertura del expediente electr\u00f3nico:<\/strong>\u00a0hasta el 31 de agosto de 2026 a trav\u00e9s de<\/span><a href=\"https:\/\/tramitesadistancia.gob.ar\/tramitesadistancia\/inicio-publico\"><strong>\u00a0TAD<\/strong><\/a>.\u00a0<a href=\"https:\/\/www.coneau.gob.ar\/coneau\/acreditacion-de-carreras-2\/\">Para obtener m\u00e1s informaci\u00f3n sobre este procedimiento\u00a0click aqu\u00ed.<\/a><\/p>\n<p><strong><u>IMPORTANTE<\/u><\/strong>: Abrir el expediente luego de la reuni\u00f3n de consultas.<\/p>\n<p>\u2666\u00a0<strong>Reuni\u00f3n de consultas:<\/strong>\u00a011 de agosto de 2026.<\/p>\n<p>\u2666<strong>\u00a0<span style=\"color: #333333;\">Ficha docente:<\/span><\/strong><span style=\"color: #333333;\">\u00a0a trav\u00e9s de\u00a0<\/span><a href=\"https:\/\/global.coneau.gob.ar\/coneauglobal\/\"><strong>CONEAU Global<\/strong>.<\/a><\/p>\n<p>\u2666\u00a0<span style=\"color: #333333;\"><strong>Solicitud de acreditaci\u00f3n de la carrera:<\/strong>\u00a0hasta el 31 de marzo de 2027 a trav\u00e9s de\u00a0<\/span><a href=\"https:\/\/global.coneau.gob.ar\/coneauglobal\/\">CONEAU Global.<\/a><\/p>\n<p>\u2666<a href=\"https:\/\/www.coneau.gob.ar\/ayuda\/\" target=\"_blank\" rel=\"noopener noreferrer\">Consultar<strong>\u00a0Tutoriales sobre CONEAU GLOBAL<\/strong><\/a><\/p>\n<blockquote><p><strong>Mesa de ayuda<\/strong><\/p><\/blockquote>\n<blockquote><p><span style=\"color: #3366ff;\"><strong>\u00c1rea de Sistemas\u00a0<\/strong><\/span>(Consultas T\u00e9cnicas\u00a0sobre CONEAU Global)<\/p>\n<p><a href=\"mailto:global@coneau.gob.ar\">global@coneau.gob.ar<\/a><\/p>\n<p><span style=\"color: #3366ff;\"><strong>\u00c1rea de Grado<\/strong><\/span><\/p>\n<p>contador@coneau.gob.ar (Consultas de contenidos)<\/p>\n<p>acreditaciongrado@coneau.gob.ar (Consultas administrativas)<\/p><\/blockquote>\n<table width=\"100%\">\n<tbody>\n<tr>\n<td><\/td>\n<\/tr>\n<\/tbody>\n<\/table>\n","protected":false},"excerpt":{"rendered":"<p>Est\u00e1ndares de acreditaci\u00f3n para t\u00edtulos de Contador P\u00fablico &#8211; Resoluci\u00f3n 3400-E\/2017\u00a0|\u00a0Anexo\u00a0 Convocatoria 2026 RESFC-2026-23-APN-CONEAU#MCH \u2013 Anexo I &#8211; Anexo II \u2666\u00a0Ordenanza CONEAU N\u00b0 70\u00a0|\u00a0RESFC-2020-241-APN-CONEAU#ME \u2666\u00a0Ordenanza CONEAU N\u00b0 75\u00a0|\u00a0RESFC-2023-365-APN-CONEAU#ME \u2666\u00a0Formalizaci\u00f3n de la carrera:\u00a0hasta el 31 de julio de 2026 a trav\u00e9s de\u00a0CONEAU Global. \u2666\u00a0Apertura del expediente electr\u00f3nico:\u00a0hasta el 31 de agosto de 2026 a trav\u00e9s de\u00a0TAD.\u00a0Para &hellip; <a href=\"https:\/\/www.coneau.gob.ar\/coneau\/acreditacion-de-carreras\/carreras-de-grado\/convocatorias\/carreras\/contador-publico\/\" class=\"more-link\">Seguir leyendo <span class=\"screen-reader-text\">Contador P\u00fablico<\/span> <span class=\"meta-nav\">&rarr;<\/span><\/a><\/p>\n","protected":false},"author":2,"featured_media":3616,"parent":355,"menu_order":0,"comment_status":"open","ping_status":"open","template":"template-carreras-grado-convocatorias.php","meta":[],"acf":[],"_links":{"self":[{"href":"https:\/\/www.coneau.gob.ar\/coneau\/wp-json\/wp\/v2\/pages\/3615"}],"collection":[{"href":"https:\/\/www.coneau.gob.ar\/coneau\/wp-json\/wp\/v2\/pages"}],"about":[{"href":"https:\/\/www.coneau.gob.ar\/coneau\/wp-json\/wp\/v2\/types\/page"}],"author":[{"embeddable":true,"href":"https:\/\/www.coneau.gob.ar\/coneau\/wp-json\/wp\/v2\/users\/2"}],"replies":[{"embeddable":true,"href":"https:\/\/www.coneau.gob.ar\/coneau\/wp-json\/wp\/v2\/comments?post=3615"}],"version-history":[{"count":31,"href":"https:\/\/www.coneau.gob.ar\/coneau\/wp-json\/wp\/v2\/pages\/3615\/revisions"}],"predecessor-version":[{"id":14410,"href":"https:\/\/www.coneau.gob.ar\/coneau\/wp-json\/wp\/v2\/pages\/3615\/revisions\/14410"}],"up":[{"embeddable":true,"href":"https:\/\/www.coneau.gob.ar\/coneau\/wp-json\/wp\/v2\/pages\/355"}],"wp:featuredmedia":[{"embeddable":true,"href":"https:\/\/www.coneau.gob.ar\/coneau\/wp-json\/wp\/v2\/media\/3616"}],"wp:attachment":[{"href":"https:\/\/www.coneau.gob.ar\/coneau\/wp-json\/wp\/v2\/media?parent=3615"}],"curies":[{"name":"wp","href":"https:\/\/api.w.org\/{rel}","templated":true}]}}