{"id":3610,"date":"2017-12-26T14:11:31","date_gmt":"2017-12-26T17:11:31","guid":{"rendered":"http:\/\/www.coneau.gob.ar\/CONEAU\/?page_id=3610"},"modified":"2026-03-11T10:03:36","modified_gmt":"2026-03-11T13:03:36","slug":"abogacia","status":"publish","type":"page","link":"https:\/\/www.coneau.gob.ar\/coneau\/acreditacion-de-carreras\/carreras-de-grado\/convocatorias\/carreras\/abogacia\/","title":{"rendered":"Abogac\u00eda"},"content":{"rendered":"<p>Est\u00e1ndares de acreditaci\u00f3n del t\u00edtulo de Abogado I\u00a0<strong><a href=\"https:\/\/www.coneau.gob.ar\/archivos\/resoluciones\/rm-3401-e-2017-abogado-59ba9a63723e9.pdf\" target=\"_blank\" rel=\"noopener noreferrer\">Res. 3401-E\/2017<\/a>&#8211; <a href=\"https:\/\/www.coneau.gob.ar\/archivos\/resoluciones\/anexo-res3401.pdf\" target=\"_blank\" rel=\"noopener noreferrer\">Anexo\u00a0<\/a><\/strong><\/p>\n<h3><strong>Convocatoria 2026<\/strong><\/h3>\n<p><a href=\"https:\/\/www.coneau.gob.ar\/archivos\/resoluciones\/RS-2026-22988615-APN-CONEAU-MCH.pdf\" target=\"_blank\" rel=\"noopener\">RESFC-2026-22-APN-CONEAU#MCH<\/a> \u2013 <a href=\"https:\/\/www.coneau.gob.ar\/archivos\/resoluciones\/IF-2026-21969063-APN-DAC-CONEAU-ANEXO1.pdf\" target=\"_blank\" rel=\"noopener\">Anexo I<\/a> &#8211; <a href=\"https:\/\/www.coneau.gob.ar\/archivos\/resoluciones\/IF-2026-21969451-APN-DAC-CONEAU-Anexo2.pdf\" target=\"_blank\" rel=\"noopener\">Anexo II<\/a><\/p>\n<p><strong><span style=\"color: #333333;\">\u2666<\/span>\u00a0<a href=\"https:\/\/www.coneau.gob.ar\/coneau\/wp-content\/uploads\/2020\/08\/IF-2020-50493513-APN-CONEAUME-Ordenanza-N%C2%B0-070.pdf\" target=\"_blank\" rel=\"noopener noreferrer\">Ordenanza CONEAU N\u00b0 70<\/a>\u00a0|\u00a0<\/strong><a href=\"https:\/\/www.coneau.gob.ar\/archivos\/ordenanzas\/Orde070.pdf\" target=\"_blank\" rel=\"noopener noreferrer\">RESFC-2020-241-APN-CONEAU#ME<\/a><\/p>\n<p><span style=\"color: #333333;\">\u2666<strong>\u00a0Formalizaci\u00f3n de proyectos:\u00a0<\/strong>hasta el 31 de marzo de 2026 trav\u00e9s de <\/span><a href=\"https:\/\/global.coneau.gob.ar\/coneauglobal\/\" target=\"_blank\" rel=\"noopener noreferrer\"><strong>CONEAU Global<\/strong><\/a>.<\/p>\n<p><span style=\"color: #333333;\">\u2666 <strong>Apertura del expediente electr\u00f3nico: <\/strong><\/span>hasta el 17 de abril de 2026 a trav\u00e9s de<a href=\"https:\/\/tramitesadistancia.gob.ar\/tramitesadistancia\/inicio-publico\"><strong>\u00a0TAD<\/strong><\/a>.\u00a0<a href=\"https:\/\/www.coneau.gob.ar\/coneau\/acreditacion-de-carreras-2\/\">Para obtener m\u00e1s informaci\u00f3n sobre este procedimiento\u00a0click aqu\u00ed.<\/a><\/p>\n<p><strong><span style=\"color: #333333;\">\u2666 <\/span>Reuni\u00f3n de consultas:<\/strong>\u00a07 de abril de 2026.<\/p>\n<p>\u2666<strong>\u00a0Ficha docente:<\/strong>\u00a0a trav\u00e9s de\u00a0<a href=\"https:\/\/global.coneau.gob.ar\/coneauglobal\/\"><strong>CONEAU Global<\/strong>.<\/a><\/p>\n<p>\u2666\u00a0<span style=\"color: #333333;\"><strong>Solicitud de acreditaci\u00f3n de la carrera:<\/strong>\u00a0hasta el 3 de agosto de 2026 a trav\u00e9s de\u00a0<\/span><a href=\"https:\/\/global.coneau.gob.ar\/coneauglobal\/\">CONEAU Global.<\/a><\/p>\n<p>\u2666\u00a0<a href=\"https:\/\/www.coneau.gob.ar\/ayuda\/\">Consultar<strong>\u00a0Tutoriales sobre CONEAU GLOBAL.<\/strong><\/a><\/p>\n<p><span style=\"color: #333333;\"><strong><u>IMPORTANTE<\/u><\/strong>: Abrir el expediente luego de la reuni\u00f3n de consultas.<\/span><\/p>\n<p><span style=\"color: #333333;\">\u2666<\/span><a href=\"https:\/\/www.coneau.gob.ar\/ayuda\/\">Consultar<strong>\u00a0Tutoriales sobre CONEAU GLOBAL.<\/strong><\/a><\/p>\n<table width=\"100%\">\n<tbody>\n<tr>\n<td>\n<blockquote><p><strong>Mesa de ayuda<\/strong><\/p><\/blockquote>\n<blockquote><p><span style=\"color: #3366ff;\"><strong>\u00c1rea de Sistemas\u00a0<\/strong><\/span>(Consultas T\u00e9cnicas\u00a0sobre CONEAU Global)<\/p>\n<p><a href=\"mailto:global@coneau.gob.ar\">global@coneau.gob.ar<\/a><\/p>\n<p><span style=\"color: #3366ff;\"><strong>Area de Grado<\/strong><\/span>\u00a0(Consultas de contenidos)<\/p>\n<p>derecho@coneau.gob.ar<\/p><\/blockquote>\n<\/td>\n<\/tr>\n<\/tbody>\n<\/table>\n","protected":false},"excerpt":{"rendered":"<p>Est\u00e1ndares de acreditaci\u00f3n del t\u00edtulo de Abogado I\u00a0Res. 3401-E\/2017&#8211; Anexo\u00a0 Convocatoria 2026 RESFC-2026-22-APN-CONEAU#MCH \u2013 Anexo I &#8211; Anexo II \u2666\u00a0Ordenanza CONEAU N\u00b0 70\u00a0|\u00a0RESFC-2020-241-APN-CONEAU#ME \u2666\u00a0Formalizaci\u00f3n de proyectos:\u00a0hasta el 31 de marzo de 2026 trav\u00e9s de CONEAU Global. \u2666 Apertura del expediente electr\u00f3nico: hasta el 17 de abril de 2026 a trav\u00e9s de\u00a0TAD.\u00a0Para obtener m\u00e1s informaci\u00f3n sobre &hellip; <a href=\"https:\/\/www.coneau.gob.ar\/coneau\/acreditacion-de-carreras\/carreras-de-grado\/convocatorias\/carreras\/abogacia\/\" class=\"more-link\">Seguir leyendo <span class=\"screen-reader-text\">Abogac\u00eda<\/span> <span class=\"meta-nav\">&rarr;<\/span><\/a><\/p>\n","protected":false},"author":2,"featured_media":3611,"parent":355,"menu_order":0,"comment_status":"open","ping_status":"open","template":"template-carreras-grado-convocatorias.php","meta":[],"acf":[],"_links":{"self":[{"href":"https:\/\/www.coneau.gob.ar\/coneau\/wp-json\/wp\/v2\/pages\/3610"}],"collection":[{"href":"https:\/\/www.coneau.gob.ar\/coneau\/wp-json\/wp\/v2\/pages"}],"about":[{"href":"https:\/\/www.coneau.gob.ar\/coneau\/wp-json\/wp\/v2\/types\/page"}],"author":[{"embeddable":true,"href":"https:\/\/www.coneau.gob.ar\/coneau\/wp-json\/wp\/v2\/users\/2"}],"replies":[{"embeddable":true,"href":"https:\/\/www.coneau.gob.ar\/coneau\/wp-json\/wp\/v2\/comments?post=3610"}],"version-history":[{"count":28,"href":"https:\/\/www.coneau.gob.ar\/coneau\/wp-json\/wp\/v2\/pages\/3610\/revisions"}],"predecessor-version":[{"id":14403,"href":"https:\/\/www.coneau.gob.ar\/coneau\/wp-json\/wp\/v2\/pages\/3610\/revisions\/14403"}],"up":[{"embeddable":true,"href":"https:\/\/www.coneau.gob.ar\/coneau\/wp-json\/wp\/v2\/pages\/355"}],"wp:featuredmedia":[{"embeddable":true,"href":"https:\/\/www.coneau.gob.ar\/coneau\/wp-json\/wp\/v2\/media\/3611"}],"wp:attachment":[{"href":"https:\/\/www.coneau.gob.ar\/coneau\/wp-json\/wp\/v2\/media?parent=3610"}],"curies":[{"name":"wp","href":"https:\/\/api.w.org\/{rel}","templated":true}]}}