{"id":3468,"date":"2017-12-05T15:26:01","date_gmt":"2017-12-05T18:26:01","guid":{"rendered":"http:\/\/www.coneau.gob.ar\/CONEAU\/?page_id=3468"},"modified":"2021-07-29T13:04:53","modified_gmt":"2021-07-29T16:04:53","slug":"implementacion-de-tramites-a-distancia","status":"publish","type":"page","link":"https:\/\/www.coneau.gob.ar\/coneau\/implementacion-de-tramites-a-distancia\/","title":{"rendered":"Implementaci\u00f3n de Tr\u00e1mites a Distancia para Evaluaci\u00f3n Externa"},"content":{"rendered":"<p>CONEAU informa que los\u00a0<strong>expedientes\u00a0<\/strong>referidos al tr\u00e1mite de <strong>Evaluaci\u00f3n Externa\u00a0<\/strong>deber\u00e1n iniciarse a trav\u00e9s de la plataforma\u00a0<strong>\u201c<a href=\"https:\/\/tramitesadistancia.gob.ar\/tramitesadistancia\/inicio-publico\" target=\"_blank\" rel=\"noopener noreferrer\">Tr\u00e1mites a Distancia<\/a>\u201d (TAD)<\/strong>\u00a0del sistema de Gesti\u00f3n Documental Electr\u00f3nica (GDE).<\/p>\n<p><strong><a href=\"https:\/\/www.coneau.gob.ar\/wp-content\/uploads\/2017\/02\/infograf\u00eda-TAD-6-e1487706606605.png\"><img decoding=\"async\" loading=\"lazy\" class=\"alignnone size-full wp-image-2722\" src=\"https:\/\/www.coneau.gob.ar\/wp-content\/uploads\/2017\/02\/infograf\u00eda-TAD-6-e1487706606605.png\" alt=\"infograf\u00eda TAD (6)\" width=\"558\" height=\"207\" srcset=\"https:\/\/www.coneau.gob.ar\/coneau\/wp-content\/uploads\/2017\/02\/infograf\u00eda-TAD-6-e1487706606605.png 558w, https:\/\/www.coneau.gob.ar\/coneau\/wp-content\/uploads\/2017\/02\/infograf\u00eda-TAD-6-e1487706606605-300x111.png 300w\" sizes=\"(max-width: 558px) 100vw, 558px\" \/><\/a><\/strong><\/p>\n<h4><strong>Para inicio y seguimiento de expedientes en TAD<\/strong><\/h4>\n<p><strong><div class=\"panel panel-default\">\n                <div class=\"panel-heading\" role=\"tab\" id=\"headingOne\">\n                    <h4 class=\"panel-title\">\n                        <a data-toggle=\"collapse\" data-parent=\"#accordion-0\" href=\"#acc-2\" aria-expanded=\"true\" aria-controls=\"collapseOne\">\n                            <i class=\"fa fa-arrow-down\"><\/i> Vincular TAD a trav\u00e9s de AFIP<\/strong><strong>\n                        <\/a>\n                    <\/h4>\n                <\/div>\n                <div id=\"acc-2\" class=\"panel-collapse collapse \" role=\"tabpanel\" aria-labelledby=\"headingOne\">\n                    <div class=\"panel-body\"><\/strong><\/p>\n<p>En el caso de que la instituci\u00f3n nunca haya realizado tr\u00e1mites a distancia a trav\u00e9s de esta plataforma, seguir los pasos detallados m\u00e1s abajo.<\/p>\n<p>Si la instituci\u00f3n ya est\u00e1 vinculada a TAD, omitir estos pasos y pasar directamente a la segunda etapa: \u00abSeleccionar Tr\u00e1mites de CONEAU en TAD\u00bb<\/p>\n<p><strong><a href=\"https:\/\/www.coneau.gob.ar\/wp-content\/uploads\/2017\/02\/drag-10.png\"><img decoding=\"async\" loading=\"lazy\" class=\"alignnone wp-image-2730\" src=\"https:\/\/www.coneau.gob.ar\/wp-content\/uploads\/2017\/02\/drag-10.png\" alt=\"drag-10\" width=\"25\" height=\"25\" srcset=\"https:\/\/www.coneau.gob.ar\/coneau\/wp-content\/uploads\/2017\/02\/drag-10.png 512w, https:\/\/www.coneau.gob.ar\/coneau\/wp-content\/uploads\/2017\/02\/drag-10-150x150.png 150w, https:\/\/www.coneau.gob.ar\/coneau\/wp-content\/uploads\/2017\/02\/drag-10-300x300.png 300w, https:\/\/www.coneau.gob.ar\/coneau\/wp-content\/uploads\/2017\/02\/drag-10-356x352.png 356w\" sizes=\"(max-width: 25px) 100vw, 25px\" \/><\/a>\u00a0La\u00a0instituci\u00f3n universitaria deber\u00e1 designar el\/los apoderado\/s que administrar\u00e1n los tr\u00e1mites a distancia en la plataforma.\u00a0<\/strong><\/p>\n<p><strong><a href=\"https:\/\/www.coneau.gob.ar\/archivos\/evaluacion\/ManualTAD-para-Evaluacion-Externa-CONEAU.pdf\" target=\"_blank\" rel=\"noopener noreferrer\">Descargar Manual<\/a><\/strong><\/p>\n<p><strong><a href=\"https:\/\/www.coneau.gob.ar\/wp-content\/uploads\/2017\/02\/drag-10.png\"><img decoding=\"async\" loading=\"lazy\" class=\"alignnone wp-image-2730\" src=\"https:\/\/www.coneau.gob.ar\/wp-content\/uploads\/2017\/02\/drag-10.png\" alt=\"drag-10\" width=\"25\" height=\"25\" srcset=\"https:\/\/www.coneau.gob.ar\/coneau\/wp-content\/uploads\/2017\/02\/drag-10.png 512w, https:\/\/www.coneau.gob.ar\/coneau\/wp-content\/uploads\/2017\/02\/drag-10-150x150.png 150w, https:\/\/www.coneau.gob.ar\/coneau\/wp-content\/uploads\/2017\/02\/drag-10-300x300.png 300w, https:\/\/www.coneau.gob.ar\/coneau\/wp-content\/uploads\/2017\/02\/drag-10-356x352.png 356w\" sizes=\"(max-width: 25px) 100vw, 25px\" \/><\/a>\u00a0El apoderado ingresar\u00e1 a TAD\u00a0con su CUIT y clave fiscal.<\/strong><\/p>\n<p><strong><a href=\"https:\/\/www.coneau.gob.ar\/wp-content\/uploads\/2017\/02\/drag-10.png\"><img decoding=\"async\" loading=\"lazy\" class=\"alignnone wp-image-2730\" src=\"https:\/\/www.coneau.gob.ar\/wp-content\/uploads\/2017\/02\/drag-10.png\" alt=\"drag-10\" width=\"25\" height=\"25\" srcset=\"https:\/\/www.coneau.gob.ar\/coneau\/wp-content\/uploads\/2017\/02\/drag-10.png 512w, https:\/\/www.coneau.gob.ar\/coneau\/wp-content\/uploads\/2017\/02\/drag-10-150x150.png 150w, https:\/\/www.coneau.gob.ar\/coneau\/wp-content\/uploads\/2017\/02\/drag-10-300x300.png 300w, https:\/\/www.coneau.gob.ar\/coneau\/wp-content\/uploads\/2017\/02\/drag-10-356x352.png 356w\" sizes=\"(max-width: 25px) 100vw, 25px\" \/><\/a>\u00a0Deber\u00e1 adherir el servicio de \u00abTr\u00e1mites a Distancia\u00bb, dentro de la secci\u00f3n Ministerio de Modernizaci\u00f3n. \u00a0Esta acci\u00f3n se realizar\u00e1 por \u00fanica vez.<\/strong><\/p>\n<p><strong><a href=\"https:\/\/www.coneau.gob.ar\/archivos\/evaluacion\/ManualTAD-para-Evaluacion-Externa-CONEAU.pdf\" target=\"_blank\" rel=\"noopener noreferrer\">Descargar Manual<\/a><\/strong><\/p>\n<p><strong><a href=\"https:\/\/www.coneau.gob.ar\/wp-content\/uploads\/2017\/02\/drag-10.png\"><img decoding=\"async\" loading=\"lazy\" class=\"alignnone wp-image-2730\" src=\"https:\/\/www.coneau.gob.ar\/wp-content\/uploads\/2017\/02\/drag-10.png\" alt=\"drag-10\" width=\"25\" height=\"25\" srcset=\"https:\/\/www.coneau.gob.ar\/coneau\/wp-content\/uploads\/2017\/02\/drag-10.png 512w, https:\/\/www.coneau.gob.ar\/coneau\/wp-content\/uploads\/2017\/02\/drag-10-150x150.png 150w, https:\/\/www.coneau.gob.ar\/coneau\/wp-content\/uploads\/2017\/02\/drag-10-300x300.png 300w, https:\/\/www.coneau.gob.ar\/coneau\/wp-content\/uploads\/2017\/02\/drag-10-356x352.png 356w\" sizes=\"(max-width: 25px) 100vw, 25px\" \/><\/a>\u00a0<\/strong>Una vez adherido el servicio, cada vez que el apoderado ingrese a TAD para gestionar los tr\u00e1mites a distancia, deber\u00e1 elegir\u00a0el CUIT de la instituci\u00f3n que lo apoder\u00f3.<\/p>\n<p><strong><a href=\"https:\/\/www.coneau.gob.ar\/wp-content\/uploads\/2017\/02\/drag-10.png\"><img decoding=\"async\" loading=\"lazy\" class=\"alignnone wp-image-2730\" src=\"https:\/\/www.coneau.gob.ar\/wp-content\/uploads\/2017\/02\/drag-10.png\" alt=\"drag-10\" width=\"25\" height=\"25\" srcset=\"https:\/\/www.coneau.gob.ar\/coneau\/wp-content\/uploads\/2017\/02\/drag-10.png 512w, https:\/\/www.coneau.gob.ar\/coneau\/wp-content\/uploads\/2017\/02\/drag-10-150x150.png 150w, https:\/\/www.coneau.gob.ar\/coneau\/wp-content\/uploads\/2017\/02\/drag-10-300x300.png 300w, https:\/\/www.coneau.gob.ar\/coneau\/wp-content\/uploads\/2017\/02\/drag-10-356x352.png 356w\" sizes=\"(max-width: 25px) 100vw, 25px\" \/><\/a>\u00a0<\/strong>Luego, el usuario acceder\u00e1 al\u00a0<strong>Escritorio \u00danico de Tr\u00e1mites a Distancia<\/strong>\u00a0que le permitir\u00e1 seleccionar las diferentes opciones para el inicio y seguimiento de los tr\u00e1mites.<\/p>\n<p><strong>IMPORTANTE:<\/strong> En caso de que la instituci\u00f3n ya est\u00e9 operando con TAD, deber\u00e1 omitir estos pasos.<br \/>\n<\/div>\n                <\/div>\n            <\/div><\/p>\n<p><strong><div class=\"panel panel-default\">\n                <div class=\"panel-heading\" role=\"tab\" id=\"headingOne\">\n                    <h4 class=\"panel-title\">\n                        <a data-toggle=\"collapse\" data-parent=\"#accordion-0\" href=\"#acc-3\" aria-expanded=\"true\" aria-controls=\"collapseOne\">\n                            <i class=\"fa fa-arrow-down\"><\/i> Seleccionar tr\u00e1mites  CONEAU en TAD<\/strong><strong>\n                        <\/a>\n                    <\/h4>\n                <\/div>\n                <div id=\"acc-3\" class=\"panel-collapse collapse \" role=\"tabpanel\" aria-labelledby=\"headingOne\">\n                    <div class=\"panel-body\"><\/strong><\/p>\n<p><strong><a href=\"https:\/\/www.coneau.gob.ar\/wp-content\/uploads\/2017\/02\/drag-10.png\"><img decoding=\"async\" loading=\"lazy\" class=\"alignnone wp-image-2730\" src=\"https:\/\/www.coneau.gob.ar\/wp-content\/uploads\/2017\/02\/drag-10.png\" alt=\"drag-10\" width=\"25\" height=\"25\" srcset=\"https:\/\/www.coneau.gob.ar\/coneau\/wp-content\/uploads\/2017\/02\/drag-10.png 512w, https:\/\/www.coneau.gob.ar\/coneau\/wp-content\/uploads\/2017\/02\/drag-10-150x150.png 150w, https:\/\/www.coneau.gob.ar\/coneau\/wp-content\/uploads\/2017\/02\/drag-10-300x300.png 300w, https:\/\/www.coneau.gob.ar\/coneau\/wp-content\/uploads\/2017\/02\/drag-10-356x352.png 356w\" sizes=\"(max-width: 25px) 100vw, 25px\" \/><\/a>\u00a0En el Escritorio \u00danico de Tr\u00e1mites a Distancia seleccionar el buz\u00f3n \u00abNuevo Tr\u00e1mite\u00bb.<\/strong><\/p>\n<p><strong><a href=\"https:\/\/www.coneau.gob.ar\/wp-content\/uploads\/2017\/02\/drag-10.png\"><img decoding=\"async\" loading=\"lazy\" class=\"alignnone wp-image-2730\" src=\"https:\/\/www.coneau.gob.ar\/wp-content\/uploads\/2017\/02\/drag-10.png\" alt=\"drag-10\" width=\"25\" height=\"25\" srcset=\"https:\/\/www.coneau.gob.ar\/coneau\/wp-content\/uploads\/2017\/02\/drag-10.png 512w, https:\/\/www.coneau.gob.ar\/coneau\/wp-content\/uploads\/2017\/02\/drag-10-150x150.png 150w, https:\/\/www.coneau.gob.ar\/coneau\/wp-content\/uploads\/2017\/02\/drag-10-300x300.png 300w, https:\/\/www.coneau.gob.ar\/coneau\/wp-content\/uploads\/2017\/02\/drag-10-356x352.png 356w\" sizes=\"(max-width: 25px) 100vw, 25px\" \/><\/a>\u00a0Buscar los Tr\u00e1mites del grupo \u00abCONEAU\u00bb y elegir el tr\u00e1mite \u00abSolicitud de evaluaci\u00f3n externa\u00bb<\/strong><\/p>\n<p><strong><span style=\"color: #003366;\"><a href=\"https:\/\/www.coneau.gob.ar\/wp-content\/uploads\/2017\/02\/drag-10.png\"><img decoding=\"async\" loading=\"lazy\" class=\"alignnone wp-image-2730\" src=\"https:\/\/www.coneau.gob.ar\/wp-content\/uploads\/2017\/02\/drag-10.png\" alt=\"drag-10\" width=\"25\" height=\"25\" srcset=\"https:\/\/www.coneau.gob.ar\/coneau\/wp-content\/uploads\/2017\/02\/drag-10.png 512w, https:\/\/www.coneau.gob.ar\/coneau\/wp-content\/uploads\/2017\/02\/drag-10-150x150.png 150w, https:\/\/www.coneau.gob.ar\/coneau\/wp-content\/uploads\/2017\/02\/drag-10-300x300.png 300w, https:\/\/www.coneau.gob.ar\/coneau\/wp-content\/uploads\/2017\/02\/drag-10-356x352.png 356w\" sizes=\"(max-width: 25px) 100vw, 25px\" \/><\/a>\u00a0Completar formulario con datos del solicitante.<\/span><\/strong><\/p>\n<p><strong><span style=\"color: #003366;\"><a href=\"https:\/\/www.coneau.gob.ar\/wp-content\/uploads\/2017\/02\/drag-10.png\"><img decoding=\"async\" loading=\"lazy\" class=\"alignnone wp-image-2730\" src=\"https:\/\/www.coneau.gob.ar\/wp-content\/uploads\/2017\/02\/drag-10.png\" alt=\"drag-10\" width=\"25\" height=\"25\" srcset=\"https:\/\/www.coneau.gob.ar\/coneau\/wp-content\/uploads\/2017\/02\/drag-10.png 512w, https:\/\/www.coneau.gob.ar\/coneau\/wp-content\/uploads\/2017\/02\/drag-10-150x150.png 150w, https:\/\/www.coneau.gob.ar\/coneau\/wp-content\/uploads\/2017\/02\/drag-10-300x300.png 300w, https:\/\/www.coneau.gob.ar\/coneau\/wp-content\/uploads\/2017\/02\/drag-10-356x352.png 356w\" sizes=\"(max-width: 25px) 100vw, 25px\" \/><\/a>\u00a0Adjuntar documentaci\u00f3n obligatoria.<\/span><\/strong><\/p>\n<p><span style=\"color: #000000;\"><strong>. Nota\u00a0de solicitud de Evaluaci\u00f3n Externa por parte del Rector o Presidente dela Instituci\u00f3n.\u00a0\u00a0<\/strong><\/span><\/p>\n<p><span style=\"color: #000000;\">Dicha nota,<strong>\u00a0<\/strong><\/span>con firma hol\u00f3grafa del Rector o Presidente de la instituci\u00f3n, especificar\u00e1 que la instituci\u00f3n ha presentado la informaci\u00f3n solicitada y el Informe de <strong>Autoevaluaci\u00f3n Institucional<\/strong> a trav\u00e9s de <strong>SIEMI<\/strong> en <strong>CONEAU Global<\/strong>, en los t\u00e9rminos exigidos por este aplicativo, lo cual ser\u00e1 objeto de verificaci\u00f3n para iniciar el tr\u00e1mite de Evaluaci\u00f3n Institucional.<\/p>\n<p>. <strong>Copia del acuerdo firmado.<\/strong><\/p>\n<p><strong><span style=\"color: #003366;\"><a href=\"https:\/\/www.coneau.gob.ar\/wp-content\/uploads\/2017\/02\/drag-10.png\"><img decoding=\"async\" loading=\"lazy\" class=\"alignnone wp-image-2730\" src=\"https:\/\/www.coneau.gob.ar\/wp-content\/uploads\/2017\/02\/drag-10.png\" alt=\"drag-10\" width=\"25\" height=\"25\" srcset=\"https:\/\/www.coneau.gob.ar\/coneau\/wp-content\/uploads\/2017\/02\/drag-10.png 512w, https:\/\/www.coneau.gob.ar\/coneau\/wp-content\/uploads\/2017\/02\/drag-10-150x150.png 150w, https:\/\/www.coneau.gob.ar\/coneau\/wp-content\/uploads\/2017\/02\/drag-10-300x300.png 300w, https:\/\/www.coneau.gob.ar\/coneau\/wp-content\/uploads\/2017\/02\/drag-10-356x352.png 356w\" sizes=\"(max-width: 25px) 100vw, 25px\" \/><\/a>\u00a0Confirmar el tr\u00e1mite: se observar\u00e1 un Resumen de Operaci\u00f3n con el n\u00famero de expediente generado.<\/span><\/strong><\/p>\n<p><strong><a href=\"https:\/\/www.coneau.gob.ar\/archivos\/evaluacion\/ManualTAD-para-Evaluacion-Externa-CONEAU.pdf\" target=\"_blank\" rel=\"noopener noreferrer\">Descargar Manual<\/a><\/strong><br \/>\n<\/div>\n                <\/div>\n            <\/div><\/p>\n<p><strong><div class=\"panel panel-default\">\n                <div class=\"panel-heading\" role=\"tab\" id=\"headingOne\">\n                    <h4 class=\"panel-title\">\n                        <a data-toggle=\"collapse\" data-parent=\"#accordion-0\" href=\"#acc-4\" aria-expanded=\"true\" aria-controls=\"collapseOne\">\n                            <i class=\"fa fa-arrow-down\"><\/i> Seguir expedientes a trav\u00e9s de Escritorio \u00danico de Tr\u00e1mites a Distancia<\/strong><strong>\n                        <\/a>\n                    <\/h4>\n                <\/div>\n                <div id=\"acc-4\" class=\"panel-collapse collapse \" role=\"tabpanel\" aria-labelledby=\"headingOne\">\n                    <div class=\"panel-body\"><\/strong><\/p>\n<p><strong><a href=\"https:\/\/www.coneau.gob.ar\/wp-content\/uploads\/2017\/02\/drag-10.png\"><img decoding=\"async\" loading=\"lazy\" class=\"alignnone wp-image-2730\" src=\"https:\/\/www.coneau.gob.ar\/wp-content\/uploads\/2017\/02\/drag-10.png\" alt=\"drag-10\" width=\"25\" height=\"25\" srcset=\"https:\/\/www.coneau.gob.ar\/coneau\/wp-content\/uploads\/2017\/02\/drag-10.png 512w, https:\/\/www.coneau.gob.ar\/coneau\/wp-content\/uploads\/2017\/02\/drag-10-150x150.png 150w, https:\/\/www.coneau.gob.ar\/coneau\/wp-content\/uploads\/2017\/02\/drag-10-300x300.png 300w, https:\/\/www.coneau.gob.ar\/coneau\/wp-content\/uploads\/2017\/02\/drag-10-356x352.png 356w\" sizes=\"(max-width: 25px) 100vw, 25px\" \/><\/a>\u00a0<\/strong>En<strong>\u00a0\u00abMis Tr\u00e1mites\u00bb<\/strong>\u00a0el usuario podr\u00e1 consultar todos sus tr\u00e1mites en la plataforma (borrados, en curso y finalizados).<\/p>\n<p><strong><a href=\"https:\/\/www.coneau.gob.ar\/wp-content\/uploads\/2017\/02\/drag-10.png\"><img decoding=\"async\" loading=\"lazy\" class=\"alignnone wp-image-2730\" src=\"https:\/\/www.coneau.gob.ar\/wp-content\/uploads\/2017\/02\/drag-10.png\" alt=\"drag-10\" width=\"25\" height=\"25\" srcset=\"https:\/\/www.coneau.gob.ar\/coneau\/wp-content\/uploads\/2017\/02\/drag-10.png 512w, https:\/\/www.coneau.gob.ar\/coneau\/wp-content\/uploads\/2017\/02\/drag-10-150x150.png 150w, https:\/\/www.coneau.gob.ar\/coneau\/wp-content\/uploads\/2017\/02\/drag-10-300x300.png 300w, https:\/\/www.coneau.gob.ar\/coneau\/wp-content\/uploads\/2017\/02\/drag-10-356x352.png 356w\" sizes=\"(max-width: 25px) 100vw, 25px\" \/><\/a>\u00a0<\/strong>En\u00a0<strong>\u00abMis Tareas\u00bb<\/strong>\u00a0el usuario podr\u00e1 realizar las correcciones necesarias sobre los\u00a0tr\u00e1mites en curso.<\/p>\n<p><strong><a href=\"https:\/\/www.coneau.gob.ar\/wp-content\/uploads\/2017\/02\/drag-10.png\"><img decoding=\"async\" loading=\"lazy\" class=\"alignnone wp-image-2730\" src=\"https:\/\/www.coneau.gob.ar\/wp-content\/uploads\/2017\/02\/drag-10.png\" alt=\"drag-10\" width=\"25\" height=\"25\" srcset=\"https:\/\/www.coneau.gob.ar\/coneau\/wp-content\/uploads\/2017\/02\/drag-10.png 512w, https:\/\/www.coneau.gob.ar\/coneau\/wp-content\/uploads\/2017\/02\/drag-10-150x150.png 150w, https:\/\/www.coneau.gob.ar\/coneau\/wp-content\/uploads\/2017\/02\/drag-10-300x300.png 300w, https:\/\/www.coneau.gob.ar\/coneau\/wp-content\/uploads\/2017\/02\/drag-10-356x352.png 356w\" sizes=\"(max-width: 25px) 100vw, 25px\" \/><\/a>\u00a0<\/strong>En\u00a0<strong>\u00abMis Notificaciones\u00bb<\/strong>\u00a0el usuario recibir\u00e1 notificaciones \u00a0respecto a los tr\u00e1mites en curso.<\/p>\n<p>El\u00a0resto de las opciones de seguimiento podr\u00e1 consultarlas en el manual de usuario.<\/p>\n<p><strong><a href=\"https:\/\/www.coneau.gob.ar\/archivos\/evaluacion\/ManualTAD-para-Evaluacion-Externa-CONEAU.pdf\" target=\"_blank\" rel=\"noopener noreferrer\">Descargar Manual<\/a><\/strong><\/p>\n<p><\/div>\n                <\/div>\n            <\/div><\/p>\n<p><a href=\"https:\/\/tramitesadistancia.gob.ar\/tramitesadistancia\/inicio-publico\" target=\"_blank\" rel=\"noopener noreferrer\"><img decoding=\"async\" loading=\"lazy\" class=\"aligncenter wp-image-5060 size-medium\" src=\"https:\/\/www.coneau.gob.ar\/wp-content\/uploads\/2017\/12\/logo-tad-300x53.png\" alt=\"logo-tad\" width=\"300\" height=\"53\" srcset=\"https:\/\/www.coneau.gob.ar\/coneau\/wp-content\/uploads\/2017\/12\/logo-tad-300x53.png 300w, https:\/\/www.coneau.gob.ar\/coneau\/wp-content\/uploads\/2017\/12\/logo-tad.png 350w\" sizes=\"(max-width: 300px) 100vw, 300px\" \/><\/a><\/p>\n","protected":false},"excerpt":{"rendered":"<p>CONEAU informa que los\u00a0expedientes\u00a0referidos al tr\u00e1mite de Evaluaci\u00f3n Externa\u00a0deber\u00e1n iniciarse a trav\u00e9s de la plataforma\u00a0\u201cTr\u00e1mites a Distancia\u201d (TAD)\u00a0del sistema de Gesti\u00f3n Documental Electr\u00f3nica (GDE). Para inicio y seguimiento de expedientes en TAD<\/p>\n","protected":false},"author":2,"featured_media":3150,"parent":0,"menu_order":0,"comment_status":"open","ping_status":"open","template":"template-evaluacion-externa.php","meta":[],"acf":[],"_links":{"self":[{"href":"https:\/\/www.coneau.gob.ar\/coneau\/wp-json\/wp\/v2\/pages\/3468"}],"collection":[{"href":"https:\/\/www.coneau.gob.ar\/coneau\/wp-json\/wp\/v2\/pages"}],"about":[{"href":"https:\/\/www.coneau.gob.ar\/coneau\/wp-json\/wp\/v2\/types\/page"}],"author":[{"embeddable":true,"href":"https:\/\/www.coneau.gob.ar\/coneau\/wp-json\/wp\/v2\/users\/2"}],"replies":[{"embeddable":true,"href":"https:\/\/www.coneau.gob.ar\/coneau\/wp-json\/wp\/v2\/comments?post=3468"}],"version-history":[{"count":35,"href":"https:\/\/www.coneau.gob.ar\/coneau\/wp-json\/wp\/v2\/pages\/3468\/revisions"}],"predecessor-version":[{"id":7491,"href":"https:\/\/www.coneau.gob.ar\/coneau\/wp-json\/wp\/v2\/pages\/3468\/revisions\/7491"}],"wp:featuredmedia":[{"embeddable":true,"href":"https:\/\/www.coneau.gob.ar\/coneau\/wp-json\/wp\/v2\/media\/3150"}],"wp:attachment":[{"href":"https:\/\/www.coneau.gob.ar\/coneau\/wp-json\/wp\/v2\/media?parent=3468"}],"curies":[{"name":"wp","href":"https:\/\/api.w.org\/{rel}","templated":true}]}}