{"id":332,"date":"2015-06-25T18:45:26","date_gmt":"2015-06-25T18:45:26","guid":{"rendered":"http:\/\/hakuna.com.ar\/projects\/coneau\/wordpress\/?page_id=332"},"modified":"2026-02-09T14:58:36","modified_gmt":"2026-02-09T17:58:36","slug":"convocatorias","status":"publish","type":"page","link":"https:\/\/www.coneau.gob.ar\/coneau\/acreditacion-de-carreras\/carreras-de-posgrado\/carreras-nuevas\/convocatorias\/","title":{"rendered":"Convocatorias"},"content":{"rendered":"<p style=\"text-align: justify;\">Las solicitudes de\u00a0acreditaci\u00f3n al solo efecto del reconocimiento oficial provisorio del t\u00edtulo de carreras nuevas se presentan ante la CONEAU en la \u00faltima semana de los meses de abril y octubre de cada a\u00f1o.<\/p>\n<p style=\"text-align: justify;\">En forma previa, las instituciones\u00a0<strong>deben formalizar<\/strong>\u00a0la presentaci\u00f3n de sus carreras nuevas.\u00a0Esta formalizaci\u00f3n electr\u00f3nica podr\u00e1 realizarse hasta el d\u00eda 15 de los meses de marzo o septiembre de cada a\u00f1o, dependiendo de la fecha de presentaci\u00f3n abril u octubre, respectivamente.<\/p>\n<p>\u2666 Formalizaci\u00f3n de la carrera: hasta el 15 de marzo de 2026 a trav\u00e9s de <a href=\"https:\/\/global.coneau.gob.ar\/coneauglobal\/atenea\/acerca-de.aspx\" target=\"_blank\" rel=\"noopener noreferrer\">CONEAU Global<\/a>.\u00a0<a href=\"http:\/\/www.coneau.gob.ar\/archivos\/AyudaFormalizaciones.pdf\" target=\"_blank\" rel=\"noopener noreferrer\">Manual de ayuda para formalizar.<\/a><\/p>\n<p>\u2666 Solicitud de acreditaci\u00f3n de la carrera: entre el 27 y 30 de abril de 2026 a trav\u00e9s de <a href=\"https:\/\/global.coneau.gob.ar\/coneauglobal\/atenea\/acerca-de.aspx\" target=\"_blank\" rel=\"noopener noreferrer\">CONEAU Global.<\/a><\/p>\n<p>\u2666 Apertura del expediente electr\u00f3nico: entre el 27 y 30 de abril de 2026 a trav\u00e9s de la plataforma Tr\u00e1mites a Distancia TAD. <a href=\"https:\/\/www.coneau.gob.ar\/coneau\/acreditacion-de-carreras-2\/\" target=\"_blank\" rel=\"noopener noreferrer\">Haga click aqu\u00ed.<\/a><\/p>\n<p style=\"text-align: justify;\">La informaci\u00f3n completa de los requisitos para la presentaci\u00f3n de la carrera puede consultarla en la Nota T\u00e9cnica de Carreras Nuevas:<\/p>\n<p style=\"text-align: justify;\"><strong>&#8211;\u00a0<a href=\"http:\/\/www.coneau.gob.ar\/archivos\/form09posg\/NOTATECNICACNUEVAS.pdf\">Nota t\u00e9cnica (presentaci\u00f3n de la solicitud de reconocimiento oficial provisorio del t\u00edtulo).<\/a><\/strong><\/p>\n<p style=\"text-align: justify;\">\n","protected":false},"excerpt":{"rendered":"<p>Las solicitudes de\u00a0acreditaci\u00f3n al solo efecto del reconocimiento oficial provisorio del t\u00edtulo de carreras nuevas se presentan ante la CONEAU en la \u00faltima semana de los meses de abril y octubre de cada a\u00f1o. En forma previa, las instituciones\u00a0deben formalizar\u00a0la presentaci\u00f3n de sus carreras nuevas.\u00a0Esta formalizaci\u00f3n electr\u00f3nica podr\u00e1 realizarse hasta el d\u00eda 15 de los &hellip; <a href=\"https:\/\/www.coneau.gob.ar\/coneau\/acreditacion-de-carreras\/carreras-de-posgrado\/carreras-nuevas\/convocatorias\/\" class=\"more-link\">Seguir leyendo <span class=\"screen-reader-text\">Convocatorias<\/span> <span class=\"meta-nav\">&rarr;<\/span><\/a><\/p>\n","protected":false},"author":2,"featured_media":1104,"parent":103,"menu_order":1,"comment_status":"open","ping_status":"closed","template":"template-carreras-posgrado.php","meta":[],"acf":[],"_links":{"self":[{"href":"https:\/\/www.coneau.gob.ar\/coneau\/wp-json\/wp\/v2\/pages\/332"}],"collection":[{"href":"https:\/\/www.coneau.gob.ar\/coneau\/wp-json\/wp\/v2\/pages"}],"about":[{"href":"https:\/\/www.coneau.gob.ar\/coneau\/wp-json\/wp\/v2\/types\/page"}],"author":[{"embeddable":true,"href":"https:\/\/www.coneau.gob.ar\/coneau\/wp-json\/wp\/v2\/users\/2"}],"replies":[{"embeddable":true,"href":"https:\/\/www.coneau.gob.ar\/coneau\/wp-json\/wp\/v2\/comments?post=332"}],"version-history":[{"count":49,"href":"https:\/\/www.coneau.gob.ar\/coneau\/wp-json\/wp\/v2\/pages\/332\/revisions"}],"predecessor-version":[{"id":13760,"href":"https:\/\/www.coneau.gob.ar\/coneau\/wp-json\/wp\/v2\/pages\/332\/revisions\/13760"}],"up":[{"embeddable":true,"href":"https:\/\/www.coneau.gob.ar\/coneau\/wp-json\/wp\/v2\/pages\/103"}],"wp:featuredmedia":[{"embeddable":true,"href":"https:\/\/www.coneau.gob.ar\/coneau\/wp-json\/wp\/v2\/media\/1104"}],"wp:attachment":[{"href":"https:\/\/www.coneau.gob.ar\/coneau\/wp-json\/wp\/v2\/media?parent=332"}],"curies":[{"name":"wp","href":"https:\/\/api.w.org\/{rel}","templated":true}]}}