{"id":326,"date":"2015-06-25T18:43:19","date_gmt":"2015-06-25T18:43:19","guid":{"rendered":"http:\/\/hakuna.com.ar\/projects\/coneau\/wordpress\/?page_id=326"},"modified":"2022-05-26T15:45:01","modified_gmt":"2022-05-26T18:45:01","slug":"contacto-del-area","status":"publish","type":"page","link":"https:\/\/www.coneau.gob.ar\/coneau\/acreditacion-de-carreras\/carreras-de-posgrado\/contacto-del-area\/","title":{"rendered":"Contacto del \u00c1rea"},"content":{"rendered":"<blockquote><p><span style=\"color: #3771b0;\"><strong>\u00c1rea de Posgrado<\/strong><\/span> (Consultas de contenidos)<br \/>\n<a href=\"mailto:acreditacionposgrado@coneau.gob.ar\">acreditacionposgrado@coneau.gob.ar<\/a><\/p><\/blockquote>\n<blockquote><p><span style=\"color: #3771b0;\"><strong>\u00c1rea de Sistemas <\/strong><\/span>(Consultas T\u00e9cnicas)<\/p>\n<p><a href=\"mailto:global@coneau.gob.ar\">global@coneau.gob.ar<\/a><\/p><\/blockquote>\n","protected":false},"excerpt":{"rendered":"<p>\u00c1rea de Posgrado (Consultas de contenidos) acreditacionposgrado@coneau.gob.ar \u00c1rea de Sistemas (Consultas T\u00e9cnicas) global@coneau.gob.ar<\/p>\n","protected":false},"author":2,"featured_media":1075,"parent":41,"menu_order":5,"comment_status":"open","ping_status":"closed","template":"template-carreras-posgrado.php","meta":[],"acf":[],"_links":{"self":[{"href":"https:\/\/www.coneau.gob.ar\/coneau\/wp-json\/wp\/v2\/pages\/326"}],"collection":[{"href":"https:\/\/www.coneau.gob.ar\/coneau\/wp-json\/wp\/v2\/pages"}],"about":[{"href":"https:\/\/www.coneau.gob.ar\/coneau\/wp-json\/wp\/v2\/types\/page"}],"author":[{"embeddable":true,"href":"https:\/\/www.coneau.gob.ar\/coneau\/wp-json\/wp\/v2\/users\/2"}],"replies":[{"embeddable":true,"href":"https:\/\/www.coneau.gob.ar\/coneau\/wp-json\/wp\/v2\/comments?post=326"}],"version-history":[{"count":12,"href":"https:\/\/www.coneau.gob.ar\/coneau\/wp-json\/wp\/v2\/pages\/326\/revisions"}],"predecessor-version":[{"id":8197,"href":"https:\/\/www.coneau.gob.ar\/coneau\/wp-json\/wp\/v2\/pages\/326\/revisions\/8197"}],"up":[{"embeddable":true,"href":"https:\/\/www.coneau.gob.ar\/coneau\/wp-json\/wp\/v2\/pages\/41"}],"wp:featuredmedia":[{"embeddable":true,"href":"https:\/\/www.coneau.gob.ar\/coneau\/wp-json\/wp\/v2\/media\/1075"}],"wp:attachment":[{"href":"https:\/\/www.coneau.gob.ar\/coneau\/wp-json\/wp\/v2\/media?parent=326"}],"curies":[{"name":"wp","href":"https:\/\/api.w.org\/{rel}","templated":true}]}}