{"id":3243,"date":"2017-09-18T15:07:58","date_gmt":"2017-09-18T18:07:58","guid":{"rendered":"http:\/\/www.coneau.gob.ar\/CONEAU\/?page_id=3243"},"modified":"2019-02-08T16:25:28","modified_gmt":"2019-02-08T19:25:28","slug":"sedes-de-proximos-cursos","status":"publish","type":"page","link":"https:\/\/www.coneau.gob.ar\/coneau\/sedes-de-proximos-cursos\/","title":{"rendered":"Sedes de los cursos"},"content":{"rendered":"<p>Con el objeto de cubrir la mayor parte de las instituciones del sistema, el programa prev\u00e9 la visita de la CONEAU a las distintas regiones del pa\u00eds.<\/p>\n<p><span style=\"color: #026ae8;\"><a style=\"color: #026ae8;\" href=\"https:\/\/www.coneau.gob.ar\/?p=3399\" target=\"_blank\"><strong>1\u00ba Encuentro:<\/strong> <strong>MISIONES\u00a0| NOVIEMBRE 2017<\/strong><\/a><\/span><\/p>\n<p><span style=\"color: #026ae8;\"><a style=\"color: #026ae8;\" href=\"https:\/\/www.coneau.gob.ar\/?p=3818\" target=\"_blank\">2<strong style=\"color: #3366ff;\">\u00ba Encuentro:<\/strong> <strong>MENDOZA\u00a0|\u00a0FEBRERO 2018\u00a0<\/strong><\/a><\/span><\/p>\n<p><span style=\"color: #026ae8;\"><a style=\"color: #026ae8;\" href=\"https:\/\/www.coneau.gob.ar\/?p=3880\" target=\"_blank\"><strong>3\u00ba Encuentro: ROSARIO<\/strong> <strong>| MARZO 2018\u00a0<\/strong><\/a><\/span><\/p>\n<p><span style=\"color: #026ae8;\"><strong><a style=\"color: #026ae8;\" href=\"https:\/\/www.coneau.gob.ar\/cursomardelplata\" target=\"_blank\">4\u00ba Encuentro: MAR DEL PLATA | ABRIL 2018<\/a><\/strong><\/span><\/p>\n<p><em><a href=\"https:\/\/www.coneau.gob.ar\/cursomardelplata\/\" target=\"_blank\">Acceder a los certificados<\/a><\/em><\/p>\n<p><span style=\"color: #026ae8;\"><a style=\"color: #026ae8;\" href=\"https:\/\/www.coneau.gob.ar\/?p=4062\"><strong>5\u00ba Encuentro:\u00a0SANTA FE |\u00a0MAYO 2018<\/strong><\/a><\/span><\/p>\n<p><em><a href=\"https:\/\/www.coneau.gob.ar\/cursosantafe\/\" target=\"_blank\">Acceder a los certificados<\/a><\/em><\/p>\n<p><span style=\"color: #3366ff;\"><a style=\"color: #3366ff;\" href=\"https:\/\/www.coneau.gob.ar\/?p=4097\" target=\"_blank\"><strong>6\u00ba Encuentro:\u00a0TUCUMAN<\/strong> | MAYO 2018<\/a><\/span><\/p>\n<p><em><a href=\"https:\/\/www.coneau.gob.ar\/efc\/\" target=\"_blank\">Acceder a los certificados<\/a><\/em><\/p>\n<p><span style=\"color: #ff6600;\"><strong>7\u00ba Encuentro: Buenos Aires<\/strong>\u00a0|\u00a0JULIO 2018\u00a0<\/span><\/p>\n<ul>\n<li>\u2666 Inscripci\u00f3n: hasta el\u00a020 de junio<\/li>\n<li>\u2666 Fase virtual: 2 al 7 de julio<\/li>\n<li>\u2666 Fase presencial:\u00a012 y 13 de julio<\/li>\n<li>\u2666 Sede:\u00a0Universidad Argentina de la\u00a0Empresa | <strong>Ciudad Aut\u00f3noma de Buenos Aires<\/strong><\/li>\n<\/ul>\n<p><strong><span style=\"color: #ff6600;\">I<\/span><a style=\"color: #ff6600;\" href=\"https:\/\/209.13.179.3\/coneauglobal\/publico\/phronesis\/inscripciones\/default.aspx\" target=\"_blank\">NSCRIPCI\u00d3N ABIERTA &#8211;\u00a0<\/a><a href=\"https:\/\/www.coneau.gob.ar\/cursoba\" target=\"_blank\">Click para\u00a0m\u00e1s informaci\u00f3n e inscripci\u00f3n<\/a><\/strong><\/p>\n<p>&nbsp;<\/p>\n<p><a href=\"https:\/\/www.coneau.gob.ar\/wp-content\/uploads\/2017\/09\/Sede-cursos_mapa-no-politico1.jpg\"><img decoding=\"async\" loading=\"lazy\" class=\"alignnone size-full wp-image-3339\" src=\"https:\/\/www.coneau.gob.ar\/wp-content\/uploads\/2017\/09\/Sede-cursos_mapa-no-politico1.jpg\" alt=\"Sede cursos_mapa no politico\" width=\"481\" height=\"737\" srcset=\"https:\/\/www.coneau.gob.ar\/coneau\/wp-content\/uploads\/2017\/09\/Sede-cursos_mapa-no-politico1.jpg 481w, https:\/\/www.coneau.gob.ar\/coneau\/wp-content\/uploads\/2017\/09\/Sede-cursos_mapa-no-politico1-196x300.jpg 196w\" sizes=\"(max-width: 481px) 100vw, 481px\" \/><\/a><\/p>\n","protected":false},"excerpt":{"rendered":"<p>Con el objeto de cubrir la mayor parte de las instituciones del sistema, el programa prev\u00e9 la visita de la CONEAU a las distintas regiones del pa\u00eds. 1\u00ba Encuentro: MISIONES\u00a0| NOVIEMBRE 2017 2\u00ba Encuentro: MENDOZA\u00a0|\u00a0FEBRERO 2018\u00a0 3\u00ba Encuentro: ROSARIO | MARZO 2018\u00a0 4\u00ba Encuentro: MAR DEL PLATA | ABRIL 2018 Acceder a los certificados 5\u00ba &hellip; <a href=\"https:\/\/www.coneau.gob.ar\/coneau\/sedes-de-proximos-cursos\/\" class=\"more-link\">Seguir leyendo <span class=\"screen-reader-text\">Sedes de los cursos<\/span> <span class=\"meta-nav\">&rarr;<\/span><\/a><\/p>\n","protected":false},"author":2,"featured_media":2517,"parent":0,"menu_order":0,"comment_status":"open","ping_status":"open","template":"template-formaciones.php","meta":[],"acf":[],"_links":{"self":[{"href":"https:\/\/www.coneau.gob.ar\/coneau\/wp-json\/wp\/v2\/pages\/3243"}],"collection":[{"href":"https:\/\/www.coneau.gob.ar\/coneau\/wp-json\/wp\/v2\/pages"}],"about":[{"href":"https:\/\/www.coneau.gob.ar\/coneau\/wp-json\/wp\/v2\/types\/page"}],"author":[{"embeddable":true,"href":"https:\/\/www.coneau.gob.ar\/coneau\/wp-json\/wp\/v2\/users\/2"}],"replies":[{"embeddable":true,"href":"https:\/\/www.coneau.gob.ar\/coneau\/wp-json\/wp\/v2\/comments?post=3243"}],"version-history":[{"count":56,"href":"https:\/\/www.coneau.gob.ar\/coneau\/wp-json\/wp\/v2\/pages\/3243\/revisions"}],"predecessor-version":[{"id":4788,"href":"https:\/\/www.coneau.gob.ar\/coneau\/wp-json\/wp\/v2\/pages\/3243\/revisions\/4788"}],"wp:featuredmedia":[{"embeddable":true,"href":"https:\/\/www.coneau.gob.ar\/coneau\/wp-json\/wp\/v2\/media\/2517"}],"wp:attachment":[{"href":"https:\/\/www.coneau.gob.ar\/coneau\/wp-json\/wp\/v2\/media?parent=3243"}],"curies":[{"name":"wp","href":"https:\/\/api.w.org\/{rel}","templated":true}]}}