{"id":324,"date":"2015-06-25T18:42:34","date_gmt":"2015-06-25T18:42:34","guid":{"rendered":"http:\/\/hakuna.com.ar\/projects\/coneau\/wordpress\/?page_id=324"},"modified":"2023-12-20T15:48:53","modified_gmt":"2023-12-20T18:48:53","slug":"normas-generales","status":"publish","type":"page","link":"https:\/\/www.coneau.gob.ar\/coneau\/acreditacion-de-carreras\/carreras-de-posgrado\/normas-generales\/","title":{"rendered":"Normas Generales"},"content":{"rendered":"<ul>\n<li><b><a href=\"https:\/\/www.coneau.gob.ar\/archivos\/resoluciones\/Resolucion2598-2023.pdf\">RESOL-2023-2598-APN-ME<\/a> | <a href=\"https:\/\/www.coneau.gob.ar\/archivos\/anexos\/Resolucion2598-2023Anexo1.pdf\">(Anexo 1)\u00a0<\/a><\/b><\/li>\n<li><b><a href=\"https:\/\/www.coneau.gob.ar\/archivos\/resoluciones\/Resolucion2599-2023.pdf\">RESOL-2023-2599-APN-ME<\/a> | <a href=\"https:\/\/www.coneau.gob.ar\/archivos\/anexos\/Resolucion2599-2023Anexo1.pdf\">(Anexo 1)\u00a0<\/a><\/b><\/li>\n<li><b><a href=\"https:\/\/www.coneau.gob.ar\/archivos\/resoluciones\/Resolucion2600-2023.pdf\">RESOL-2023-2600-APN-ME<\/a> | (<a href=\"https:\/\/www.coneau.gob.ar\/archivos\/anexos\/Resolucion2600-2023Anexo1.pdf\">Anexo 1<\/a>, <a href=\"https:\/\/www.coneau.gob.ar\/archivos\/anexos\/Resolucion2600-2023Anexo2-A.pdf\">Anexo 2A<\/a>, <a href=\"https:\/\/www.coneau.gob.ar\/archivos\/anexos\/Resolucion2600-2023Anexo2-B.pdf\">Anexo2B<\/a>, <a href=\"https:\/\/www.coneau.gob.ar\/archivos\/anexos\/Resolucion2600-2023Anexo2-C.pdf\">Anexo 2C<\/a>, <a href=\"https:\/\/www.coneau.gob.ar\/archivos\/anexos\/Resolucion2600-2023Anexo2-D.pdf\">Anexo 2D<\/a>)\u00a0 <\/b>Est\u00e1ndares y criterios a considerar en la acreditaci\u00f3n de Carreras de Posgrado.<\/li>\n<\/ul>\n<p>&#8211;\u00a0<a href=\"http:\/\/servicios.infoleg.gob.ar\/infolegInternet\/anexos\/25000-29999\/25394\/norma.htm\">Ley\u00a0 N\u00ba 24.521, de Educaci\u00f3n Superior.<\/a><\/p>\n<p>&#8211;\u00a0<a href=\"http:\/\/servicios.infoleg.gob.ar\/infolegInternet\/anexos\/85000-89999\/87488\/norma.htm\">Ley N\u00ba 25.754. Formaci\u00f3n de Posgrado. Modificaci\u00f3n de la Ley N\u00ba24.521.<\/a><\/p>\n<p>&#8211;\u00a0<a href=\"http:\/\/www.coneau.gob.ar\/archivos\/586.pdf\">Decreto PEN N\u00ba 499\/95. Alcances y validez de las acreditaciones.<\/a><\/p>\n<p>&#8211;\u00a0<a href=\"http:\/\/www.coneau.gob.ar\/archivos\/480.pdf\">Resoluci\u00f3n Ministerial N\u00ba 95\/00. Promoci\u00f3n y publicaci\u00f3n de carreras de posgrado.<\/a><\/p>\n<p>&#8211;\u00a0<a href=\"http:\/\/www.coneau.gob.ar\/archivos\/600.pdf\">Resoluci\u00f3n Ministerial N\u00ba 1058\/02. Creaci\u00f3n del Registro P\u00fablico de Centros de Investigaci\u00f3n e Instituciones de Formaci\u00f3n Profesional Superior.<\/a><\/p>\n<p>&#8211;\u00a0<a href=\"http:\/\/www.coneau.edu.ar\/archivos\/RM51_10.pdf\">Resoluci\u00f3n Ministerial N\u00ba 51\/10. Carreras de Grado y Posgrado. Reconocimiento Oficial y Validez Nacional.<\/a><\/p>\n<p>&#8211;\u00a0<a href=\"http:\/\/www.coneau.edu.ar\/archivos\/ordenanzas\/Orde053.pdf\">Ordenanza CONEAU N\u00ba 53 Solicitudes de inscripci\u00f3n en el Registro P\u00fablico de Centros de Investigaci\u00f3n e Instituciones de Formaci\u00f3n Profesional Superior.<\/a><\/p>\n<p>&#8211;\u00a0<a href=\"http:\/\/www.coneau.edu.ar\/archivos\/ordenanzas\/Orde042.pdf\">Ordenanza CONEAU N\u00ba 42 Criterios que rigen el retiro y archivo de los proyectos presentados al solo efecto del reconocimiento oficial provisorio del t\u00edtulo.<\/a><\/p>\n<p>&#8211;\u00a0<a href=\"http:\/\/www.coneau.edu.ar\/archivos\/ordenanzas\/Orde043.pdf\">Ordenanza CONEAU N\u00ba 43 Autorizaci\u00f3n a la presidencia a resolver el retiro y el archivo de solicitudes de acreditaci\u00f3n de carreras y proyectos de posgrado.<\/a><\/p>\n","protected":false},"excerpt":{"rendered":"<p>RESOL-2023-2598-APN-ME | (Anexo 1)\u00a0 RESOL-2023-2599-APN-ME | (Anexo 1)\u00a0 RESOL-2023-2600-APN-ME | (Anexo 1, Anexo 2A, Anexo2B, Anexo 2C, Anexo 2D)\u00a0 Est\u00e1ndares y criterios a considerar en la acreditaci\u00f3n de Carreras de Posgrado. &#8211;\u00a0Ley\u00a0 N\u00ba 24.521, de Educaci\u00f3n Superior. &#8211;\u00a0Ley N\u00ba 25.754. Formaci\u00f3n de Posgrado. Modificaci\u00f3n de la Ley N\u00ba24.521. &#8211;\u00a0Decreto PEN N\u00ba 499\/95. Alcances y validez &hellip; <a href=\"https:\/\/www.coneau.gob.ar\/coneau\/acreditacion-de-carreras\/carreras-de-posgrado\/normas-generales\/\" class=\"more-link\">Seguir leyendo <span class=\"screen-reader-text\">Normas Generales<\/span> <span class=\"meta-nav\">&rarr;<\/span><\/a><\/p>\n","protected":false},"author":2,"featured_media":1075,"parent":41,"menu_order":3,"comment_status":"open","ping_status":"closed","template":"template-carreras-posgrado.php","meta":[],"acf":[],"_links":{"self":[{"href":"https:\/\/www.coneau.gob.ar\/coneau\/wp-json\/wp\/v2\/pages\/324"}],"collection":[{"href":"https:\/\/www.coneau.gob.ar\/coneau\/wp-json\/wp\/v2\/pages"}],"about":[{"href":"https:\/\/www.coneau.gob.ar\/coneau\/wp-json\/wp\/v2\/types\/page"}],"author":[{"embeddable":true,"href":"https:\/\/www.coneau.gob.ar\/coneau\/wp-json\/wp\/v2\/users\/2"}],"replies":[{"embeddable":true,"href":"https:\/\/www.coneau.gob.ar\/coneau\/wp-json\/wp\/v2\/comments?post=324"}],"version-history":[{"count":13,"href":"https:\/\/www.coneau.gob.ar\/coneau\/wp-json\/wp\/v2\/pages\/324\/revisions"}],"predecessor-version":[{"id":10855,"href":"https:\/\/www.coneau.gob.ar\/coneau\/wp-json\/wp\/v2\/pages\/324\/revisions\/10855"}],"up":[{"embeddable":true,"href":"https:\/\/www.coneau.gob.ar\/coneau\/wp-json\/wp\/v2\/pages\/41"}],"wp:featuredmedia":[{"embeddable":true,"href":"https:\/\/www.coneau.gob.ar\/coneau\/wp-json\/wp\/v2\/media\/1075"}],"wp:attachment":[{"href":"https:\/\/www.coneau.gob.ar\/coneau\/wp-json\/wp\/v2\/media?parent=324"}],"curies":[{"name":"wp","href":"https:\/\/api.w.org\/{rel}","templated":true}]}}