{"id":3237,"date":"2017-09-18T13:19:11","date_gmt":"2017-09-18T16:19:11","guid":{"rendered":"http:\/\/www.coneau.gob.ar\/CONEAU\/?page_id=3237"},"modified":"2019-02-08T16:10:59","modified_gmt":"2019-02-08T19:10:59","slug":"programa-de-actualizacion-de-procesos-de-evaluacion-y-acreditacion","status":"publish","type":"page","link":"https:\/\/www.coneau.gob.ar\/coneau\/programa-de-actualizacion-de-procesos-de-evaluacion-y-acreditacion\/","title":{"rendered":"Programa de Actualizaci\u00f3n de Procesos de Evaluaci\u00f3n y Acreditaci\u00f3n"},"content":{"rendered":"<p style=\"text-align: justify;\"><strong>CONEAU\u00a0desarroll\u00f3 este programa con el objetivo de generar espacios de formaci\u00f3n para las instituciones universitarias, permitiendo actualizar los conocimientos y procedimientos en materia de evaluaci\u00f3n\u00a0institucional y acreditaci\u00f3n de carreras, teniendo en cuenta los avances en la normativa y el ingreso de nuevas titulaciones de grado al art\u00edculo 43 de la Ley de Educaci\u00f3n Superior.<img decoding=\"async\" loading=\"lazy\" class=\"alignnone  wp-image-916\" src=\"https:\/\/www.coneau.gob.ar\/wp-content\/uploads\/2017\/09\/Ejes-tematicos-1.jpg\" sizes=\"(max-width: 772px) 100vw, 772px\" srcset=\"http:\/\/10.0.0.30\/2017\/phronesis\/wp-content\/uploads\/2017\/09\/Ejes-tematicos-1.jpg 772w, http:\/\/10.0.0.30\/2017\/phronesis\/wp-content\/uploads\/2017\/09\/Ejes-tematicos-1-300x122.jpg 300w, http:\/\/10.0.0.30\/2017\/phronesis\/wp-content\/uploads\/2017\/09\/Ejes-tematicos-1-768x311.jpg 768w\" alt=\"\" width=\"468\" height=\"190\" \/><\/strong><\/p>\n<p style=\"text-align: justify;\"><strong>Con el objeto de cubrir la mayor parte de las instituciones del sistema universitario, el programa\u00a0se desarroll\u00f3 a partir de\u00a0la realizaci\u00f3n de siete cursos en distintas regiones del pa\u00eds.<\/strong><\/p>\n<p style=\"text-align: justify;\">Cada curso abord\u00f3 la actualizaci\u00f3n de los principales contenidos en materia de procesos de acreditaci\u00f3n de carreras. La Resoluci\u00f3n Ministerial N\u00ba 2641\/2017 que aprueba el documento sobre la opci\u00f3n pedag\u00f3gica y did\u00e1ctica de Educaci\u00f3n a Distancia que establece un mecanismo de evaluaci\u00f3n del<strong>\u00a0Sistema Institucional de Educaci\u00f3n a Distancia<\/strong>, modifica de forma parcial la Resoluci\u00f3n 160\/2011 e incorpora la posibilidad de formaci\u00f3n virtual en las carreras correspondientes al art\u00edculo 43 de la LES. Paralelamente, la aprobaci\u00f3n de la RM N\u00ba 3400-E\/2017 y la RM N\u00ba 3401-E\/2017, da inicio a los procesos de acreditaci\u00f3n de las carreras de\u00a0<strong>Derecho<\/strong>\u00a0y\u00a0<strong>Contador P\u00fablico<\/strong>, lo que abre un nuevo campo para el organismo y una demanda creciente de entrenamiento y formaci\u00f3n en los procesos de acreditaci\u00f3n por parte de las instituciones que se ver\u00e1n implicadas en estos procesos.<\/p>\n<p>&nbsp;<\/p>\n<p>&nbsp;<\/p>\n<p>&nbsp;<\/p>\n","protected":false},"excerpt":{"rendered":"<p>CONEAU\u00a0desarroll\u00f3 este programa con el objetivo de generar espacios de formaci\u00f3n para las instituciones universitarias, permitiendo actualizar los conocimientos y procedimientos en materia de evaluaci\u00f3n\u00a0institucional y acreditaci\u00f3n de carreras, teniendo en cuenta los avances en la normativa y el ingreso de nuevas titulaciones de grado al art\u00edculo 43 de la Ley de Educaci\u00f3n Superior. Con &hellip; <a href=\"https:\/\/www.coneau.gob.ar\/coneau\/programa-de-actualizacion-de-procesos-de-evaluacion-y-acreditacion\/\" class=\"more-link\">Seguir leyendo <span class=\"screen-reader-text\">Programa de Actualizaci\u00f3n de Procesos de Evaluaci\u00f3n y Acreditaci\u00f3n<\/span> <span class=\"meta-nav\">&rarr;<\/span><\/a><\/p>\n","protected":false},"author":2,"featured_media":2520,"parent":0,"menu_order":0,"comment_status":"open","ping_status":"open","template":"template-formaciones.php","meta":[],"acf":[],"_links":{"self":[{"href":"https:\/\/www.coneau.gob.ar\/coneau\/wp-json\/wp\/v2\/pages\/3237"}],"collection":[{"href":"https:\/\/www.coneau.gob.ar\/coneau\/wp-json\/wp\/v2\/pages"}],"about":[{"href":"https:\/\/www.coneau.gob.ar\/coneau\/wp-json\/wp\/v2\/types\/page"}],"author":[{"embeddable":true,"href":"https:\/\/www.coneau.gob.ar\/coneau\/wp-json\/wp\/v2\/users\/2"}],"replies":[{"embeddable":true,"href":"https:\/\/www.coneau.gob.ar\/coneau\/wp-json\/wp\/v2\/comments?post=3237"}],"version-history":[{"count":10,"href":"https:\/\/www.coneau.gob.ar\/coneau\/wp-json\/wp\/v2\/pages\/3237\/revisions"}],"predecessor-version":[{"id":4783,"href":"https:\/\/www.coneau.gob.ar\/coneau\/wp-json\/wp\/v2\/pages\/3237\/revisions\/4783"}],"wp:featuredmedia":[{"embeddable":true,"href":"https:\/\/www.coneau.gob.ar\/coneau\/wp-json\/wp\/v2\/media\/2520"}],"wp:attachment":[{"href":"https:\/\/www.coneau.gob.ar\/coneau\/wp-json\/wp\/v2\/media?parent=3237"}],"curies":[{"name":"wp","href":"https:\/\/api.w.org\/{rel}","templated":true}]}}