{"id":322,"date":"2015-06-25T18:41:37","date_gmt":"2015-06-25T18:41:37","guid":{"rendered":"http:\/\/hakuna.com.ar\/projects\/coneau\/wordpress\/?page_id=322"},"modified":"2024-11-05T17:21:00","modified_gmt":"2024-11-05T20:21:00","slug":"carreras-en-funcionamiento","status":"publish","type":"page","link":"https:\/\/www.coneau.gob.ar\/coneau\/acreditacion-de-carreras\/carreras-de-posgrado\/carreras-en-funcionamiento\/","title":{"rendered":"Carreras en Funcionamiento"},"content":{"rendered":"<p>La CONEAU realiza convocatorias peri\u00f3dicas para&nbsp;la acreditaci\u00f3n de carreras especializaci\u00f3n, maestr\u00eda y doctorado&nbsp;que se encuentran en funcionamiento.<\/p>\n<p>Cada convocatoria se divide en etapas&nbsp; que se&nbsp; corresponden&nbsp;con&nbsp; 5 \u00e1reas disciplinares (Ciencias Aplicadas, Ciencias de la salud,&nbsp;Ciencias B\u00e1sicas, Ciencias Humanas y Ciencias Sociales).<\/p>\n<p>Actualmente se encuentra vigente la <strong>6\u00b0 convocatoria<\/strong>:<\/p>\n<p><strong>Tercera etapa: Ciencias Sociales<br><\/strong><a href=\"https:\/\/www.coneau.gob.ar\/coneau\/ciencias-sociales-2\/\">Click para acceder a toda la informaci\u00f3n<\/a><\/p>\n<p>La informaci\u00f3n sobre requisitos, plazos, fechas de presentaci\u00f3n, podr\u00e1 consultarse al hacer click sobre cada convocatoria.<\/p>\n\n\n<p><\/p>\n","protected":false},"excerpt":{"rendered":"<p>La CONEAU realiza convocatorias peri\u00f3dicas para&nbsp;la acreditaci\u00f3n de carreras especializaci\u00f3n, maestr\u00eda y doctorado&nbsp;que se encuentran en funcionamiento. Cada convocatoria se divide en etapas&nbsp; que se&nbsp; corresponden&nbsp;con&nbsp; 5 \u00e1reas disciplinares (Ciencias Aplicadas, Ciencias de la salud,&nbsp;Ciencias B\u00e1sicas, Ciencias Humanas y Ciencias Sociales). Actualmente se encuentra vigente la 6\u00b0 convocatoria: Tercera etapa: Ciencias SocialesClick para acceder a &hellip; <a href=\"https:\/\/www.coneau.gob.ar\/coneau\/acreditacion-de-carreras\/carreras-de-posgrado\/carreras-en-funcionamiento\/\" class=\"more-link\">Seguir leyendo <span class=\"screen-reader-text\">Carreras en Funcionamiento<\/span> <span class=\"meta-nav\">&rarr;<\/span><\/a><\/p>\n","protected":false},"author":2,"featured_media":11838,"parent":41,"menu_order":2,"comment_status":"open","ping_status":"closed","template":"template-carreras-posgrado.php","meta":[],"acf":[],"_links":{"self":[{"href":"https:\/\/www.coneau.gob.ar\/coneau\/wp-json\/wp\/v2\/pages\/322"}],"collection":[{"href":"https:\/\/www.coneau.gob.ar\/coneau\/wp-json\/wp\/v2\/pages"}],"about":[{"href":"https:\/\/www.coneau.gob.ar\/coneau\/wp-json\/wp\/v2\/types\/page"}],"author":[{"embeddable":true,"href":"https:\/\/www.coneau.gob.ar\/coneau\/wp-json\/wp\/v2\/users\/2"}],"replies":[{"embeddable":true,"href":"https:\/\/www.coneau.gob.ar\/coneau\/wp-json\/wp\/v2\/comments?post=322"}],"version-history":[{"count":14,"href":"https:\/\/www.coneau.gob.ar\/coneau\/wp-json\/wp\/v2\/pages\/322\/revisions"}],"predecessor-version":[{"id":11981,"href":"https:\/\/www.coneau.gob.ar\/coneau\/wp-json\/wp\/v2\/pages\/322\/revisions\/11981"}],"up":[{"embeddable":true,"href":"https:\/\/www.coneau.gob.ar\/coneau\/wp-json\/wp\/v2\/pages\/41"}],"wp:featuredmedia":[{"embeddable":true,"href":"https:\/\/www.coneau.gob.ar\/coneau\/wp-json\/wp\/v2\/media\/11838"}],"wp:attachment":[{"href":"https:\/\/www.coneau.gob.ar\/coneau\/wp-json\/wp\/v2\/media?parent=322"}],"curies":[{"name":"wp","href":"https:\/\/api.w.org\/{rel}","templated":true}]}}