{"id":31,"date":"2015-05-26T17:56:28","date_gmt":"2015-05-26T17:56:28","guid":{"rendered":"http:\/\/hakuna.com.ar\/projects\/coneau\/wordpress\/?page_id=31"},"modified":"2015-09-10T10:15:26","modified_gmt":"2015-09-10T13:15:26","slug":"proyectos-institucionales","status":"publish","type":"page","link":"https:\/\/www.coneau.gob.ar\/coneau\/evaluacion-institucional\/proyectos-institucionales\/","title":{"rendered":"Proyectos Institucionales"},"content":{"rendered":"<p style=\"text-align: justify;\">La CONEAU tiene mandato legal para intervenir en la autorizaci\u00f3n de nuevas instituciones universitarias pronunci\u00e1ndose acerca de la consistencia y viabilidad de los proyectos institucionales para que el Ministerio de Educaci\u00f3n autorice la puesta en marcha de nuevas instituciones universitarias nacionales previamente creadas por ley nacional, para el reconocimiento de instituciones universitarias provinciales creadas por ley provincial y para el otorgamiento de autorizaci\u00f3n provisoria de nuevas instituciones universitarias privadas as\u00ed como su seguimiento y reconocimiento definitivo.<\/p>\n<p style=\"text-align: justify;\">Las resoluciones de la CONEAU, elevadas al Ministerio, son vinculantes cuando la recomendaci\u00f3n es desfavorable.<\/p>\n<p><strong><div class=\"panel panel-default\">\n                <div class=\"panel-heading\" role=\"tab\" id=\"headingOne\">\n                    <h4 class=\"panel-title\">\n                        <a data-toggle=\"collapse\" data-parent=\"#accordion-0\" href=\"#acc-2\" aria-expanded=\"true\" aria-controls=\"collapseOne\">\n                            <i class=\"fa fa-arrow-down\"><\/i> <\/strong><strong>\u00bfD\u00f3nde se inician los tr\u00e1mites?\n                        <\/a>\n                    <\/h4>\n                <\/div>\n                <div id=\"acc-2\" class=\"panel-collapse collapse \" role=\"tabpanel\" aria-labelledby=\"headingOne\">\n                    <div class=\"panel-body\"><\/strong><\/p>\n<p style=\"text-align: justify;\">Todos los tr\u00e1mites del \u00e1rea de Proyectos institucionales se inician en la Direcci\u00f3n Nacional de Gesti\u00f3n Universitaria del Ministerio de Educaci\u00f3n de la Naci\u00f3n.<br \/>\n<\/div>\n                <\/div>\n            <\/div><\/p>\n","protected":false},"excerpt":{"rendered":"<p>La CONEAU tiene mandato legal para intervenir en la autorizaci\u00f3n de nuevas instituciones universitarias pronunci\u00e1ndose acerca de la consistencia y viabilidad de los proyectos institucionales para que el Ministerio de Educaci\u00f3n autorice la puesta en marcha de nuevas instituciones universitarias nacionales previamente creadas por ley nacional, para el reconocimiento de instituciones universitarias provinciales creadas por &hellip; <a href=\"https:\/\/www.coneau.gob.ar\/coneau\/evaluacion-institucional\/proyectos-institucionales\/\" class=\"more-link\">Seguir leyendo <span class=\"screen-reader-text\">Proyectos Institucionales<\/span> <span class=\"meta-nav\">&rarr;<\/span><\/a><\/p>\n","protected":false},"author":2,"featured_media":1091,"parent":9,"menu_order":0,"comment_status":"open","ping_status":"closed","template":"template-proyectos-institucionales.php","meta":[],"acf":[],"_links":{"self":[{"href":"https:\/\/www.coneau.gob.ar\/coneau\/wp-json\/wp\/v2\/pages\/31"}],"collection":[{"href":"https:\/\/www.coneau.gob.ar\/coneau\/wp-json\/wp\/v2\/pages"}],"about":[{"href":"https:\/\/www.coneau.gob.ar\/coneau\/wp-json\/wp\/v2\/types\/page"}],"author":[{"embeddable":true,"href":"https:\/\/www.coneau.gob.ar\/coneau\/wp-json\/wp\/v2\/users\/2"}],"replies":[{"embeddable":true,"href":"https:\/\/www.coneau.gob.ar\/coneau\/wp-json\/wp\/v2\/comments?post=31"}],"version-history":[{"count":6,"href":"https:\/\/www.coneau.gob.ar\/coneau\/wp-json\/wp\/v2\/pages\/31\/revisions"}],"predecessor-version":[{"id":1274,"href":"https:\/\/www.coneau.gob.ar\/coneau\/wp-json\/wp\/v2\/pages\/31\/revisions\/1274"}],"up":[{"embeddable":true,"href":"https:\/\/www.coneau.gob.ar\/coneau\/wp-json\/wp\/v2\/pages\/9"}],"wp:featuredmedia":[{"embeddable":true,"href":"https:\/\/www.coneau.gob.ar\/coneau\/wp-json\/wp\/v2\/media\/1091"}],"wp:attachment":[{"href":"https:\/\/www.coneau.gob.ar\/coneau\/wp-json\/wp\/v2\/media?parent=31"}],"curies":[{"name":"wp","href":"https:\/\/api.w.org\/{rel}","templated":true}]}}