{"id":259,"date":"2015-06-18T19:05:10","date_gmt":"2015-06-18T19:05:10","guid":{"rendered":"http:\/\/hakuna.com.ar\/projects\/coneau\/wordpress\/?page_id=259"},"modified":"2019-02-13T12:59:14","modified_gmt":"2019-02-13T15:59:14","slug":"certificacion-iso","status":"publish","type":"page","link":"https:\/\/www.coneau.gob.ar\/coneau\/acreditacion-de-carreras\/carreras-de-grado\/certificacion-iso\/","title":{"rendered":"Certificaci\u00f3n ISO"},"content":{"rendered":"<h4><strong>Certificaci\u00f3n\u00a0 IRAM-ISO 9001:2008<\/strong><\/h4>\n<p style=\"text-align: justify;\">Desde 2014 estamos trabajando para certificar el procedimiento de Acreditaci\u00f3n de carreras de grado bajo normas IRAM- ISO 9001:2008.<\/p>\n<p style=\"text-align: justify;\">La\u00a0implementaci\u00f3n y certificaci\u00f3n\u00a0\u00a0de\u00a0un Sistema de Gesti\u00f3n de Calidad ISO 9001, garantiza la capacidad de la\u00a0organizaci\u00f3n para:<\/p>\n<p style=\"text-align: justify;\">&#8211; proporcionar regularmente el servicio prestado,<\/p>\n<p style=\"text-align: justify;\">&#8211; cumplir con los requisitos legales aplicables, y<\/p>\n<p style=\"text-align: justify;\">&#8211; mejorar continuamente el sistema y la conformidad del servicio prestado.<\/p>\n<p style=\"text-align: justify;\"><a href=\"https:\/\/www.coneau.gob.ar\/archivos\/grado\/ISODOC.pdf\" target=\"_blank\">Certificaci\u00f3n ISO para procesos de acreditaci\u00f3n cuyo alcance es: actividades del \u00e1rea de acreditaci\u00f3n de carreras de grado para la conformaci\u00f3n y funcionamiento de las comisiones asesoras.<\/a><\/p>\n","protected":false},"excerpt":{"rendered":"<p>Certificaci\u00f3n\u00a0 IRAM-ISO 9001:2008 Desde 2014 estamos trabajando para certificar el procedimiento de Acreditaci\u00f3n de carreras de grado bajo normas IRAM- ISO 9001:2008. La\u00a0implementaci\u00f3n y certificaci\u00f3n\u00a0\u00a0de\u00a0un Sistema de Gesti\u00f3n de Calidad ISO 9001, garantiza la capacidad de la\u00a0organizaci\u00f3n para: &#8211; proporcionar regularmente el servicio prestado, &#8211; cumplir con los requisitos legales aplicables, y &#8211; mejorar continuamente &hellip; <a href=\"https:\/\/www.coneau.gob.ar\/coneau\/acreditacion-de-carreras\/carreras-de-grado\/certificacion-iso\/\" class=\"more-link\">Seguir leyendo <span class=\"screen-reader-text\">Certificaci\u00f3n ISO<\/span> <span class=\"meta-nav\">&rarr;<\/span><\/a><\/p>\n","protected":false},"author":2,"featured_media":1101,"parent":39,"menu_order":0,"comment_status":"open","ping_status":"closed","template":"","meta":[],"acf":[],"_links":{"self":[{"href":"https:\/\/www.coneau.gob.ar\/coneau\/wp-json\/wp\/v2\/pages\/259"}],"collection":[{"href":"https:\/\/www.coneau.gob.ar\/coneau\/wp-json\/wp\/v2\/pages"}],"about":[{"href":"https:\/\/www.coneau.gob.ar\/coneau\/wp-json\/wp\/v2\/types\/page"}],"author":[{"embeddable":true,"href":"https:\/\/www.coneau.gob.ar\/coneau\/wp-json\/wp\/v2\/users\/2"}],"replies":[{"embeddable":true,"href":"https:\/\/www.coneau.gob.ar\/coneau\/wp-json\/wp\/v2\/comments?post=259"}],"version-history":[{"count":5,"href":"https:\/\/www.coneau.gob.ar\/coneau\/wp-json\/wp\/v2\/pages\/259\/revisions"}],"predecessor-version":[{"id":4832,"href":"https:\/\/www.coneau.gob.ar\/coneau\/wp-json\/wp\/v2\/pages\/259\/revisions\/4832"}],"up":[{"embeddable":true,"href":"https:\/\/www.coneau.gob.ar\/coneau\/wp-json\/wp\/v2\/pages\/39"}],"wp:featuredmedia":[{"embeddable":true,"href":"https:\/\/www.coneau.gob.ar\/coneau\/wp-json\/wp\/v2\/media\/1101"}],"wp:attachment":[{"href":"https:\/\/www.coneau.gob.ar\/coneau\/wp-json\/wp\/v2\/media?parent=259"}],"curies":[{"name":"wp","href":"https:\/\/api.w.org\/{rel}","templated":true}]}}