{"id":2455,"date":"2016-09-02T12:21:51","date_gmt":"2016-09-02T15:21:51","guid":{"rendered":"http:\/\/www.coneau.gov.ar\/CONEAU\/?page_id=2455"},"modified":"2021-06-16T18:58:31","modified_gmt":"2021-06-16T21:58:31","slug":"2455-2","status":"publish","type":"page","link":"https:\/\/www.coneau.gob.ar\/coneau\/acreditacion-de-carreras\/carreras-de-grado\/convocatorias\/proyectos\/2455-2\/","title":{"rendered":"Enfermer\u00eda"},"content":{"rendered":"<p><a href=\"https:\/\/www.coneau.gob.ar\/archivos\/Resolucion-ministerial-Enfermeria-2721-15.pdf\" target=\"_blank\" rel=\"noopener noreferrer\">Res. ME N\u00ba2721\/15 \u2013 Est\u00e1ndares de acreditaci\u00f3n para el t\u00edtulo de Licenciado en Enfermer\u00eda<\/a><\/p>\n<h3><strong>Convocatoria 2018<\/strong><\/h3>\n<p><a href=\"https:\/\/www.coneau.gob.ar\/archivos\/resoluciones\/RESME51-10.pdf\">\u2666\u00a0<strong>RM N\u00ba 51\/10.<\/strong><\/a><\/p>\n<p><strong><a href=\"https:\/\/www.coneau.gob.ar\/archivos\/ordenanzas\/IF-2017-32940042-APN-CONEAU-ME.pdf\" target=\"_blank\" rel=\"noopener noreferrer\">\u2666 Ordenanza CONEAU N\u00ba\u00a0062<\/a><\/strong><\/p>\n<p><a href=\"https:\/\/www.coneau.gob.ar\/archivos\/PresentacionProyectoscarreras.pdf\" target=\"_blank\" rel=\"noopener noreferrer\">\u2666<strong> Forma de presentaci\u00f3n<\/strong><\/a><\/p>\n<p>\u203a\u00a0<strong>CONEAU GLOBAL\u00a0completo<\/strong>, el que incluye carga de datos y Autoevaluaci\u00f3n.<\/p>\n<p>\u203a\u00a0<strong>Presentaci\u00f3n del Expediente Electr\u00f3nico en Plataforma -TAD- Tr\u00e1mites a Distancia<\/strong>.\u00a0<strong>Para m\u00e1s informaci\u00f3n hacer \u00a0<strong><a href=\"https:\/\/www.coneau.gob.ar\/coneau\/acreditacion-de-carreras-2\/\" target=\"_blank\" rel=\"noopener noreferrer\">click aqu\u00ed<\/a><\/strong>.<\/strong><\/p>\n<p><strong><a href=\"https:\/\/www.coneau.gob.ar\/ayuda\/\" target=\"_blank\" rel=\"noopener noreferrer\">\u2666 Consultar Tutoriales sobre CONEAU GLOBAL<\/a><\/strong><\/p>\n<blockquote><p><strong>Mesa de ayuda<\/strong><\/p>\n<p><strong>\u00c1rea de Sistemas<\/strong> (Consultas T\u00e9cnicas y de Instalaci\u00f3n)<\/p>\n<p>Generales del Formulario: <a href=\"mailto:instructivogrado@coneau.gob.ar\">instructivogrado@coneau.gob.ar<\/a><\/p>\n<p><strong>\u00c1rea de Grado<\/strong> (Consultas de contenidos)<br \/>\nproyectosgrado@coneau.gob.ar<\/p><\/blockquote>\n","protected":false},"excerpt":{"rendered":"<p>Res. ME N\u00ba2721\/15 \u2013 Est\u00e1ndares de acreditaci\u00f3n para el t\u00edtulo de Licenciado en Enfermer\u00eda Convocatoria 2018 \u2666\u00a0RM N\u00ba 51\/10. \u2666 Ordenanza CONEAU N\u00ba\u00a0062 \u2666 Forma de presentaci\u00f3n \u203a\u00a0CONEAU GLOBAL\u00a0completo, el que incluye carga de datos y Autoevaluaci\u00f3n. \u203a\u00a0Presentaci\u00f3n del Expediente Electr\u00f3nico en Plataforma -TAD- Tr\u00e1mites a Distancia.\u00a0Para m\u00e1s informaci\u00f3n hacer \u00a0click aqu\u00ed. \u2666 Consultar Tutoriales &hellip; <a href=\"https:\/\/www.coneau.gob.ar\/coneau\/acreditacion-de-carreras\/carreras-de-grado\/convocatorias\/proyectos\/2455-2\/\" class=\"more-link\">Seguir leyendo <span class=\"screen-reader-text\">Enfermer\u00eda<\/span> <span class=\"meta-nav\">&rarr;<\/span><\/a><\/p>\n","protected":false},"author":2,"featured_media":1951,"parent":357,"menu_order":0,"comment_status":"open","ping_status":"open","template":"template-carreras-grado-convocatorias.php","meta":[],"acf":[],"_links":{"self":[{"href":"https:\/\/www.coneau.gob.ar\/coneau\/wp-json\/wp\/v2\/pages\/2455"}],"collection":[{"href":"https:\/\/www.coneau.gob.ar\/coneau\/wp-json\/wp\/v2\/pages"}],"about":[{"href":"https:\/\/www.coneau.gob.ar\/coneau\/wp-json\/wp\/v2\/types\/page"}],"author":[{"embeddable":true,"href":"https:\/\/www.coneau.gob.ar\/coneau\/wp-json\/wp\/v2\/users\/2"}],"replies":[{"embeddable":true,"href":"https:\/\/www.coneau.gob.ar\/coneau\/wp-json\/wp\/v2\/comments?post=2455"}],"version-history":[{"count":9,"href":"https:\/\/www.coneau.gob.ar\/coneau\/wp-json\/wp\/v2\/pages\/2455\/revisions"}],"predecessor-version":[{"id":7259,"href":"https:\/\/www.coneau.gob.ar\/coneau\/wp-json\/wp\/v2\/pages\/2455\/revisions\/7259"}],"up":[{"embeddable":true,"href":"https:\/\/www.coneau.gob.ar\/coneau\/wp-json\/wp\/v2\/pages\/357"}],"wp:featuredmedia":[{"embeddable":true,"href":"https:\/\/www.coneau.gob.ar\/coneau\/wp-json\/wp\/v2\/media\/1951"}],"wp:attachment":[{"href":"https:\/\/www.coneau.gob.ar\/coneau\/wp-json\/wp\/v2\/media?parent=2455"}],"curies":[{"name":"wp","href":"https:\/\/api.w.org\/{rel}","templated":true}]}}