{"id":2330,"date":"2016-08-25T12:51:42","date_gmt":"2016-08-25T15:51:42","guid":{"rendered":"http:\/\/www.coneau.gov.ar\/CONEAU\/?page_id=2330"},"modified":"2021-06-01T20:35:53","modified_gmt":"2021-06-01T23:35:53","slug":"ciencias-basicas","status":"publish","type":"page","link":"https:\/\/www.coneau.gob.ar\/coneau\/ciencias-basicas\/","title":{"rendered":"Ciencias B\u00e1sicas"},"content":{"rendered":"<p><a href=\"https:\/\/global.coneau.gob.ar\/coneauglobal\/atenea\/carreras\/formalizaciones\/login.aspx\" target=\"_blank\" rel=\"noopener noreferrer\"><strong>\u2666 FORMALIZACI\u00d3N\u00a0<\/strong><\/a><\/p>\n<p><a href=\"https:\/\/www.coneau.gob.ar\/archivos\/ManualAyudaGlobal.pdf\" target=\"_blank\" rel=\"noopener noreferrer\"><strong>\u2666 Manual de ayuda.<\/strong><\/a><\/p>\n<p><strong><a href=\"https:\/\/www.coneau.gob.ar\/archivos\/resoluciones\/Res610-16.pdf\" target=\"_blank\" rel=\"noopener noreferrer\">\u2666 Resoluci\u00f3n CONEAU 610\/16<\/a>\u00a0|\u00a0<a href=\"https:\/\/www.coneau.gob.ar\/archivos\/form09posg\/RESFC-CONEAU169-16.pdf\" target=\"_blank\" rel=\"noopener noreferrer\">RESFC-2016-169-E-APN-CONEAU#ME<\/a> (Modificaci\u00f3n de cronograma)<\/strong><\/p>\n<p>La segunda etapa de la quinta convocatoria corresponde a las carreras de posgrado de especializaci\u00f3n, maestr\u00eda y doctorado pertenecientes al \u00e1rea de Ciencias B\u00e1sicas.<\/p>\n<p>La formalizaci\u00f3n de la participaci\u00f3n en esta convocatoria (por medio del formulario en esta p\u00e1gina web) estuvo disponible hasta el\u00a0<strong>7 de octubre de 2016<\/strong>.<\/p>\n<p>La presentaci\u00f3n de las carreras deber\u00e1 realizarse hasta el <strong>27<\/strong>\u00a0<strong>de marzo de 2017 <span style=\"color: #3366ff;\">(nueva fecha por implementaci\u00f3n de <a style=\"color: #3366ff;\" href=\"https:\/\/www.coneau.gob.ar\/CONEAU\/?page_id=2691\" target=\"_blank\" rel=\"noopener noreferrer\">TAD<\/a><\/span>)<\/strong>, en el 1er Piso de Av. Santa Fe 1592, en el horario de 10 a 17 hs.<\/p>\n<p><strong>\u2666 <a href=\"https:\/\/www.coneau.gob.ar\/archivos\/form09posg\/BASICAS-NOTATECNICA.pdf\" target=\"_blank\" rel=\"noopener noreferrer\">NOTA T\u00c9CNICA (PRESENTACI\u00d3N DE LA SOLICITUD DE ACREDITACI\u00d3N).<\/a><\/strong><\/p>\n<p><strong>\u2666 <\/strong><strong><u><a href=\"http:\/\/200.80.131.82\/coneauglobal\/atenea\/carreras\/instructivos\/login.aspx\" target=\"_blank\" rel=\"noopener noreferrer\">Formulario web (CONEAU Global\/Atenea\/Instructivos). (Incluye Gu\u00eda de Autoevaluaci\u00f3n)<\/a><\/u><\/strong><\/p>\n<p><strong>\u2666<a href=\"https:\/\/www.coneau.gob.ar\/CONEAU\/?page_id=2691\" target=\"_blank\" rel=\"noopener noreferrer\"> Implementaci\u00f3n de Tr\u00e1mites a Distancia -TAD-<\/a><\/strong><\/p>\n<h4><strong>\u2666Materiales del Taller para\u00a0las instituciones realizado el 21 de octubre de 2016<\/strong><\/h4>\n<h4>\u00a0<a href=\"https:\/\/www.coneau.gob.ar\/archivos\/form09posg\/TallerInstituciones_Basicas.pdf\" target=\"_blank\" rel=\"noopener noreferrer\">Presentaci\u00f3n\u00a0<\/a><\/h4>\n","protected":false},"excerpt":{"rendered":"<p>\u2666 FORMALIZACI\u00d3N\u00a0 \u2666 Manual de ayuda. \u2666 Resoluci\u00f3n CONEAU 610\/16\u00a0|\u00a0RESFC-2016-169-E-APN-CONEAU#ME (Modificaci\u00f3n de cronograma) La segunda etapa de la quinta convocatoria corresponde a las carreras de posgrado de especializaci\u00f3n, maestr\u00eda y doctorado pertenecientes al \u00e1rea de Ciencias B\u00e1sicas. La formalizaci\u00f3n de la participaci\u00f3n en esta convocatoria (por medio del formulario en esta p\u00e1gina web) estuvo disponible &hellip; <a href=\"https:\/\/www.coneau.gob.ar\/coneau\/ciencias-basicas\/\" class=\"more-link\">Seguir leyendo <span class=\"screen-reader-text\">Ciencias B\u00e1sicas<\/span> <span class=\"meta-nav\">&rarr;<\/span><\/a><\/p>\n","protected":false},"author":2,"featured_media":1191,"parent":0,"menu_order":0,"comment_status":"open","ping_status":"open","template":"template-carreras-posgrado-carreras-en-funcionamiento-convocatorias.php","meta":[],"acf":[],"_links":{"self":[{"href":"https:\/\/www.coneau.gob.ar\/coneau\/wp-json\/wp\/v2\/pages\/2330"}],"collection":[{"href":"https:\/\/www.coneau.gob.ar\/coneau\/wp-json\/wp\/v2\/pages"}],"about":[{"href":"https:\/\/www.coneau.gob.ar\/coneau\/wp-json\/wp\/v2\/types\/page"}],"author":[{"embeddable":true,"href":"https:\/\/www.coneau.gob.ar\/coneau\/wp-json\/wp\/v2\/users\/2"}],"replies":[{"embeddable":true,"href":"https:\/\/www.coneau.gob.ar\/coneau\/wp-json\/wp\/v2\/comments?post=2330"}],"version-history":[{"count":40,"href":"https:\/\/www.coneau.gob.ar\/coneau\/wp-json\/wp\/v2\/pages\/2330\/revisions"}],"predecessor-version":[{"id":6993,"href":"https:\/\/www.coneau.gob.ar\/coneau\/wp-json\/wp\/v2\/pages\/2330\/revisions\/6993"}],"wp:featuredmedia":[{"embeddable":true,"href":"https:\/\/www.coneau.gob.ar\/coneau\/wp-json\/wp\/v2\/media\/1191"}],"wp:attachment":[{"href":"https:\/\/www.coneau.gob.ar\/coneau\/wp-json\/wp\/v2\/media?parent=2330"}],"curies":[{"name":"wp","href":"https:\/\/api.w.org\/{rel}","templated":true}]}}